{"id":1034315,"date":"2025-09-07T17:50:22","date_gmt":"2025-09-07T17:50:22","guid":{"rendered":"https:\/\/otofox.com\/?page_id=1034315"},"modified":"2025-11-23T23:41:18","modified_gmt":"2025-11-23T23:41:18","slug":"cankurtaran_oto_kurtarma","status":"publish","type":"page","link":"https:\/\/otofox.com\/index.php\/cankurtaran_oto_kurtarma\/","title":{"rendered":"\ud83d\udea8 CANKURTARAN OTO KURTARMA EN YAKIN \u00c7EK\u0130C\u0130"},"content":{"rendered":"\n<p><strong>7\/24 Yol Yard\u0131m ve Cankurtaran Oto Kurtarma Hizmetleri<\/strong><\/p>\n\n\n\n<p>Cankurtaran Oto Kurtarma T\u00fcrkiye&#8217;nin her yerinde, yolda kald\u0131\u011f\u0131n\u0131zda bir telefon uza\u011f\u0131n\u0131zday\u0131z! Cankurtaran Oto Kurtarma olarak; g\u00fcvenli, h\u0131zl\u0131 ve uygun fiyatl\u0131 \u00e7\u00f6z\u00fcmler sunuyoruz.<\/p>\n\n\n\n<hr class=\"wp-block-separator has-alpha-channel-opacity\"\/>\n\n\n\n<h3 class=\"wp-block-heading\">\ud83c\udf1f H\u0130ZMETLER\u0130M\u0130Z<\/h3>\n\n\n\n<h4 class=\"wp-block-heading\">\ud83d\ude97 Cankurtaran Oto Kurtarma<\/h4>\n\n\n\n<p>Arac\u0131n\u0131z ar\u0131za yapt\u0131ysa ya da kaza ge\u00e7irdiyseniz, profesyonel ekiplerimiz en k\u0131sa s\u00fcrede yan\u0131n\u0131zda. \u00c7ekici hizmetimiz ile arac\u0131n\u0131z\u0131 istedi\u011finiz noktaya g\u00fcvenle ula\u015ft\u0131r\u0131yoruz.<\/p>\n\n\n\n<h4 class=\"wp-block-heading\">\ud83d\udee0\ufe0f Cankurtaran Yol Yard\u0131m<\/h4>\n\n\n\n<p>Lastik patlamas\u0131, ak\u00fc bitmesi, yak\u0131t bitmesi gibi durumlarda h\u0131zl\u0131 m\u00fcdahale ile sizi tekrar yola \u00e7\u0131kar\u0131yoruz.<\/p>\n\n\n\n<h4 class=\"wp-block-heading\">\ud83d\ude9a Cankurtaran Ara\u00e7 Ta\u015f\u0131ma<\/h4>\n\n\n\n<p>\u015eehir i\u00e7i ve \u015fehirler aras\u0131 ara\u00e7 ta\u015f\u0131ma hizmetimiz ile ara\u00e7lar\u0131n\u0131z\u0131 g\u00fcvenle diledi\u011finiz yere ta\u015f\u0131yoruz.<\/p>\n\n\n\n<h4 class=\"wp-block-heading\">\u2744\ufe0f K\u0131\u015f Destek Hizmeti<\/h4>\n\n\n\n<p>Zorlu k\u0131\u015f \u015fartlar\u0131nda zincir takma, kaygan zeminden kurtarma gibi \u00f6zel hizmetler sunuyoruz.<\/p>\n\n\n\n<hr class=\"wp-block-separator has-alpha-channel-opacity\"\/>\n\n\n\n<h3 class=\"wp-block-heading\">\ud83d\udcbc NEDEN B\u0130Z?<\/h3>\n\n\n\n<p>\u2705 7\/24 Kesintisiz Hizmet<br>\u2705 Profesyonel ve Deneyimli Ekip<br>\u2705 G\u00fcvenli ve Sigortal\u0131 Ta\u015f\u0131ma<br>\u2705 Uygun Fiyat Garantisi<br>\u2705 Geni\u015f Hizmet A\u011f\u0131<\/p>\n\n\n\n<hr class=\"wp-block-separator has-alpha-channel-opacity\"\/>\n\n\n\n<h3 class=\"wp-block-heading\">\ud83d\udccd H\u0130ZMET B\u00d6LGELER\u0130<\/h3>\n\n\n\n<p>Ba\u015fta \u0130stanbul olmak \u00fczere t\u00fcm T\u00fcrkiye genelinde geni\u015f ara\u00e7 filomuzla hizmet veriyoruz.<\/p>\n\n\n\n<hr class=\"wp-block-separator has-alpha-channel-opacity\"\/>\n\n\n\n<h3 class=\"wp-block-heading\">\ud83d\udcde B\u0130ZE ULA\u015eIN<\/h3>\n\n\n\n<p><strong>Telefon:<\/strong> <a href=\"tel:05469560306\">05469560306<\/a><br><strong>WhatsApp Destek:<\/strong> Aktif<br><strong>E-posta:<\/strong> <a>info@cankurtaranotokurtarma.com<\/a><br><strong>Instagram \/ Facebook:<\/strong> @otofox.official<\/p>\n\n\n\n<hr class=\"wp-block-separator has-alpha-channel-opacity\"\/>\n\n\n\n<h3 class=\"wp-block-heading\">\ud83d\uded1 Yolda Kal\u0131rsan\u0131z, Cankurtaran Oto Kurtarma Yeti\u015fir!<\/h3>\n\n\n\n<p><strong>Hemen aray\u0131n, k\u0131sa s\u00fcrede yan\u0131n\u0131zda olal\u0131m!<\/strong><\/p>\n\n\n\n<p><strong>Cankurtaran Oto Kurtarma \u2013 7\/24 G\u00fcvenilir Yol Yard\u0131m\u0131 Hizmeti<\/strong><\/p>\n\n\n\n<p>Cankurtaran Oto Kurtarma, ara\u00e7 sahiplerinin yolda kar\u015f\u0131la\u015fabilece\u011fi her t\u00fcrl\u00fc olumsuz durumda h\u0131zl\u0131, profesyonel ve g\u00fcvenilir \u00e7\u00f6z\u00fcmler sunan bir yol yard\u0131m ve oto kurtarma hizmetidir. Arac\u0131n\u0131z ar\u0131zaland\u0131\u011f\u0131nda, kaza yapt\u0131\u011f\u0131n\u0131zda veya yolda kald\u0131\u011f\u0131n\u0131z her an, deneyimli ekiplerimiz ve modern \u00e7ekici filomuzla bulundu\u011funuz noktaya en k\u0131sa s\u00fcrede ula\u015f\u0131yoruz.<\/p>\n\n\n\n<p>M\u00fc\u015fteri memnuniyetini \u00f6n planda tutan hizmet anlay\u0131\u015f\u0131m\u0131zla, <strong>7\/24 kesintisiz destek<\/strong>, ekonomik fiyatland\u0131rma ve g\u00fcvenli ta\u015f\u0131ma garantisi sunuyoruz. Otomobil, motosiklet, hafif ticari ara\u00e7 ve bir\u00e7ok farkl\u0131 ara\u00e7 t\u00fcr\u00fc i\u00e7in profesyonel kurtarma \u00e7\u00f6z\u00fcmleri sa\u011fl\u0131yor; \u015fehir i\u00e7i ve \u015fehirleraras\u0131 \u00e7ekici hizmetleriyle her zaman yan\u0131n\u0131zda oluyoruz.<\/p>\n\n\n\n<p>Sorunsuz, h\u0131zl\u0131 ve g\u00fcvenilir bir oto kurtarma hizmeti ar\u0131yorsan\u0131z, Cankurtaran Oto Kurtarma sizin i\u00e7in en do\u011fru adres!<\/p>\n\n\n\n<p class=\"has-text-align-center\"><a href=\"https:\/\/otofox.com\/index.php\/bolu_oto_kurtarma-2\/\"><strong>Di\u011fer Hizmeler<\/strong><\/a><\/p>\n\n\n\n<p><\/p>\n","protected":false},"excerpt":{"rendered":"<p>7\/24 Yol Yard\u0131m ve Cankurtaran Oto Kurtarma Hizmetleri Cankurtaran Oto Kurtarma T\u00fcrkiye&#8217;nin her yerinde, yolda kald\u0131\u011f\u0131n\u0131zda bir telefon uza\u011f\u0131n\u0131zday\u0131z! Cankurtaran Oto Kurtarma olarak; g\u00fcvenli, h\u0131zl\u0131 ve uygun fiyatl\u0131 \u00e7\u00f6z\u00fcmler sunuyoruz. \ud83c\udf1f H\u0130ZMETLER\u0130M\u0130Z \ud83d\ude97 Cankurtaran Oto Kurtarma Arac\u0131n\u0131z ar\u0131za yapt\u0131ysa ya da kaza ge\u00e7irdiyseniz, profesyonel ekiplerimiz en k\u0131sa s\u00fcrede yan\u0131n\u0131zda. \u00c7ekici hizmetimiz ile arac\u0131n\u0131z\u0131 istedi\u011finiz noktaya &hellip; <\/p>\n","protected":false},"author":5,"featured_media":1033973,"parent":0,"menu_order":0,"comment_status":"closed","ping_status":"closed","template":"","meta":{"footnotes":""},"class_list":["post-1034315","page","type-page","status-publish","has-post-thumbnail","hentry"],"yoast_head":"<!-- This site is optimized with the Yoast SEO plugin v26.2 - https:\/\/yoast.com\/wordpress\/plugins\/seo\/ -->\n<title>Cankurtaran Oto Kurtarma - Otofox - 05469560306<\/title>\n<meta name=\"description\" content=\"Cankurtaran oto kurtarma hizmeti i\u00e7in en yak\u0131n oto \u00e7ekici yol yard\u0131m hizmeti en yak\u0131n tamirci hizmeti i\u00e7in hemen aray\u0131n 05469560306\" \/>\n<meta name=\"robots\" content=\"index, follow, max-snippet:-1, max-image-preview:large, max-video-preview:-1\" \/>\n<link rel=\"canonical\" href=\"https:\/\/otofox.com\/index.php\/cankurtaran_oto_kurtarma\/\" \/>\n<meta property=\"og:locale\" content=\"tr_TR\" \/>\n<meta property=\"og:type\" content=\"article\" \/>\n<meta property=\"og:title\" content=\"Cankurtaran Oto Kurtarma - Otofox - 05469560306\" \/>\n<meta property=\"og:description\" content=\"Cankurtaran oto kurtarma hizmeti i\u00e7in en yak\u0131n oto \u00e7ekici yol yard\u0131m hizmeti en yak\u0131n tamirci hizmeti i\u00e7in hemen aray\u0131n 05469560306\" \/>\n<meta property=\"og:url\" content=\"https:\/\/otofox.com\/index.php\/cankurtaran_oto_kurtarma\/\" \/>\n<meta property=\"og:site_name\" content=\"Otofox Oto Kurtarma\" \/>\n<meta property=\"article:modified_time\" content=\"2025-11-23T23:41:18+00:00\" \/>\n<meta property=\"og:image\" content=\"https:\/\/otofox.com\/wp-content\/uploads\/2024\/11\/WhatsApp-Image-2024-11-08-at-13.41.51.jpeg\" \/>\n\t<meta property=\"og:image:width\" content=\"1600\" \/>\n\t<meta property=\"og:image:height\" content=\"1200\" \/>\n\t<meta property=\"og:image:type\" content=\"image\/jpeg\" \/>\n<meta name=\"twitter:card\" content=\"summary_large_image\" \/>\n<meta name=\"twitter:label1\" content=\"Tahmini okuma s\u00fcresi\" \/>\n\t<meta name=\"twitter:data1\" content=\"2 dakika\" \/>\n<script type=\"application\/ld+json\" class=\"yoast-schema-graph\">{\"@context\":\"https:\/\/schema.org\",\"@graph\":[{\"@type\":\"WebPage\",\"@id\":\"https:\/\/otofox.com\/index.php\/cankurtaran_oto_kurtarma\/\",\"url\":\"https:\/\/otofox.com\/index.php\/cankurtaran_oto_kurtarma\/\",\"name\":\"Cankurtaran Oto Kurtarma - Otofox - 05469560306\",\"isPartOf\":{\"@id\":\"https:\/\/otofox.com\/#website\"},\"primaryImageOfPage\":{\"@id\":\"https:\/\/otofox.com\/index.php\/cankurtaran_oto_kurtarma\/#primaryimage\"},\"image\":{\"@id\":\"https:\/\/otofox.com\/index.php\/cankurtaran_oto_kurtarma\/#primaryimage\"},\"thumbnailUrl\":\"https:\/\/otofox.com\/wp-content\/uploads\/2024\/11\/WhatsApp-Image-2024-11-08-at-13.41.51.jpeg\",\"datePublished\":\"2025-09-07T17:50:22+00:00\",\"dateModified\":\"2025-11-23T23:41:18+00:00\",\"description\":\"Cankurtaran oto kurtarma hizmeti i\u00e7in en yak\u0131n oto \u00e7ekici yol yard\u0131m hizmeti en yak\u0131n tamirci hizmeti i\u00e7in hemen aray\u0131n 05469560306\",\"breadcrumb\":{\"@id\":\"https:\/\/otofox.com\/index.php\/cankurtaran_oto_kurtarma\/#breadcrumb\"},\"inLanguage\":\"tr\",\"potentialAction\":[{\"@type\":\"ReadAction\",\"target\":[\"https:\/\/otofox.com\/index.php\/cankurtaran_oto_kurtarma\/\"]}]},{\"@type\":\"ImageObject\",\"inLanguage\":\"tr\",\"@id\":\"https:\/\/otofox.com\/index.php\/cankurtaran_oto_kurtarma\/#primaryimage\",\"url\":\"https:\/\/otofox.com\/wp-content\/uploads\/2024\/11\/WhatsApp-Image-2024-11-08-at-13.41.51.jpeg\",\"contentUrl\":\"https:\/\/otofox.com\/wp-content\/uploads\/2024\/11\/WhatsApp-Image-2024-11-08-at-13.41.51.jpeg\",\"width\":1600,\"height\":1200,\"caption\":\"cankurtaran oto kurtarma oto kurtarma hizmeti yol yard\u0131m 7\/24 oto kurtarma \u00e7ekici hizmeti ara\u00e7 kurtarma acil yol yard\u0131m\u0131 oto \u00e7ekici oto yol yard\u0131m oto kurtar\u0131c\u0131 \ud83d\udccd B\u00f6lgesel Anahtar Kelimeler (lokal SEO i\u00e7in) \u0130stanbul oto kurtarma Ankara \u00e7ekici hizmeti \u0130zmir yol yard\u0131m\u0131 T\u00fcrkiye geneli oto kurtarma\"},{\"@type\":\"BreadcrumbList\",\"@id\":\"https:\/\/otofox.com\/index.php\/cankurtaran_oto_kurtarma\/#breadcrumb\",\"itemListElement\":[{\"@type\":\"ListItem\",\"position\":1,\"name\":\"Anasayfa\",\"item\":\"https:\/\/otofox.com\/\"},{\"@type\":\"ListItem\",\"position\":2,\"name\":\"\ud83d\udea8 CANKURTARAN OTO KURTARMA EN YAKIN \u00c7EK\u0130C\u0130\"}]},{\"@type\":\"WebSite\",\"@id\":\"https:\/\/otofox.com\/#website\",\"url\":\"https:\/\/otofox.com\/\",\"name\":\"Otofox Oto Kurtarma\",\"description\":\"En Yak\u0131n Oto Kurtarma\",\"publisher\":{\"@id\":\"https:\/\/otofox.com\/#organization\"},\"potentialAction\":[{\"@type\":\"SearchAction\",\"target\":{\"@type\":\"EntryPoint\",\"urlTemplate\":\"https:\/\/otofox.com\/?s={search_term_string}\"},\"query-input\":{\"@type\":\"PropertyValueSpecification\",\"valueRequired\":true,\"valueName\":\"search_term_string\"}}],\"inLanguage\":\"tr\"},{\"@type\":\"Organization\",\"@id\":\"https:\/\/otofox.com\/#organization\",\"name\":\"Otofox Oto Kurtarma\",\"url\":\"https:\/\/otofox.com\/\",\"logo\":{\"@type\":\"ImageObject\",\"inLanguage\":\"tr\",\"@id\":\"https:\/\/otofox.com\/#\/schema\/logo\/image\/\",\"url\":\"https:\/\/otofox.com\/wp-content\/uploads\/2024\/03\/cropped-otofoxlogo.png\",\"contentUrl\":\"https:\/\/otofox.com\/wp-content\/uploads\/2024\/03\/cropped-otofoxlogo.png\",\"width\":125,\"height\":20,\"caption\":\"Otofox Oto Kurtarma\"},\"image\":{\"@id\":\"https:\/\/otofox.com\/#\/schema\/logo\/image\/\"}}]}<\/script>\n<!-- \/ Yoast SEO plugin. -->","yoast_head_json":{"title":"Cankurtaran Oto Kurtarma - Otofox - 05469560306","description":"Cankurtaran oto kurtarma hizmeti i\u00e7in en yak\u0131n oto \u00e7ekici yol yard\u0131m hizmeti en yak\u0131n tamirci hizmeti i\u00e7in hemen aray\u0131n 05469560306","robots":{"index":"index","follow":"follow","max-snippet":"max-snippet:-1","max-image-preview":"max-image-preview:large","max-video-preview":"max-video-preview:-1"},"canonical":"https:\/\/otofox.com\/index.php\/cankurtaran_oto_kurtarma\/","og_locale":"tr_TR","og_type":"article","og_title":"Cankurtaran Oto Kurtarma - Otofox - 05469560306","og_description":"Cankurtaran oto kurtarma hizmeti i\u00e7in en yak\u0131n oto \u00e7ekici yol yard\u0131m hizmeti en yak\u0131n tamirci hizmeti i\u00e7in hemen aray\u0131n 05469560306","og_url":"https:\/\/otofox.com\/index.php\/cankurtaran_oto_kurtarma\/","og_site_name":"Otofox Oto Kurtarma","article_modified_time":"2025-11-23T23:41:18+00:00","og_image":[{"width":1600,"height":1200,"url":"https:\/\/otofox.com\/wp-content\/uploads\/2024\/11\/WhatsApp-Image-2024-11-08-at-13.41.51.jpeg","type":"image\/jpeg"}],"twitter_card":"summary_large_image","twitter_misc":{"Tahmini okuma s\u00fcresi":"2 dakika"},"schema":{"@context":"https:\/\/schema.org","@graph":[{"@type":"WebPage","@id":"https:\/\/otofox.com\/index.php\/cankurtaran_oto_kurtarma\/","url":"https:\/\/otofox.com\/index.php\/cankurtaran_oto_kurtarma\/","name":"Cankurtaran Oto Kurtarma - Otofox - 05469560306","isPartOf":{"@id":"https:\/\/otofox.com\/#website"},"primaryImageOfPage":{"@id":"https:\/\/otofox.com\/index.php\/cankurtaran_oto_kurtarma\/#primaryimage"},"image":{"@id":"https:\/\/otofox.com\/index.php\/cankurtaran_oto_kurtarma\/#primaryimage"},"thumbnailUrl":"https:\/\/otofox.com\/wp-content\/uploads\/2024\/11\/WhatsApp-Image-2024-11-08-at-13.41.51.jpeg","datePublished":"2025-09-07T17:50:22+00:00","dateModified":"2025-11-23T23:41:18+00:00","description":"Cankurtaran oto kurtarma hizmeti i\u00e7in en yak\u0131n oto \u00e7ekici yol yard\u0131m hizmeti en yak\u0131n tamirci hizmeti i\u00e7in hemen aray\u0131n 05469560306","breadcrumb":{"@id":"https:\/\/otofox.com\/index.php\/cankurtaran_oto_kurtarma\/#breadcrumb"},"inLanguage":"tr","potentialAction":[{"@type":"ReadAction","target":["https:\/\/otofox.com\/index.php\/cankurtaran_oto_kurtarma\/"]}]},{"@type":"ImageObject","inLanguage":"tr","@id":"https:\/\/otofox.com\/index.php\/cankurtaran_oto_kurtarma\/#primaryimage","url":"https:\/\/otofox.com\/wp-content\/uploads\/2024\/11\/WhatsApp-Image-2024-11-08-at-13.41.51.jpeg","contentUrl":"https:\/\/otofox.com\/wp-content\/uploads\/2024\/11\/WhatsApp-Image-2024-11-08-at-13.41.51.jpeg","width":1600,"height":1200,"caption":"cankurtaran oto kurtarma oto kurtarma hizmeti yol yard\u0131m 7\/24 oto kurtarma \u00e7ekici hizmeti ara\u00e7 kurtarma acil yol yard\u0131m\u0131 oto \u00e7ekici oto yol yard\u0131m oto kurtar\u0131c\u0131 \ud83d\udccd B\u00f6lgesel Anahtar Kelimeler (lokal SEO i\u00e7in) \u0130stanbul oto kurtarma Ankara \u00e7ekici hizmeti \u0130zmir yol yard\u0131m\u0131 T\u00fcrkiye geneli oto kurtarma"},{"@type":"BreadcrumbList","@id":"https:\/\/otofox.com\/index.php\/cankurtaran_oto_kurtarma\/#breadcrumb","itemListElement":[{"@type":"ListItem","position":1,"name":"Anasayfa","item":"https:\/\/otofox.com\/"},{"@type":"ListItem","position":2,"name":"\ud83d\udea8 CANKURTARAN OTO KURTARMA EN YAKIN \u00c7EK\u0130C\u0130"}]},{"@type":"WebSite","@id":"https:\/\/otofox.com\/#website","url":"https:\/\/otofox.com\/","name":"Otofox Oto Kurtarma","description":"En Yak\u0131n Oto Kurtarma","publisher":{"@id":"https:\/\/otofox.com\/#organization"},"potentialAction":[{"@type":"SearchAction","target":{"@type":"EntryPoint","urlTemplate":"https:\/\/otofox.com\/?s={search_term_string}"},"query-input":{"@type":"PropertyValueSpecification","valueRequired":true,"valueName":"search_term_string"}}],"inLanguage":"tr"},{"@type":"Organization","@id":"https:\/\/otofox.com\/#organization","name":"Otofox Oto Kurtarma","url":"https:\/\/otofox.com\/","logo":{"@type":"ImageObject","inLanguage":"tr","@id":"https:\/\/otofox.com\/#\/schema\/logo\/image\/","url":"https:\/\/otofox.com\/wp-content\/uploads\/2024\/03\/cropped-otofoxlogo.png","contentUrl":"https:\/\/otofox.com\/wp-content\/uploads\/2024\/03\/cropped-otofoxlogo.png","width":125,"height":20,"caption":"Otofox Oto Kurtarma"},"image":{"@id":"https:\/\/otofox.com\/#\/schema\/logo\/image\/"}}]}},"_links":{"self":[{"href":"https:\/\/otofox.com\/index.php\/wp-json\/wp\/v2\/pages\/1034315","targetHints":{"allow":["GET"]}}],"collection":[{"href":"https:\/\/otofox.com\/index.php\/wp-json\/wp\/v2\/pages"}],"about":[{"href":"https:\/\/otofox.com\/index.php\/wp-json\/wp\/v2\/types\/page"}],"author":[{"embeddable":true,"href":"https:\/\/otofox.com\/index.php\/wp-json\/wp\/v2\/users\/5"}],"replies":[{"embeddable":true,"href":"https:\/\/otofox.com\/index.php\/wp-json\/wp\/v2\/comments?post=1034315"}],"version-history":[{"count":8,"href":"https:\/\/otofox.com\/index.php\/wp-json\/wp\/v2\/pages\/1034315\/revisions"}],"predecessor-version":[{"id":1034940,"href":"https:\/\/otofox.com\/index.php\/wp-json\/wp\/v2\/pages\/1034315\/revisions\/1034940"}],"wp:featuredmedia":[{"embeddable":true,"href":"https:\/\/otofox.com\/index.php\/wp-json\/wp\/v2\/media\/1033973"}],"wp:attachment":[{"href":"https:\/\/otofox.com\/index.php\/wp-json\/wp\/v2\/media?parent=1034315"}],"curies":[{"name":"wp","href":"https:\/\/api.w.org\/{rel}","templated":true}]}}