{"id":1034318,"date":"2025-09-07T18:00:09","date_gmt":"2025-09-07T18:00:09","guid":{"rendered":"https:\/\/otofox.com\/?page_id=1034318"},"modified":"2025-09-07T18:00:11","modified_gmt":"2025-09-07T18:00:11","slug":"kizilcahamam_oto_kurtarma","status":"publish","type":"page","link":"https:\/\/otofox.com\/index.php\/kizilcahamam_oto_kurtarma\/","title":{"rendered":"\ud83d\udea8 K\u0131z\u0131lcahamam Oto Kurtarma"},"content":{"rendered":"\n<h2 class=\"wp-block-heading\">7\/24 G\u00fcvenilir Yol Yard\u0131m ve \u00c7ekici Hizmeti<\/h2>\n\n\n\n<p>Yolda kald\u0131n\u0131z, ara\u00e7 ar\u0131zaland\u0131 ya da kaza m\u0131 ge\u00e7irdiniz?<br><strong>K\u0131z\u0131lcahamam Oto Kurtarma<\/strong> olarak, her an yan\u0131n\u0131zday\u0131z!<\/p>\n\n\n\n<p>K\u0131z\u0131lcahamam ve \u00e7evresinde <strong>7\/24 \u00e7ekici hizmeti<\/strong>, <strong>acil yol yard\u0131m\u0131<\/strong>, <strong>ara\u00e7 ta\u015f\u0131ma<\/strong> ve daha fazlas\u0131 i\u00e7in profesyonel ekibimizle h\u0131zl\u0131 ve g\u00fcvenilir \u00e7\u00f6z\u00fcmler sunuyoruz.<\/p>\n\n\n\n<hr class=\"wp-block-separator has-alpha-channel-opacity\"\/>\n\n\n\n<h2 class=\"wp-block-heading\">\ud83d\udee0\ufe0f Hizmetlerimiz<\/h2>\n\n\n\n<h3 class=\"wp-block-heading\">\ud83d\ude97 Oto Kurtarma<\/h3>\n\n\n\n<p>Kaza, ar\u0131za ya da herhangi bir sebeple yolda kalan ara\u00e7lar\u0131n\u0131z i\u00e7in <strong>K\u0131z\u0131lcahamam oto kurtarma hizmeti<\/strong> sa\u011fl\u0131yoruz. H\u0131zl\u0131 m\u00fcdahale ve g\u00fcvenli ta\u015f\u0131ma garantisiyle yan\u0131n\u0131zday\u0131z.<\/p>\n\n\n\n<h3 class=\"wp-block-heading\">\ud83d\udefb Oto \u00c7ekici<\/h3>\n\n\n\n<p><strong>K\u0131z\u0131lcahamam oto \u00e7ekici<\/strong> ihtiyac\u0131n\u0131z oldu\u011funda tek yapman\u0131z gereken bizi aramak. Ara\u00e7lar\u0131n\u0131z diledi\u011finiz noktaya \u00f6zenle ta\u015f\u0131n\u0131r.<\/p>\n\n\n\n<h3 class=\"wp-block-heading\">\ud83d\udd27 Yol Yard\u0131m<\/h3>\n\n\n\n<ul class=\"wp-block-list\">\n<li>Ak\u00fc takviye<\/li>\n\n\n\n<li>Lastik de\u011fi\u015fimi<\/li>\n\n\n\n<li>Yak\u0131t deste\u011fi<\/li>\n\n\n\n<li>Zincir takma ve k\u0131\u015f yard\u0131m\u0131<\/li>\n<\/ul>\n\n\n\n<p><strong>K\u0131z\u0131lcahamam yol yard\u0131m<\/strong> hizmetlerimizle arac\u0131n\u0131z\u0131 yeniden yola \u00e7\u0131kar\u0131yoruz.<\/p>\n\n\n\n<h3 class=\"wp-block-heading\">\ud83d\ude9a Ara\u00e7 Ta\u015f\u0131ma<\/h3>\n\n\n\n<p>\u015eehir i\u00e7i ve \u015fehirler aras\u0131 <strong>ara\u00e7 ta\u015f\u0131ma hizmeti<\/strong> sunuyoruz. S\u0131f\u0131r ara\u00e7lar, ikinci el ta\u015f\u0131ma ya da servise g\u00f6nderim i\u015flemleri i\u00e7in bizimle ileti\u015fime ge\u00e7in.<\/p>\n\n\n\n<hr class=\"wp-block-separator has-alpha-channel-opacity\"\/>\n\n\n\n<h2 class=\"wp-block-heading\">\ud83d\udccd Hizmet B\u00f6lgelerimiz<\/h2>\n\n\n\n<p>Ba\u015fta <strong>K\u0131z\u0131lcahamam merkez<\/strong> olmak \u00fczere:<\/p>\n\n\n\n<ul class=\"wp-block-list\">\n<li>So\u011fuksu Milli Park\u0131 \u00e7evresi<\/li>\n\n\n\n<li>\u00c7aml\u0131dere yolu<\/li>\n\n\n\n<li>K\u0131z\u0131lcahamam \u2013 Ankara karayolu<\/li>\n\n\n\n<li>K\u0131z\u0131lcahamam \u00e7evre k\u00f6yleri ve mahalleleri<\/li>\n<\/ul>\n\n\n\n<p>Google\u2019da \u015fu kelimelerle arayarak da bize ula\u015fabilirsiniz:<br><strong>\u201cK\u0131z\u0131lcahamam \u00e7ekici\u201d, \u201cK\u0131z\u0131lcahamam oto kurtarma numaras\u0131\u201d, \u201cK\u0131z\u0131lcahamam ara\u00e7 \u00e7ekici\u201d<\/strong><\/p>\n\n\n\n<hr class=\"wp-block-separator has-alpha-channel-opacity\"\/>\n\n\n\n<h2 class=\"wp-block-heading\">\u2705 Neden K\u0131z\u0131lcahamam Oto Kurtarma?<\/h2>\n\n\n\n<p>\u2714 7\/24 Kesintisiz Hizmet<br>\u2714 Uygun Fiyatl\u0131 \u00c7ekici Hizmeti<br>\u2714 Deneyimli ve Profesyonel Kadro<br>\u2714 H\u0131zl\u0131 Lokasyon Tespiti<br>\u2714 G\u00fcvenli ve Sigortal\u0131 Ara\u00e7 Ta\u015f\u0131ma<\/p>\n\n\n\n<hr class=\"wp-block-separator has-alpha-channel-opacity\"\/>\n\n\n\n<h2 class=\"wp-block-heading\">\ud83d\udcde Hemen Yard\u0131m Al\u0131n<\/h2>\n\n\n\n<p><strong>\ud83d\udcf1 Telefon:<\/strong> 0 (5XX) XXX XX XX<br><strong>\ud83d\udccd Konum:<\/strong> K\u0131z\u0131lcahamam, Ankara<br><strong>\ud83d\udcac WhatsApp:<\/strong> 7\/24 aktif<br><strong>\ud83c\udf10 Sosyal Medya:<\/strong> @kizilcahamamotokurtarma<\/p>\n\n\n\n<hr class=\"wp-block-separator has-alpha-channel-opacity\"\/>\n\n\n\n<h3 class=\"wp-block-heading\">\ud83d\uded1 Yolda Kalmak Zorunda De\u011filsiniz!<\/h3>\n\n\n\n<p><strong>K\u0131z\u0131lcahamam oto kurtarma hizmetleri<\/strong> ile bir telefon uza\u011f\u0131n\u0131zday\u0131z.<br>Hemen aray\u0131n, dakikalar i\u00e7inde yan\u0131n\u0131zda olal\u0131m!<\/p>\n","protected":false},"excerpt":{"rendered":"<p>7\/24 G\u00fcvenilir Yol Yard\u0131m ve \u00c7ekici Hizmeti Yolda kald\u0131n\u0131z, ara\u00e7 ar\u0131zaland\u0131 ya da kaza m\u0131 ge\u00e7irdiniz?K\u0131z\u0131lcahamam Oto Kurtarma olarak, her an yan\u0131n\u0131zday\u0131z! K\u0131z\u0131lcahamam ve \u00e7evresinde 7\/24 \u00e7ekici hizmeti, acil yol yard\u0131m\u0131, ara\u00e7 ta\u015f\u0131ma ve daha fazlas\u0131 i\u00e7in profesyonel ekibimizle h\u0131zl\u0131 ve g\u00fcvenilir \u00e7\u00f6z\u00fcmler sunuyoruz. \ud83d\udee0\ufe0f Hizmetlerimiz \ud83d\ude97 Oto Kurtarma Kaza, ar\u0131za ya da herhangi bir &hellip; <\/p>\n","protected":false},"author":5,"featured_media":1034166,"parent":0,"menu_order":0,"comment_status":"closed","ping_status":"closed","template":"","meta":{"footnotes":""},"class_list":["post-1034318","page","type-page","status-publish","has-post-thumbnail","hentry"],"yoast_head":"<!-- This site is optimized with the Yoast SEO plugin v26.2 - https:\/\/yoast.com\/wordpress\/plugins\/seo\/ -->\n<title>\ud83d\udea8 K\u0131z\u0131lcahamam Oto Kurtarma - Otofox Oto Kurtarma -05469560306<\/title>\n<meta name=\"description\" content=\"K\u0131z\u0131lcahamam Oto Kurtarma en yak\u0131n \u00e7ekici en yak\u0131n lastik\u00e7i yol yard\u0131m hizmeti i\u00e7in Otofox oto kurtarma hemen aray\u0131n.\" \/>\n<meta name=\"robots\" content=\"index, follow, max-snippet:-1, max-image-preview:large, max-video-preview:-1\" \/>\n<link rel=\"canonical\" href=\"https:\/\/otofox.com\/index.php\/kizilcahamam_oto_kurtarma\/\" \/>\n<meta property=\"og:locale\" content=\"tr_TR\" \/>\n<meta property=\"og:type\" content=\"article\" \/>\n<meta property=\"og:title\" content=\"\ud83d\udea8 K\u0131z\u0131lcahamam Oto Kurtarma - Otofox Oto Kurtarma -05469560306\" \/>\n<meta property=\"og:description\" content=\"K\u0131z\u0131lcahamam Oto Kurtarma en yak\u0131n \u00e7ekici en yak\u0131n lastik\u00e7i yol yard\u0131m hizmeti i\u00e7in Otofox oto kurtarma hemen aray\u0131n.\" \/>\n<meta property=\"og:url\" content=\"https:\/\/otofox.com\/index.php\/kizilcahamam_oto_kurtarma\/\" \/>\n<meta property=\"og:site_name\" content=\"Otofox Oto Kurtarma\" \/>\n<meta property=\"article:modified_time\" content=\"2025-09-07T18:00:11+00:00\" \/>\n<meta property=\"og:image\" content=\"https:\/\/otofox.com\/wp-content\/uploads\/2025\/04\/en-yakin-oto-kurtarma-en-yakin-cekici-5.jpeg\" \/>\n\t<meta property=\"og:image:width\" content=\"2048\" \/>\n\t<meta property=\"og:image:height\" content=\"1536\" \/>\n\t<meta property=\"og:image:type\" content=\"image\/jpeg\" \/>\n<meta name=\"twitter:card\" content=\"summary_large_image\" \/>\n<meta name=\"twitter:label1\" content=\"Tahmini okuma s\u00fcresi\" \/>\n\t<meta name=\"twitter:data1\" content=\"2 dakika\" \/>\n<script type=\"application\/ld+json\" class=\"yoast-schema-graph\">{\"@context\":\"https:\/\/schema.org\",\"@graph\":[{\"@type\":\"WebPage\",\"@id\":\"https:\/\/otofox.com\/index.php\/kizilcahamam_oto_kurtarma\/\",\"url\":\"https:\/\/otofox.com\/index.php\/kizilcahamam_oto_kurtarma\/\",\"name\":\"\ud83d\udea8 K\u0131z\u0131lcahamam Oto Kurtarma - Otofox Oto Kurtarma -05469560306\",\"isPartOf\":{\"@id\":\"https:\/\/otofox.com\/#website\"},\"primaryImageOfPage\":{\"@id\":\"https:\/\/otofox.com\/index.php\/kizilcahamam_oto_kurtarma\/#primaryimage\"},\"image\":{\"@id\":\"https:\/\/otofox.com\/index.php\/kizilcahamam_oto_kurtarma\/#primaryimage\"},\"thumbnailUrl\":\"https:\/\/otofox.com\/wp-content\/uploads\/2025\/04\/en-yakin-oto-kurtarma-en-yakin-cekici-5.jpeg\",\"datePublished\":\"2025-09-07T18:00:09+00:00\",\"dateModified\":\"2025-09-07T18:00:11+00:00\",\"description\":\"K\u0131z\u0131lcahamam Oto Kurtarma en yak\u0131n \u00e7ekici en yak\u0131n lastik\u00e7i yol yard\u0131m hizmeti i\u00e7in Otofox oto kurtarma hemen aray\u0131n.\",\"breadcrumb\":{\"@id\":\"https:\/\/otofox.com\/index.php\/kizilcahamam_oto_kurtarma\/#breadcrumb\"},\"inLanguage\":\"tr\",\"potentialAction\":[{\"@type\":\"ReadAction\",\"target\":[\"https:\/\/otofox.com\/index.php\/kizilcahamam_oto_kurtarma\/\"]}]},{\"@type\":\"ImageObject\",\"inLanguage\":\"tr\",\"@id\":\"https:\/\/otofox.com\/index.php\/kizilcahamam_oto_kurtarma\/#primaryimage\",\"url\":\"https:\/\/otofox.com\/wp-content\/uploads\/2025\/04\/en-yakin-oto-kurtarma-en-yakin-cekici-5.jpeg\",\"contentUrl\":\"https:\/\/otofox.com\/wp-content\/uploads\/2025\/04\/en-yakin-oto-kurtarma-en-yakin-cekici-5.jpeg\",\"width\":2048,\"height\":1536,\"caption\":\"\ud83d\ude97 Genel Anahtar Kelimeler K\u0131z\u0131lcahamam oto kurtarma K\u0131z\u0131lcahamam \u00e7ekici hizmeti K\u0131z\u0131lcahamam yol yard\u0131m K\u0131z\u0131lcahamam ara\u00e7 kurtarma K\u0131z\u0131lcahamam oto \u00e7ekici K\u0131z\u0131lcahamam oto kurtar\u0131c\u0131 K\u0131z\u0131lcahamam acil \u00e7ekici K\u0131z\u0131lcahamam 7\/24 oto kurtarma K\u0131z\u0131lcahamam oto yard\u0131m hizmeti K\u0131z\u0131lcahamam araba \u00e7ekici \ud83d\udccd B\u00f6lgeye \u00d6zg\u00fc Anahtar Kelimeler Ankara K\u0131z\u0131lcahamam \u00e7ekici K\u0131z\u0131lcahamam'da oto kurtarma K\u0131z\u0131lcahamam yol yard\u0131m firmas\u0131 K\u0131z\u0131lcahamam oto \u00e7ekici numaras\u0131 K\u0131z\u0131lcahamam\u2019da yolda kald\u0131m K\u0131z\u0131lcahamam acil yol yard\u0131m K\u0131z\u0131lcahamam\u2019da \u00e7ekici \u00e7a\u011f\u0131r K\u0131z\u0131lcahamam kaza sonras\u0131 \u00e7ekici K\u0131z\u0131lcahamam oto \u00e7ekici hizmetleri K\u0131z\u0131lcahamam 7\/24 yol yard\u0131m \ud83d\udee0\ufe0f Hizmete \u00d6zel Anahtar Kelimeler K\u0131z\u0131lcahamam ak\u00fc takviye K\u0131z\u0131lcahamam lastik de\u011fi\u015fimi K\u0131z\u0131lcahamam yak\u0131t deste\u011fi K\u0131z\u0131lcahamam k\u0131\u015f yard\u0131m\u0131 K\u0131z\u0131lcahamam ara\u00e7 ta\u015f\u0131ma K\u0131z\u0131lcahamam s\u0131f\u0131r ara\u00e7 ta\u015f\u0131ma K\u0131z\u0131lcahamam kar zinciri yard\u0131m\u0131 K\u0131z\u0131lcahamam oto transfer \ud83d\udd0d Uzun Kuyruklu Anahtar Kelimeler (Long-Tail Keywords) K\u0131z\u0131lcahamam\u2019da en yak\u0131n \u00e7ekici K\u0131z\u0131lcahamam\u2019da uygun fiyatl\u0131 oto kurtarma K\u0131z\u0131lcahamam \u00e7evresinde ara\u00e7 \u00e7ekici K\u0131z\u0131lcahamam\u2019da gece \u00e7ekici hizmeti K\u0131z\u0131lcahamam\u2019da kaza sonras\u0131 oto kurtarma K\u0131z\u0131lcahamam\u2019da h\u0131zl\u0131 \u00e7ekici \u00e7a\u011f\u0131rma K\u0131z\u0131lcahamam oto kurtarma firmalar\u0131 K\u0131z\u0131lcahamam\u2019da g\u00fcvenilir oto kurtar\u0131c\u0131 \ud83e\udde9 Marka \u0130maj\u0131 \u0130\u00e7in Alternatif Anahtar Kelimeler K\u0131z\u0131lcahamam yol yard\u0131m telefon numaras\u0131 K\u0131z\u0131lcahamam en iyi \u00e7ekici firmas\u0131 K\u0131z\u0131lcahamam oto kurtarma hizmetleri K\u0131z\u0131lcahamam\u2019da acil ara\u00e7 kurtarma K\u0131z\u0131lcahamam ara\u00e7 kurtar\u0131c\u0131 numaras\u0131\"},{\"@type\":\"BreadcrumbList\",\"@id\":\"https:\/\/otofox.com\/index.php\/kizilcahamam_oto_kurtarma\/#breadcrumb\",\"itemListElement\":[{\"@type\":\"ListItem\",\"position\":1,\"name\":\"Anasayfa\",\"item\":\"https:\/\/otofox.com\/\"},{\"@type\":\"ListItem\",\"position\":2,\"name\":\"\ud83d\udea8 K\u0131z\u0131lcahamam Oto Kurtarma\"}]},{\"@type\":\"WebSite\",\"@id\":\"https:\/\/otofox.com\/#website\",\"url\":\"https:\/\/otofox.com\/\",\"name\":\"Otofox Oto Kurtarma\",\"description\":\"En Yak\u0131n Oto Kurtarma\",\"publisher\":{\"@id\":\"https:\/\/otofox.com\/#organization\"},\"potentialAction\":[{\"@type\":\"SearchAction\",\"target\":{\"@type\":\"EntryPoint\",\"urlTemplate\":\"https:\/\/otofox.com\/?s={search_term_string}\"},\"query-input\":{\"@type\":\"PropertyValueSpecification\",\"valueRequired\":true,\"valueName\":\"search_term_string\"}}],\"inLanguage\":\"tr\"},{\"@type\":\"Organization\",\"@id\":\"https:\/\/otofox.com\/#organization\",\"name\":\"Otofox Oto Kurtarma\",\"url\":\"https:\/\/otofox.com\/\",\"logo\":{\"@type\":\"ImageObject\",\"inLanguage\":\"tr\",\"@id\":\"https:\/\/otofox.com\/#\/schema\/logo\/image\/\",\"url\":\"https:\/\/otofox.com\/wp-content\/uploads\/2024\/03\/cropped-otofoxlogo.png\",\"contentUrl\":\"https:\/\/otofox.com\/wp-content\/uploads\/2024\/03\/cropped-otofoxlogo.png\",\"width\":125,\"height\":20,\"caption\":\"Otofox Oto Kurtarma\"},\"image\":{\"@id\":\"https:\/\/otofox.com\/#\/schema\/logo\/image\/\"}}]}<\/script>\n<!-- \/ Yoast SEO plugin. -->","yoast_head_json":{"title":"\ud83d\udea8 K\u0131z\u0131lcahamam Oto Kurtarma - Otofox Oto Kurtarma -05469560306","description":"K\u0131z\u0131lcahamam Oto Kurtarma en yak\u0131n \u00e7ekici en yak\u0131n lastik\u00e7i yol yard\u0131m hizmeti i\u00e7in Otofox oto kurtarma hemen aray\u0131n.","robots":{"index":"index","follow":"follow","max-snippet":"max-snippet:-1","max-image-preview":"max-image-preview:large","max-video-preview":"max-video-preview:-1"},"canonical":"https:\/\/otofox.com\/index.php\/kizilcahamam_oto_kurtarma\/","og_locale":"tr_TR","og_type":"article","og_title":"\ud83d\udea8 K\u0131z\u0131lcahamam Oto Kurtarma - Otofox Oto Kurtarma -05469560306","og_description":"K\u0131z\u0131lcahamam Oto Kurtarma en yak\u0131n \u00e7ekici en yak\u0131n lastik\u00e7i yol yard\u0131m hizmeti i\u00e7in Otofox oto kurtarma hemen aray\u0131n.","og_url":"https:\/\/otofox.com\/index.php\/kizilcahamam_oto_kurtarma\/","og_site_name":"Otofox Oto Kurtarma","article_modified_time":"2025-09-07T18:00:11+00:00","og_image":[{"width":2048,"height":1536,"url":"https:\/\/otofox.com\/wp-content\/uploads\/2025\/04\/en-yakin-oto-kurtarma-en-yakin-cekici-5.jpeg","type":"image\/jpeg"}],"twitter_card":"summary_large_image","twitter_misc":{"Tahmini okuma s\u00fcresi":"2 dakika"},"schema":{"@context":"https:\/\/schema.org","@graph":[{"@type":"WebPage","@id":"https:\/\/otofox.com\/index.php\/kizilcahamam_oto_kurtarma\/","url":"https:\/\/otofox.com\/index.php\/kizilcahamam_oto_kurtarma\/","name":"\ud83d\udea8 K\u0131z\u0131lcahamam Oto Kurtarma - Otofox Oto Kurtarma -05469560306","isPartOf":{"@id":"https:\/\/otofox.com\/#website"},"primaryImageOfPage":{"@id":"https:\/\/otofox.com\/index.php\/kizilcahamam_oto_kurtarma\/#primaryimage"},"image":{"@id":"https:\/\/otofox.com\/index.php\/kizilcahamam_oto_kurtarma\/#primaryimage"},"thumbnailUrl":"https:\/\/otofox.com\/wp-content\/uploads\/2025\/04\/en-yakin-oto-kurtarma-en-yakin-cekici-5.jpeg","datePublished":"2025-09-07T18:00:09+00:00","dateModified":"2025-09-07T18:00:11+00:00","description":"K\u0131z\u0131lcahamam Oto Kurtarma en yak\u0131n \u00e7ekici en yak\u0131n lastik\u00e7i yol yard\u0131m hizmeti i\u00e7in Otofox oto kurtarma hemen aray\u0131n.","breadcrumb":{"@id":"https:\/\/otofox.com\/index.php\/kizilcahamam_oto_kurtarma\/#breadcrumb"},"inLanguage":"tr","potentialAction":[{"@type":"ReadAction","target":["https:\/\/otofox.com\/index.php\/kizilcahamam_oto_kurtarma\/"]}]},{"@type":"ImageObject","inLanguage":"tr","@id":"https:\/\/otofox.com\/index.php\/kizilcahamam_oto_kurtarma\/#primaryimage","url":"https:\/\/otofox.com\/wp-content\/uploads\/2025\/04\/en-yakin-oto-kurtarma-en-yakin-cekici-5.jpeg","contentUrl":"https:\/\/otofox.com\/wp-content\/uploads\/2025\/04\/en-yakin-oto-kurtarma-en-yakin-cekici-5.jpeg","width":2048,"height":1536,"caption":"\ud83d\ude97 Genel Anahtar Kelimeler K\u0131z\u0131lcahamam oto kurtarma K\u0131z\u0131lcahamam \u00e7ekici hizmeti K\u0131z\u0131lcahamam yol yard\u0131m K\u0131z\u0131lcahamam ara\u00e7 kurtarma K\u0131z\u0131lcahamam oto \u00e7ekici K\u0131z\u0131lcahamam oto kurtar\u0131c\u0131 K\u0131z\u0131lcahamam acil \u00e7ekici K\u0131z\u0131lcahamam 7\/24 oto kurtarma K\u0131z\u0131lcahamam oto yard\u0131m hizmeti K\u0131z\u0131lcahamam araba \u00e7ekici \ud83d\udccd B\u00f6lgeye \u00d6zg\u00fc Anahtar Kelimeler Ankara K\u0131z\u0131lcahamam \u00e7ekici K\u0131z\u0131lcahamam'da oto kurtarma K\u0131z\u0131lcahamam yol yard\u0131m firmas\u0131 K\u0131z\u0131lcahamam oto \u00e7ekici numaras\u0131 K\u0131z\u0131lcahamam\u2019da yolda kald\u0131m K\u0131z\u0131lcahamam acil yol yard\u0131m K\u0131z\u0131lcahamam\u2019da \u00e7ekici \u00e7a\u011f\u0131r K\u0131z\u0131lcahamam kaza sonras\u0131 \u00e7ekici K\u0131z\u0131lcahamam oto \u00e7ekici hizmetleri K\u0131z\u0131lcahamam 7\/24 yol yard\u0131m \ud83d\udee0\ufe0f Hizmete \u00d6zel Anahtar Kelimeler K\u0131z\u0131lcahamam ak\u00fc takviye K\u0131z\u0131lcahamam lastik de\u011fi\u015fimi K\u0131z\u0131lcahamam yak\u0131t deste\u011fi K\u0131z\u0131lcahamam k\u0131\u015f yard\u0131m\u0131 K\u0131z\u0131lcahamam ara\u00e7 ta\u015f\u0131ma K\u0131z\u0131lcahamam s\u0131f\u0131r ara\u00e7 ta\u015f\u0131ma K\u0131z\u0131lcahamam kar zinciri yard\u0131m\u0131 K\u0131z\u0131lcahamam oto transfer \ud83d\udd0d Uzun Kuyruklu Anahtar Kelimeler (Long-Tail Keywords) K\u0131z\u0131lcahamam\u2019da en yak\u0131n \u00e7ekici K\u0131z\u0131lcahamam\u2019da uygun fiyatl\u0131 oto kurtarma K\u0131z\u0131lcahamam \u00e7evresinde ara\u00e7 \u00e7ekici K\u0131z\u0131lcahamam\u2019da gece \u00e7ekici hizmeti K\u0131z\u0131lcahamam\u2019da kaza sonras\u0131 oto kurtarma K\u0131z\u0131lcahamam\u2019da h\u0131zl\u0131 \u00e7ekici \u00e7a\u011f\u0131rma K\u0131z\u0131lcahamam oto kurtarma firmalar\u0131 K\u0131z\u0131lcahamam\u2019da g\u00fcvenilir oto kurtar\u0131c\u0131 \ud83e\udde9 Marka \u0130maj\u0131 \u0130\u00e7in Alternatif Anahtar Kelimeler K\u0131z\u0131lcahamam yol yard\u0131m telefon numaras\u0131 K\u0131z\u0131lcahamam en iyi \u00e7ekici firmas\u0131 K\u0131z\u0131lcahamam oto kurtarma hizmetleri K\u0131z\u0131lcahamam\u2019da acil ara\u00e7 kurtarma K\u0131z\u0131lcahamam ara\u00e7 kurtar\u0131c\u0131 numaras\u0131"},{"@type":"BreadcrumbList","@id":"https:\/\/otofox.com\/index.php\/kizilcahamam_oto_kurtarma\/#breadcrumb","itemListElement":[{"@type":"ListItem","position":1,"name":"Anasayfa","item":"https:\/\/otofox.com\/"},{"@type":"ListItem","position":2,"name":"\ud83d\udea8 K\u0131z\u0131lcahamam Oto Kurtarma"}]},{"@type":"WebSite","@id":"https:\/\/otofox.com\/#website","url":"https:\/\/otofox.com\/","name":"Otofox Oto Kurtarma","description":"En Yak\u0131n Oto Kurtarma","publisher":{"@id":"https:\/\/otofox.com\/#organization"},"potentialAction":[{"@type":"SearchAction","target":{"@type":"EntryPoint","urlTemplate":"https:\/\/otofox.com\/?s={search_term_string}"},"query-input":{"@type":"PropertyValueSpecification","valueRequired":true,"valueName":"search_term_string"}}],"inLanguage":"tr"},{"@type":"Organization","@id":"https:\/\/otofox.com\/#organization","name":"Otofox Oto Kurtarma","url":"https:\/\/otofox.com\/","logo":{"@type":"ImageObject","inLanguage":"tr","@id":"https:\/\/otofox.com\/#\/schema\/logo\/image\/","url":"https:\/\/otofox.com\/wp-content\/uploads\/2024\/03\/cropped-otofoxlogo.png","contentUrl":"https:\/\/otofox.com\/wp-content\/uploads\/2024\/03\/cropped-otofoxlogo.png","width":125,"height":20,"caption":"Otofox Oto Kurtarma"},"image":{"@id":"https:\/\/otofox.com\/#\/schema\/logo\/image\/"}}]}},"_links":{"self":[{"href":"https:\/\/otofox.com\/index.php\/wp-json\/wp\/v2\/pages\/1034318","targetHints":{"allow":["GET"]}}],"collection":[{"href":"https:\/\/otofox.com\/index.php\/wp-json\/wp\/v2\/pages"}],"about":[{"href":"https:\/\/otofox.com\/index.php\/wp-json\/wp\/v2\/types\/page"}],"author":[{"embeddable":true,"href":"https:\/\/otofox.com\/index.php\/wp-json\/wp\/v2\/users\/5"}],"replies":[{"embeddable":true,"href":"https:\/\/otofox.com\/index.php\/wp-json\/wp\/v2\/comments?post=1034318"}],"version-history":[{"count":1,"href":"https:\/\/otofox.com\/index.php\/wp-json\/wp\/v2\/pages\/1034318\/revisions"}],"predecessor-version":[{"id":1034319,"href":"https:\/\/otofox.com\/index.php\/wp-json\/wp\/v2\/pages\/1034318\/revisions\/1034319"}],"wp:featuredmedia":[{"embeddable":true,"href":"https:\/\/otofox.com\/index.php\/wp-json\/wp\/v2\/media\/1034166"}],"wp:attachment":[{"href":"https:\/\/otofox.com\/index.php\/wp-json\/wp\/v2\/media?parent=1034318"}],"curies":[{"name":"wp","href":"https:\/\/api.w.org\/{rel}","templated":true}]}}