{"id":1034324,"date":"2025-09-07T18:18:11","date_gmt":"2025-09-07T18:18:11","guid":{"rendered":"https:\/\/otofox.com\/?page_id=1034324"},"modified":"2025-09-07T18:18:12","modified_gmt":"2025-09-07T18:18:12","slug":"kahramankazan_oto_kurtarma","status":"publish","type":"page","link":"https:\/\/otofox.com\/index.php\/kahramankazan_oto_kurtarma\/","title":{"rendered":"\ud83d\udea8 Kahramankazan Oto Kurtarma"},"content":{"rendered":"\n<h2 class=\"wp-block-heading\">7\/24 Acil \u00c7ekici ve Yol Yard\u0131m Hizmeti<\/h2>\n\n\n\n<p>Yolda kald\u0131\u011f\u0131n\u0131zda yaln\u0131z de\u011filsiniz!<br><strong>Kahramankazan oto kurtarma<\/strong> hizmetimiz ile gece-g\u00fcnd\u00fcz demeden, Ankara\u2019n\u0131n her noktas\u0131na oldu\u011fu gibi <strong>Kahramankazan ve \u00e7evresine de<\/strong> an\u0131nda m\u00fcdahale ediyoruz.<\/p>\n\n\n\n<p>Kaza, ar\u0131za, ak\u00fc bitmesi, lastik sorunlar\u0131 ya da yak\u0131t t\u00fckenmesi durumlar\u0131nda bizi araman\u0131z yeterli.<br><strong>Kahramankazan \u00e7ekici hizmeti<\/strong> sayesinde arac\u0131n\u0131z\u0131 h\u0131zl\u0131 ve g\u00fcvenli \u015fekilde diledi\u011finiz yere ta\u015f\u0131yoruz.<\/p>\n\n\n\n<hr class=\"wp-block-separator has-alpha-channel-opacity\"\/>\n\n\n\n<h2 class=\"wp-block-heading\">\ud83d\udee0\ufe0f Hizmetlerimiz<\/h2>\n\n\n\n<h3 class=\"wp-block-heading\">\ud83d\ude97 Oto Kurtarma<\/h3>\n\n\n\n<p>Arac\u0131n\u0131z ar\u0131zaland\u0131ysa ya da kaza yapt\u0131ysa, sizi g\u00fcvenle bulundu\u011funuz yerden al\u0131yor ve istedi\u011finiz noktaya ta\u015f\u0131yoruz.<br><strong>Kahramankazan oto kurtar\u0131c\u0131<\/strong> ekibimiz her an g\u00f6reve haz\u0131r!<\/p>\n\n\n\n<h3 class=\"wp-block-heading\">\ud83d\udefb Oto \u00c7ekici<\/h3>\n\n\n\n<p>Ankara Kahramankazan\u2019da <strong>oto \u00e7ekici<\/strong> ar\u0131yorsan\u0131z do\u011fru yerdesiniz.<br>En k\u0131sa s\u00fcrede konumunuza ula\u015f\u0131r, arac\u0131n\u0131z\u0131 sigortal\u0131 \u015fekilde ta\u015f\u0131r\u0131z.<\/p>\n\n\n\n<h3 class=\"wp-block-heading\">\ud83d\udd0b Yol Yard\u0131m<\/h3>\n\n\n\n<p>Yolda kald\u0131\u011f\u0131n\u0131zda sadece \u00e7ekici de\u011fil, ihtiya\u00e7 duydu\u011funuz t\u00fcm yard\u0131m\u0131 sunuyoruz:<\/p>\n\n\n\n<ul class=\"wp-block-list\">\n<li><strong>Ak\u00fc takviye<\/strong><\/li>\n\n\n\n<li><strong>Lastik de\u011fi\u015fimi<\/strong><\/li>\n\n\n\n<li><strong>Yak\u0131t deste\u011fi<\/strong><\/li>\n\n\n\n<li><strong>Zincir takma (k\u0131\u015fl\u0131k yol yard\u0131m)<\/strong><\/li>\n<\/ul>\n\n\n\n<h3 class=\"wp-block-heading\">\ud83d\ude9a Ara\u00e7 Ta\u015f\u0131ma<\/h3>\n\n\n\n<p>S\u0131f\u0131r ara\u00e7, ikinci el ara\u00e7 ya da servise g\u00f6nderilecek ara\u00e7lar\u0131n\u0131z i\u00e7in \u015fehir i\u00e7i ve \u015fehirler aras\u0131 <strong>Kahramankazan ara\u00e7 ta\u015f\u0131ma<\/strong> hizmeti sunuyoruz.<\/p>\n\n\n\n<hr class=\"wp-block-separator has-alpha-channel-opacity\"\/>\n\n\n\n<h2 class=\"wp-block-heading\">\ud83d\udccd Hizmet B\u00f6lgemiz<\/h2>\n\n\n\n<ul class=\"wp-block-list\">\n<li>Kahramankazan merkez oto kurtarma<\/li>\n\n\n\n<li>Kahramankazan \u00e7evresi ve k\u00f6y yollar\u0131<\/li>\n\n\n\n<li>Ankara \u2013 \u0130stanbul otoyolu ba\u011flant\u0131s\u0131<\/li>\n\n\n\n<li>Kahramankazan \u2013 Sincan \u2013 Aya\u015f g\u00fczergah\u0131<\/li>\n\n\n\n<li>Kahramankazan OSB (Organize Sanayi)<\/li>\n\n\n\n<li>En yak\u0131n \u00e7ekici hizmeti \u2013 7\/24 acil m\u00fcdahale<\/li>\n<\/ul>\n\n\n\n<p>Google\u2019da \u015funlar\u0131 arayanlar bizi hemen bulur:<\/p>\n\n\n\n<ul class=\"wp-block-list\">\n<li>\u201cKahramankazan oto \u00e7ekici\u201d<\/li>\n\n\n\n<li>\u201cKahramankazan yol yard\u0131m numaras\u0131\u201d<\/li>\n\n\n\n<li>\u201cKahramankazan 7\/24 \u00e7ekici\u201d<\/li>\n\n\n\n<li>\u201cKahramankazan acil oto kurtarma\u201d<\/li>\n\n\n\n<li>\u201cUygun fiyatl\u0131 Kahramankazan \u00e7ekici\u201d<\/li>\n<\/ul>\n\n\n\n<hr class=\"wp-block-separator has-alpha-channel-opacity\"\/>\n\n\n\n<h2 class=\"wp-block-heading\">\u2705 Neden Biz?<\/h2>\n\n\n\n<p>\u2714 7\/24 Acil Yol Yard\u0131m\u0131<br>\u2714 H\u0131zl\u0131 Lokasyon Tespiti<br>\u2714 Sigortal\u0131 ve G\u00fcvenli Ara\u00e7 Ta\u015f\u0131ma<br>\u2714 Deneyimli S\u00fcr\u00fcc\u00fc ve Ekipman<br>\u2714 Uygun Fiyat Garantisi<br>\u2714 T\u00fcm Kahramankazan\u2019a Kesintisiz Hizmet<\/p>\n\n\n\n<hr class=\"wp-block-separator has-alpha-channel-opacity\"\/>\n\n\n\n<h2 class=\"wp-block-heading\">\ud83d\udcde Hemen Yard\u0131m Al\u0131n<\/h2>\n\n\n\n<p><strong>\ud83d\udcf1 Telefon:<\/strong> 0 (546) 956 03 06 <br><strong>\ud83d\udccd Konum:<\/strong> Kahramankazan \/ Ankara<br><strong>\ud83d\udcac WhatsApp:<\/strong> Anl\u0131k destek<br><strong>\ud83c\udf10 Sosyal Medya:<\/strong> @kahramankazanotokurtarma<\/p>\n\n\n\n<hr class=\"wp-block-separator has-alpha-channel-opacity\"\/>\n\n\n\n<h2 class=\"wp-block-heading\">\ud83d\uded1 Yolda Kal\u0131rsan\u0131z, Biz Buraday\u0131z!<\/h2>\n\n\n\n<p>\u0130ster Kahramankazan merkezde olun, ister \u00e7evre yolunda\u2026<br><strong>Kahramankazan oto kurtarma firmalar\u0131<\/strong> aras\u0131nda h\u0131zl\u0131, g\u00fcvenilir ve hesapl\u0131 \u00e7\u00f6z\u00fcmlerimizle bir telefon uza\u011f\u0131n\u0131zday\u0131z.<\/p>\n\n\n\n<p><strong>Yolda kalmak art\u0131k sorun de\u011fil. Bize ula\u015f\u0131n, yola devam edin!<\/strong><\/p>\n","protected":false},"excerpt":{"rendered":"<p>7\/24 Acil \u00c7ekici ve Yol Yard\u0131m Hizmeti Yolda kald\u0131\u011f\u0131n\u0131zda yaln\u0131z de\u011filsiniz!Kahramankazan oto kurtarma hizmetimiz ile gece-g\u00fcnd\u00fcz demeden, Ankara\u2019n\u0131n her noktas\u0131na oldu\u011fu gibi Kahramankazan ve \u00e7evresine de an\u0131nda m\u00fcdahale ediyoruz. Kaza, ar\u0131za, ak\u00fc bitmesi, lastik sorunlar\u0131 ya da yak\u0131t t\u00fckenmesi durumlar\u0131nda bizi araman\u0131z yeterli.Kahramankazan \u00e7ekici hizmeti sayesinde arac\u0131n\u0131z\u0131 h\u0131zl\u0131 ve g\u00fcvenli \u015fekilde diledi\u011finiz yere ta\u015f\u0131yoruz. \ud83d\udee0\ufe0f &hellip; <\/p>\n","protected":false},"author":5,"featured_media":1033978,"parent":0,"menu_order":0,"comment_status":"closed","ping_status":"closed","template":"","meta":{"footnotes":""},"class_list":["post-1034324","page","type-page","status-publish","has-post-thumbnail","hentry"],"yoast_head":"<!-- This site is optimized with the Yoast SEO plugin v26.2 - https:\/\/yoast.com\/wordpress\/plugins\/seo\/ -->\n<title>\ud83d\udea8 Kahramankazan Oto Kurtarma - Otofox Oto Kurtarma - 0546 956 03 06<\/title>\n<meta name=\"description\" content=\"Kahramankazan oto kurtarma yol yard\u0131m hizmeti en yak\u0131n \u00e7ekici mobil yol yard\u0131m\u0131 en yak\u0131n tamirci hizmeti i\u00e7in hemen aray\u0131n.\" \/>\n<meta name=\"robots\" content=\"index, follow, max-snippet:-1, max-image-preview:large, max-video-preview:-1\" \/>\n<link rel=\"canonical\" href=\"https:\/\/otofox.com\/index.php\/kahramankazan_oto_kurtarma\/\" \/>\n<meta property=\"og:locale\" content=\"tr_TR\" \/>\n<meta property=\"og:type\" content=\"article\" \/>\n<meta property=\"og:title\" content=\"\ud83d\udea8 Kahramankazan Oto Kurtarma - Otofox Oto Kurtarma - 0546 956 03 06\" \/>\n<meta property=\"og:description\" content=\"Kahramankazan oto kurtarma yol yard\u0131m hizmeti en yak\u0131n \u00e7ekici mobil yol yard\u0131m\u0131 en yak\u0131n tamirci hizmeti i\u00e7in hemen aray\u0131n.\" \/>\n<meta property=\"og:url\" content=\"https:\/\/otofox.com\/index.php\/kahramankazan_oto_kurtarma\/\" \/>\n<meta property=\"og:site_name\" content=\"Otofox Oto Kurtarma\" \/>\n<meta property=\"article:modified_time\" content=\"2025-09-07T18:18:12+00:00\" \/>\n<meta property=\"og:image\" content=\"https:\/\/otofox.com\/wp-content\/uploads\/2024\/11\/WhatsApp-Image-2024-11-08-at-13.41.49-2.jpeg\" \/>\n\t<meta property=\"og:image:width\" content=\"1200\" \/>\n\t<meta property=\"og:image:height\" content=\"1600\" \/>\n\t<meta property=\"og:image:type\" content=\"image\/jpeg\" \/>\n<meta name=\"twitter:card\" content=\"summary_large_image\" \/>\n<meta name=\"twitter:label1\" content=\"Tahmini okuma s\u00fcresi\" \/>\n\t<meta name=\"twitter:data1\" content=\"2 dakika\" \/>\n<script type=\"application\/ld+json\" class=\"yoast-schema-graph\">{\"@context\":\"https:\/\/schema.org\",\"@graph\":[{\"@type\":\"WebPage\",\"@id\":\"https:\/\/otofox.com\/index.php\/kahramankazan_oto_kurtarma\/\",\"url\":\"https:\/\/otofox.com\/index.php\/kahramankazan_oto_kurtarma\/\",\"name\":\"\ud83d\udea8 Kahramankazan Oto Kurtarma - Otofox Oto Kurtarma - 0546 956 03 06\",\"isPartOf\":{\"@id\":\"https:\/\/otofox.com\/#website\"},\"primaryImageOfPage\":{\"@id\":\"https:\/\/otofox.com\/index.php\/kahramankazan_oto_kurtarma\/#primaryimage\"},\"image\":{\"@id\":\"https:\/\/otofox.com\/index.php\/kahramankazan_oto_kurtarma\/#primaryimage\"},\"thumbnailUrl\":\"https:\/\/otofox.com\/wp-content\/uploads\/2024\/11\/WhatsApp-Image-2024-11-08-at-13.41.49-2.jpeg\",\"datePublished\":\"2025-09-07T18:18:11+00:00\",\"dateModified\":\"2025-09-07T18:18:12+00:00\",\"description\":\"Kahramankazan oto kurtarma yol yard\u0131m hizmeti en yak\u0131n \u00e7ekici mobil yol yard\u0131m\u0131 en yak\u0131n tamirci hizmeti i\u00e7in hemen aray\u0131n.\",\"breadcrumb\":{\"@id\":\"https:\/\/otofox.com\/index.php\/kahramankazan_oto_kurtarma\/#breadcrumb\"},\"inLanguage\":\"tr\",\"potentialAction\":[{\"@type\":\"ReadAction\",\"target\":[\"https:\/\/otofox.com\/index.php\/kahramankazan_oto_kurtarma\/\"]}]},{\"@type\":\"ImageObject\",\"inLanguage\":\"tr\",\"@id\":\"https:\/\/otofox.com\/index.php\/kahramankazan_oto_kurtarma\/#primaryimage\",\"url\":\"https:\/\/otofox.com\/wp-content\/uploads\/2024\/11\/WhatsApp-Image-2024-11-08-at-13.41.49-2.jpeg\",\"contentUrl\":\"https:\/\/otofox.com\/wp-content\/uploads\/2024\/11\/WhatsApp-Image-2024-11-08-at-13.41.49-2.jpeg\",\"width\":1200,\"height\":1600,\"caption\":\"Genel Anahtar Kelimeler Alt\u0131nda\u011f oto kurtarma Alt\u0131nda\u011f \u00e7ekici Alt\u0131nda\u011f yol yard\u0131m Alt\u0131nda\u011f ara\u00e7 kurtarma Alt\u0131nda\u011f oto \u00e7ekici Alt\u0131nda\u011f acil \u00e7ekici Alt\u0131nda\u011f ara\u00e7 \u00e7ekici Alt\u0131nda\u011f oto kurtar\u0131c\u0131 Alt\u0131nda\u011f 7\/24 oto kurtarma Alt\u0131nda\u011f \u00e7ekici hizmeti \ud83d\udccd B\u00f6lgesel \/ Yerel Anahtar Kelimeler Ankara Alt\u0131nda\u011f oto kurtarma Alt\u0131nda\u011f merkez \u00e7ekici Alt\u0131nda\u011f \u00e7evresi oto kurtarma Alt\u0131nda\u011f\u2019da \u00e7ekici \u00e7a\u011f\u0131r Alt\u0131nda\u011f acil yol yard\u0131m numaras\u0131 Alt\u0131nda\u011f en yak\u0131n oto kurtarma Alt\u0131nda\u011f oto kurtarma telefonu Alt\u0131nda\u011f \u00e7ekici firmalar\u0131 Alt\u0131nda\u011f\u2019da yolda kald\u0131m \ud83d\udee0\ufe0f Hizmete G\u00f6re Anahtar Kelimeler Alt\u0131nda\u011f ak\u00fc takviye Alt\u0131nda\u011f lastik de\u011fi\u015fimi Alt\u0131nda\u011f yak\u0131t deste\u011fi Alt\u0131nda\u011f zincir takma Alt\u0131nda\u011f oto yard\u0131m hizmeti Alt\u0131nda\u011f ara\u00e7 ta\u015f\u0131ma Alt\u0131nda\u011f s\u0131f\u0131r ara\u00e7 ta\u015f\u0131ma Alt\u0131nda\u011f kaza sonras\u0131 \u00e7ekici Alt\u0131nda\u011f oto transfer hizmeti \ud83d\udd0d Uzun Kuyruklu Anahtar Kelimeler (Long-Tail Keywords) Alt\u0131nda\u011f\u2019da uygun fiyatl\u0131 oto kurtarma Alt\u0131nda\u011f 7\/24 acil \u00e7ekici hizmeti Alt\u0131nda\u011f\u2019da gece \u00e7ekici \u00e7a\u011f\u0131r Alt\u0131nda\u011f \u00e7evresinde yol yard\u0131m\u0131 Alt\u0131nda\u011f\u2019da g\u00fcvenilir \u00e7ekici firmas\u0131 Alt\u0131nda\u011f oto kurtarma firmalar\u0131 Alt\u0131nda\u011f h\u0131zl\u0131 ara\u00e7 kurtarma Alt\u0131nda\u011f\u2019da \u00e7ekici ar\u0131yorum Kahramankazan \u00e7ekici Kahramankazan yol yard\u0131m Kahramankazan oto \u00e7ekici Kahramankazan ara\u00e7 kurtarma Kahramankazan oto kurtar\u0131c\u0131 Kahramankazan oto yard\u0131m Kahramankazan acil \u00e7ekici Kahramankazan 7\/24 \u00e7ekici Kahramankazan \u00e7ekici hizmeti\"},{\"@type\":\"BreadcrumbList\",\"@id\":\"https:\/\/otofox.com\/index.php\/kahramankazan_oto_kurtarma\/#breadcrumb\",\"itemListElement\":[{\"@type\":\"ListItem\",\"position\":1,\"name\":\"Anasayfa\",\"item\":\"https:\/\/otofox.com\/\"},{\"@type\":\"ListItem\",\"position\":2,\"name\":\"\ud83d\udea8 Kahramankazan Oto Kurtarma\"}]},{\"@type\":\"WebSite\",\"@id\":\"https:\/\/otofox.com\/#website\",\"url\":\"https:\/\/otofox.com\/\",\"name\":\"Otofox Oto Kurtarma\",\"description\":\"En Yak\u0131n Oto Kurtarma\",\"publisher\":{\"@id\":\"https:\/\/otofox.com\/#organization\"},\"potentialAction\":[{\"@type\":\"SearchAction\",\"target\":{\"@type\":\"EntryPoint\",\"urlTemplate\":\"https:\/\/otofox.com\/?s={search_term_string}\"},\"query-input\":{\"@type\":\"PropertyValueSpecification\",\"valueRequired\":true,\"valueName\":\"search_term_string\"}}],\"inLanguage\":\"tr\"},{\"@type\":\"Organization\",\"@id\":\"https:\/\/otofox.com\/#organization\",\"name\":\"Otofox Oto Kurtarma\",\"url\":\"https:\/\/otofox.com\/\",\"logo\":{\"@type\":\"ImageObject\",\"inLanguage\":\"tr\",\"@id\":\"https:\/\/otofox.com\/#\/schema\/logo\/image\/\",\"url\":\"https:\/\/otofox.com\/wp-content\/uploads\/2024\/03\/cropped-otofoxlogo.png\",\"contentUrl\":\"https:\/\/otofox.com\/wp-content\/uploads\/2024\/03\/cropped-otofoxlogo.png\",\"width\":125,\"height\":20,\"caption\":\"Otofox Oto Kurtarma\"},\"image\":{\"@id\":\"https:\/\/otofox.com\/#\/schema\/logo\/image\/\"}}]}<\/script>\n<!-- \/ Yoast SEO plugin. -->","yoast_head_json":{"title":"\ud83d\udea8 Kahramankazan Oto Kurtarma - Otofox Oto Kurtarma - 0546 956 03 06","description":"Kahramankazan oto kurtarma yol yard\u0131m hizmeti en yak\u0131n \u00e7ekici mobil yol yard\u0131m\u0131 en yak\u0131n tamirci hizmeti i\u00e7in hemen aray\u0131n.","robots":{"index":"index","follow":"follow","max-snippet":"max-snippet:-1","max-image-preview":"max-image-preview:large","max-video-preview":"max-video-preview:-1"},"canonical":"https:\/\/otofox.com\/index.php\/kahramankazan_oto_kurtarma\/","og_locale":"tr_TR","og_type":"article","og_title":"\ud83d\udea8 Kahramankazan Oto Kurtarma - Otofox Oto Kurtarma - 0546 956 03 06","og_description":"Kahramankazan oto kurtarma yol yard\u0131m hizmeti en yak\u0131n \u00e7ekici mobil yol yard\u0131m\u0131 en yak\u0131n tamirci hizmeti i\u00e7in hemen aray\u0131n.","og_url":"https:\/\/otofox.com\/index.php\/kahramankazan_oto_kurtarma\/","og_site_name":"Otofox Oto Kurtarma","article_modified_time":"2025-09-07T18:18:12+00:00","og_image":[{"width":1200,"height":1600,"url":"https:\/\/otofox.com\/wp-content\/uploads\/2024\/11\/WhatsApp-Image-2024-11-08-at-13.41.49-2.jpeg","type":"image\/jpeg"}],"twitter_card":"summary_large_image","twitter_misc":{"Tahmini okuma s\u00fcresi":"2 dakika"},"schema":{"@context":"https:\/\/schema.org","@graph":[{"@type":"WebPage","@id":"https:\/\/otofox.com\/index.php\/kahramankazan_oto_kurtarma\/","url":"https:\/\/otofox.com\/index.php\/kahramankazan_oto_kurtarma\/","name":"\ud83d\udea8 Kahramankazan Oto Kurtarma - Otofox Oto Kurtarma - 0546 956 03 06","isPartOf":{"@id":"https:\/\/otofox.com\/#website"},"primaryImageOfPage":{"@id":"https:\/\/otofox.com\/index.php\/kahramankazan_oto_kurtarma\/#primaryimage"},"image":{"@id":"https:\/\/otofox.com\/index.php\/kahramankazan_oto_kurtarma\/#primaryimage"},"thumbnailUrl":"https:\/\/otofox.com\/wp-content\/uploads\/2024\/11\/WhatsApp-Image-2024-11-08-at-13.41.49-2.jpeg","datePublished":"2025-09-07T18:18:11+00:00","dateModified":"2025-09-07T18:18:12+00:00","description":"Kahramankazan oto kurtarma yol yard\u0131m hizmeti en yak\u0131n \u00e7ekici mobil yol yard\u0131m\u0131 en yak\u0131n tamirci hizmeti i\u00e7in hemen aray\u0131n.","breadcrumb":{"@id":"https:\/\/otofox.com\/index.php\/kahramankazan_oto_kurtarma\/#breadcrumb"},"inLanguage":"tr","potentialAction":[{"@type":"ReadAction","target":["https:\/\/otofox.com\/index.php\/kahramankazan_oto_kurtarma\/"]}]},{"@type":"ImageObject","inLanguage":"tr","@id":"https:\/\/otofox.com\/index.php\/kahramankazan_oto_kurtarma\/#primaryimage","url":"https:\/\/otofox.com\/wp-content\/uploads\/2024\/11\/WhatsApp-Image-2024-11-08-at-13.41.49-2.jpeg","contentUrl":"https:\/\/otofox.com\/wp-content\/uploads\/2024\/11\/WhatsApp-Image-2024-11-08-at-13.41.49-2.jpeg","width":1200,"height":1600,"caption":"Genel Anahtar Kelimeler Alt\u0131nda\u011f oto kurtarma Alt\u0131nda\u011f \u00e7ekici Alt\u0131nda\u011f yol yard\u0131m Alt\u0131nda\u011f ara\u00e7 kurtarma Alt\u0131nda\u011f oto \u00e7ekici Alt\u0131nda\u011f acil \u00e7ekici Alt\u0131nda\u011f ara\u00e7 \u00e7ekici Alt\u0131nda\u011f oto kurtar\u0131c\u0131 Alt\u0131nda\u011f 7\/24 oto kurtarma Alt\u0131nda\u011f \u00e7ekici hizmeti \ud83d\udccd B\u00f6lgesel \/ Yerel Anahtar Kelimeler Ankara Alt\u0131nda\u011f oto kurtarma Alt\u0131nda\u011f merkez \u00e7ekici Alt\u0131nda\u011f \u00e7evresi oto kurtarma Alt\u0131nda\u011f\u2019da \u00e7ekici \u00e7a\u011f\u0131r Alt\u0131nda\u011f acil yol yard\u0131m numaras\u0131 Alt\u0131nda\u011f en yak\u0131n oto kurtarma Alt\u0131nda\u011f oto kurtarma telefonu Alt\u0131nda\u011f \u00e7ekici firmalar\u0131 Alt\u0131nda\u011f\u2019da yolda kald\u0131m \ud83d\udee0\ufe0f Hizmete G\u00f6re Anahtar Kelimeler Alt\u0131nda\u011f ak\u00fc takviye Alt\u0131nda\u011f lastik de\u011fi\u015fimi Alt\u0131nda\u011f yak\u0131t deste\u011fi Alt\u0131nda\u011f zincir takma Alt\u0131nda\u011f oto yard\u0131m hizmeti Alt\u0131nda\u011f ara\u00e7 ta\u015f\u0131ma Alt\u0131nda\u011f s\u0131f\u0131r ara\u00e7 ta\u015f\u0131ma Alt\u0131nda\u011f kaza sonras\u0131 \u00e7ekici Alt\u0131nda\u011f oto transfer hizmeti \ud83d\udd0d Uzun Kuyruklu Anahtar Kelimeler (Long-Tail Keywords) Alt\u0131nda\u011f\u2019da uygun fiyatl\u0131 oto kurtarma Alt\u0131nda\u011f 7\/24 acil \u00e7ekici hizmeti Alt\u0131nda\u011f\u2019da gece \u00e7ekici \u00e7a\u011f\u0131r Alt\u0131nda\u011f \u00e7evresinde yol yard\u0131m\u0131 Alt\u0131nda\u011f\u2019da g\u00fcvenilir \u00e7ekici firmas\u0131 Alt\u0131nda\u011f oto kurtarma firmalar\u0131 Alt\u0131nda\u011f h\u0131zl\u0131 ara\u00e7 kurtarma Alt\u0131nda\u011f\u2019da \u00e7ekici ar\u0131yorum Kahramankazan \u00e7ekici Kahramankazan yol yard\u0131m Kahramankazan oto \u00e7ekici Kahramankazan ara\u00e7 kurtarma Kahramankazan oto kurtar\u0131c\u0131 Kahramankazan oto yard\u0131m Kahramankazan acil \u00e7ekici Kahramankazan 7\/24 \u00e7ekici Kahramankazan \u00e7ekici hizmeti"},{"@type":"BreadcrumbList","@id":"https:\/\/otofox.com\/index.php\/kahramankazan_oto_kurtarma\/#breadcrumb","itemListElement":[{"@type":"ListItem","position":1,"name":"Anasayfa","item":"https:\/\/otofox.com\/"},{"@type":"ListItem","position":2,"name":"\ud83d\udea8 Kahramankazan Oto Kurtarma"}]},{"@type":"WebSite","@id":"https:\/\/otofox.com\/#website","url":"https:\/\/otofox.com\/","name":"Otofox Oto Kurtarma","description":"En Yak\u0131n Oto Kurtarma","publisher":{"@id":"https:\/\/otofox.com\/#organization"},"potentialAction":[{"@type":"SearchAction","target":{"@type":"EntryPoint","urlTemplate":"https:\/\/otofox.com\/?s={search_term_string}"},"query-input":{"@type":"PropertyValueSpecification","valueRequired":true,"valueName":"search_term_string"}}],"inLanguage":"tr"},{"@type":"Organization","@id":"https:\/\/otofox.com\/#organization","name":"Otofox Oto Kurtarma","url":"https:\/\/otofox.com\/","logo":{"@type":"ImageObject","inLanguage":"tr","@id":"https:\/\/otofox.com\/#\/schema\/logo\/image\/","url":"https:\/\/otofox.com\/wp-content\/uploads\/2024\/03\/cropped-otofoxlogo.png","contentUrl":"https:\/\/otofox.com\/wp-content\/uploads\/2024\/03\/cropped-otofoxlogo.png","width":125,"height":20,"caption":"Otofox Oto Kurtarma"},"image":{"@id":"https:\/\/otofox.com\/#\/schema\/logo\/image\/"}}]}},"_links":{"self":[{"href":"https:\/\/otofox.com\/index.php\/wp-json\/wp\/v2\/pages\/1034324","targetHints":{"allow":["GET"]}}],"collection":[{"href":"https:\/\/otofox.com\/index.php\/wp-json\/wp\/v2\/pages"}],"about":[{"href":"https:\/\/otofox.com\/index.php\/wp-json\/wp\/v2\/types\/page"}],"author":[{"embeddable":true,"href":"https:\/\/otofox.com\/index.php\/wp-json\/wp\/v2\/users\/5"}],"replies":[{"embeddable":true,"href":"https:\/\/otofox.com\/index.php\/wp-json\/wp\/v2\/comments?post=1034324"}],"version-history":[{"count":1,"href":"https:\/\/otofox.com\/index.php\/wp-json\/wp\/v2\/pages\/1034324\/revisions"}],"predecessor-version":[{"id":1034325,"href":"https:\/\/otofox.com\/index.php\/wp-json\/wp\/v2\/pages\/1034324\/revisions\/1034325"}],"wp:featuredmedia":[{"embeddable":true,"href":"https:\/\/otofox.com\/index.php\/wp-json\/wp\/v2\/media\/1033978"}],"wp:attachment":[{"href":"https:\/\/otofox.com\/index.php\/wp-json\/wp\/v2\/media?parent=1034324"}],"curies":[{"name":"wp","href":"https:\/\/api.w.org\/{rel}","templated":true}]}}