{"id":1034363,"date":"2025-09-10T19:30:39","date_gmt":"2025-09-10T19:30:39","guid":{"rendered":"https:\/\/otofox.com\/?page_id=1034363"},"modified":"2025-09-10T19:31:21","modified_gmt":"2025-09-10T19:31:21","slug":"cankaya_oto_kurtarma","status":"publish","type":"page","link":"https:\/\/otofox.com\/index.php\/cankaya_oto_kurtarma\/","title":{"rendered":"\u00c7ankaya Oto Kurtarma \u2013 Ankara\u2019n\u0131n Merkezinde Profesyonel Yol Yard\u0131m\u0131"},"content":{"rendered":"\n<p>Yolda kalmak, her s\u00fcr\u00fcc\u00fc i\u00e7in can s\u0131k\u0131c\u0131 ve stresli bir durumdur. Ancak bu t\u00fcr anlarda do\u011fru ki\u015filerle \u00e7al\u0131\u015fmak, s\u00fcreci kolayla\u015ft\u0131r\u0131r. <strong>\u00c7ankaya oto kurtarma hizmetimiz<\/strong>, arac\u0131n\u0131z nerede ve ne durumda olursa olsun, size h\u0131zl\u0131, g\u00fcvenilir ve ekonomik \u00e7\u00f6z\u00fcmler sunar.<\/p>\n\n\n\n<p>Ankara\u2019n\u0131n en yo\u011fun b\u00f6lgelerinden biri olan \u00c7ankaya\u2019da, trafik ak\u0131\u015f\u0131 ve ara\u00e7 yo\u011funlu\u011fu sebebiyle meydana gelen ar\u0131za ya da kaza durumlar\u0131nda, zamanla yar\u0131\u015f\u0131l\u0131r. Biz de bu y\u00fczden, <strong>7\/24 kesintisiz oto kurtarma<\/strong> hizmetiyle, size en k\u0131sa s\u00fcrede ula\u015farak sorununuzu \u00e7\u00f6z\u00fcyoruz.<\/p>\n\n\n\n<hr class=\"wp-block-separator has-alpha-channel-opacity\"\/>\n\n\n\n<h3 class=\"wp-block-heading\">Neden Bizimle \u00c7al\u0131\u015fmal\u0131s\u0131n\u0131z?<\/h3>\n\n\n\n<p><strong>Oto kurtarma i\u015fi, yaln\u0131zca bir ara\u00e7 \u00e7ekmekten ibaret de\u011fildir.<\/strong> Her arac\u0131n farkl\u0131 ihtiya\u00e7lar\u0131, her s\u00fcr\u00fcc\u00fcn\u00fcn farkl\u0131 \u00f6ncelikleri vard\u0131r. Bu anlay\u0131\u015fla \u00e7al\u0131\u015f\u0131yor, m\u00fc\u015fterilerimize sadece \u00e7ekici de\u011fil, \u00e7\u00f6z\u00fcm sunuyoruz.<\/p>\n\n\n\n<ul class=\"wp-block-list\">\n<li>\u2705 Profesyonel ekip ve donan\u0131ml\u0131 ara\u00e7lar<\/li>\n\n\n\n<li>\u2705 T\u00fcm \u00c7ankaya il\u00e7esine ve \u00e7evresine an\u0131nda ula\u015f\u0131m<\/li>\n\n\n\n<li>\u2705 Sigortal\u0131 ve garantili ta\u015f\u0131ma hizmeti<\/li>\n\n\n\n<li>\u2705 \u015eeffaf fiyat politikas\u0131<\/li>\n\n\n\n<li>\u2705 M\u00fc\u015fteri memnuniyeti odakl\u0131 yakla\u015f\u0131m<\/li>\n<\/ul>\n\n\n\n<hr class=\"wp-block-separator has-alpha-channel-opacity\"\/>\n\n\n\n<h2 class=\"wp-block-heading\">Hizmetlerimiz<\/h2>\n\n\n\n<h3 class=\"wp-block-heading\">\ud83d\ude98 Oto Kurtarma &amp; Ara\u00e7 \u00c7ekici Hizmeti<\/h3>\n\n\n\n<p>Arac\u0131n\u0131z \u00e7al\u0131\u015fm\u0131yorsa, yolda kald\u0131ysan\u0131z ya da g\u00fcvenli bir \u015fekilde \u00e7ekilmesi gerekiyorsa, <strong>\u00c7ankaya ara\u00e7 kurtarma<\/strong> ekibimiz haz\u0131r. \u0130ster mekanik ar\u0131za, ister kaza durumu olsun, arac\u0131n\u0131z\u0131 istedi\u011finiz noktaya g\u00fcvenli \u015fekilde ta\u015f\u0131yoruz.<\/p>\n\n\n\n<h3 class=\"wp-block-heading\">\u26a0\ufe0f Kaza Sonras\u0131 \u00c7ekici Hizmeti<\/h3>\n\n\n\n<p>Trafik kazas\u0131 sonras\u0131 ara\u00e7lar\u0131n usul\u00fcne uygun \u00e7ekilmesi gerekir. Bu s\u00fcre\u00e7te hem polis raporu hem sigorta prosed\u00fcrleri dikkate al\u0131nmal\u0131d\u0131r.<br><strong>\u00c7ankaya kaza sonras\u0131 ara\u00e7 \u00e7ekimi<\/strong> hizmetimiz, deneyimli personel ve do\u011fru ekipmanla desteklenmektedir.<\/p>\n\n\n\n<h3 class=\"wp-block-heading\">\ud83d\udd0b Ak\u00fc Takviyesi<\/h3>\n\n\n\n<p>Arac\u0131n\u0131z \u00e7al\u0131\u015fm\u0131yorsa nedeni sadece basit bir ak\u00fc problemi olabilir. Bu durumda \u00e7ekici \u00e7a\u011f\u0131rmak yerine, <strong>yerinde ak\u00fc takviye<\/strong> hizmetimizden faydalanarak zaman ve para tasarrufu sa\u011flayabilirsiniz.<\/p>\n\n\n\n<h3 class=\"wp-block-heading\">\ud83d\udede Lastik De\u011fi\u015fimi &amp; Yol Yard\u0131m\u0131<\/h3>\n\n\n\n<p>Patlayan veya zarar g\u00f6ren lastiklerle yola devam etmek tehlikelidir. <strong>\u00c7ankaya yol yard\u0131m\u0131<\/strong> hizmetimiz kapsam\u0131nda lastik de\u011fi\u015fimi, kriko-bijon gibi teknik destekleri h\u0131zl\u0131ca sa\u011fl\u0131yoruz.<\/p>\n\n\n\n<h3 class=\"wp-block-heading\">\ud83c\udfcd\ufe0f Motosiklet ve Ticari Ara\u00e7 Kurtarma<\/h3>\n\n\n\n<p>Motosiklet, hafif ticari veya panelvan ara\u00e7lar\u0131n\u0131z i\u00e7in \u00f6zel ekipmanlarla ta\u015f\u0131ma hizmeti veriyoruz. <strong>\u00c7ankaya motosiklet \u00e7ekici<\/strong> ve <strong>hafif ticari ara\u00e7 kurtarma<\/strong> \u00e7\u00f6z\u00fcmlerimiz ile t\u00fcm ta\u015f\u0131ma i\u015flemleri sorunsuz \u015fekilde ger\u00e7ekle\u015fir.<\/p>\n\n\n\n<hr class=\"wp-block-separator has-alpha-channel-opacity\"\/>\n\n\n\n<h2 class=\"wp-block-heading\">7\/24 Acil M\u00fcdahale \u2013 Gece G\u00fcnd\u00fcz Yan\u0131n\u0131zday\u0131z<\/h2>\n\n\n\n<p>Ara\u00e7 ar\u0131zalar\u0131 ya da kazalar, sadece g\u00fcnd\u00fcz saatlerinde ya\u015fanmaz. Bu y\u00fczden biz de sadece mesai saatlerinde de\u011fil, <strong>gece ge\u00e7 saatlerde ve hafta sonlar\u0131<\/strong> da hizmet veriyoruz.<\/p>\n\n\n\n<ul class=\"wp-block-list\">\n<li>\u00c7ankaya gece \u00e7ekici<\/li>\n\n\n\n<li>\u00c7ankaya n\u00f6bet\u00e7i oto kurtarma<\/li>\n\n\n\n<li>\u00c7ankaya hafta sonu yol yard\u0131m\u0131<\/li>\n\n\n\n<li>7\/24 \u00e7ekici hizmeti<\/li>\n<\/ul>\n\n\n\n<p>Hangi saat olursa olsun, bizi arad\u0131\u011f\u0131n\u0131zda destek alabilirsiniz.<\/p>\n\n\n\n<hr class=\"wp-block-separator has-alpha-channel-opacity\"\/>\n\n\n\n<h2 class=\"wp-block-heading\">Fiyatland\u0131rma \u2013 Uygun, \u015eeffaf, S\u00fcrprizsiz<\/h2>\n\n\n\n<p>Hizmet kalitemiz kadar fiyat politikam\u0131z da nettir.<br><strong>\u00c7ankaya uygun fiyatl\u0131 oto kurtarma<\/strong> ar\u0131yorsan\u0131z, hem kaliteli hem ekonomik bir se\u00e7enek sunuyoruz.<\/p>\n\n\n\n<ul class=\"wp-block-list\">\n<li>\ud83d\udccc Hizmet \u00f6ncesinde net fiyat bilgisi<\/li>\n\n\n\n<li>\ud83d\udcb0 Ekstra \u00fccret veya gizli masraf yok<\/li>\n\n\n\n<li>\ud83e\uddfe Fatural\u0131 ve sigortal\u0131 ta\u015f\u0131ma hizmeti<\/li>\n<\/ul>\n\n\n\n<hr class=\"wp-block-separator has-alpha-channel-opacity\"\/>\n\n\n\n<h2 class=\"wp-block-heading\">Nerelerdeyiz?<\/h2>\n\n\n\n<p><strong>\u00c7ankaya\u2019n\u0131n tamam\u0131nda hizmet veriyoruz.<\/strong> A\u015fa\u011f\u0131da baz\u0131 \u00f6rnek b\u00f6lgeleri g\u00f6rebilirsiniz:<\/p>\n\n\n\n<ul class=\"wp-block-list\">\n<li>K\u0131z\u0131lay<\/li>\n\n\n\n<li>Y\u0131ld\u0131z<\/li>\n\n\n\n<li>Balgat<\/li>\n\n\n\n<li>Bah\u00e7elievler<\/li>\n\n\n\n<li>Oran<\/li>\n\n\n\n<li>Dikmen<\/li>\n\n\n\n<li>Maltepe<\/li>\n\n\n\n<li>Gaziosmanpa\u015fa<\/li>\n\n\n\n<li>Ayranc\u0131<\/li>\n\n\n\n<li>Cebeci<\/li>\n\n\n\n<li>\u00c7i\u011fdem<\/li>\n\n\n\n<li>Birlik<\/li>\n\n\n\n<li>Hilal<\/li>\n\n\n\n<li>A\u015fa\u011f\u0131 Ayranc\u0131<\/li>\n<\/ul>\n\n\n\n<p><strong>\u201c\u00c7ankaya en yak\u0131n \u00e7ekici\u201d<\/strong> aray\u0131\u015f\u0131n\u0131zda biz haz\u0131r\u0131z. Size en yak\u0131n ekibi y\u00f6nlendiriyoruz.<\/p>\n\n\n\n<hr class=\"wp-block-separator has-alpha-channel-opacity\"\/>\n\n\n\n<h2 class=\"wp-block-heading\">Bize Ula\u015fmak \u00c7ok Kolay<\/h2>\n\n\n\n<p>Bize ula\u015ft\u0131\u011f\u0131n\u0131z anda, \u00e7a\u011fr\u0131n\u0131z\u0131 kay\u0131t alt\u0131na al\u0131r, konumunuzu ister ve en uygun arac\u0131 y\u00f6nlendiririz. Ortalama ula\u015f\u0131m s\u00fcremiz 20 dakikad\u0131r.<\/p>\n\n\n\n<p>\ud83d\udcde Telefon: [Telefon Numaran\u0131z]<br>\ud83d\udccd Lokasyon: \u00c7ankaya \/ Ankara<br>\ud83d\udcac WhatsApp: [WhatsApp Ba\u011flant\u0131s\u0131]<\/p>\n\n\n\n<hr class=\"wp-block-separator has-alpha-channel-opacity\"\/>\n\n\n\n<h2 class=\"wp-block-heading\">\u00c7\u00f6z\u00fcm Odakl\u0131 Hizmet Anlay\u0131\u015f\u0131<\/h2>\n\n\n\n<p>Biz sadece arac\u0131n\u0131z\u0131 \u00e7ekmekle kalmay\u0131z. Yol yard\u0131m s\u00fcrecinde <strong>sakin, \u00e7\u00f6z\u00fcm odakl\u0131 ve pratik yakla\u015f\u0131m\u0131m\u0131z<\/strong> sayesinde size g\u00fcven veririz.<br>G\u00fcvenli\u011finiz ve memnuniyetiniz, bizim i\u00e7in \u00f6nceliktir.<\/p>\n\n\n\n<hr class=\"wp-block-separator has-alpha-channel-opacity\"\/>\n\n\n\n<h3 class=\"wp-block-heading\">Unutmay\u0131n: Yolda Kalmak De\u011fil, Ne Kadar H\u0131zl\u0131 \u00c7\u00f6z\u00fcme Ula\u015ft\u0131\u011f\u0131n\u0131z \u00d6nemli<\/h3>\n\n\n\n<p><strong>\u00c7ankaya oto kurtarma firmas\u0131<\/strong> aray\u0131\u015f\u0131n\u0131zda g\u00fcvenilir bir i\u015f orta\u011f\u0131 ar\u0131yorsan\u0131z, biz buraday\u0131z.<br>Yolda kald\u0131\u011f\u0131n\u0131zda panik yapmay\u0131n \u2013 bir telefonla her \u015fey \u00e7\u00f6z\u00fclebilir.<\/p>\n\n\n\n<p>\ud83d\udcde Hemen Aray\u0131n: <a href=\"tel:05469560306\">05469560306<\/a><br>\ud83c\udf10 Web sitemizden de bize ula\u015fabilirsiniz: www.otofox.com<br>\ud83d\udccd Konum deste\u011fiyle h\u0131zl\u0131 m\u00fcdahale<\/p>\n","protected":false},"excerpt":{"rendered":"<p>Yolda kalmak, her s\u00fcr\u00fcc\u00fc i\u00e7in can s\u0131k\u0131c\u0131 ve stresli bir durumdur. Ancak bu t\u00fcr anlarda do\u011fru ki\u015filerle \u00e7al\u0131\u015fmak, s\u00fcreci kolayla\u015ft\u0131r\u0131r. \u00c7ankaya oto kurtarma hizmetimiz, arac\u0131n\u0131z nerede ve ne durumda olursa olsun, size h\u0131zl\u0131, g\u00fcvenilir ve ekonomik \u00e7\u00f6z\u00fcmler sunar. Ankara\u2019n\u0131n en yo\u011fun b\u00f6lgelerinden biri olan \u00c7ankaya\u2019da, trafik ak\u0131\u015f\u0131 ve ara\u00e7 yo\u011funlu\u011fu sebebiyle meydana gelen ar\u0131za ya &hellip; <\/p>\n","protected":false},"author":5,"featured_media":1034166,"parent":0,"menu_order":0,"comment_status":"closed","ping_status":"closed","template":"","meta":{"footnotes":""},"class_list":["post-1034363","page","type-page","status-publish","has-post-thumbnail","hentry"],"yoast_head":"<!-- This site is optimized with the Yoast SEO plugin v26.2 - https:\/\/yoast.com\/wordpress\/plugins\/seo\/ -->\n<title>\u00c7ankaya Oto Kurtarma - 05469560306 - Kaskolu Ara\u00e7 Ta\u015f\u0131ma<\/title>\n<meta name=\"description\" content=\"\u00c7ankaya oto kurtarma hizmeti en yak\u0131n \u00e7ekici ara\u00e7lar\u0131n\u0131z\u0131 kaskolu bir \u015fekilde ta\u015f\u0131yoruz. En uygun fiyata en yak\u0131n \u00e7ekici hizmeti\" \/>\n<meta name=\"robots\" content=\"index, follow, max-snippet:-1, max-image-preview:large, max-video-preview:-1\" \/>\n<link rel=\"canonical\" href=\"https:\/\/otofox.com\/index.php\/cankaya_oto_kurtarma\/\" \/>\n<meta property=\"og:locale\" content=\"tr_TR\" \/>\n<meta property=\"og:type\" content=\"article\" \/>\n<meta property=\"og:title\" content=\"\u00c7ankaya Oto Kurtarma - 05469560306 - Kaskolu Ara\u00e7 Ta\u015f\u0131ma\" \/>\n<meta property=\"og:description\" content=\"\u00c7ankaya oto kurtarma hizmeti en yak\u0131n \u00e7ekici ara\u00e7lar\u0131n\u0131z\u0131 kaskolu bir \u015fekilde ta\u015f\u0131yoruz. En uygun fiyata en yak\u0131n \u00e7ekici hizmeti\" \/>\n<meta property=\"og:url\" content=\"https:\/\/otofox.com\/index.php\/cankaya_oto_kurtarma\/\" \/>\n<meta property=\"og:site_name\" content=\"Otofox Oto Kurtarma\" \/>\n<meta property=\"article:modified_time\" content=\"2025-09-10T19:31:21+00:00\" \/>\n<meta property=\"og:image\" content=\"https:\/\/otofox.com\/wp-content\/uploads\/2025\/04\/en-yakin-oto-kurtarma-en-yakin-cekici-5.jpeg\" \/>\n\t<meta property=\"og:image:width\" content=\"2048\" \/>\n\t<meta property=\"og:image:height\" content=\"1536\" \/>\n\t<meta property=\"og:image:type\" content=\"image\/jpeg\" \/>\n<meta name=\"twitter:card\" content=\"summary_large_image\" \/>\n<meta name=\"twitter:label1\" content=\"Tahmini okuma s\u00fcresi\" \/>\n\t<meta name=\"twitter:data1\" content=\"4 dakika\" \/>\n<script type=\"application\/ld+json\" class=\"yoast-schema-graph\">{\"@context\":\"https:\/\/schema.org\",\"@graph\":[{\"@type\":\"WebPage\",\"@id\":\"https:\/\/otofox.com\/index.php\/cankaya_oto_kurtarma\/\",\"url\":\"https:\/\/otofox.com\/index.php\/cankaya_oto_kurtarma\/\",\"name\":\"\u00c7ankaya Oto Kurtarma - 05469560306 - Kaskolu Ara\u00e7 Ta\u015f\u0131ma\",\"isPartOf\":{\"@id\":\"https:\/\/otofox.com\/#website\"},\"primaryImageOfPage\":{\"@id\":\"https:\/\/otofox.com\/index.php\/cankaya_oto_kurtarma\/#primaryimage\"},\"image\":{\"@id\":\"https:\/\/otofox.com\/index.php\/cankaya_oto_kurtarma\/#primaryimage\"},\"thumbnailUrl\":\"https:\/\/otofox.com\/wp-content\/uploads\/2025\/04\/en-yakin-oto-kurtarma-en-yakin-cekici-5.jpeg\",\"datePublished\":\"2025-09-10T19:30:39+00:00\",\"dateModified\":\"2025-09-10T19:31:21+00:00\",\"description\":\"\u00c7ankaya oto kurtarma hizmeti en yak\u0131n \u00e7ekici ara\u00e7lar\u0131n\u0131z\u0131 kaskolu bir \u015fekilde ta\u015f\u0131yoruz. En uygun fiyata en yak\u0131n \u00e7ekici hizmeti\",\"breadcrumb\":{\"@id\":\"https:\/\/otofox.com\/index.php\/cankaya_oto_kurtarma\/#breadcrumb\"},\"inLanguage\":\"tr\",\"potentialAction\":[{\"@type\":\"ReadAction\",\"target\":[\"https:\/\/otofox.com\/index.php\/cankaya_oto_kurtarma\/\"]}]},{\"@type\":\"ImageObject\",\"inLanguage\":\"tr\",\"@id\":\"https:\/\/otofox.com\/index.php\/cankaya_oto_kurtarma\/#primaryimage\",\"url\":\"https:\/\/otofox.com\/wp-content\/uploads\/2025\/04\/en-yakin-oto-kurtarma-en-yakin-cekici-5.jpeg\",\"contentUrl\":\"https:\/\/otofox.com\/wp-content\/uploads\/2025\/04\/en-yakin-oto-kurtarma-en-yakin-cekici-5.jpeg\",\"width\":2048,\"height\":1536,\"caption\":\"\ud83d\ude97 Genel Anahtar Kelimeler K\u0131z\u0131lcahamam oto kurtarma K\u0131z\u0131lcahamam \u00e7ekici hizmeti K\u0131z\u0131lcahamam yol yard\u0131m K\u0131z\u0131lcahamam ara\u00e7 kurtarma K\u0131z\u0131lcahamam oto \u00e7ekici K\u0131z\u0131lcahamam oto kurtar\u0131c\u0131 K\u0131z\u0131lcahamam acil \u00e7ekici K\u0131z\u0131lcahamam 7\/24 oto kurtarma K\u0131z\u0131lcahamam oto yard\u0131m hizmeti K\u0131z\u0131lcahamam araba \u00e7ekici \ud83d\udccd B\u00f6lgeye \u00d6zg\u00fc Anahtar Kelimeler Ankara K\u0131z\u0131lcahamam \u00e7ekici K\u0131z\u0131lcahamam'da oto kurtarma K\u0131z\u0131lcahamam yol yard\u0131m firmas\u0131 K\u0131z\u0131lcahamam oto \u00e7ekici numaras\u0131 K\u0131z\u0131lcahamam\u2019da yolda kald\u0131m K\u0131z\u0131lcahamam acil yol yard\u0131m K\u0131z\u0131lcahamam\u2019da \u00e7ekici \u00e7a\u011f\u0131r K\u0131z\u0131lcahamam kaza sonras\u0131 \u00e7ekici K\u0131z\u0131lcahamam oto \u00e7ekici hizmetleri K\u0131z\u0131lcahamam 7\/24 yol yard\u0131m \ud83d\udee0\ufe0f Hizmete \u00d6zel Anahtar Kelimeler K\u0131z\u0131lcahamam ak\u00fc takviye K\u0131z\u0131lcahamam lastik de\u011fi\u015fimi K\u0131z\u0131lcahamam yak\u0131t deste\u011fi K\u0131z\u0131lcahamam k\u0131\u015f yard\u0131m\u0131 K\u0131z\u0131lcahamam ara\u00e7 ta\u015f\u0131ma K\u0131z\u0131lcahamam s\u0131f\u0131r ara\u00e7 ta\u015f\u0131ma K\u0131z\u0131lcahamam kar zinciri yard\u0131m\u0131 K\u0131z\u0131lcahamam oto transfer \ud83d\udd0d Uzun Kuyruklu Anahtar Kelimeler (Long-Tail Keywords) K\u0131z\u0131lcahamam\u2019da en yak\u0131n \u00e7ekici K\u0131z\u0131lcahamam\u2019da uygun fiyatl\u0131 oto kurtarma K\u0131z\u0131lcahamam \u00e7evresinde ara\u00e7 \u00e7ekici K\u0131z\u0131lcahamam\u2019da gece \u00e7ekici hizmeti K\u0131z\u0131lcahamam\u2019da kaza sonras\u0131 oto kurtarma K\u0131z\u0131lcahamam\u2019da h\u0131zl\u0131 \u00e7ekici \u00e7a\u011f\u0131rma K\u0131z\u0131lcahamam oto kurtarma firmalar\u0131 K\u0131z\u0131lcahamam\u2019da g\u00fcvenilir oto kurtar\u0131c\u0131 \ud83e\udde9 Marka \u0130maj\u0131 \u0130\u00e7in Alternatif Anahtar Kelimeler K\u0131z\u0131lcahamam yol yard\u0131m telefon numaras\u0131 K\u0131z\u0131lcahamam en iyi \u00e7ekici firmas\u0131 K\u0131z\u0131lcahamam oto kurtarma hizmetleri K\u0131z\u0131lcahamam\u2019da acil ara\u00e7 kurtarma K\u0131z\u0131lcahamam ara\u00e7 kurtar\u0131c\u0131 numaras\u0131\"},{\"@type\":\"BreadcrumbList\",\"@id\":\"https:\/\/otofox.com\/index.php\/cankaya_oto_kurtarma\/#breadcrumb\",\"itemListElement\":[{\"@type\":\"ListItem\",\"position\":1,\"name\":\"Anasayfa\",\"item\":\"https:\/\/otofox.com\/\"},{\"@type\":\"ListItem\",\"position\":2,\"name\":\"\u00c7ankaya Oto Kurtarma \u2013 Ankara\u2019n\u0131n Merkezinde Profesyonel Yol Yard\u0131m\u0131\"}]},{\"@type\":\"WebSite\",\"@id\":\"https:\/\/otofox.com\/#website\",\"url\":\"https:\/\/otofox.com\/\",\"name\":\"Otofox Oto Kurtarma\",\"description\":\"En Yak\u0131n Oto Kurtarma\",\"publisher\":{\"@id\":\"https:\/\/otofox.com\/#organization\"},\"potentialAction\":[{\"@type\":\"SearchAction\",\"target\":{\"@type\":\"EntryPoint\",\"urlTemplate\":\"https:\/\/otofox.com\/?s={search_term_string}\"},\"query-input\":{\"@type\":\"PropertyValueSpecification\",\"valueRequired\":true,\"valueName\":\"search_term_string\"}}],\"inLanguage\":\"tr\"},{\"@type\":\"Organization\",\"@id\":\"https:\/\/otofox.com\/#organization\",\"name\":\"Otofox Oto Kurtarma\",\"url\":\"https:\/\/otofox.com\/\",\"logo\":{\"@type\":\"ImageObject\",\"inLanguage\":\"tr\",\"@id\":\"https:\/\/otofox.com\/#\/schema\/logo\/image\/\",\"url\":\"https:\/\/otofox.com\/wp-content\/uploads\/2024\/03\/cropped-otofoxlogo.png\",\"contentUrl\":\"https:\/\/otofox.com\/wp-content\/uploads\/2024\/03\/cropped-otofoxlogo.png\",\"width\":125,\"height\":20,\"caption\":\"Otofox Oto Kurtarma\"},\"image\":{\"@id\":\"https:\/\/otofox.com\/#\/schema\/logo\/image\/\"}}]}<\/script>\n<!-- \/ Yoast SEO plugin. -->","yoast_head_json":{"title":"\u00c7ankaya Oto Kurtarma - 05469560306 - Kaskolu Ara\u00e7 Ta\u015f\u0131ma","description":"\u00c7ankaya oto kurtarma hizmeti en yak\u0131n \u00e7ekici ara\u00e7lar\u0131n\u0131z\u0131 kaskolu bir \u015fekilde ta\u015f\u0131yoruz. En uygun fiyata en yak\u0131n \u00e7ekici hizmeti","robots":{"index":"index","follow":"follow","max-snippet":"max-snippet:-1","max-image-preview":"max-image-preview:large","max-video-preview":"max-video-preview:-1"},"canonical":"https:\/\/otofox.com\/index.php\/cankaya_oto_kurtarma\/","og_locale":"tr_TR","og_type":"article","og_title":"\u00c7ankaya Oto Kurtarma - 05469560306 - Kaskolu Ara\u00e7 Ta\u015f\u0131ma","og_description":"\u00c7ankaya oto kurtarma hizmeti en yak\u0131n \u00e7ekici ara\u00e7lar\u0131n\u0131z\u0131 kaskolu bir \u015fekilde ta\u015f\u0131yoruz. En uygun fiyata en yak\u0131n \u00e7ekici hizmeti","og_url":"https:\/\/otofox.com\/index.php\/cankaya_oto_kurtarma\/","og_site_name":"Otofox Oto Kurtarma","article_modified_time":"2025-09-10T19:31:21+00:00","og_image":[{"width":2048,"height":1536,"url":"https:\/\/otofox.com\/wp-content\/uploads\/2025\/04\/en-yakin-oto-kurtarma-en-yakin-cekici-5.jpeg","type":"image\/jpeg"}],"twitter_card":"summary_large_image","twitter_misc":{"Tahmini okuma s\u00fcresi":"4 dakika"},"schema":{"@context":"https:\/\/schema.org","@graph":[{"@type":"WebPage","@id":"https:\/\/otofox.com\/index.php\/cankaya_oto_kurtarma\/","url":"https:\/\/otofox.com\/index.php\/cankaya_oto_kurtarma\/","name":"\u00c7ankaya Oto Kurtarma - 05469560306 - Kaskolu Ara\u00e7 Ta\u015f\u0131ma","isPartOf":{"@id":"https:\/\/otofox.com\/#website"},"primaryImageOfPage":{"@id":"https:\/\/otofox.com\/index.php\/cankaya_oto_kurtarma\/#primaryimage"},"image":{"@id":"https:\/\/otofox.com\/index.php\/cankaya_oto_kurtarma\/#primaryimage"},"thumbnailUrl":"https:\/\/otofox.com\/wp-content\/uploads\/2025\/04\/en-yakin-oto-kurtarma-en-yakin-cekici-5.jpeg","datePublished":"2025-09-10T19:30:39+00:00","dateModified":"2025-09-10T19:31:21+00:00","description":"\u00c7ankaya oto kurtarma hizmeti en yak\u0131n \u00e7ekici ara\u00e7lar\u0131n\u0131z\u0131 kaskolu bir \u015fekilde ta\u015f\u0131yoruz. En uygun fiyata en yak\u0131n \u00e7ekici hizmeti","breadcrumb":{"@id":"https:\/\/otofox.com\/index.php\/cankaya_oto_kurtarma\/#breadcrumb"},"inLanguage":"tr","potentialAction":[{"@type":"ReadAction","target":["https:\/\/otofox.com\/index.php\/cankaya_oto_kurtarma\/"]}]},{"@type":"ImageObject","inLanguage":"tr","@id":"https:\/\/otofox.com\/index.php\/cankaya_oto_kurtarma\/#primaryimage","url":"https:\/\/otofox.com\/wp-content\/uploads\/2025\/04\/en-yakin-oto-kurtarma-en-yakin-cekici-5.jpeg","contentUrl":"https:\/\/otofox.com\/wp-content\/uploads\/2025\/04\/en-yakin-oto-kurtarma-en-yakin-cekici-5.jpeg","width":2048,"height":1536,"caption":"\ud83d\ude97 Genel Anahtar Kelimeler K\u0131z\u0131lcahamam oto kurtarma K\u0131z\u0131lcahamam \u00e7ekici hizmeti K\u0131z\u0131lcahamam yol yard\u0131m K\u0131z\u0131lcahamam ara\u00e7 kurtarma K\u0131z\u0131lcahamam oto \u00e7ekici K\u0131z\u0131lcahamam oto kurtar\u0131c\u0131 K\u0131z\u0131lcahamam acil \u00e7ekici K\u0131z\u0131lcahamam 7\/24 oto kurtarma K\u0131z\u0131lcahamam oto yard\u0131m hizmeti K\u0131z\u0131lcahamam araba \u00e7ekici \ud83d\udccd B\u00f6lgeye \u00d6zg\u00fc Anahtar Kelimeler Ankara K\u0131z\u0131lcahamam \u00e7ekici K\u0131z\u0131lcahamam'da oto kurtarma K\u0131z\u0131lcahamam yol yard\u0131m firmas\u0131 K\u0131z\u0131lcahamam oto \u00e7ekici numaras\u0131 K\u0131z\u0131lcahamam\u2019da yolda kald\u0131m K\u0131z\u0131lcahamam acil yol yard\u0131m K\u0131z\u0131lcahamam\u2019da \u00e7ekici \u00e7a\u011f\u0131r K\u0131z\u0131lcahamam kaza sonras\u0131 \u00e7ekici K\u0131z\u0131lcahamam oto \u00e7ekici hizmetleri K\u0131z\u0131lcahamam 7\/24 yol yard\u0131m \ud83d\udee0\ufe0f Hizmete \u00d6zel Anahtar Kelimeler K\u0131z\u0131lcahamam ak\u00fc takviye K\u0131z\u0131lcahamam lastik de\u011fi\u015fimi K\u0131z\u0131lcahamam yak\u0131t deste\u011fi K\u0131z\u0131lcahamam k\u0131\u015f yard\u0131m\u0131 K\u0131z\u0131lcahamam ara\u00e7 ta\u015f\u0131ma K\u0131z\u0131lcahamam s\u0131f\u0131r ara\u00e7 ta\u015f\u0131ma K\u0131z\u0131lcahamam kar zinciri yard\u0131m\u0131 K\u0131z\u0131lcahamam oto transfer \ud83d\udd0d Uzun Kuyruklu Anahtar Kelimeler (Long-Tail Keywords) K\u0131z\u0131lcahamam\u2019da en yak\u0131n \u00e7ekici K\u0131z\u0131lcahamam\u2019da uygun fiyatl\u0131 oto kurtarma K\u0131z\u0131lcahamam \u00e7evresinde ara\u00e7 \u00e7ekici K\u0131z\u0131lcahamam\u2019da gece \u00e7ekici hizmeti K\u0131z\u0131lcahamam\u2019da kaza sonras\u0131 oto kurtarma K\u0131z\u0131lcahamam\u2019da h\u0131zl\u0131 \u00e7ekici \u00e7a\u011f\u0131rma K\u0131z\u0131lcahamam oto kurtarma firmalar\u0131 K\u0131z\u0131lcahamam\u2019da g\u00fcvenilir oto kurtar\u0131c\u0131 \ud83e\udde9 Marka \u0130maj\u0131 \u0130\u00e7in Alternatif Anahtar Kelimeler K\u0131z\u0131lcahamam yol yard\u0131m telefon numaras\u0131 K\u0131z\u0131lcahamam en iyi \u00e7ekici firmas\u0131 K\u0131z\u0131lcahamam oto kurtarma hizmetleri K\u0131z\u0131lcahamam\u2019da acil ara\u00e7 kurtarma K\u0131z\u0131lcahamam ara\u00e7 kurtar\u0131c\u0131 numaras\u0131"},{"@type":"BreadcrumbList","@id":"https:\/\/otofox.com\/index.php\/cankaya_oto_kurtarma\/#breadcrumb","itemListElement":[{"@type":"ListItem","position":1,"name":"Anasayfa","item":"https:\/\/otofox.com\/"},{"@type":"ListItem","position":2,"name":"\u00c7ankaya Oto Kurtarma \u2013 Ankara\u2019n\u0131n Merkezinde Profesyonel Yol Yard\u0131m\u0131"}]},{"@type":"WebSite","@id":"https:\/\/otofox.com\/#website","url":"https:\/\/otofox.com\/","name":"Otofox Oto Kurtarma","description":"En Yak\u0131n Oto Kurtarma","publisher":{"@id":"https:\/\/otofox.com\/#organization"},"potentialAction":[{"@type":"SearchAction","target":{"@type":"EntryPoint","urlTemplate":"https:\/\/otofox.com\/?s={search_term_string}"},"query-input":{"@type":"PropertyValueSpecification","valueRequired":true,"valueName":"search_term_string"}}],"inLanguage":"tr"},{"@type":"Organization","@id":"https:\/\/otofox.com\/#organization","name":"Otofox Oto Kurtarma","url":"https:\/\/otofox.com\/","logo":{"@type":"ImageObject","inLanguage":"tr","@id":"https:\/\/otofox.com\/#\/schema\/logo\/image\/","url":"https:\/\/otofox.com\/wp-content\/uploads\/2024\/03\/cropped-otofoxlogo.png","contentUrl":"https:\/\/otofox.com\/wp-content\/uploads\/2024\/03\/cropped-otofoxlogo.png","width":125,"height":20,"caption":"Otofox Oto Kurtarma"},"image":{"@id":"https:\/\/otofox.com\/#\/schema\/logo\/image\/"}}]}},"_links":{"self":[{"href":"https:\/\/otofox.com\/index.php\/wp-json\/wp\/v2\/pages\/1034363","targetHints":{"allow":["GET"]}}],"collection":[{"href":"https:\/\/otofox.com\/index.php\/wp-json\/wp\/v2\/pages"}],"about":[{"href":"https:\/\/otofox.com\/index.php\/wp-json\/wp\/v2\/types\/page"}],"author":[{"embeddable":true,"href":"https:\/\/otofox.com\/index.php\/wp-json\/wp\/v2\/users\/5"}],"replies":[{"embeddable":true,"href":"https:\/\/otofox.com\/index.php\/wp-json\/wp\/v2\/comments?post=1034363"}],"version-history":[{"count":2,"href":"https:\/\/otofox.com\/index.php\/wp-json\/wp\/v2\/pages\/1034363\/revisions"}],"predecessor-version":[{"id":1034365,"href":"https:\/\/otofox.com\/index.php\/wp-json\/wp\/v2\/pages\/1034363\/revisions\/1034365"}],"wp:featuredmedia":[{"embeddable":true,"href":"https:\/\/otofox.com\/index.php\/wp-json\/wp\/v2\/media\/1034166"}],"wp:attachment":[{"href":"https:\/\/otofox.com\/index.php\/wp-json\/wp\/v2\/media?parent=1034363"}],"curies":[{"name":"wp","href":"https:\/\/api.w.org\/{rel}","templated":true}]}}