{"id":1034379,"date":"2025-09-10T19:54:04","date_gmt":"2025-09-10T19:54:04","guid":{"rendered":"https:\/\/otofox.com\/?page_id=1034379"},"modified":"2025-09-10T19:54:05","modified_gmt":"2025-09-10T19:54:05","slug":"dortdivan_oto_kurtarma","status":"publish","type":"page","link":"https:\/\/otofox.com\/index.php\/dortdivan_oto_kurtarma\/","title":{"rendered":"D\u00f6rtdivan Oto Kurtarma, Yol Yard\u0131m ve Oto Tamir Hizmetleri"},"content":{"rendered":"\n<p>Bolu\u2019nun g\u00fczide il\u00e7esi <strong>D\u00f6rtdivan<\/strong>, gerek co\u011frafi yap\u0131s\u0131 gerekse uzun yol ge\u00e7i\u015f g\u00fczerg\u00e2h\u0131 olmas\u0131 nedeniyle ara\u00e7 trafi\u011finin yo\u011fun oldu\u011fu b\u00f6lgelerden biridir. Zorlu hava ko\u015fullar\u0131, s\u00fcrpriz ar\u0131zalar veya kazalar gibi beklenmedik durumlarda g\u00fcvenilir ve h\u0131zl\u0131 bir destek ar\u0131yorsan\u0131z, do\u011fru yerdesiniz.<\/p>\n\n\n\n<p><strong>D\u00f6rtdivan oto kurtarma<\/strong>, <strong>yol yard\u0131m<\/strong> ve <strong>oto tamir<\/strong> hizmetlerimizle, hem \u015fehir i\u00e7inde hem de \u00e7evre yollar\u0131nda yolda kalan ara\u00e7 sahiplerine profesyonel \u00e7\u00f6z\u00fcmler sunuyoruz.<\/p>\n\n\n\n<hr class=\"wp-block-separator has-alpha-channel-opacity\"\/>\n\n\n\n<h2 class=\"wp-block-heading\">\ud83d\udea8 D\u00f6rtdivan Oto Kurtarma Hizmetleri<\/h2>\n\n\n\n<p>Arac\u0131n\u0131z ar\u0131za yapt\u0131, yolda kald\u0131n\u0131z veya trafik kazas\u0131 ge\u00e7irdiniz&#8230; Panik yapmay\u0131n!<br><strong>D\u00f6rtdivan oto kurtarma<\/strong> ekibimiz, bulundu\u011funuz konuma en k\u0131sa s\u00fcrede ula\u015f\u0131r.<\/p>\n\n\n\n<p>Hizmet kapsam\u0131m\u0131z:<\/p>\n\n\n\n<ul class=\"wp-block-list\">\n<li><strong>D\u00f6rtdivan \u00e7ekici hizmeti<\/strong> ile arac\u0131n\u0131z\u0131 g\u00fcvenle istedi\u011finiz noktaya ta\u015f\u0131yoruz.<\/li>\n\n\n\n<li><strong>D\u00f6rtdivan ara\u00e7 kurtarma<\/strong> \u00e7\u00f6z\u00fcmlerimizle hem \u015fehir i\u00e7i hem k\u00f6y yollar\u0131nda destek sunuyoruz.<\/li>\n\n\n\n<li>\u0130ster k\u00fc\u00e7\u00fck ara\u00e7, ister <strong>a\u011f\u0131r vas\u0131ta kurtarma<\/strong> olsun, donan\u0131ml\u0131 \u00e7ekicilerimizle g\u00f6rev ba\u015f\u0131nday\u0131z.<\/li>\n\n\n\n<li><strong>D\u00f6rtdivan motosiklet \u00e7ekici<\/strong> hizmetimizle iki tekerlekli ara\u00e7lar\u0131n\u0131z\u0131 da g\u00fcvenle ta\u015f\u0131yoruz.<\/li>\n\n\n\n<li><strong>D\u00f6rtdivan kaza sonras\u0131 ara\u00e7 \u00e7ekimi<\/strong> i\u015flemlerinde, sigorta ve resmi prosed\u00fcrlere uygun hareket ediyoruz.<\/li>\n\n\n\n<li><strong>D\u00f6rtdivan en yak\u0131n \u00e7ekici<\/strong> aray\u0131\u015f\u0131n\u0131zda sadece dakikalar i\u00e7inde yan\u0131n\u0131zday\u0131z.<\/li>\n\n\n\n<li><strong>D\u00f6rtdivan 7\/24 oto kurtarma<\/strong> ile gece-g\u00fcnd\u00fcz, hafta i\u00e7i-hafta sonu kesintisiz hizmet sa\u011fl\u0131yoruz.<\/li>\n\n\n\n<li><strong>D\u00f6rtdivan acil oto kurtarma<\/strong> hatt\u0131m\u0131z sayesinde zaman kaybetmeden \u00e7\u00f6z\u00fcm al\u0131rs\u0131n\u0131z.<\/li>\n<\/ul>\n\n\n\n<hr class=\"wp-block-separator has-alpha-channel-opacity\"\/>\n\n\n\n<h2 class=\"wp-block-heading\">\ud83d\udee0\ufe0f D\u00f6rtdivan Yol Yard\u0131m Hizmetleri<\/h2>\n\n\n\n<p>Her yolculukta s\u00fcrpriz ya\u015fanabilir. Ak\u00fc bitebilir, lastik patlayabilir ya da yak\u0131t t\u00fckenebilir. Bu gibi durumlarda hemen <strong>D\u00f6rtdivan yol yard\u0131m<\/strong> hizmetimize ula\u015fabilirsiniz.<\/p>\n\n\n\n<p>Sundu\u011fumuz yol yard\u0131m hizmetleri:<\/p>\n\n\n\n<ul class=\"wp-block-list\">\n<li><strong>D\u00f6rtdivan lastik de\u011fi\u015fimi<\/strong>: Patlayan veya zarar g\u00f6ren lastiklerinizi yerinde de\u011fi\u015ftiriyoruz.<\/li>\n\n\n\n<li><strong>D\u00f6rtdivan ak\u00fc takviye<\/strong>: Ak\u00fcn\u00fcz bitti\u011finde \u00e7ekici \u00e7a\u011f\u0131rman\u0131za gerek kalmadan \u00e7al\u0131\u015ft\u0131r\u0131yoruz.<\/li>\n\n\n\n<li><strong>D\u00f6rtdivan yolda kalan ara\u00e7 yard\u0131m\u0131<\/strong> ile her t\u00fcrl\u00fc teknik ar\u0131zada yan\u0131n\u0131zday\u0131z.<\/li>\n\n\n\n<li><strong>D\u00f6rtdivan yerinde yol yard\u0131m\u0131<\/strong>: Arac\u0131n\u0131z\u0131 yerinden oynatmadan \u00e7\u00f6z\u00fcm \u00fcretiyoruz.<\/li>\n\n\n\n<li><strong>D\u00f6rtdivan acil yol yard\u0131m hatt\u0131<\/strong> ile tek bir \u00e7a\u011fr\u0131n\u0131zda ekip y\u00f6nlendiriyoruz.<\/li>\n\n\n\n<li><strong>D\u00f6rtdivan oto kurtarma yol yard\u0131m\u0131<\/strong> ile hem \u00e7ekici hem de pratik onar\u0131m sa\u011fl\u0131yoruz.<\/li>\n\n\n\n<li><strong>D\u00f6rtdivan gece yol yard\u0131m\u0131<\/strong> sayesinde karanl\u0131kta yaln\u0131z de\u011filsiniz.<\/li>\n\n\n\n<li><strong>D\u00f6rtdivan uzun yol yol yard\u0131m\u0131<\/strong>: Yolculuk s\u0131ras\u0131nda kesintisiz destek.<\/li>\n\n\n\n<li><strong>D\u00f6rtdivan yolda kalan ara\u00e7 \u00e7ekici<\/strong> hizmeti ile g\u00fcvenli ta\u015f\u0131ma sa\u011fl\u0131yoruz.<\/li>\n<\/ul>\n\n\n\n<hr class=\"wp-block-separator has-alpha-channel-opacity\"\/>\n\n\n\n<h2 class=\"wp-block-heading\">\ud83d\udd27 D\u00f6rtdivan Oto Tamir ve Oto Sanayi Hizmetleri<\/h2>\n\n\n\n<p>Arac\u0131n\u0131z yolda kald\u0131\u011f\u0131nda sadece \u00e7ekilmesi yetmez; do\u011fru ellere teslim edilmesi de gerekir. Bu noktada, <strong>D\u00f6rtdivan oto sanayi<\/strong> ile i\u015f birli\u011fi i\u00e7erisinde \u00e7al\u0131\u015f\u0131yor, arac\u0131n\u0131z\u0131 g\u00fcvenilir ustalara y\u00f6nlendiriyoruz.<\/p>\n\n\n\n<p>Tamir ve bak\u0131m hizmetlerimiz:<\/p>\n\n\n\n<ul class=\"wp-block-list\">\n<li><strong>D\u00f6rtdivan oto tamir<\/strong> servis y\u00f6nlendirmesi<\/li>\n\n\n\n<li><strong>D\u00f6rtdivan oto sanayi<\/strong> i\u00e7inde yer alan deneyimli tamircilerle \u00e7\u00f6z\u00fcm<\/li>\n\n\n\n<li><strong>D\u00f6rtdivan oto bak\u0131m onar\u0131m<\/strong> ihtiya\u00e7lar\u0131n\u0131z i\u00e7in kaliteli servis se\u00e7enekleri<\/li>\n\n\n\n<li><strong>D\u00f6rtdivan ara\u00e7 ar\u0131za tespiti<\/strong>: Bilgisayarl\u0131 sistemlerle do\u011fru analiz<\/li>\n\n\n\n<li><strong>D\u00f6rtdivan motor ar\u0131zas\u0131 tamiri<\/strong> i\u00e7in g\u00fcvenilir \u00e7\u00f6z\u00fcm ortaklar\u0131<\/li>\n\n\n\n<li><strong>D\u00f6rtdivan fren balata de\u011fi\u015fimi<\/strong><\/li>\n\n\n\n<li><strong>D\u00f6rtdivan \u015fanz\u0131man tamiri<\/strong><\/li>\n\n\n\n<li><strong>D\u00f6rtdivan periyodik ara\u00e7 bak\u0131m\u0131<\/strong> i\u00e7in randevulu servis y\u00f6nlendirmesi<\/li>\n\n\n\n<li><strong>D\u00f6rtdivan rot balans ayar\u0131<\/strong><\/li>\n\n\n\n<li><strong>D\u00f6rtdivan oto elektrik ar\u0131zalar\u0131<\/strong> ve kablo onar\u0131m\u0131<\/li>\n\n\n\n<li><strong>D\u00f6rtdivan ara\u00e7 bak\u0131m\u0131 yapan yerler<\/strong> ile i\u015f birli\u011fi<\/li>\n\n\n\n<li><strong>D\u00f6rtdivan oto sanayi \u00e7ekici y\u00f6nlendirme<\/strong>: Do\u011frudan do\u011fru yere teslim<\/li>\n<\/ul>\n\n\n\n<hr class=\"wp-block-separator has-alpha-channel-opacity\"\/>\n\n\n\n<h2 class=\"wp-block-heading\">\ud83d\ude97 Hangi Marka Ara\u00e7lara Hizmet Veriyoruz?<\/h2>\n\n\n\n<p>T\u00fcm ara\u00e7 markalar\u0131 i\u00e7in yol yard\u0131m, oto kurtarma ve servis y\u00f6nlendirme hizmeti sunuyoruz. En \u00e7ok tercih edilen ara\u00e7lara \u00f6zel \u00e7\u00f6z\u00fcmler:<\/p>\n\n\n\n<ul class=\"wp-block-list\">\n<li><strong>D\u00f6rtdivan Renault oto kurtarma<\/strong><\/li>\n\n\n\n<li><strong>D\u00f6rtdivan Fiat \u00e7ekici hizmeti<\/strong> (Egea, Doblo, Fiorino vb.)<\/li>\n\n\n\n<li><strong>D\u00f6rtdivan Ford yol yard\u0131m\u0131<\/strong> (Focus, Courier, Transit)<\/li>\n\n\n\n<li><strong>D\u00f6rtdivan Volkswagen ara\u00e7 tamiri<\/strong> (Golf, Passat, Caddy)<\/li>\n\n\n\n<li><strong>D\u00f6rtdivan Toyota oto servisi<\/strong> (Corolla, Yaris, Hilux)<\/li>\n\n\n\n<li><strong>D\u00f6rtdivan BMW ar\u0131za tespiti ve \u00e7ekici<\/strong><\/li>\n\n\n\n<li><strong>D\u00f6rtdivan Mercedes yol yard\u0131m<\/strong> (E Serisi, C Serisi, Vito vb.)<\/li>\n\n\n\n<li><strong>D\u00f6rtdivan Opel ar\u0131za destek<\/strong><\/li>\n\n\n\n<li><strong>D\u00f6rtdivan Hyundai \u00e7ekici ve servis y\u00f6nlendirme<\/strong><\/li>\n<\/ul>\n\n\n\n<hr class=\"wp-block-separator has-alpha-channel-opacity\"\/>\n\n\n\n<h2 class=\"wp-block-heading\">\ud83d\udcde Hemen Bizi Aray\u0131n, Yolda Kalman\u0131za Gerek Yok<\/h2>\n\n\n\n<p>Yolda kalmak kader de\u011fil, do\u011fru destekle \u00e7\u00f6z\u00fclebilecek bir durumdur.<br>Biz, <strong>D\u00f6rtdivan acil oto kurtarma<\/strong>, <strong>oto sanayi servis y\u00f6nlendirme<\/strong>, ve <strong>yol yard\u0131m\u0131 hizmetleri<\/strong> ile her an yan\u0131n\u0131zday\u0131z.<\/p>\n\n\n\n<p>\ud83d\udcde <strong>Acil Kurtarma Hatt\u0131:<\/strong> [Telefon Numaran\u0131z]<br>\ud83d\udcac <strong>WhatsApp Canl\u0131 Destek:<\/strong> [WhatsApp Ba\u011flant\u0131s\u0131]<br>\ud83d\udccd <strong>Hizmet Alan\u0131:<\/strong> D\u00f6rtdivan ve \u00e7evre k\u00f6yleri<\/p>\n\n\n\n<hr class=\"wp-block-separator has-alpha-channel-opacity\"\/>\n\n\n\n<h2 class=\"wp-block-heading\">G\u00fcvenilir Hizmet, Uygun Fiyat, Profesyonel Ekip<\/h2>\n\n\n\n<ul class=\"wp-block-list\">\n<li>\u015eeffaf fiyat politikas\u0131 \u2013 <strong>D\u00f6rtdivan en uygun \u00e7ekici fiyatlar\u0131<\/strong><\/li>\n\n\n\n<li>Fatural\u0131 ve sigortal\u0131 ta\u015f\u0131ma<\/li>\n\n\n\n<li>Deneyimli s\u00fcr\u00fcc\u00fcler ve oto teknisyenleri<\/li>\n\n\n\n<li>%100 m\u00fc\u015fteri memnuniyeti odakl\u0131 hizmet<\/li>\n<\/ul>\n\n\n\n<hr class=\"wp-block-separator has-alpha-channel-opacity\"\/>\n\n\n\n<p><strong>D\u00f6rtdivan\u2019da yolda kal\u0131rsan\u0131z ilk akl\u0131n\u0131za gelecek isim biz olmal\u0131y\u0131z.<\/strong><br>Arac\u0131n\u0131z ister Renault, ister Mercedes olsun; ister lastik patlas\u0131n, ister motor ar\u0131zas\u0131 olsun\u2026 Biz buraday\u0131z!<\/p>\n\n\n\n<p>\ud83d\ude97 <strong>G\u00fcvenli\u011finiz i\u00e7in, profesyonel hizmet al\u0131n.<\/strong><\/p>\n","protected":false},"excerpt":{"rendered":"<p>Bolu\u2019nun g\u00fczide il\u00e7esi D\u00f6rtdivan, gerek co\u011frafi yap\u0131s\u0131 gerekse uzun yol ge\u00e7i\u015f g\u00fczerg\u00e2h\u0131 olmas\u0131 nedeniyle ara\u00e7 trafi\u011finin yo\u011fun oldu\u011fu b\u00f6lgelerden biridir. Zorlu hava ko\u015fullar\u0131, s\u00fcrpriz ar\u0131zalar veya kazalar gibi beklenmedik durumlarda g\u00fcvenilir ve h\u0131zl\u0131 bir destek ar\u0131yorsan\u0131z, do\u011fru yerdesiniz. D\u00f6rtdivan oto kurtarma, yol yard\u0131m ve oto tamir hizmetlerimizle, hem \u015fehir i\u00e7inde hem de \u00e7evre yollar\u0131nda yolda &hellip; <\/p>\n","protected":false},"author":5,"featured_media":1034163,"parent":0,"menu_order":0,"comment_status":"closed","ping_status":"closed","template":"","meta":{"footnotes":""},"class_list":["post-1034379","page","type-page","status-publish","has-post-thumbnail","hentry"],"yoast_head":"<!-- This site is optimized with the Yoast SEO plugin v26.2 - https:\/\/yoast.com\/wordpress\/plugins\/seo\/ -->\n<title>D\u00f6rtdivan Oto Kurtarma - 05469560306 - En Yak\u0131n Oto Kurtarma<\/title>\n<meta name=\"description\" content=\"D\u00f6rdivan oto kurtarma yol yard\u0131m hizmeti en yak\u0131n \u00e7ekici yol yard\u0131m hizmeti en yak\u0131n tamirici i\u00e7in hemen aray\u0131n.\" \/>\n<meta name=\"robots\" content=\"index, follow, max-snippet:-1, max-image-preview:large, max-video-preview:-1\" \/>\n<link rel=\"canonical\" href=\"https:\/\/otofox.com\/index.php\/dortdivan_oto_kurtarma\/\" \/>\n<meta property=\"og:locale\" content=\"tr_TR\" \/>\n<meta property=\"og:type\" content=\"article\" \/>\n<meta property=\"og:title\" content=\"D\u00f6rtdivan Oto Kurtarma - 05469560306 - En Yak\u0131n Oto Kurtarma\" \/>\n<meta property=\"og:description\" content=\"D\u00f6rdivan oto kurtarma yol yard\u0131m hizmeti en yak\u0131n \u00e7ekici yol yard\u0131m hizmeti en yak\u0131n tamirici i\u00e7in hemen aray\u0131n.\" \/>\n<meta property=\"og:url\" content=\"https:\/\/otofox.com\/index.php\/dortdivan_oto_kurtarma\/\" \/>\n<meta property=\"og:site_name\" content=\"Otofox Oto Kurtarma\" \/>\n<meta property=\"article:modified_time\" content=\"2025-09-10T19:54:05+00:00\" \/>\n<meta property=\"og:image\" content=\"https:\/\/otofox.com\/wp-content\/uploads\/2025\/04\/en-yakin-oto-kurtarma-en-yakin-cekici-2.jpeg\" \/>\n\t<meta property=\"og:image:width\" content=\"2048\" \/>\n\t<meta property=\"og:image:height\" content=\"1536\" \/>\n\t<meta property=\"og:image:type\" content=\"image\/jpeg\" \/>\n<meta name=\"twitter:card\" content=\"summary_large_image\" \/>\n<meta name=\"twitter:label1\" content=\"Tahmini okuma s\u00fcresi\" \/>\n\t<meta name=\"twitter:data1\" content=\"4 dakika\" \/>\n<script type=\"application\/ld+json\" class=\"yoast-schema-graph\">{\"@context\":\"https:\/\/schema.org\",\"@graph\":[{\"@type\":\"WebPage\",\"@id\":\"https:\/\/otofox.com\/index.php\/dortdivan_oto_kurtarma\/\",\"url\":\"https:\/\/otofox.com\/index.php\/dortdivan_oto_kurtarma\/\",\"name\":\"D\u00f6rtdivan Oto Kurtarma - 05469560306 - En Yak\u0131n Oto Kurtarma\",\"isPartOf\":{\"@id\":\"https:\/\/otofox.com\/#website\"},\"primaryImageOfPage\":{\"@id\":\"https:\/\/otofox.com\/index.php\/dortdivan_oto_kurtarma\/#primaryimage\"},\"image\":{\"@id\":\"https:\/\/otofox.com\/index.php\/dortdivan_oto_kurtarma\/#primaryimage\"},\"thumbnailUrl\":\"https:\/\/otofox.com\/wp-content\/uploads\/2025\/04\/en-yakin-oto-kurtarma-en-yakin-cekici-2.jpeg\",\"datePublished\":\"2025-09-10T19:54:04+00:00\",\"dateModified\":\"2025-09-10T19:54:05+00:00\",\"description\":\"D\u00f6rdivan oto kurtarma yol yard\u0131m hizmeti en yak\u0131n \u00e7ekici yol yard\u0131m hizmeti en yak\u0131n tamirici i\u00e7in hemen aray\u0131n.\",\"breadcrumb\":{\"@id\":\"https:\/\/otofox.com\/index.php\/dortdivan_oto_kurtarma\/#breadcrumb\"},\"inLanguage\":\"tr\",\"potentialAction\":[{\"@type\":\"ReadAction\",\"target\":[\"https:\/\/otofox.com\/index.php\/dortdivan_oto_kurtarma\/\"]}]},{\"@type\":\"ImageObject\",\"inLanguage\":\"tr\",\"@id\":\"https:\/\/otofox.com\/index.php\/dortdivan_oto_kurtarma\/#primaryimage\",\"url\":\"https:\/\/otofox.com\/wp-content\/uploads\/2025\/04\/en-yakin-oto-kurtarma-en-yakin-cekici-2.jpeg\",\"contentUrl\":\"https:\/\/otofox.com\/wp-content\/uploads\/2025\/04\/en-yakin-oto-kurtarma-en-yakin-cekici-2.jpeg\",\"width\":2048,\"height\":1536},{\"@type\":\"BreadcrumbList\",\"@id\":\"https:\/\/otofox.com\/index.php\/dortdivan_oto_kurtarma\/#breadcrumb\",\"itemListElement\":[{\"@type\":\"ListItem\",\"position\":1,\"name\":\"Anasayfa\",\"item\":\"https:\/\/otofox.com\/\"},{\"@type\":\"ListItem\",\"position\":2,\"name\":\"D\u00f6rtdivan Oto Kurtarma, Yol Yard\u0131m ve Oto Tamir Hizmetleri\"}]},{\"@type\":\"WebSite\",\"@id\":\"https:\/\/otofox.com\/#website\",\"url\":\"https:\/\/otofox.com\/\",\"name\":\"Otofox Oto Kurtarma\",\"description\":\"En Yak\u0131n Oto Kurtarma\",\"publisher\":{\"@id\":\"https:\/\/otofox.com\/#organization\"},\"potentialAction\":[{\"@type\":\"SearchAction\",\"target\":{\"@type\":\"EntryPoint\",\"urlTemplate\":\"https:\/\/otofox.com\/?s={search_term_string}\"},\"query-input\":{\"@type\":\"PropertyValueSpecification\",\"valueRequired\":true,\"valueName\":\"search_term_string\"}}],\"inLanguage\":\"tr\"},{\"@type\":\"Organization\",\"@id\":\"https:\/\/otofox.com\/#organization\",\"name\":\"Otofox Oto Kurtarma\",\"url\":\"https:\/\/otofox.com\/\",\"logo\":{\"@type\":\"ImageObject\",\"inLanguage\":\"tr\",\"@id\":\"https:\/\/otofox.com\/#\/schema\/logo\/image\/\",\"url\":\"https:\/\/otofox.com\/wp-content\/uploads\/2024\/03\/cropped-otofoxlogo.png\",\"contentUrl\":\"https:\/\/otofox.com\/wp-content\/uploads\/2024\/03\/cropped-otofoxlogo.png\",\"width\":125,\"height\":20,\"caption\":\"Otofox Oto Kurtarma\"},\"image\":{\"@id\":\"https:\/\/otofox.com\/#\/schema\/logo\/image\/\"}}]}<\/script>\n<!-- \/ Yoast SEO plugin. -->","yoast_head_json":{"title":"D\u00f6rtdivan Oto Kurtarma - 05469560306 - En Yak\u0131n Oto Kurtarma","description":"D\u00f6rdivan oto kurtarma yol yard\u0131m hizmeti en yak\u0131n \u00e7ekici yol yard\u0131m hizmeti en yak\u0131n tamirici i\u00e7in hemen aray\u0131n.","robots":{"index":"index","follow":"follow","max-snippet":"max-snippet:-1","max-image-preview":"max-image-preview:large","max-video-preview":"max-video-preview:-1"},"canonical":"https:\/\/otofox.com\/index.php\/dortdivan_oto_kurtarma\/","og_locale":"tr_TR","og_type":"article","og_title":"D\u00f6rtdivan Oto Kurtarma - 05469560306 - En Yak\u0131n Oto Kurtarma","og_description":"D\u00f6rdivan oto kurtarma yol yard\u0131m hizmeti en yak\u0131n \u00e7ekici yol yard\u0131m hizmeti en yak\u0131n tamirici i\u00e7in hemen aray\u0131n.","og_url":"https:\/\/otofox.com\/index.php\/dortdivan_oto_kurtarma\/","og_site_name":"Otofox Oto Kurtarma","article_modified_time":"2025-09-10T19:54:05+00:00","og_image":[{"width":2048,"height":1536,"url":"https:\/\/otofox.com\/wp-content\/uploads\/2025\/04\/en-yakin-oto-kurtarma-en-yakin-cekici-2.jpeg","type":"image\/jpeg"}],"twitter_card":"summary_large_image","twitter_misc":{"Tahmini okuma s\u00fcresi":"4 dakika"},"schema":{"@context":"https:\/\/schema.org","@graph":[{"@type":"WebPage","@id":"https:\/\/otofox.com\/index.php\/dortdivan_oto_kurtarma\/","url":"https:\/\/otofox.com\/index.php\/dortdivan_oto_kurtarma\/","name":"D\u00f6rtdivan Oto Kurtarma - 05469560306 - En Yak\u0131n Oto Kurtarma","isPartOf":{"@id":"https:\/\/otofox.com\/#website"},"primaryImageOfPage":{"@id":"https:\/\/otofox.com\/index.php\/dortdivan_oto_kurtarma\/#primaryimage"},"image":{"@id":"https:\/\/otofox.com\/index.php\/dortdivan_oto_kurtarma\/#primaryimage"},"thumbnailUrl":"https:\/\/otofox.com\/wp-content\/uploads\/2025\/04\/en-yakin-oto-kurtarma-en-yakin-cekici-2.jpeg","datePublished":"2025-09-10T19:54:04+00:00","dateModified":"2025-09-10T19:54:05+00:00","description":"D\u00f6rdivan oto kurtarma yol yard\u0131m hizmeti en yak\u0131n \u00e7ekici yol yard\u0131m hizmeti en yak\u0131n tamirici i\u00e7in hemen aray\u0131n.","breadcrumb":{"@id":"https:\/\/otofox.com\/index.php\/dortdivan_oto_kurtarma\/#breadcrumb"},"inLanguage":"tr","potentialAction":[{"@type":"ReadAction","target":["https:\/\/otofox.com\/index.php\/dortdivan_oto_kurtarma\/"]}]},{"@type":"ImageObject","inLanguage":"tr","@id":"https:\/\/otofox.com\/index.php\/dortdivan_oto_kurtarma\/#primaryimage","url":"https:\/\/otofox.com\/wp-content\/uploads\/2025\/04\/en-yakin-oto-kurtarma-en-yakin-cekici-2.jpeg","contentUrl":"https:\/\/otofox.com\/wp-content\/uploads\/2025\/04\/en-yakin-oto-kurtarma-en-yakin-cekici-2.jpeg","width":2048,"height":1536},{"@type":"BreadcrumbList","@id":"https:\/\/otofox.com\/index.php\/dortdivan_oto_kurtarma\/#breadcrumb","itemListElement":[{"@type":"ListItem","position":1,"name":"Anasayfa","item":"https:\/\/otofox.com\/"},{"@type":"ListItem","position":2,"name":"D\u00f6rtdivan Oto Kurtarma, Yol Yard\u0131m ve Oto Tamir Hizmetleri"}]},{"@type":"WebSite","@id":"https:\/\/otofox.com\/#website","url":"https:\/\/otofox.com\/","name":"Otofox Oto Kurtarma","description":"En Yak\u0131n Oto Kurtarma","publisher":{"@id":"https:\/\/otofox.com\/#organization"},"potentialAction":[{"@type":"SearchAction","target":{"@type":"EntryPoint","urlTemplate":"https:\/\/otofox.com\/?s={search_term_string}"},"query-input":{"@type":"PropertyValueSpecification","valueRequired":true,"valueName":"search_term_string"}}],"inLanguage":"tr"},{"@type":"Organization","@id":"https:\/\/otofox.com\/#organization","name":"Otofox Oto Kurtarma","url":"https:\/\/otofox.com\/","logo":{"@type":"ImageObject","inLanguage":"tr","@id":"https:\/\/otofox.com\/#\/schema\/logo\/image\/","url":"https:\/\/otofox.com\/wp-content\/uploads\/2024\/03\/cropped-otofoxlogo.png","contentUrl":"https:\/\/otofox.com\/wp-content\/uploads\/2024\/03\/cropped-otofoxlogo.png","width":125,"height":20,"caption":"Otofox Oto Kurtarma"},"image":{"@id":"https:\/\/otofox.com\/#\/schema\/logo\/image\/"}}]}},"_links":{"self":[{"href":"https:\/\/otofox.com\/index.php\/wp-json\/wp\/v2\/pages\/1034379","targetHints":{"allow":["GET"]}}],"collection":[{"href":"https:\/\/otofox.com\/index.php\/wp-json\/wp\/v2\/pages"}],"about":[{"href":"https:\/\/otofox.com\/index.php\/wp-json\/wp\/v2\/types\/page"}],"author":[{"embeddable":true,"href":"https:\/\/otofox.com\/index.php\/wp-json\/wp\/v2\/users\/5"}],"replies":[{"embeddable":true,"href":"https:\/\/otofox.com\/index.php\/wp-json\/wp\/v2\/comments?post=1034379"}],"version-history":[{"count":1,"href":"https:\/\/otofox.com\/index.php\/wp-json\/wp\/v2\/pages\/1034379\/revisions"}],"predecessor-version":[{"id":1034380,"href":"https:\/\/otofox.com\/index.php\/wp-json\/wp\/v2\/pages\/1034379\/revisions\/1034380"}],"wp:featuredmedia":[{"embeddable":true,"href":"https:\/\/otofox.com\/index.php\/wp-json\/wp\/v2\/media\/1034163"}],"wp:attachment":[{"href":"https:\/\/otofox.com\/index.php\/wp-json\/wp\/v2\/media?parent=1034379"}],"curies":[{"name":"wp","href":"https:\/\/api.w.org\/{rel}","templated":true}]}}