{"id":1034451,"date":"2025-09-13T20:59:32","date_gmt":"2025-09-13T20:59:32","guid":{"rendered":"https:\/\/otofox.com\/?page_id=1034451"},"modified":"2025-09-13T20:59:33","modified_gmt":"2025-09-13T20:59:33","slug":"ankara_mugla_denizli_aydin_izmir_oto_kurtarma","status":"publish","type":"page","link":"https:\/\/otofox.com\/index.php\/ankara_mugla_denizli_aydin_izmir_oto_kurtarma\/","title":{"rendered":"Ankara, Mu\u011fla, Denizli, Ayd\u0131n ve \u0130zmir\u2019de Oto Kurtarma, Oto \u00c7ekici ve Ara\u00e7 Transferi Hizmetleri"},"content":{"rendered":"\n<p>T\u00fcrkiye&#8217;nin farkl\u0131 b\u00f6lgelerinde yer alan <strong>Ankara, Mu\u011fla, Denizli, Ayd\u0131n ve \u0130zmir<\/strong>, hem i\u00e7 turizm hem de ticaret a\u00e7\u0131s\u0131ndan \u00f6nemli iller aras\u0131nda yer al\u0131r. Bu iller, y\u0131l boyunca artan ara\u00e7 trafi\u011fi, kaza oranlar\u0131 ve yol ar\u0131zalar\u0131 nedeniyle <strong>oto kurtarma<\/strong>, <strong>oto \u00e7ekici<\/strong> ve <strong>ara\u00e7 transferi<\/strong> hizmetlerine yo\u011fun \u015fekilde ihtiya\u00e7 duymaktad\u0131r. Her ilde, baz\u0131 il\u00e7eler bu hizmetler a\u00e7\u0131s\u0131ndan daha da kritik bir konuma sahiptir.<\/p>\n\n\n\n<hr class=\"wp-block-separator has-alpha-channel-opacity\"\/>\n\n\n\n<h3 class=\"wp-block-heading\"><strong>1. Ankara\u2019da Oto Kurtarma ve Oto \u00c7ekici Hizmetleri<\/strong><\/h3>\n\n\n\n<p>T\u00fcrkiye\u2019nin ba\u015fkenti olan Ankara, sadece b\u00fcrokratik merkeziyle de\u011fil, ayn\u0131 zamanda kara yolu ula\u015f\u0131m a\u011flar\u0131yla da \u00f6nemli bir kav\u015fak noktas\u0131d\u0131r. \u015eehir i\u00e7i trafi\u011fin yan\u0131 s\u0131ra \u00e7evre il\u00e7elerde de \u00e7e\u015fitli nedenlerle <strong>oto kurtarma<\/strong>, <strong>oto \u00e7ekici<\/strong> ve <strong>ara\u00e7 transferi<\/strong> hizmetlerine yo\u011fun ihtiya\u00e7 duyulmaktad\u0131r.<\/p>\n\n\n\n<h4 class=\"wp-block-heading\">\u00d6nemli \u0130l\u00e7eler:<\/h4>\n\n\n\n<ul class=\"wp-block-list\">\n<li><strong>\u00c7ankaya, Ke\u00e7i\u00f6ren, Yenimahalle<\/strong>: Bu merkez il\u00e7elerde ya\u015fanan yo\u011fun trafik kazalar\u0131 ve ar\u0131za durumlar\u0131 nedeniyle oto \u00e7ekici ve oto kurtarma talepleri olduk\u00e7a fazlad\u0131r.<\/li>\n\n\n\n<li><strong>Sincan, Etimesgut<\/strong>: Sanayi b\u00f6lgeleri ve \u015fehirleraras\u0131 ge\u00e7i\u015f g\u00fczerg\u00e2hlar\u0131nda yer ald\u0131klar\u0131 i\u00e7in \u00f6zellikle a\u011f\u0131r ara\u00e7lar i\u00e7in ara\u00e7 transferi ve kurtarma hizmetlerine s\u0131k\u00e7a ihtiya\u00e7 duyulur.<\/li>\n\n\n\n<li><strong>Elmada\u011f, \u015eerefliko\u00e7hisar<\/strong>: Ankara&#8217;n\u0131n \u00e7evre yollar\u0131nda kalan bu il\u00e7eler, uzun yol \u015fof\u00f6rleri i\u00e7in oto \u00e7ekici hizmetlerinin en \u00e7ok \u00e7a\u011fr\u0131ld\u0131\u011f\u0131 yerlerdendir.<\/li>\n<\/ul>\n\n\n\n<hr class=\"wp-block-separator has-alpha-channel-opacity\"\/>\n\n\n\n<h3 class=\"wp-block-heading\"><strong>2. Mu\u011fla\u2019da Oto Kurtarma ve Ara\u00e7 Transferi Hizmetleri<\/strong><\/h3>\n\n\n\n<p>Mu\u011fla, \u00f6zellikle yaz aylar\u0131nda Bodrum, Marmaris ve Fethiye gibi il\u00e7eleriyle b\u00fcy\u00fck bir turizm trafi\u011fi ya\u015far. Bu da do\u011fal olarak <strong>oto kurtarma<\/strong> ve <strong>oto \u00e7ekici<\/strong> taleplerini \u00f6nemli \u00f6l\u00e7\u00fcde art\u0131r\u0131r.<\/p>\n\n\n\n<h4 class=\"wp-block-heading\">\u00d6nemli \u0130l\u00e7eler:<\/h4>\n\n\n\n<ul class=\"wp-block-list\">\n<li><strong>Bodrum, Marmaris, Fethiye<\/strong>: Yaz sezonunda artan trafikle birlikte ar\u0131za ve kaza oran\u0131 da y\u00fckselir. Bu il\u00e7elerde hem bireysel hem de ticari ara\u00e7lar i\u00e7in oto kurtarma ve oto \u00e7ekici hizmetleri 7\/24 aktif olarak sunulmaktad\u0131r.<\/li>\n\n\n\n<li><strong>Milas<\/strong>: Milas-Bodrum Havaliman\u0131\u2019na yak\u0131n konumu ve ana kara yollar\u0131 \u00fczerindeki yeri, buray\u0131 \u00f6nemli bir <strong>ara\u00e7 transferi<\/strong> merkezi haline getirir.<\/li>\n\n\n\n<li><strong>Ortaca, Dalaman<\/strong>: Turistik ge\u00e7i\u015f g\u00fczerg\u00e2hlar\u0131 \u00fczerinde yer alan bu il\u00e7elerde, yol yard\u0131m ve \u00e7ekici \u00e7a\u011fr\u0131lar\u0131 sezonluk olarak b\u00fcy\u00fck art\u0131\u015f g\u00f6sterir.<\/li>\n<\/ul>\n\n\n\n<hr class=\"wp-block-separator has-alpha-channel-opacity\"\/>\n\n\n\n<h3 class=\"wp-block-heading\"><strong>3. Denizli\u2019de Oto Kurtarma ve Oto \u00c7ekici Hizmetleri<\/strong><\/h3>\n\n\n\n<p>Ege\u2019nin geli\u015fmi\u015f \u015fehirlerinden biri olan Denizli, hem sanayi hem de turizm a\u00e7\u0131s\u0131ndan yo\u011fun bir ara\u00e7 sirk\u00fclasyonuna sahiptir. Bu nedenle \u015fehir genelinde ve baz\u0131 il\u00e7elerde <strong>oto kurtarma<\/strong>, <strong>oto \u00e7ekici<\/strong> ve <strong>ara\u00e7 transferi<\/strong> hizmetleri b\u00fcy\u00fck \u00f6nem ta\u015f\u0131r.<\/p>\n\n\n\n<h4 class=\"wp-block-heading\">\u00d6nemli \u0130l\u00e7eler:<\/h4>\n\n\n\n<ul class=\"wp-block-list\">\n<li><strong>Pamukkale, Merkezefendi<\/strong>: \u015eehrin merkez il\u00e7eleri olarak hem bireysel ara\u00e7 s\u00fcr\u00fcc\u00fcleri hem de ticari filolar taraf\u0131ndan yo\u011fun \u015fekilde oto kurtarma ve \u00e7ekici \u00e7a\u011fr\u0131s\u0131 yap\u0131lmaktad\u0131r.<\/li>\n\n\n\n<li><strong>Ac\u0131payam, \u00c7ivril<\/strong>: Tar\u0131m ve nakliye ara\u00e7lar\u0131n\u0131n yo\u011fun kullan\u0131ld\u0131\u011f\u0131 bu il\u00e7elerde \u00f6zellikle <strong>ara\u00e7 transferi<\/strong> ve <strong>a\u011f\u0131r vas\u0131ta kurtarma<\/strong> hizmetleri \u00f6n plana \u00e7\u0131kar.<\/li>\n\n\n\n<li><strong>Honaz<\/strong>: Denizli Organize Sanayi B\u00f6lgesi\u2019ne yak\u0131nl\u0131\u011f\u0131 nedeniyle ticari ara\u00e7lar i\u00e7in s\u0131k\u00e7a oto \u00e7ekici hizmeti sunulmaktad\u0131r.<\/li>\n<\/ul>\n\n\n\n<hr class=\"wp-block-separator has-alpha-channel-opacity\"\/>\n\n\n\n<h3 class=\"wp-block-heading\"><strong>4. Ayd\u0131n\u2019da Oto Kurtarma ve Ara\u00e7 Transferi Hizmetleri<\/strong><\/h3>\n\n\n\n<p>Ayd\u0131n, Ege\u2019nin tar\u0131m ve turizm potansiyeli y\u00fcksek illerinden biridir. \u00d6zellikle yaz aylar\u0131nda Ku\u015fadas\u0131 ve Didim gibi tatil beldelerinde <strong>oto kurtarma<\/strong> ve <strong>oto \u00e7ekici<\/strong> hizmetleri hayati \u00f6nem ta\u015f\u0131r.<\/p>\n\n\n\n<h4 class=\"wp-block-heading\">\u00d6nemli \u0130l\u00e7eler:<\/h4>\n\n\n\n<ul class=\"wp-block-list\">\n<li><strong>Ku\u015fadas\u0131, Didim<\/strong>: Tatilcilerin yo\u011fun oldu\u011fu bu b\u00f6lgelerde hem yerli hem de kiral\u0131k ara\u00e7lar i\u00e7in s\u0131k\u00e7a oto \u00e7ekici ve ara\u00e7 kurtarma \u00e7a\u011fr\u0131s\u0131 yap\u0131lmaktad\u0131r.<\/li>\n\n\n\n<li><strong>Nazilli, S\u00f6ke<\/strong>: Bu il\u00e7elerde hem tar\u0131m hem sanayi ta\u015f\u0131mac\u0131l\u0131\u011f\u0131 bulunmas\u0131, ara\u00e7 transferi ve yol yard\u0131m hizmetlerinin \u00f6nemini art\u0131rmaktad\u0131r.<\/li>\n\n\n\n<li><strong>Germencik<\/strong>: \u0130zmir-Ayd\u0131n otoyolu \u00fczerinde stratejik konumu sayesinde, yolda kalan ara\u00e7lar i\u00e7in oto kurtarma ekipleri bu b\u00f6lgede s\u00fcrekli aktiftir.<\/li>\n<\/ul>\n\n\n\n<hr class=\"wp-block-separator has-alpha-channel-opacity\"\/>\n\n\n\n<h3 class=\"wp-block-heading\"><strong>5. \u0130zmir\u2019de Oto Kurtarma, Oto \u00c7ekici ve Ara\u00e7 Transferi Hizmetleri<\/strong><\/h3>\n\n\n\n<p>Ege B\u00f6lgesi&#8217;nin en b\u00fcy\u00fck ili olan \u0130zmir, sanayi, liman, ticaret ve turizmin birle\u015fti\u011fi bir noktadad\u0131r. Bu yo\u011funluk, t\u00fcm y\u0131l boyunca y\u00fcksek bir <strong>oto kurtarma<\/strong> ve <strong>oto \u00e7ekici<\/strong> ihtiyac\u0131 do\u011furur.<\/p>\n\n\n\n<h4 class=\"wp-block-heading\">\u00d6nemli \u0130l\u00e7eler:<\/h4>\n\n\n\n<ul class=\"wp-block-list\">\n<li><strong>Konak, Kar\u015f\u0131yaka, Bornova<\/strong>: \u015eehir merkezinde s\u0131k\u0131\u015f\u0131k trafik ve ani ar\u0131za durumlar\u0131nda h\u0131zl\u0131 m\u00fcdahale i\u00e7in bu il\u00e7elerde \u00e7ekici ekipleri daima haz\u0131rd\u0131r.<\/li>\n\n\n\n<li><strong>Tire, Torbal\u0131, Alia\u011fa<\/strong>: Sanayi tesisleri ve fabrika b\u00f6lgeleriyle bilinen bu il\u00e7elerde a\u011f\u0131r vas\u0131ta ara\u00e7 transferi ve oto kurtarma hizmetleri \u00f6n plandad\u0131r.<\/li>\n\n\n\n<li><strong>\u00c7e\u015fme, Seferihisar<\/strong>: Yaz aylar\u0131nda artan n\u00fcfusla birlikte, \u00f6zel ara\u00e7lar ve karavanlar i\u00e7in oto \u00e7ekici ve yol yard\u0131m hizmetlerinde ciddi art\u0131\u015f ya\u015fan\u0131r.<\/li>\n<\/ul>\n\n\n\n<hr class=\"wp-block-separator has-alpha-channel-opacity\"\/>\n\n\n\n<h3 class=\"wp-block-heading\"><strong>Sonu\u00e7<\/strong><\/h3>\n\n\n\n<p>Ankara\u2019dan \u0130zmir\u2019e uzanan bu geni\u015f b\u00f6lgede, <strong>oto kurtarma<\/strong>, <strong>oto \u00e7ekici<\/strong> ve <strong>ara\u00e7 transferi<\/strong> hizmetleri; s\u00fcr\u00fcc\u00fclerin g\u00fcvenli\u011fini sa\u011flamak, trafi\u011fin aksamamas\u0131 ve ma\u011fduriyetlerin \u00f6nlenmesi a\u00e7\u0131s\u0131ndan b\u00fcy\u00fck bir rol oynar. \u00d6zellikle belirtti\u011fimiz \u00f6nemli il\u00e7elerde bu hizmetler, 7 g\u00fcn 24 saat, profesyonel ekipler taraf\u0131ndan sunulmakta ve s\u00fcrekli geli\u015fen teknolojiyle desteklenmektedir.<\/p>\n\n\n\n<p>Yolda kalan, ar\u0131zalanan ya da kaza yapan ara\u00e7lar i\u00e7in h\u0131zl\u0131 ve g\u00fcvenilir \u00e7\u00f6z\u00fcm arayanlar, bu b\u00f6lgelerde hizmet veren kurumsal oto kurtarma firmalar\u0131yla ileti\u015fime ge\u00e7erek zaman ve maddi kay\u0131p ya\u015famadan yollar\u0131na devam edebilirler.<\/p>\n","protected":false},"excerpt":{"rendered":"<p>T\u00fcrkiye&#8217;nin farkl\u0131 b\u00f6lgelerinde yer alan Ankara, Mu\u011fla, Denizli, Ayd\u0131n ve \u0130zmir, hem i\u00e7 turizm hem de ticaret a\u00e7\u0131s\u0131ndan \u00f6nemli iller aras\u0131nda yer al\u0131r. Bu iller, y\u0131l boyunca artan ara\u00e7 trafi\u011fi, kaza oranlar\u0131 ve yol ar\u0131zalar\u0131 nedeniyle oto kurtarma, oto \u00e7ekici ve ara\u00e7 transferi hizmetlerine yo\u011fun \u015fekilde ihtiya\u00e7 duymaktad\u0131r. Her ilde, baz\u0131 il\u00e7eler bu hizmetler a\u00e7\u0131s\u0131ndan &hellip; <\/p>\n","protected":false},"author":5,"featured_media":1033994,"parent":0,"menu_order":0,"comment_status":"closed","ping_status":"closed","template":"","meta":{"footnotes":""},"class_list":["post-1034451","page","type-page","status-publish","has-post-thumbnail","hentry"],"yoast_head":"<!-- This site is optimized with the Yoast SEO plugin v26.2 - https:\/\/yoast.com\/wordpress\/plugins\/seo\/ -->\n<title>Ege Oto Kurtarma - 05469560306 - En Uygun Oto Kurtarma<\/title>\n<meta name=\"description\" content=\"Ankara Mu\u011fla Denizli Ayd\u0131n \u0130zmir Oto Kurtarma en yak\u0131n \u00e7ekici yol yard\u0131m hizmeti en yak\u0131n \u00e7ekici kaskolu ara\u00e7 transferi\" \/>\n<meta name=\"robots\" content=\"index, follow, max-snippet:-1, max-image-preview:large, max-video-preview:-1\" \/>\n<link rel=\"canonical\" href=\"https:\/\/otofox.com\/index.php\/ankara_mugla_denizli_aydin_izmir_oto_kurtarma\/\" \/>\n<meta property=\"og:locale\" content=\"tr_TR\" \/>\n<meta property=\"og:type\" content=\"article\" \/>\n<meta property=\"og:title\" content=\"Ege Oto Kurtarma - 05469560306 - En Uygun Oto Kurtarma\" \/>\n<meta property=\"og:description\" content=\"Ankara Mu\u011fla Denizli Ayd\u0131n \u0130zmir Oto Kurtarma en yak\u0131n \u00e7ekici yol yard\u0131m hizmeti en yak\u0131n \u00e7ekici kaskolu ara\u00e7 transferi\" \/>\n<meta property=\"og:url\" content=\"https:\/\/otofox.com\/index.php\/ankara_mugla_denizli_aydin_izmir_oto_kurtarma\/\" \/>\n<meta property=\"og:site_name\" content=\"Otofox Oto Kurtarma\" \/>\n<meta property=\"article:modified_time\" content=\"2025-09-13T20:59:33+00:00\" \/>\n<meta property=\"og:image\" content=\"https:\/\/otofox.com\/wp-content\/uploads\/2024\/11\/WhatsApp-Image-2024-11-08-at-13.41.53-2.jpeg\" \/>\n\t<meta property=\"og:image:width\" content=\"1600\" \/>\n\t<meta property=\"og:image:height\" content=\"1200\" \/>\n\t<meta property=\"og:image:type\" content=\"image\/jpeg\" \/>\n<meta name=\"twitter:card\" content=\"summary_large_image\" \/>\n<meta name=\"twitter:label1\" content=\"Tahmini okuma s\u00fcresi\" \/>\n\t<meta name=\"twitter:data1\" content=\"5 dakika\" \/>\n<script type=\"application\/ld+json\" class=\"yoast-schema-graph\">{\"@context\":\"https:\/\/schema.org\",\"@graph\":[{\"@type\":\"WebPage\",\"@id\":\"https:\/\/otofox.com\/index.php\/ankara_mugla_denizli_aydin_izmir_oto_kurtarma\/\",\"url\":\"https:\/\/otofox.com\/index.php\/ankara_mugla_denizli_aydin_izmir_oto_kurtarma\/\",\"name\":\"Ege Oto Kurtarma - 05469560306 - En Uygun Oto Kurtarma\",\"isPartOf\":{\"@id\":\"https:\/\/otofox.com\/#website\"},\"primaryImageOfPage\":{\"@id\":\"https:\/\/otofox.com\/index.php\/ankara_mugla_denizli_aydin_izmir_oto_kurtarma\/#primaryimage\"},\"image\":{\"@id\":\"https:\/\/otofox.com\/index.php\/ankara_mugla_denizli_aydin_izmir_oto_kurtarma\/#primaryimage\"},\"thumbnailUrl\":\"https:\/\/otofox.com\/wp-content\/uploads\/2024\/11\/WhatsApp-Image-2024-11-08-at-13.41.53-2.jpeg\",\"datePublished\":\"2025-09-13T20:59:32+00:00\",\"dateModified\":\"2025-09-13T20:59:33+00:00\",\"description\":\"Ankara Mu\u011fla Denizli Ayd\u0131n \u0130zmir Oto Kurtarma en yak\u0131n \u00e7ekici yol yard\u0131m hizmeti en yak\u0131n \u00e7ekici kaskolu ara\u00e7 transferi\",\"breadcrumb\":{\"@id\":\"https:\/\/otofox.com\/index.php\/ankara_mugla_denizli_aydin_izmir_oto_kurtarma\/#breadcrumb\"},\"inLanguage\":\"tr\",\"potentialAction\":[{\"@type\":\"ReadAction\",\"target\":[\"https:\/\/otofox.com\/index.php\/ankara_mugla_denizli_aydin_izmir_oto_kurtarma\/\"]}]},{\"@type\":\"ImageObject\",\"inLanguage\":\"tr\",\"@id\":\"https:\/\/otofox.com\/index.php\/ankara_mugla_denizli_aydin_izmir_oto_kurtarma\/#primaryimage\",\"url\":\"https:\/\/otofox.com\/wp-content\/uploads\/2024\/11\/WhatsApp-Image-2024-11-08-at-13.41.53-2.jpeg\",\"contentUrl\":\"https:\/\/otofox.com\/wp-content\/uploads\/2024\/11\/WhatsApp-Image-2024-11-08-at-13.41.53-2.jpeg\",\"width\":1600,\"height\":1200,\"caption\":\"Cankurtaran oto kurtarma, oto kurtarma hizmeti, ara\u00e7 \u00e7ekme, 7\/24 oto kurtarma, yol yard\u0131m\u0131, ara\u00e7 kurtarma, oto \u00e7ekici, acil oto kurtarma, oto kurtarma \u015firketi, yolda kalma, ara\u00e7 ar\u0131zas\u0131, lastik de\u011fi\u015fimi, ak\u00fc takviyesi, motor ar\u0131zas\u0131, kaza sonras\u0131 kurtarma, oto kurtarma fiyatlar\u0131, oto kurtarma firmas\u0131, oto \u00e7ekici hizmeti, h\u0131zl\u0131 oto kurtarma, g\u00fcvenli ara\u00e7 ta\u015f\u0131ma, ara\u00e7 ta\u015f\u0131ma, oto kurtarma servisi, oto kurtarma hizmeti, acil yol yard\u0131m\u0131, oto kurtarma destek, ara\u00e7 yolda kald\u0131, oto kurtarma ekibi.\"},{\"@type\":\"BreadcrumbList\",\"@id\":\"https:\/\/otofox.com\/index.php\/ankara_mugla_denizli_aydin_izmir_oto_kurtarma\/#breadcrumb\",\"itemListElement\":[{\"@type\":\"ListItem\",\"position\":1,\"name\":\"Anasayfa\",\"item\":\"https:\/\/otofox.com\/\"},{\"@type\":\"ListItem\",\"position\":2,\"name\":\"Ankara, Mu\u011fla, Denizli, Ayd\u0131n ve \u0130zmir\u2019de Oto Kurtarma, Oto \u00c7ekici ve Ara\u00e7 Transferi Hizmetleri\"}]},{\"@type\":\"WebSite\",\"@id\":\"https:\/\/otofox.com\/#website\",\"url\":\"https:\/\/otofox.com\/\",\"name\":\"Otofox Oto Kurtarma\",\"description\":\"En Yak\u0131n Oto Kurtarma\",\"publisher\":{\"@id\":\"https:\/\/otofox.com\/#organization\"},\"potentialAction\":[{\"@type\":\"SearchAction\",\"target\":{\"@type\":\"EntryPoint\",\"urlTemplate\":\"https:\/\/otofox.com\/?s={search_term_string}\"},\"query-input\":{\"@type\":\"PropertyValueSpecification\",\"valueRequired\":true,\"valueName\":\"search_term_string\"}}],\"inLanguage\":\"tr\"},{\"@type\":\"Organization\",\"@id\":\"https:\/\/otofox.com\/#organization\",\"name\":\"Otofox Oto Kurtarma\",\"url\":\"https:\/\/otofox.com\/\",\"logo\":{\"@type\":\"ImageObject\",\"inLanguage\":\"tr\",\"@id\":\"https:\/\/otofox.com\/#\/schema\/logo\/image\/\",\"url\":\"https:\/\/otofox.com\/wp-content\/uploads\/2024\/03\/cropped-otofoxlogo.png\",\"contentUrl\":\"https:\/\/otofox.com\/wp-content\/uploads\/2024\/03\/cropped-otofoxlogo.png\",\"width\":125,\"height\":20,\"caption\":\"Otofox Oto Kurtarma\"},\"image\":{\"@id\":\"https:\/\/otofox.com\/#\/schema\/logo\/image\/\"}}]}<\/script>\n<!-- \/ Yoast SEO plugin. -->","yoast_head_json":{"title":"Ege Oto Kurtarma - 05469560306 - En Uygun Oto Kurtarma","description":"Ankara Mu\u011fla Denizli Ayd\u0131n \u0130zmir Oto Kurtarma en yak\u0131n \u00e7ekici yol yard\u0131m hizmeti en yak\u0131n \u00e7ekici kaskolu ara\u00e7 transferi","robots":{"index":"index","follow":"follow","max-snippet":"max-snippet:-1","max-image-preview":"max-image-preview:large","max-video-preview":"max-video-preview:-1"},"canonical":"https:\/\/otofox.com\/index.php\/ankara_mugla_denizli_aydin_izmir_oto_kurtarma\/","og_locale":"tr_TR","og_type":"article","og_title":"Ege Oto Kurtarma - 05469560306 - En Uygun Oto Kurtarma","og_description":"Ankara Mu\u011fla Denizli Ayd\u0131n \u0130zmir Oto Kurtarma en yak\u0131n \u00e7ekici yol yard\u0131m hizmeti en yak\u0131n \u00e7ekici kaskolu ara\u00e7 transferi","og_url":"https:\/\/otofox.com\/index.php\/ankara_mugla_denizli_aydin_izmir_oto_kurtarma\/","og_site_name":"Otofox Oto Kurtarma","article_modified_time":"2025-09-13T20:59:33+00:00","og_image":[{"width":1600,"height":1200,"url":"https:\/\/otofox.com\/wp-content\/uploads\/2024\/11\/WhatsApp-Image-2024-11-08-at-13.41.53-2.jpeg","type":"image\/jpeg"}],"twitter_card":"summary_large_image","twitter_misc":{"Tahmini okuma s\u00fcresi":"5 dakika"},"schema":{"@context":"https:\/\/schema.org","@graph":[{"@type":"WebPage","@id":"https:\/\/otofox.com\/index.php\/ankara_mugla_denizli_aydin_izmir_oto_kurtarma\/","url":"https:\/\/otofox.com\/index.php\/ankara_mugla_denizli_aydin_izmir_oto_kurtarma\/","name":"Ege Oto Kurtarma - 05469560306 - En Uygun Oto Kurtarma","isPartOf":{"@id":"https:\/\/otofox.com\/#website"},"primaryImageOfPage":{"@id":"https:\/\/otofox.com\/index.php\/ankara_mugla_denizli_aydin_izmir_oto_kurtarma\/#primaryimage"},"image":{"@id":"https:\/\/otofox.com\/index.php\/ankara_mugla_denizli_aydin_izmir_oto_kurtarma\/#primaryimage"},"thumbnailUrl":"https:\/\/otofox.com\/wp-content\/uploads\/2024\/11\/WhatsApp-Image-2024-11-08-at-13.41.53-2.jpeg","datePublished":"2025-09-13T20:59:32+00:00","dateModified":"2025-09-13T20:59:33+00:00","description":"Ankara Mu\u011fla Denizli Ayd\u0131n \u0130zmir Oto Kurtarma en yak\u0131n \u00e7ekici yol yard\u0131m hizmeti en yak\u0131n \u00e7ekici kaskolu ara\u00e7 transferi","breadcrumb":{"@id":"https:\/\/otofox.com\/index.php\/ankara_mugla_denizli_aydin_izmir_oto_kurtarma\/#breadcrumb"},"inLanguage":"tr","potentialAction":[{"@type":"ReadAction","target":["https:\/\/otofox.com\/index.php\/ankara_mugla_denizli_aydin_izmir_oto_kurtarma\/"]}]},{"@type":"ImageObject","inLanguage":"tr","@id":"https:\/\/otofox.com\/index.php\/ankara_mugla_denizli_aydin_izmir_oto_kurtarma\/#primaryimage","url":"https:\/\/otofox.com\/wp-content\/uploads\/2024\/11\/WhatsApp-Image-2024-11-08-at-13.41.53-2.jpeg","contentUrl":"https:\/\/otofox.com\/wp-content\/uploads\/2024\/11\/WhatsApp-Image-2024-11-08-at-13.41.53-2.jpeg","width":1600,"height":1200,"caption":"Cankurtaran oto kurtarma, oto kurtarma hizmeti, ara\u00e7 \u00e7ekme, 7\/24 oto kurtarma, yol yard\u0131m\u0131, ara\u00e7 kurtarma, oto \u00e7ekici, acil oto kurtarma, oto kurtarma \u015firketi, yolda kalma, ara\u00e7 ar\u0131zas\u0131, lastik de\u011fi\u015fimi, ak\u00fc takviyesi, motor ar\u0131zas\u0131, kaza sonras\u0131 kurtarma, oto kurtarma fiyatlar\u0131, oto kurtarma firmas\u0131, oto \u00e7ekici hizmeti, h\u0131zl\u0131 oto kurtarma, g\u00fcvenli ara\u00e7 ta\u015f\u0131ma, ara\u00e7 ta\u015f\u0131ma, oto kurtarma servisi, oto kurtarma hizmeti, acil yol yard\u0131m\u0131, oto kurtarma destek, ara\u00e7 yolda kald\u0131, oto kurtarma ekibi."},{"@type":"BreadcrumbList","@id":"https:\/\/otofox.com\/index.php\/ankara_mugla_denizli_aydin_izmir_oto_kurtarma\/#breadcrumb","itemListElement":[{"@type":"ListItem","position":1,"name":"Anasayfa","item":"https:\/\/otofox.com\/"},{"@type":"ListItem","position":2,"name":"Ankara, Mu\u011fla, Denizli, Ayd\u0131n ve \u0130zmir\u2019de Oto Kurtarma, Oto \u00c7ekici ve Ara\u00e7 Transferi Hizmetleri"}]},{"@type":"WebSite","@id":"https:\/\/otofox.com\/#website","url":"https:\/\/otofox.com\/","name":"Otofox Oto Kurtarma","description":"En Yak\u0131n Oto Kurtarma","publisher":{"@id":"https:\/\/otofox.com\/#organization"},"potentialAction":[{"@type":"SearchAction","target":{"@type":"EntryPoint","urlTemplate":"https:\/\/otofox.com\/?s={search_term_string}"},"query-input":{"@type":"PropertyValueSpecification","valueRequired":true,"valueName":"search_term_string"}}],"inLanguage":"tr"},{"@type":"Organization","@id":"https:\/\/otofox.com\/#organization","name":"Otofox Oto Kurtarma","url":"https:\/\/otofox.com\/","logo":{"@type":"ImageObject","inLanguage":"tr","@id":"https:\/\/otofox.com\/#\/schema\/logo\/image\/","url":"https:\/\/otofox.com\/wp-content\/uploads\/2024\/03\/cropped-otofoxlogo.png","contentUrl":"https:\/\/otofox.com\/wp-content\/uploads\/2024\/03\/cropped-otofoxlogo.png","width":125,"height":20,"caption":"Otofox Oto Kurtarma"},"image":{"@id":"https:\/\/otofox.com\/#\/schema\/logo\/image\/"}}]}},"_links":{"self":[{"href":"https:\/\/otofox.com\/index.php\/wp-json\/wp\/v2\/pages\/1034451","targetHints":{"allow":["GET"]}}],"collection":[{"href":"https:\/\/otofox.com\/index.php\/wp-json\/wp\/v2\/pages"}],"about":[{"href":"https:\/\/otofox.com\/index.php\/wp-json\/wp\/v2\/types\/page"}],"author":[{"embeddable":true,"href":"https:\/\/otofox.com\/index.php\/wp-json\/wp\/v2\/users\/5"}],"replies":[{"embeddable":true,"href":"https:\/\/otofox.com\/index.php\/wp-json\/wp\/v2\/comments?post=1034451"}],"version-history":[{"count":1,"href":"https:\/\/otofox.com\/index.php\/wp-json\/wp\/v2\/pages\/1034451\/revisions"}],"predecessor-version":[{"id":1034452,"href":"https:\/\/otofox.com\/index.php\/wp-json\/wp\/v2\/pages\/1034451\/revisions\/1034452"}],"wp:featuredmedia":[{"embeddable":true,"href":"https:\/\/otofox.com\/index.php\/wp-json\/wp\/v2\/media\/1033994"}],"wp:attachment":[{"href":"https:\/\/otofox.com\/index.php\/wp-json\/wp\/v2\/media?parent=1034451"}],"curies":[{"name":"wp","href":"https:\/\/api.w.org\/{rel}","templated":true}]}}