{"id":1034566,"date":"2025-09-19T11:08:53","date_gmt":"2025-09-19T11:08:53","guid":{"rendered":"https:\/\/otofox.com\/?page_id=1034566"},"modified":"2025-10-03T11:20:38","modified_gmt":"2025-10-03T11:20:38","slug":"altindag_oto_kurtarma","status":"publish","type":"page","link":"https:\/\/otofox.com\/index.php\/altindag_oto_kurtarma\/","title":{"rendered":"Alt\u0131nda\u011f Oto Kurtarma: Ankara&#8217;n\u0131n Kalbinde 38 Mahalleye H\u0131zl\u0131 ve G\u00fcvenilir Yol Yard\u0131m\u0131"},"content":{"rendered":"\n<p>Ankara\u2019n\u0131n tarihi dokusunu modern ya\u015famla harmanlayan il\u00e7esi <strong>Alt\u0131nda\u011f<\/strong>, hem yo\u011fun \u015fehir trafi\u011fi hem de s\u00fcrekli geli\u015fen yerle\u015fim b\u00f6lgeleriyle oto kurtarma hizmetlerine olan ihtiyac\u0131 her ge\u00e7en g\u00fcn art\u0131rmaktad\u0131r. S\u00fcr\u00fcc\u00fcler i\u00e7in beklenmedik ar\u0131zalar, kazalar ya da ak\u00fc sorunlar\u0131 gibi durumlar can s\u0131k\u0131c\u0131 olabilir. Ancak Alt\u0131nda\u011f\u2019\u0131n t\u00fcm mahallelerine yay\u0131lm\u0131\u015f profesyonel ekiplerle, bu sorunlar\u0131 en k\u0131sa s\u00fcrede \u00e7\u00f6z\u00fcme ula\u015ft\u0131rmak m\u00fcmk\u00fcn.<\/p>\n\n\n\n<p><strong>Alt\u0131nda\u011f oto kurtarma hizmetleri<\/strong>, 7 g\u00fcn 24 saat boyunca her mahallede aktif olarak hizmet verirken; sadece ara\u00e7 \u00e7ekmekle kalmaz, ayn\u0131 zamanda s\u00fcr\u00fcc\u00fclerin g\u00fcvenli\u011fini ve ara\u00e7lar\u0131n sa\u011fl\u0131kl\u0131 bir \u015fekilde ta\u015f\u0131nmas\u0131n\u0131 da garanti eder.<\/p>\n\n\n\n<hr class=\"wp-block-separator has-alpha-channel-opacity\"\/>\n\n\n\n<h3 class=\"wp-block-heading\">Hizmet Verilen Mahalleler<\/h3>\n\n\n\n<p>Alt\u0131nda\u011f\u2019da hizmet alan\u0131m\u0131z, il\u00e7eye ba\u011fl\u0131 <strong>38 mahallenin tamam\u0131n\u0131<\/strong> kapsamaktad\u0131r. Her mahalleye \u00f6zel ekiplerimiz, k\u0131sa s\u00fcrede bulundu\u011funuz lokasyona ula\u015farak en h\u0131zl\u0131 \u00e7\u00f6z\u00fcm\u00fc sunar:<\/p>\n\n\n\n<ul class=\"wp-block-list\">\n<li><strong>Akta\u015f oto kurtarma<\/strong><\/li>\n\n\n\n<li><strong>At\u0131fbey oto kurtarma<\/strong><\/li>\n\n\n\n<li><strong>Ayd\u0131nc\u0131k oto kurtarma<\/strong><\/li>\n\n\n\n<li><strong>Gicik oto kurtarma<\/strong><\/li>\n\n\n\n<li><strong>G\u00fcltepe oto kurtarma<\/strong><\/li>\n\n\n\n<li><strong>Karaca\u00f6ren oto kurtarma<\/strong><\/li>\n\n\n\n<li><strong>Kavakl\u0131 oto kurtarma<\/strong><\/li>\n\n\n\n<li><strong>Pe\u00e7enek oto kurtarma<\/strong><\/li>\n\n\n\n<li><strong>Plevne oto kurtarma<\/strong><\/li>\n\n\n\n<li><strong>Solfasol oto kurtarma<\/strong><\/li>\n\n\n\n<li><strong>Tatlar oto kurtarma<\/strong><\/li>\n\n\n\n<li><strong>Ayd\u0131nlikevler oto kurtarma<\/strong><\/li>\n\n\n\n<li><strong>Y\u0131ld\u0131r\u0131m Beyaz\u0131t oto kurtarma<\/strong><\/li>\n\n\n\n<li><strong>Ziraat oto kurtarma<\/strong><\/li>\n\n\n\n<li><strong>Ali Ersoy oto kurtarma<\/strong><\/li>\n\n\n\n<li><strong>Alt\u0131npark oto kurtarma<\/strong><\/li>\n\n\n\n<li><strong>Ba\u011flari\u00e7i oto kurtarma<\/strong><\/li>\n\n\n\n<li><strong>Baraj oto kurtarma<\/strong><\/li>\n\n\n\n<li><strong>Do\u011fantepe oto kurtarma<\/strong><\/li>\n\n\n\n<li><strong>Do\u011fu oto kurtarma<\/strong><\/li>\n\n\n\n<li><strong>G\u00fclp\u0131nar oto kurtarma<\/strong><\/li>\n\n\n\n<li><strong>G\u00fcne\u015fevler oto kurtarma<\/strong><\/li>\n\n\n\n<li><strong>Y\u0131ld\u0131ztepe oto kurtarma<\/strong><\/li>\n\n\n\n<li><strong>Z\u00fcbeyde Han\u0131m oto kurtarma<\/strong><\/li>\n\n\n\n<li><strong>Hacettepe oto kurtarma<\/strong><\/li>\n\n\n\n<li><strong>Kale oto kurtarma<\/strong><\/li>\n\n\n\n<li><strong>Sakarya oto kurtarma<\/strong><\/li>\n\n\n\n<li><strong>\u00d6rnek oto kurtarma<\/strong><\/li>\n\n\n\n<li><strong>Ba\u015fp\u0131nar oto kurtarma<\/strong><\/li>\n\n\n\n<li><strong>Battalgazi oto kurtarma<\/strong><\/li>\n\n\n\n<li><strong>Be\u015fikkaya oto kurtarma<\/strong><\/li>\n\n\n\n<li><strong>\u00c7aml\u0131k oto kurtarma<\/strong><\/li>\n\n\n\n<li><strong>Feridun \u00c7elik oto kurtarma<\/strong><\/li>\n\n\n\n<li><strong>Karap\u00fcr\u00e7ek oto kurtarma<\/strong><\/li>\n\n\n\n<li><strong>\u00d6nder oto kurtarma<\/strong><\/li>\n\n\n\n<li><strong>Ulubey oto kurtarma<\/strong><\/li>\n\n\n\n<li><strong>Anafartalar oto kurtarma<\/strong><\/li>\n\n\n\n<li><strong>Hac\u0131 Bayram oto kurtarma<\/strong><\/li>\n<\/ul>\n\n\n\n<hr class=\"wp-block-separator has-alpha-channel-opacity\"\/>\n\n\n\n<h3 class=\"wp-block-heading\">Neden Alt\u0131nda\u011f Oto Kurtarma Hizmeti?<\/h3>\n\n\n\n<p>Her oto kurtarma firmas\u0131 ara\u00e7 \u00e7eker; fakat <strong>iyi bir oto kurtarma firmas\u0131<\/strong>, zaman\u0131nda gelir, arac\u0131n\u0131za zarar vermez, sizi ma\u011fdur etmez ve uygun fiyatla hizmet sunar. Biz, Alt\u0131nda\u011f b\u00f6lgesinde bu kalite standartlar\u0131n\u0131 kar\u015f\u0131lamak i\u00e7in yola \u00e7\u0131kt\u0131k.<\/p>\n\n\n\n<p><strong>Avantajlar\u0131m\u0131z:<\/strong><\/p>\n\n\n\n<ul class=\"wp-block-list\">\n<li>\ud83d\udea8 <strong>7\/24 Acil M\u00fcdahale:<\/strong> Gece ya da g\u00fcnd\u00fcz fark etmeksizin, ihtiyac\u0131n\u0131z oldu\u011fu anda yan\u0131n\u0131zday\u0131z.<\/li>\n\n\n\n<li>\u23f1 <strong>Dakik M\u00fcdahale S\u00fcresi:<\/strong> Alt\u0131nda\u011f\u2019\u0131n t\u00fcm mahallelerine h\u0131zl\u0131 ula\u015f\u0131m i\u00e7in mahalle bazl\u0131 ekip konu\u015fland\u0131rmas\u0131.<\/li>\n\n\n\n<li>\ud83d\udee0 <strong>Donan\u0131ml\u0131 Ara\u00e7 Filosu:<\/strong> \u00c7ekici, vin\u00e7, oto kurtar\u0131c\u0131 ve yol yard\u0131m ara\u00e7lar\u0131 modern ekipmanlarla donat\u0131lm\u0131\u015ft\u0131r.<\/li>\n\n\n\n<li>\ud83d\udc77\u200d\u2642\ufe0f <strong>Uzman Personel:<\/strong> E\u011fitimli ve tecr\u00fcbeli personel ile hasars\u0131z kurtarma garantisi.<\/li>\n\n\n\n<li>\ud83d\udcb0 <strong>\u015eeffaf ve Uygun Fiyatland\u0131rma:<\/strong> S\u00fcrpriz \u00fccretler yok! \u00d6nceden bilgilendirme ile g\u00fcvenli hizmet.<\/li>\n<\/ul>\n\n\n\n<hr class=\"wp-block-separator has-alpha-channel-opacity\"\/>\n\n\n\n<h3 class=\"wp-block-heading\">Hizmet Kapsam\u0131<\/h3>\n\n\n\n<p>Alt\u0131nda\u011f oto kurtarma hizmeti sadece \u00e7ekici ile s\u0131n\u0131rl\u0131 de\u011fildir. A\u015fa\u011f\u0131daki hizmetlerimizle her duruma \u00e7\u00f6z\u00fcm sunuyoruz:<\/p>\n\n\n\n<ul class=\"wp-block-list\">\n<li><strong>Ar\u0131za veya kaza sonras\u0131 ara\u00e7 \u00e7ekme<\/strong><\/li>\n\n\n\n<li><strong>Yolda kalan ara\u00e7lara ak\u00fc deste\u011fi veya lastik de\u011fi\u015fimi<\/strong><\/li>\n\n\n\n<li><strong>Ara\u00e7 kilit sistemi sorunlar\u0131nda destek<\/strong><\/li>\n\n\n\n<li><strong>Otoparka veya servise ara\u00e7 ta\u015f\u0131ma<\/strong><\/li>\n\n\n\n<li><strong>\u015eehir i\u00e7i ve \u015fehir d\u0131\u015f\u0131 oto ta\u015f\u0131ma ve sevkiyat<\/strong><\/li>\n\n\n\n<li><strong>Vin\u00e7li kurtarma ve ara\u00e7 kald\u0131rma hizmeti<\/strong><\/li>\n<\/ul>\n\n\n\n<hr class=\"wp-block-separator has-alpha-channel-opacity\"\/>\n\n\n\n<h3 class=\"wp-block-heading\">Kimler Tercih Etmeli?<\/h3>\n\n\n\n<ul class=\"wp-block-list\">\n<li>Yolda kalan bireysel ara\u00e7 sahipleri<\/li>\n\n\n\n<li>Kaza yapan s\u00fcr\u00fcc\u00fcler<\/li>\n\n\n\n<li>Taksi, servis, minib\u00fcs ve filo ara\u00e7 sahipleri<\/li>\n\n\n\n<li>Oto galeriler ve sigorta \u015firketleri<\/li>\n\n\n\n<li>\u015eirket ara\u00e7lar\u0131 ve hafif ticari ara\u00e7 kullan\u0131c\u0131lar\u0131<\/li>\n<\/ul>\n\n\n\n<hr class=\"wp-block-separator has-alpha-channel-opacity\"\/>\n\n\n\n<h3 class=\"wp-block-heading\">Alt\u0131nda\u011f\u2019da G\u00fcvendi\u011finiz Oto Kurtarma Ekibiniz<\/h3>\n\n\n\n<p>Alt\u0131nda\u011f\u2019\u0131n mahallelerinde ya\u015fam her zaman hareketlidir. Gecenin bir yar\u0131s\u0131 Kale Mahallesi\u2019nde ya da yo\u011fun bir i\u015f g\u00fcn\u00fc G\u00fcltepe\u2019de arac\u0131n\u0131z ar\u0131za yapt\u0131ysa, size bir telefon kadar yak\u0131n\u0131z.<\/p>\n\n\n\n<p><strong>Alt\u0131nda\u011f oto kurtarma<\/strong> olarak, sadece arac\u0131n\u0131z\u0131 de\u011fil, ayn\u0131 zamanda g\u00fcvenli\u011finizi ve zaman\u0131n\u0131z\u0131 da \u00f6nemsiyoruz. 38 mahallede yayg\u0131n a\u011f\u0131m\u0131z ve deneyimli ekiplerimizle, \u201cyolda kalmak\u201d art\u0131k bir sorun de\u011fil.<\/p>\n\n\n\n<hr class=\"wp-block-separator has-alpha-channel-opacity\"\/>\n\n\n\n<h3 class=\"wp-block-heading\">Bize Ula\u015f\u0131n<\/h3>\n\n\n\n<p>Acil yol yard\u0131m ve oto kurtarma i\u00e7in:<br>\ud83d\udcde <a href=\"tel:05469560306\">05469560306<\/a><br>\ud83c\udf10 <a href=\"http:\/\/www.otofox.com\">http:\/\/www.otofox.com<\/a><br>\ud83d\udccd Alt\u0131nda\u011f, Ankara<\/p>\n","protected":false},"excerpt":{"rendered":"<p>Ankara\u2019n\u0131n tarihi dokusunu modern ya\u015famla harmanlayan il\u00e7esi Alt\u0131nda\u011f, hem yo\u011fun \u015fehir trafi\u011fi hem de s\u00fcrekli geli\u015fen yerle\u015fim b\u00f6lgeleriyle oto kurtarma hizmetlerine olan ihtiyac\u0131 her ge\u00e7en g\u00fcn art\u0131rmaktad\u0131r. S\u00fcr\u00fcc\u00fcler i\u00e7in beklenmedik ar\u0131zalar, kazalar ya da ak\u00fc sorunlar\u0131 gibi durumlar can s\u0131k\u0131c\u0131 olabilir. Ancak Alt\u0131nda\u011f\u2019\u0131n t\u00fcm mahallelerine yay\u0131lm\u0131\u015f profesyonel ekiplerle, bu sorunlar\u0131 en k\u0131sa s\u00fcrede \u00e7\u00f6z\u00fcme ula\u015ft\u0131rmak &hellip; <\/p>\n","protected":false},"author":5,"featured_media":1034488,"parent":0,"menu_order":0,"comment_status":"closed","ping_status":"closed","template":"elementor_canvas","meta":{"footnotes":""},"class_list":["post-1034566","page","type-page","status-publish","has-post-thumbnail","hentry"],"yoast_head":"<!-- This site is optimized with the Yoast SEO plugin v26.2 - https:\/\/yoast.com\/wordpress\/plugins\/seo\/ -->\n<title>Alt\u0131nda\u011f Oto Kurtarma - En Uygun Oto Kurtarma - 05469560306<\/title>\n<meta name=\"description\" content=\"Alt\u0131nda\u011f Oto Kurtarma en yak\u0131n \u00e7ekici yol yard\u0131m hizmet en yak\u0131n tamirci kaza ve ar\u0131za an\u0131nda \u00e7ekici kaskolu ara\u00e7 ta\u015f\u0131ma HEMEN ARA\" \/>\n<meta name=\"robots\" content=\"index, follow, max-snippet:-1, max-image-preview:large, max-video-preview:-1\" \/>\n<link rel=\"canonical\" href=\"https:\/\/otofox.com\/index.php\/altindag_oto_kurtarma\/\" \/>\n<meta property=\"og:locale\" content=\"tr_TR\" \/>\n<meta property=\"og:type\" content=\"article\" \/>\n<meta property=\"og:title\" content=\"Alt\u0131nda\u011f Oto Kurtarma - En Uygun Oto Kurtarma - 05469560306\" \/>\n<meta property=\"og:description\" content=\"Alt\u0131nda\u011f Oto Kurtarma en yak\u0131n \u00e7ekici yol yard\u0131m hizmet en yak\u0131n tamirci kaza ve ar\u0131za an\u0131nda \u00e7ekici kaskolu ara\u00e7 ta\u015f\u0131ma HEMEN ARA\" \/>\n<meta property=\"og:url\" content=\"https:\/\/otofox.com\/index.php\/altindag_oto_kurtarma\/\" \/>\n<meta property=\"og:site_name\" content=\"Otofox Oto Kurtarma\" \/>\n<meta property=\"article:modified_time\" content=\"2025-10-03T11:20:38+00:00\" \/>\n<meta property=\"og:image\" content=\"https:\/\/otofox.com\/wp-content\/uploads\/2025\/09\/ankara_bodrum_mugla_oto_kurtarma.jpg\" \/>\n\t<meta property=\"og:image:width\" content=\"2048\" \/>\n\t<meta property=\"og:image:height\" content=\"1536\" \/>\n\t<meta property=\"og:image:type\" content=\"image\/jpeg\" \/>\n<meta name=\"twitter:card\" content=\"summary_large_image\" \/>\n<meta name=\"twitter:label1\" content=\"Tahmini okuma s\u00fcresi\" \/>\n\t<meta name=\"twitter:data1\" content=\"4 dakika\" \/>\n<script type=\"application\/ld+json\" class=\"yoast-schema-graph\">{\"@context\":\"https:\/\/schema.org\",\"@graph\":[{\"@type\":\"WebPage\",\"@id\":\"https:\/\/otofox.com\/index.php\/altindag_oto_kurtarma\/\",\"url\":\"https:\/\/otofox.com\/index.php\/altindag_oto_kurtarma\/\",\"name\":\"Alt\u0131nda\u011f Oto Kurtarma - En Uygun Oto Kurtarma - 05469560306\",\"isPartOf\":{\"@id\":\"https:\/\/otofox.com\/#website\"},\"primaryImageOfPage\":{\"@id\":\"https:\/\/otofox.com\/index.php\/altindag_oto_kurtarma\/#primaryimage\"},\"image\":{\"@id\":\"https:\/\/otofox.com\/index.php\/altindag_oto_kurtarma\/#primaryimage\"},\"thumbnailUrl\":\"https:\/\/otofox.com\/wp-content\/uploads\/2025\/09\/ankara_bodrum_mugla_oto_kurtarma.jpg\",\"datePublished\":\"2025-09-19T11:08:53+00:00\",\"dateModified\":\"2025-10-03T11:20:38+00:00\",\"description\":\"Alt\u0131nda\u011f Oto Kurtarma en yak\u0131n \u00e7ekici yol yard\u0131m hizmet en yak\u0131n tamirci kaza ve ar\u0131za an\u0131nda \u00e7ekici kaskolu ara\u00e7 ta\u015f\u0131ma HEMEN ARA\",\"breadcrumb\":{\"@id\":\"https:\/\/otofox.com\/index.php\/altindag_oto_kurtarma\/#breadcrumb\"},\"inLanguage\":\"tr\",\"potentialAction\":[{\"@type\":\"ReadAction\",\"target\":[\"https:\/\/otofox.com\/index.php\/altindag_oto_kurtarma\/\"]}]},{\"@type\":\"ImageObject\",\"inLanguage\":\"tr\",\"@id\":\"https:\/\/otofox.com\/index.php\/altindag_oto_kurtarma\/#primaryimage\",\"url\":\"https:\/\/otofox.com\/wp-content\/uploads\/2025\/09\/ankara_bodrum_mugla_oto_kurtarma.jpg\",\"contentUrl\":\"https:\/\/otofox.com\/wp-content\/uploads\/2025\/09\/ankara_bodrum_mugla_oto_kurtarma.jpg\",\"width\":2048,\"height\":1536},{\"@type\":\"BreadcrumbList\",\"@id\":\"https:\/\/otofox.com\/index.php\/altindag_oto_kurtarma\/#breadcrumb\",\"itemListElement\":[{\"@type\":\"ListItem\",\"position\":1,\"name\":\"Anasayfa\",\"item\":\"https:\/\/otofox.com\/\"},{\"@type\":\"ListItem\",\"position\":2,\"name\":\"Alt\u0131nda\u011f Oto Kurtarma: Ankara&#8217;n\u0131n Kalbinde 38 Mahalleye H\u0131zl\u0131 ve G\u00fcvenilir Yol Yard\u0131m\u0131\"}]},{\"@type\":\"WebSite\",\"@id\":\"https:\/\/otofox.com\/#website\",\"url\":\"https:\/\/otofox.com\/\",\"name\":\"Otofox Oto Kurtarma\",\"description\":\"En Yak\u0131n Oto Kurtarma\",\"publisher\":{\"@id\":\"https:\/\/otofox.com\/#organization\"},\"potentialAction\":[{\"@type\":\"SearchAction\",\"target\":{\"@type\":\"EntryPoint\",\"urlTemplate\":\"https:\/\/otofox.com\/?s={search_term_string}\"},\"query-input\":{\"@type\":\"PropertyValueSpecification\",\"valueRequired\":true,\"valueName\":\"search_term_string\"}}],\"inLanguage\":\"tr\"},{\"@type\":\"Organization\",\"@id\":\"https:\/\/otofox.com\/#organization\",\"name\":\"Otofox Oto Kurtarma\",\"url\":\"https:\/\/otofox.com\/\",\"logo\":{\"@type\":\"ImageObject\",\"inLanguage\":\"tr\",\"@id\":\"https:\/\/otofox.com\/#\/schema\/logo\/image\/\",\"url\":\"https:\/\/otofox.com\/wp-content\/uploads\/2024\/03\/cropped-otofoxlogo.png\",\"contentUrl\":\"https:\/\/otofox.com\/wp-content\/uploads\/2024\/03\/cropped-otofoxlogo.png\",\"width\":125,\"height\":20,\"caption\":\"Otofox Oto Kurtarma\"},\"image\":{\"@id\":\"https:\/\/otofox.com\/#\/schema\/logo\/image\/\"}}]}<\/script>\n<!-- \/ Yoast SEO plugin. -->","yoast_head_json":{"title":"Alt\u0131nda\u011f Oto Kurtarma - En Uygun Oto Kurtarma - 05469560306","description":"Alt\u0131nda\u011f Oto Kurtarma en yak\u0131n \u00e7ekici yol yard\u0131m hizmet en yak\u0131n tamirci kaza ve ar\u0131za an\u0131nda \u00e7ekici kaskolu ara\u00e7 ta\u015f\u0131ma HEMEN ARA","robots":{"index":"index","follow":"follow","max-snippet":"max-snippet:-1","max-image-preview":"max-image-preview:large","max-video-preview":"max-video-preview:-1"},"canonical":"https:\/\/otofox.com\/index.php\/altindag_oto_kurtarma\/","og_locale":"tr_TR","og_type":"article","og_title":"Alt\u0131nda\u011f Oto Kurtarma - En Uygun Oto Kurtarma - 05469560306","og_description":"Alt\u0131nda\u011f Oto Kurtarma en yak\u0131n \u00e7ekici yol yard\u0131m hizmet en yak\u0131n tamirci kaza ve ar\u0131za an\u0131nda \u00e7ekici kaskolu ara\u00e7 ta\u015f\u0131ma HEMEN ARA","og_url":"https:\/\/otofox.com\/index.php\/altindag_oto_kurtarma\/","og_site_name":"Otofox Oto Kurtarma","article_modified_time":"2025-10-03T11:20:38+00:00","og_image":[{"width":2048,"height":1536,"url":"https:\/\/otofox.com\/wp-content\/uploads\/2025\/09\/ankara_bodrum_mugla_oto_kurtarma.jpg","type":"image\/jpeg"}],"twitter_card":"summary_large_image","twitter_misc":{"Tahmini okuma s\u00fcresi":"4 dakika"},"schema":{"@context":"https:\/\/schema.org","@graph":[{"@type":"WebPage","@id":"https:\/\/otofox.com\/index.php\/altindag_oto_kurtarma\/","url":"https:\/\/otofox.com\/index.php\/altindag_oto_kurtarma\/","name":"Alt\u0131nda\u011f Oto Kurtarma - En Uygun Oto Kurtarma - 05469560306","isPartOf":{"@id":"https:\/\/otofox.com\/#website"},"primaryImageOfPage":{"@id":"https:\/\/otofox.com\/index.php\/altindag_oto_kurtarma\/#primaryimage"},"image":{"@id":"https:\/\/otofox.com\/index.php\/altindag_oto_kurtarma\/#primaryimage"},"thumbnailUrl":"https:\/\/otofox.com\/wp-content\/uploads\/2025\/09\/ankara_bodrum_mugla_oto_kurtarma.jpg","datePublished":"2025-09-19T11:08:53+00:00","dateModified":"2025-10-03T11:20:38+00:00","description":"Alt\u0131nda\u011f Oto Kurtarma en yak\u0131n \u00e7ekici yol yard\u0131m hizmet en yak\u0131n tamirci kaza ve ar\u0131za an\u0131nda \u00e7ekici kaskolu ara\u00e7 ta\u015f\u0131ma HEMEN ARA","breadcrumb":{"@id":"https:\/\/otofox.com\/index.php\/altindag_oto_kurtarma\/#breadcrumb"},"inLanguage":"tr","potentialAction":[{"@type":"ReadAction","target":["https:\/\/otofox.com\/index.php\/altindag_oto_kurtarma\/"]}]},{"@type":"ImageObject","inLanguage":"tr","@id":"https:\/\/otofox.com\/index.php\/altindag_oto_kurtarma\/#primaryimage","url":"https:\/\/otofox.com\/wp-content\/uploads\/2025\/09\/ankara_bodrum_mugla_oto_kurtarma.jpg","contentUrl":"https:\/\/otofox.com\/wp-content\/uploads\/2025\/09\/ankara_bodrum_mugla_oto_kurtarma.jpg","width":2048,"height":1536},{"@type":"BreadcrumbList","@id":"https:\/\/otofox.com\/index.php\/altindag_oto_kurtarma\/#breadcrumb","itemListElement":[{"@type":"ListItem","position":1,"name":"Anasayfa","item":"https:\/\/otofox.com\/"},{"@type":"ListItem","position":2,"name":"Alt\u0131nda\u011f Oto Kurtarma: Ankara&#8217;n\u0131n Kalbinde 38 Mahalleye H\u0131zl\u0131 ve G\u00fcvenilir Yol Yard\u0131m\u0131"}]},{"@type":"WebSite","@id":"https:\/\/otofox.com\/#website","url":"https:\/\/otofox.com\/","name":"Otofox Oto Kurtarma","description":"En Yak\u0131n Oto Kurtarma","publisher":{"@id":"https:\/\/otofox.com\/#organization"},"potentialAction":[{"@type":"SearchAction","target":{"@type":"EntryPoint","urlTemplate":"https:\/\/otofox.com\/?s={search_term_string}"},"query-input":{"@type":"PropertyValueSpecification","valueRequired":true,"valueName":"search_term_string"}}],"inLanguage":"tr"},{"@type":"Organization","@id":"https:\/\/otofox.com\/#organization","name":"Otofox Oto Kurtarma","url":"https:\/\/otofox.com\/","logo":{"@type":"ImageObject","inLanguage":"tr","@id":"https:\/\/otofox.com\/#\/schema\/logo\/image\/","url":"https:\/\/otofox.com\/wp-content\/uploads\/2024\/03\/cropped-otofoxlogo.png","contentUrl":"https:\/\/otofox.com\/wp-content\/uploads\/2024\/03\/cropped-otofoxlogo.png","width":125,"height":20,"caption":"Otofox Oto Kurtarma"},"image":{"@id":"https:\/\/otofox.com\/#\/schema\/logo\/image\/"}}]}},"_links":{"self":[{"href":"https:\/\/otofox.com\/index.php\/wp-json\/wp\/v2\/pages\/1034566","targetHints":{"allow":["GET"]}}],"collection":[{"href":"https:\/\/otofox.com\/index.php\/wp-json\/wp\/v2\/pages"}],"about":[{"href":"https:\/\/otofox.com\/index.php\/wp-json\/wp\/v2\/types\/page"}],"author":[{"embeddable":true,"href":"https:\/\/otofox.com\/index.php\/wp-json\/wp\/v2\/users\/5"}],"replies":[{"embeddable":true,"href":"https:\/\/otofox.com\/index.php\/wp-json\/wp\/v2\/comments?post=1034566"}],"version-history":[{"count":1,"href":"https:\/\/otofox.com\/index.php\/wp-json\/wp\/v2\/pages\/1034566\/revisions"}],"predecessor-version":[{"id":1034567,"href":"https:\/\/otofox.com\/index.php\/wp-json\/wp\/v2\/pages\/1034566\/revisions\/1034567"}],"wp:featuredmedia":[{"embeddable":true,"href":"https:\/\/otofox.com\/index.php\/wp-json\/wp\/v2\/media\/1034488"}],"wp:attachment":[{"href":"https:\/\/otofox.com\/index.php\/wp-json\/wp\/v2\/media?parent=1034566"}],"curies":[{"name":"wp","href":"https:\/\/api.w.org\/{rel}","templated":true}]}}