{"id":1034645,"date":"2025-09-21T18:53:40","date_gmt":"2025-09-21T18:53:40","guid":{"rendered":"https:\/\/otofox.com\/?page_id=1034645"},"modified":"2025-09-21T18:53:42","modified_gmt":"2025-09-21T18:53:42","slug":"sincan_oto_kurtarma","status":"publish","type":"page","link":"https:\/\/otofox.com\/index.php\/sincan_oto_kurtarma\/","title":{"rendered":"\ud83d\ude97 Sincan Oto Kurtarma | En Yak\u0131n 7\/24 \u00c7ekici Hizmeti"},"content":{"rendered":"\n<p>Ara\u00e7lar her ne kadar modern teknolojiyle \u00fcretilmi\u015f olsa da ar\u0131zalar, kazalar ve beklenmedik yol problemleri hayat\u0131n bir ger\u00e7e\u011fidir. Bu t\u00fcr durumlarda ihtiya\u00e7 duyulan en \u00f6nemli hizmetlerden biri <strong>oto kurtarma<\/strong> ve <strong>\u00e7ekici hizmetidir<\/strong>. Ankara&#8217;n\u0131n h\u0131zla geli\u015fen ve yo\u011fun trafi\u011fe sahip il\u00e7esi <strong>Sincan<\/strong>, bu konuda profesyonel destek alabilece\u011finiz bir\u00e7ok oto kurtarma firmas\u0131na ev sahipli\u011fi yapmaktad\u0131r.<\/p>\n\n\n\n<p>Bu makalede, Sincan\u2019da oto kurtarma hizmetinin ne anlama geldi\u011fini, nas\u0131l \u00e7al\u0131\u015ft\u0131\u011f\u0131n\u0131, hangi mahallelerde bu hizmeti alabilece\u011finizi ve g\u00fcvenilir \u00e7ekici firmas\u0131 se\u00e7menin p\u00fcf noktalar\u0131n\u0131 bulacaks\u0131n\u0131z.<\/p>\n\n\n\n<hr class=\"wp-block-separator has-alpha-channel-opacity\"\/>\n\n\n\n<h2 class=\"wp-block-heading\">\ud83d\udd27 Oto Kurtarma Nedir?<\/h2>\n\n\n\n<p><strong>Oto kurtarma<\/strong>, herhangi bir ar\u0131za, kaza, teknik ar\u0131za ya da d\u0131\u015f etken sonucu hareket edemeyen ara\u00e7lar\u0131n bulundu\u011fu yerden al\u0131narak g\u00fcvenli bir noktaya (servis, otopark, ev, sanayi vb.) \u00e7ekilmesidir.<\/p>\n\n\n\n<p>Oto kurtarma hizmeti sadece arac\u0131 \u00e7ekmekle s\u0131n\u0131rl\u0131 de\u011fildir. Ayn\u0131 zamanda \u015funlar\u0131 da kapsayabilir:<\/p>\n\n\n\n<ul class=\"wp-block-list\">\n<li>Ak\u00fc takviyesi<\/li>\n\n\n\n<li>Yak\u0131t bitmesi durumunda yak\u0131t deste\u011fi<\/li>\n\n\n\n<li>Lastik de\u011fi\u015fimi<\/li>\n\n\n\n<li>Kilitli kalan arac\u0131n a\u00e7\u0131lmas\u0131<\/li>\n\n\n\n<li>Yol yard\u0131m destekleri<\/li>\n<\/ul>\n\n\n\n<hr class=\"wp-block-separator has-alpha-channel-opacity\"\/>\n\n\n\n<h2 class=\"wp-block-heading\">\ud83d\udccd Sincan\u2019da Oto Kurtarma Hizmeti Neden \u00d6nemlidir?<\/h2>\n\n\n\n<p>Sincan, Ankara\u2019n\u0131n bat\u0131 giri\u015finde yer alan, hem \u015fehir merkeziyle hem de \u00e7evre il\u00e7elerle ba\u011flant\u0131s\u0131 g\u00fc\u00e7l\u00fc olan b\u00fcy\u00fck bir il\u00e7edir. Ayn\u0131 zamanda OSB (Organize Sanayi B\u00f6lgesi), a\u011f\u0131r vas\u0131ta trafi\u011fi ve n\u00fcfus yo\u011funlu\u011fu ile oto kurtarma hizmetlerinin s\u0131kl\u0131kla ihtiya\u00e7 duyuldu\u011fu bir b\u00f6lgedir.<\/p>\n\n\n\n<p>Sincan\u2019da yolda kalman\u0131n ba\u015fl\u0131ca nedenleri:<\/p>\n\n\n\n<ul class=\"wp-block-list\">\n<li>Ara\u00e7 ar\u0131zalar\u0131 (motor, ak\u00fc, elektrik vs.)<\/li>\n\n\n\n<li>Kaza sonras\u0131 ara\u00e7 hareketinin m\u00fcmk\u00fcn olmamas\u0131<\/li>\n\n\n\n<li>Yol ko\u015fullar\u0131 (\u00e7amur, kar, yoku\u015flarda kayma vb.)<\/li>\n\n\n\n<li>Lastik patlamas\u0131 ya da tekerlek g\u00f6\u00e7mesi<\/li>\n\n\n\n<li>Trafik kazalar\u0131 sonras\u0131 \u00e7ekici zorunlulu\u011fu<\/li>\n<\/ul>\n\n\n\n<p>Bu gibi durumlarda vakit kaybetmeden profesyonel bir ekipten destek almak, hem can hem mal g\u00fcvenli\u011finiz a\u00e7\u0131s\u0131ndan b\u00fcy\u00fck \u00f6nem ta\u015f\u0131r.<\/p>\n\n\n\n<hr class=\"wp-block-separator has-alpha-channel-opacity\"\/>\n\n\n\n<h2 class=\"wp-block-heading\">\ud83d\udd52 7\/24 Sincan En Yak\u0131n \u00c7ekici Hizmeti<\/h2>\n\n\n\n<p>Oto kurtarma ihtiyac\u0131 zaman g\u00f6zetmez. Gece ge\u00e7 saatlerde ya da hafta sonlar\u0131nda da ara\u00e7lar yolda kalabilir. Bu nedenle <strong>Sincan\u2019da 7 g\u00fcn 24 saat hizmet veren oto kurtarma firmalar\u0131<\/strong> b\u00fcy\u00fck avantaj sa\u011flar.<\/p>\n\n\n\n<h3 class=\"wp-block-heading\">En yak\u0131n \u00e7ekici hizmeti nas\u0131l \u00e7al\u0131\u015f\u0131r?<\/h3>\n\n\n\n<ol class=\"wp-block-list\">\n<li><strong>Arad\u0131\u011f\u0131n\u0131z \u00e7ekici firmas\u0131na konumunuzu iletirsiniz.<\/strong><\/li>\n\n\n\n<li><strong>Sistem, size en yak\u0131n b\u00f6lgede bulunan arac\u0131 y\u00f6nlendirir.<\/strong><\/li>\n\n\n\n<li><strong>Gerekli ekipmanla (vin\u00e7li ara\u00e7, kayar kasa, kurtar\u0131c\u0131 kamyon) olay yerine ula\u015f\u0131l\u0131r.<\/strong><\/li>\n\n\n\n<li><strong>Ara\u00e7 dikkatli \u015fekilde y\u00fcklenir ve istenen adrese ta\u015f\u0131n\u0131r.<\/strong><\/li>\n<\/ol>\n\n\n\n<p>Bu hizmet, sadece h\u0131zl\u0131 olmakla kalmaz, arac\u0131n\u0131za zarar vermeden profesyonelce yap\u0131l\u0131r.<\/p>\n\n\n\n<hr class=\"wp-block-separator has-alpha-channel-opacity\"\/>\n\n\n\n<h2 class=\"wp-block-heading\">\ud83d\udccc Sincan Mahallelerine G\u00f6re Oto Kurtarma Hizmeti<\/h2>\n\n\n\n<p>Sincan\u2019\u0131n farkl\u0131 mahallelerinde hizmet veren \u00e7ekici firmalar sayesinde il\u00e7e genelinde e\u015fit hizmet da\u011f\u0131l\u0131m\u0131 sa\u011flan\u0131r. A\u015fa\u011f\u0131da, <strong>Sincan\u2019\u0131n mahalleleri<\/strong> ve her biri i\u00e7in oto kurtarma hizmeti ifadesi yer almaktad\u0131r:<\/p>\n\n\n\n<ul class=\"wp-block-list\">\n<li><strong>Atat\u00fcrk Mahallesi oto kurtarma<\/strong><\/li>\n\n\n\n<li><strong>Fatih Mahallesi oto kurtarma<\/strong><\/li>\n\n\n\n<li><strong>Osmanl\u0131 Mahallesi oto kurtarma<\/strong><\/li>\n\n\n\n<li><strong>T\u00f6rekent Mahallesi oto kurtarma<\/strong><\/li>\n\n\n\n<li><strong>Sel\u00e7uklu Mahallesi oto kurtarma<\/strong><\/li>\n\n\n\n<li><strong>Gazi Osman Pa\u015fa Mahallesi oto kurtarma<\/strong><\/li>\n\n\n\n<li><strong>Ak\u015femsettin Mahallesi oto kurtarma<\/strong><\/li>\n\n\n\n<li><strong>Andi\u00e7en Mahallesi oto kurtarma<\/strong><\/li>\n\n\n\n<li><strong>Ahi Evran Mahallesi oto kurtarma<\/strong><\/li>\n\n\n\n<li><strong>Mustafa Kemal Mahallesi oto kurtarma<\/strong><\/li>\n\n\n\n<li><strong>29 Ekim Mahallesi oto kurtarma<\/strong><\/li>\n\n\n\n<li><strong>Malazgirt Mahallesi oto kurtarma<\/strong><\/li>\n\n\n\n<li><strong>\u0130stasyon Mahallesi oto kurtarma<\/strong><\/li>\n\n\n\n<li><strong>Plevne Mahallesi oto kurtarma<\/strong><\/li>\n\n\n\n<li><strong>Polatlar Mahallesi oto kurtarma<\/strong><\/li>\n\n\n\n<li><strong>Yeni Pe\u00e7enek Mahallesi oto kurtarma<\/strong><\/li>\n\n\n\n<li><strong>P\u0131narba\u015f\u0131 Mahallesi oto kurtarma<\/strong><\/li>\n\n\n\n<li><strong>Yunus Emre Mahallesi oto kurtarma<\/strong><\/li>\n\n\n\n<li><strong>H\u00fcrriyet Mahallesi oto kurtarma<\/strong><\/li>\n\n\n\n<li><strong>Yenikay\u0131 Mahallesi oto kurtarma<\/strong><\/li>\n<\/ul>\n\n\n\n<p>Bu mahallelerin her birinde aktif olarak hizmet veren firmalar, lokasyon avantaj\u0131 sayesinde size dakikalar i\u00e7inde ula\u015fabilir.<\/p>\n\n\n\n<hr class=\"wp-block-separator has-alpha-channel-opacity\"\/>\n\n\n\n<h2 class=\"wp-block-heading\">\u2705 Profesyonel Oto Kurtarma Firmas\u0131 Se\u00e7erken Nelere Dikkat Etmeli?<\/h2>\n\n\n\n<p>Yanl\u0131\u015f tercih edilen bir oto kurtarma firmas\u0131, arac\u0131n\u0131za daha b\u00fcy\u00fck zararlar verebilir. Bu y\u00fczden \u015fu kriterleri mutlaka g\u00f6z \u00f6n\u00fcnde bulundurun:<\/p>\n\n\n\n<figure class=\"wp-block-table\"><table class=\"has-fixed-layout\"><thead><tr><th>Kriter<\/th><th>A\u00e7\u0131klama<\/th><\/tr><\/thead><tbody><tr><td><strong>Lisansl\u0131 ve belgeli firma<\/strong><\/td><td>Resmi yetki belgeleri ve sigortal\u0131 hizmet sunmal\u0131d\u0131r.<\/td><\/tr><tr><td><strong>7\/24 ula\u015f\u0131labilirlik<\/strong><\/td><td>Acil durumlar i\u00e7in her zaman telefonla ula\u015f\u0131labilir olmal\u0131.<\/td><\/tr><tr><td><strong>G\u00fcvenli ekipman<\/strong><\/td><td>Kayar kasa, vin\u00e7 gibi kaliteli ara\u00e7larla ta\u015f\u0131ma yap\u0131lmal\u0131.<\/td><\/tr><tr><td><strong>\u015eeffaf fiyat politikas\u0131<\/strong><\/td><td>\u00d6nceden fiyat teklifi verilmeli, s\u00fcrpriz \u00fccret olmamal\u0131.<\/td><\/tr><tr><td><strong>M\u00fc\u015fteri yorumlar\u0131<\/strong><\/td><td>Google ve sosyal medya \u00fczerindeki de\u011ferlendirmelere g\u00f6z at\u0131lmal\u0131.<\/td><\/tr><\/tbody><\/table><\/figure>\n\n\n\n<hr class=\"wp-block-separator has-alpha-channel-opacity\"\/>\n\n\n\n<h2 class=\"wp-block-heading\">\ud83d\udcac M\u00fc\u015fteri Yorumlar\u0131 Ne Diyor?<\/h2>\n\n\n\n<blockquote class=\"wp-block-quote is-layout-flow wp-block-quote-is-layout-flow\">\n<p>&#8220;Sincan\u2019da yolda kald\u0131m, 15 dakikada geldiler. Hem h\u0131zl\u0131 hem g\u00fcvenilir. Arac\u0131m hi\u00e7bir zarar g\u00f6rmeden \u00e7ekildi.&#8221; \u2013 <strong>Mert Y.<\/strong><\/p>\n\n\n\n<p>&#8220;Gece saat 2\u2019de arad\u0131m, k\u0131sa s\u00fcrede ula\u015ft\u0131lar. \u015eehir d\u0131\u015f\u0131na \u00e7ekim yapt\u0131lar, memnun kald\u0131m.&#8221; \u2013 <strong>Selin K.<\/strong><\/p>\n<\/blockquote>\n\n\n\n<hr class=\"wp-block-separator has-alpha-channel-opacity\"\/>\n\n\n\n<h2 class=\"wp-block-heading\">\ud83d\udcde Sincan Oto Kurtarma Hizmeti Almak \u0130\u00e7in Ne Yapmal\u0131s\u0131n\u0131z?<\/h2>\n\n\n\n<ol class=\"wp-block-list\">\n<li><strong>Arac\u0131n\u0131z\u0131n konumunu belirleyin.<\/strong><\/li>\n\n\n\n<li><strong>G\u00fcvenilir bir oto kurtarma firmas\u0131n\u0131 aray\u0131n.<\/strong><\/li>\n\n\n\n<li><strong>Durumu net bir \u015fekilde a\u00e7\u0131klay\u0131n (ar\u0131zal\u0131 m\u0131, kaza m\u0131, \u00e7ekilecek mesafe vb.).<\/strong><\/li>\n\n\n\n<li><strong>Tahmini s\u00fcre ve fiyat bilgisini \u00f6\u011frenin.<\/strong><\/li>\n\n\n\n<li><strong>Konumunuzu payla\u015farak en k\u0131sa s\u00fcrede yard\u0131m al\u0131n.<\/strong><\/li>\n<\/ol>\n\n\n\n<hr class=\"wp-block-separator has-alpha-channel-opacity\"\/>\n\n\n\n<h2 class=\"wp-block-heading\">\ud83d\udee0\ufe0f Sonu\u00e7<\/h2>\n\n\n\n<p><strong>Sincan oto kurtarma<\/strong> hizmeti, sadece bir \u00e7ekici de\u011fil; acil durumlarda hayat kurtar\u0131c\u0131 bir destektir. En yak\u0131n \u00e7ekici firmalar\u0131 sayesinde her mahallede h\u0131zl\u0131, g\u00fcvenilir ve uygun fiyatl\u0131 \u00e7\u00f6z\u00fcmler sunulmaktad\u0131r.<\/p>\n\n\n\n<p>\u0130ster Atat\u00fcrk Mahallesi\u2019nde olun, ister T\u00f6rekent\u2019te, profesyonel destek art\u0131k sadece bir telefon uza\u011f\u0131n\u0131zda!<\/p>\n\n\n\n<blockquote class=\"wp-block-quote is-layout-flow wp-block-quote-is-layout-flow\">\n<p><strong>Arac\u0131n\u0131z yolda kald\u0131ysa vakit kaybetmeyin, Sincan\u2019\u0131n en yak\u0131n oto kurtarma hizmetini hemen aray\u0131n.<\/strong><\/p>\n<\/blockquote>\n","protected":false},"excerpt":{"rendered":"<p>Ara\u00e7lar her ne kadar modern teknolojiyle \u00fcretilmi\u015f olsa da ar\u0131zalar, kazalar ve beklenmedik yol problemleri hayat\u0131n bir ger\u00e7e\u011fidir. Bu t\u00fcr durumlarda ihtiya\u00e7 duyulan en \u00f6nemli hizmetlerden biri oto kurtarma ve \u00e7ekici hizmetidir. Ankara&#8217;n\u0131n h\u0131zla geli\u015fen ve yo\u011fun trafi\u011fe sahip il\u00e7esi Sincan, bu konuda profesyonel destek alabilece\u011finiz bir\u00e7ok oto kurtarma firmas\u0131na ev sahipli\u011fi yapmaktad\u0131r. Bu makalede, &hellip; <\/p>\n","protected":false},"author":5,"featured_media":0,"parent":0,"menu_order":0,"comment_status":"closed","ping_status":"closed","template":"","meta":{"footnotes":""},"class_list":["post-1034645","page","type-page","status-publish","hentry"],"yoast_head":"<!-- This site is optimized with the Yoast SEO plugin v26.2 - https:\/\/yoast.com\/wordpress\/plugins\/seo\/ -->\n<title>Sincan Oto Kurtarma - En Yak\u0131n \u00c7ekici - OTOFOX - 05469560306<\/title>\n<meta name=\"description\" content=\"Sincan oto kurtarma yol yard\u0131m en yak\u0131n \u00e7ekici en yak\u0131n tamirci kaza ve ar\u0131za an\u0131nda sigortal\u0131 kaskolu ara\u00e7 ta\u015f\u0131ma hizmeti.\" \/>\n<meta name=\"robots\" content=\"index, follow, max-snippet:-1, max-image-preview:large, max-video-preview:-1\" \/>\n<link rel=\"canonical\" href=\"https:\/\/otofox.com\/index.php\/sincan_oto_kurtarma\/\" \/>\n<meta property=\"og:locale\" content=\"tr_TR\" \/>\n<meta property=\"og:type\" content=\"article\" \/>\n<meta property=\"og:title\" content=\"Sincan Oto Kurtarma - En Yak\u0131n \u00c7ekici - OTOFOX - 05469560306\" \/>\n<meta property=\"og:description\" content=\"Sincan oto kurtarma yol yard\u0131m en yak\u0131n \u00e7ekici en yak\u0131n tamirci kaza ve ar\u0131za an\u0131nda sigortal\u0131 kaskolu ara\u00e7 ta\u015f\u0131ma hizmeti.\" \/>\n<meta property=\"og:url\" content=\"https:\/\/otofox.com\/index.php\/sincan_oto_kurtarma\/\" \/>\n<meta property=\"og:site_name\" content=\"Otofox Oto Kurtarma\" \/>\n<meta property=\"article:modified_time\" content=\"2025-09-21T18:53:42+00:00\" \/>\n<meta property=\"og:image\" content=\"https:\/\/otofox.com\/wp-content\/uploads\/2025\/09\/foxLOGO-scaled.png\" \/>\n\t<meta property=\"og:image:width\" content=\"2560\" \/>\n\t<meta property=\"og:image:height\" content=\"2560\" \/>\n\t<meta property=\"og:image:type\" content=\"image\/png\" \/>\n<meta name=\"twitter:card\" content=\"summary_large_image\" \/>\n<meta name=\"twitter:label1\" content=\"Tahmini okuma s\u00fcresi\" \/>\n\t<meta name=\"twitter:data1\" content=\"4 dakika\" \/>\n<script type=\"application\/ld+json\" class=\"yoast-schema-graph\">{\"@context\":\"https:\/\/schema.org\",\"@graph\":[{\"@type\":\"WebPage\",\"@id\":\"https:\/\/otofox.com\/index.php\/sincan_oto_kurtarma\/\",\"url\":\"https:\/\/otofox.com\/index.php\/sincan_oto_kurtarma\/\",\"name\":\"Sincan Oto Kurtarma - En Yak\u0131n \u00c7ekici - OTOFOX - 05469560306\",\"isPartOf\":{\"@id\":\"https:\/\/otofox.com\/#website\"},\"datePublished\":\"2025-09-21T18:53:40+00:00\",\"dateModified\":\"2025-09-21T18:53:42+00:00\",\"description\":\"Sincan oto kurtarma yol yard\u0131m en yak\u0131n \u00e7ekici en yak\u0131n tamirci kaza ve ar\u0131za an\u0131nda sigortal\u0131 kaskolu ara\u00e7 ta\u015f\u0131ma hizmeti.\",\"breadcrumb\":{\"@id\":\"https:\/\/otofox.com\/index.php\/sincan_oto_kurtarma\/#breadcrumb\"},\"inLanguage\":\"tr\",\"potentialAction\":[{\"@type\":\"ReadAction\",\"target\":[\"https:\/\/otofox.com\/index.php\/sincan_oto_kurtarma\/\"]}]},{\"@type\":\"BreadcrumbList\",\"@id\":\"https:\/\/otofox.com\/index.php\/sincan_oto_kurtarma\/#breadcrumb\",\"itemListElement\":[{\"@type\":\"ListItem\",\"position\":1,\"name\":\"Anasayfa\",\"item\":\"https:\/\/otofox.com\/\"},{\"@type\":\"ListItem\",\"position\":2,\"name\":\"\ud83d\ude97 Sincan Oto Kurtarma | En Yak\u0131n 7\/24 \u00c7ekici Hizmeti\"}]},{\"@type\":\"WebSite\",\"@id\":\"https:\/\/otofox.com\/#website\",\"url\":\"https:\/\/otofox.com\/\",\"name\":\"Otofox Oto Kurtarma\",\"description\":\"En Yak\u0131n Oto Kurtarma\",\"publisher\":{\"@id\":\"https:\/\/otofox.com\/#organization\"},\"potentialAction\":[{\"@type\":\"SearchAction\",\"target\":{\"@type\":\"EntryPoint\",\"urlTemplate\":\"https:\/\/otofox.com\/?s={search_term_string}\"},\"query-input\":{\"@type\":\"PropertyValueSpecification\",\"valueRequired\":true,\"valueName\":\"search_term_string\"}}],\"inLanguage\":\"tr\"},{\"@type\":\"Organization\",\"@id\":\"https:\/\/otofox.com\/#organization\",\"name\":\"Otofox Oto Kurtarma\",\"url\":\"https:\/\/otofox.com\/\",\"logo\":{\"@type\":\"ImageObject\",\"inLanguage\":\"tr\",\"@id\":\"https:\/\/otofox.com\/#\/schema\/logo\/image\/\",\"url\":\"https:\/\/otofox.com\/wp-content\/uploads\/2024\/03\/cropped-otofoxlogo.png\",\"contentUrl\":\"https:\/\/otofox.com\/wp-content\/uploads\/2024\/03\/cropped-otofoxlogo.png\",\"width\":125,\"height\":20,\"caption\":\"Otofox Oto Kurtarma\"},\"image\":{\"@id\":\"https:\/\/otofox.com\/#\/schema\/logo\/image\/\"}}]}<\/script>\n<!-- \/ Yoast SEO plugin. -->","yoast_head_json":{"title":"Sincan Oto Kurtarma - En Yak\u0131n \u00c7ekici - OTOFOX - 05469560306","description":"Sincan oto kurtarma yol yard\u0131m en yak\u0131n \u00e7ekici en yak\u0131n tamirci kaza ve ar\u0131za an\u0131nda sigortal\u0131 kaskolu ara\u00e7 ta\u015f\u0131ma hizmeti.","robots":{"index":"index","follow":"follow","max-snippet":"max-snippet:-1","max-image-preview":"max-image-preview:large","max-video-preview":"max-video-preview:-1"},"canonical":"https:\/\/otofox.com\/index.php\/sincan_oto_kurtarma\/","og_locale":"tr_TR","og_type":"article","og_title":"Sincan Oto Kurtarma - En Yak\u0131n \u00c7ekici - OTOFOX - 05469560306","og_description":"Sincan oto kurtarma yol yard\u0131m en yak\u0131n \u00e7ekici en yak\u0131n tamirci kaza ve ar\u0131za an\u0131nda sigortal\u0131 kaskolu ara\u00e7 ta\u015f\u0131ma hizmeti.","og_url":"https:\/\/otofox.com\/index.php\/sincan_oto_kurtarma\/","og_site_name":"Otofox Oto Kurtarma","article_modified_time":"2025-09-21T18:53:42+00:00","og_image":[{"width":2560,"height":2560,"url":"https:\/\/otofox.com\/wp-content\/uploads\/2025\/09\/foxLOGO-scaled.png","type":"image\/png"}],"twitter_card":"summary_large_image","twitter_misc":{"Tahmini okuma s\u00fcresi":"4 dakika"},"schema":{"@context":"https:\/\/schema.org","@graph":[{"@type":"WebPage","@id":"https:\/\/otofox.com\/index.php\/sincan_oto_kurtarma\/","url":"https:\/\/otofox.com\/index.php\/sincan_oto_kurtarma\/","name":"Sincan Oto Kurtarma - En Yak\u0131n \u00c7ekici - OTOFOX - 05469560306","isPartOf":{"@id":"https:\/\/otofox.com\/#website"},"datePublished":"2025-09-21T18:53:40+00:00","dateModified":"2025-09-21T18:53:42+00:00","description":"Sincan oto kurtarma yol yard\u0131m en yak\u0131n \u00e7ekici en yak\u0131n tamirci kaza ve ar\u0131za an\u0131nda sigortal\u0131 kaskolu ara\u00e7 ta\u015f\u0131ma hizmeti.","breadcrumb":{"@id":"https:\/\/otofox.com\/index.php\/sincan_oto_kurtarma\/#breadcrumb"},"inLanguage":"tr","potentialAction":[{"@type":"ReadAction","target":["https:\/\/otofox.com\/index.php\/sincan_oto_kurtarma\/"]}]},{"@type":"BreadcrumbList","@id":"https:\/\/otofox.com\/index.php\/sincan_oto_kurtarma\/#breadcrumb","itemListElement":[{"@type":"ListItem","position":1,"name":"Anasayfa","item":"https:\/\/otofox.com\/"},{"@type":"ListItem","position":2,"name":"\ud83d\ude97 Sincan Oto Kurtarma | En Yak\u0131n 7\/24 \u00c7ekici Hizmeti"}]},{"@type":"WebSite","@id":"https:\/\/otofox.com\/#website","url":"https:\/\/otofox.com\/","name":"Otofox Oto Kurtarma","description":"En Yak\u0131n Oto Kurtarma","publisher":{"@id":"https:\/\/otofox.com\/#organization"},"potentialAction":[{"@type":"SearchAction","target":{"@type":"EntryPoint","urlTemplate":"https:\/\/otofox.com\/?s={search_term_string}"},"query-input":{"@type":"PropertyValueSpecification","valueRequired":true,"valueName":"search_term_string"}}],"inLanguage":"tr"},{"@type":"Organization","@id":"https:\/\/otofox.com\/#organization","name":"Otofox Oto Kurtarma","url":"https:\/\/otofox.com\/","logo":{"@type":"ImageObject","inLanguage":"tr","@id":"https:\/\/otofox.com\/#\/schema\/logo\/image\/","url":"https:\/\/otofox.com\/wp-content\/uploads\/2024\/03\/cropped-otofoxlogo.png","contentUrl":"https:\/\/otofox.com\/wp-content\/uploads\/2024\/03\/cropped-otofoxlogo.png","width":125,"height":20,"caption":"Otofox Oto Kurtarma"},"image":{"@id":"https:\/\/otofox.com\/#\/schema\/logo\/image\/"}}]}},"_links":{"self":[{"href":"https:\/\/otofox.com\/index.php\/wp-json\/wp\/v2\/pages\/1034645","targetHints":{"allow":["GET"]}}],"collection":[{"href":"https:\/\/otofox.com\/index.php\/wp-json\/wp\/v2\/pages"}],"about":[{"href":"https:\/\/otofox.com\/index.php\/wp-json\/wp\/v2\/types\/page"}],"author":[{"embeddable":true,"href":"https:\/\/otofox.com\/index.php\/wp-json\/wp\/v2\/users\/5"}],"replies":[{"embeddable":true,"href":"https:\/\/otofox.com\/index.php\/wp-json\/wp\/v2\/comments?post=1034645"}],"version-history":[{"count":1,"href":"https:\/\/otofox.com\/index.php\/wp-json\/wp\/v2\/pages\/1034645\/revisions"}],"predecessor-version":[{"id":1034647,"href":"https:\/\/otofox.com\/index.php\/wp-json\/wp\/v2\/pages\/1034645\/revisions\/1034647"}],"wp:attachment":[{"href":"https:\/\/otofox.com\/index.php\/wp-json\/wp\/v2\/media?parent=1034645"}],"curies":[{"name":"wp","href":"https:\/\/api.w.org\/{rel}","templated":true}]}}