{"id":1034653,"date":"2025-09-21T19:47:35","date_gmt":"2025-09-21T19:47:35","guid":{"rendered":"https:\/\/otofox.com\/?page_id=1034653"},"modified":"2025-09-21T19:47:36","modified_gmt":"2025-09-21T19:47:36","slug":"kahramankazan_oto_kurtarma-2","status":"publish","type":"page","link":"https:\/\/otofox.com\/index.php\/kahramankazan_oto_kurtarma-2\/","title":{"rendered":"\ud83d\udea8 Kahramankazan Oto Kurtarma \u2013 Yolda Kald\u0131\u011f\u0131n\u0131zda \u0130lk Yard\u0131m\u0131n\u0131z"},"content":{"rendered":"\n<p>Hi\u00e7 hesapta yokken arac\u0131n\u0131z yolda kald\u0131 m\u0131? Motor ar\u0131zas\u0131, lastik patlamas\u0131, ak\u00fc bitmesi ya da daha k\u00f6t\u00fcs\u00fc: bir trafik kazas\u0131\u2026 B\u00f6yle bir durumda en \u00e7ok ihtiya\u00e7 duyulan \u015fey, h\u0131zl\u0131 ve g\u00fcvenilir bir <strong>oto kurtarma hizmeti<\/strong> olur. \u0130\u015fte tam bu noktada, <strong>Kahramankazan oto kurtarma<\/strong> ekipleri devreye girer.<\/p>\n\n\n\n<p>Kahramankazan gibi hem \u015fehir merkezine yak\u0131n, hem de k\u0131rsal alanlara sahip geni\u015f bir il\u00e7ede, oto kurtarma hizmetinin h\u0131zl\u0131 ula\u015fmas\u0131 \u00e7ok \u00f6nemlidir. Neyse ki art\u0131k \u201c\u00e7ekici nerede bulaca\u011f\u0131m?\u201d diye d\u00fc\u015f\u00fcnmenize gerek yok. \u00c7\u00fcnk\u00fc Kahramankazan\u2019da profesyonel ve en yak\u0131n \u00e7ekici ekipleri sadece bir telefon uza\u011f\u0131n\u0131zda.<\/p>\n\n\n\n<hr class=\"wp-block-separator has-alpha-channel-opacity\"\/>\n\n\n\n<h2 class=\"wp-block-heading\">\ud83d\ude97 Oto Kurtarma Nedir ve Ne Zaman Gerekir?<\/h2>\n\n\n\n<p>Oto kurtarma, hareket edemeyen ara\u00e7lar\u0131n \u00f6zel ekipmanlarla \u00e7ekilerek g\u00fcvenli bir alana ta\u015f\u0131nmas\u0131d\u0131r. Bu hizmet sadece kaza anlar\u0131nda de\u011fil, a\u015fa\u011f\u0131daki gibi bir\u00e7ok durumda devreye girer:<\/p>\n\n\n\n<ul class=\"wp-block-list\">\n<li>Ara\u00e7 ar\u0131zaland\u0131\u011f\u0131nda<\/li>\n\n\n\n<li>Trafik kazas\u0131 sonras\u0131<\/li>\n\n\n\n<li>Yolda yak\u0131t\u0131n\u0131z bitti\u011finde<\/li>\n\n\n\n<li>Lastik patlad\u0131\u011f\u0131nda ve yede\u011finiz olmad\u0131\u011f\u0131nda<\/li>\n\n\n\n<li>Ak\u00fcn\u00fcz bitti\u011finde<\/li>\n\n\n\n<li>Karda, \u00e7amurda veya k\u0131rsal yolda mahsur kald\u0131\u011f\u0131n\u0131zda<\/li>\n<\/ul>\n\n\n\n<p>Kahramankazan, \u015fehirleraras\u0131 yollarla ve sanayi b\u00f6lgeleriyle i\u00e7 i\u00e7e oldu\u011fu i\u00e7in bu t\u00fcr olaylara s\u0131k\u00e7a rastlan\u0131r. Bu da, <strong>yak\u0131n ve h\u0131zl\u0131 \u00e7ekici hizmeti<\/strong> ihtiyac\u0131n\u0131 ka\u00e7\u0131n\u0131lmaz k\u0131lar.<\/p>\n\n\n\n<hr class=\"wp-block-separator has-alpha-channel-opacity\"\/>\n\n\n\n<h2 class=\"wp-block-heading\">\ud83d\udcde Kahramankazan\u2019da En Yak\u0131n \u00c7ekici Nas\u0131l \u00c7a\u011fr\u0131l\u0131r?<\/h2>\n\n\n\n<p>En do\u011fru hizmeti alman\u0131n ilk ad\u0131m\u0131, konumunuzu net olarak bildirmektir. Ard\u0131ndan arac\u0131n durumu hakk\u0131nda k\u0131sa bilgi vererek, size en uygun \u00e7ekici y\u00f6nlendirilir.<\/p>\n\n\n\n<ol class=\"wp-block-list\">\n<li><strong>Nerede kald\u0131\u011f\u0131n\u0131z\u0131 belirtin (mahalle, cadde, yak\u0131n konum).<\/strong><\/li>\n\n\n\n<li><strong>Arac\u0131n\u0131z\u0131n durumu hakk\u0131nda bilgi verin (kaza, ar\u0131za, \u00e7ekiciye uygunluk).<\/strong><\/li>\n\n\n\n<li><strong>Konum payla\u015f\u0131m\u0131 yaparak s\u00fcreci h\u0131zland\u0131r\u0131n.<\/strong><\/li>\n\n\n\n<li><strong>Fiyat ve ula\u015f\u0131m s\u00fcresi bilgisini al\u0131n.<\/strong><\/li>\n\n\n\n<li><strong>Onay verildi\u011finde ekip y\u00f6nlendirilir.<\/strong><\/li>\n<\/ol>\n\n\n\n<p>Bir\u00e7ok firma, Kahramankazan\u2019da 15-25 dakika i\u00e7inde ula\u015f\u0131m sa\u011flayabilir.<\/p>\n\n\n\n<hr class=\"wp-block-separator has-alpha-channel-opacity\"\/>\n\n\n\n<h2 class=\"wp-block-heading\">\u2705 Neden Profesyonel Oto Kurtarma Hizmeti Tercih Edilmeli?<\/h2>\n\n\n\n<p>G\u00fcvenli\u011finiz ve arac\u0131n\u0131z\u0131n zarar g\u00f6rmemesi i\u00e7in i\u015finizi \u015fansa b\u0131rakmay\u0131n. Profesyonel ekiplerle \u00e7al\u0131\u015fmak size \u015funlar\u0131 sa\u011flar:<\/p>\n\n\n\n<ul class=\"wp-block-list\">\n<li><strong>7\/24 ula\u015f\u0131labilir hizmet<\/strong><\/li>\n\n\n\n<li><strong>Farkl\u0131 ara\u00e7 t\u00fcrleri i\u00e7in uygun \u00e7ekici ekipmanlar\u0131<\/strong><\/li>\n\n\n\n<li><strong>Alan\u0131nda uzman personel<\/strong><\/li>\n\n\n\n<li><strong>Hasars\u0131z ve sigortal\u0131 ta\u015f\u0131ma garantisi<\/strong><\/li>\n\n\n\n<li><strong>\u015eeffaf ve sabit fiyat politikas\u0131<\/strong><\/li>\n\n\n\n<li><strong>Yol yard\u0131m deste\u011fi: ak\u00fc takviyesi, yak\u0131t, lastik de\u011fi\u015fimi<\/strong><\/li>\n<\/ul>\n\n\n\n<hr class=\"wp-block-separator has-alpha-channel-opacity\"\/>\n\n\n\n<h2 class=\"wp-block-heading\">\ud83d\udccd Kahramankazan Mahallelerine G\u00f6re Oto Kurtarma Hizmeti<\/h2>\n\n\n\n<p>\u0130l\u00e7eye ba\u011fl\u0131 her mahallede aktif hizmet veren oto kurtarma ekipleri sayesinde, nerede olursan\u0131z olun destek alman\u0131z m\u00fcmk\u00fcn. A\u015fa\u011f\u0131da <strong>Kahramankazan mahalleleri<\/strong> listelenmi\u015ftir ve her birinin sonuna \u201coto kurtarma\u201d ifadesi eklenmi\u015ftir:<\/p>\n\n\n\n<ul class=\"wp-block-list\">\n<li>Ahi Mahallesi oto kurtarma<\/li>\n\n\n\n<li>A\u015fa\u011f\u0131kara\u00f6ren Mahallesi oto kurtarma<\/li>\n\n\n\n<li>Atat\u00fcrk Mahallesi oto kurtarma<\/li>\n\n\n\n<li>Bitik Mahallesi oto kurtarma<\/li>\n\n\n\n<li>Ci\u011fir Mahallesi oto kurtarma<\/li>\n\n\n\n<li>\u00c7alta Mahallesi oto kurtarma<\/li>\n\n\n\n<li>Da\u011fyaka Mahallesi oto kurtarma<\/li>\n\n\n\n<li>Fethiye Mahallesi oto kurtarma<\/li>\n\n\n\n<li>\u0130mrendi Mahallesi oto kurtarma<\/li>\n\n\n\n<li>\u0130ne Mahallesi oto kurtarma<\/li>\n\n\n\n<li>\u0130\u00e7\u00f6ren Mahallesi oto kurtarma<\/li>\n\n\n\n<li>Kay\u0131 Mahallesi oto kurtarma<\/li>\n\n\n\n<li>K\u0131n\u0131k Mahallesi oto kurtarma<\/li>\n\n\n\n<li>Orhaniye Mahallesi oto kurtarma<\/li>\n\n\n\n<li>Pazar Mahallesi oto kurtarma<\/li>\n\n\n\n<li>Saray Mahallesi oto kurtarma<\/li>\n\n\n\n<li>Sar\u0131lar Mahallesi oto kurtarma<\/li>\n\n\n\n<li>Siler Mahallesi oto kurtarma<\/li>\n\n\n\n<li>So\u011fulcak Mahallesi oto kurtarma<\/li>\n\n\n\n<li>\u015eahin Mahallesi oto kurtarma<\/li>\n\n\n\n<li>Yass\u0131\u00f6ren Mahallesi oto kurtarma<\/li>\n\n\n\n<li>Yayalar Mahallesi oto kurtarma<\/li>\n\n\n\n<li>Y\u0131ld\u0131r\u0131mbeyaz\u0131t Mahallesi oto kurtarma<\/li>\n\n\n\n<li>Yukar\u0131kara\u00f6ren Mahallesi oto kurtarma<\/li>\n\n\n\n<li>Yurtkuran Mahallesi oto kurtarma<\/li>\n\n\n\n<li>\u00d6rencik Mahallesi oto kurtarma<\/li>\n\n\n\n<li>\u00d6zkent Mahallesi oto kurtarma<\/li>\n<\/ul>\n\n\n\n<p>Her mahalledeki yol yap\u0131s\u0131 ve arazi ko\u015fullar\u0131 g\u00f6z \u00f6n\u00fcnde bulundurularak, uygun ara\u00e7 ve ekipmanla hizmet verilir.<\/p>\n\n\n\n<hr class=\"wp-block-separator has-alpha-channel-opacity\"\/>\n\n\n\n<h2 class=\"wp-block-heading\">\ud83d\udd1a Sonu\u00e7: Kahramankazan\u2019da Yolda Kald\u0131\u011f\u0131n\u0131zda \u00c7\u00f6z\u00fcm Yan\u0131n\u0131zda<\/h2>\n\n\n\n<p>\u0130ster \u015fehir merkezinde olun ister k\u0131rsalda, <strong>Kahramankazan oto kurtarma<\/strong> hizmeti ile yolda kalmak sorun olmaktan \u00e7\u0131kar. Deneyimli ekipler, en k\u0131sa s\u00fcrede size ula\u015farak arac\u0131n\u0131z\u0131 g\u00fcvenli \u015fekilde ta\u015f\u0131r.<\/p>\n\n\n\n<blockquote class=\"wp-block-quote is-layout-flow wp-block-quote-is-layout-flow\">\n<p>\ud83d\udcde 7\/24 hizmet, h\u0131zl\u0131 m\u00fcdahale ve g\u00fcvenli \u00e7ekici i\u00e7in hemen en yak\u0131n ekip ile ileti\u015fime ge\u00e7in.<\/p>\n<\/blockquote>\n\n\n\n<p>Yolda kalabilirsiniz ama \u00e7\u00f6z\u00fcm elinizin alt\u0131nda.<br><strong>Kahramankazan oto kurtarma<\/strong> ile daima g\u00fcvendesiniz.<\/p>\n","protected":false},"excerpt":{"rendered":"<p>Hi\u00e7 hesapta yokken arac\u0131n\u0131z yolda kald\u0131 m\u0131? Motor ar\u0131zas\u0131, lastik patlamas\u0131, ak\u00fc bitmesi ya da daha k\u00f6t\u00fcs\u00fc: bir trafik kazas\u0131\u2026 B\u00f6yle bir durumda en \u00e7ok ihtiya\u00e7 duyulan \u015fey, h\u0131zl\u0131 ve g\u00fcvenilir bir oto kurtarma hizmeti olur. \u0130\u015fte tam bu noktada, Kahramankazan oto kurtarma ekipleri devreye girer. Kahramankazan gibi hem \u015fehir merkezine yak\u0131n, hem de k\u0131rsal &hellip; <\/p>\n","protected":false},"author":5,"featured_media":1034226,"parent":0,"menu_order":0,"comment_status":"closed","ping_status":"closed","template":"","meta":{"footnotes":""},"class_list":["post-1034653","page","type-page","status-publish","has-post-thumbnail","hentry"],"yoast_head":"<!-- This site is optimized with the Yoast SEO plugin v26.2 - https:\/\/yoast.com\/wordpress\/plugins\/seo\/ -->\n<title>Kahramankazan Oto Kurtarma - En Yak\u0131n \u00c7ekici - 05469560306<\/title>\n<meta name=\"description\" content=\"Kahramankazan oto kurtarma en yak\u0131n \u00e7ekici yol yard\u0131m hizmeti kaskolu ara\u00e7 ta\u015f\u0131ma hizmeti sigorta \u00e7ekici hizmeti i\u00e7in hemen aray\u0131n.\" \/>\n<meta name=\"robots\" content=\"index, follow, max-snippet:-1, max-image-preview:large, max-video-preview:-1\" \/>\n<link rel=\"canonical\" href=\"https:\/\/otofox.com\/index.php\/kahramankazan_oto_kurtarma-2\/\" \/>\n<meta property=\"og:locale\" content=\"tr_TR\" \/>\n<meta property=\"og:type\" content=\"article\" \/>\n<meta property=\"og:title\" content=\"Kahramankazan Oto Kurtarma - En Yak\u0131n \u00c7ekici - 05469560306\" \/>\n<meta property=\"og:description\" content=\"Kahramankazan oto kurtarma en yak\u0131n \u00e7ekici yol yard\u0131m hizmeti kaskolu ara\u00e7 ta\u015f\u0131ma hizmeti sigorta \u00e7ekici hizmeti i\u00e7in hemen aray\u0131n.\" \/>\n<meta property=\"og:url\" content=\"https:\/\/otofox.com\/index.php\/kahramankazan_oto_kurtarma-2\/\" \/>\n<meta property=\"og:site_name\" content=\"Otofox Oto Kurtarma\" \/>\n<meta property=\"article:modified_time\" content=\"2025-09-21T19:47:36+00:00\" \/>\n<meta property=\"og:image\" content=\"https:\/\/otofox.com\/wp-content\/uploads\/2025\/08\/helikopter-oto-kurtarma-oto-cekici-yolda-lastik-tamiri-13.jpg\" \/>\n\t<meta property=\"og:image:width\" content=\"200\" \/>\n\t<meta property=\"og:image:height\" content=\"150\" \/>\n\t<meta property=\"og:image:type\" content=\"image\/jpeg\" \/>\n<meta name=\"twitter:card\" content=\"summary_large_image\" \/>\n<meta name=\"twitter:label1\" content=\"Tahmini okuma s\u00fcresi\" \/>\n\t<meta name=\"twitter:data1\" content=\"4 dakika\" \/>\n<script type=\"application\/ld+json\" class=\"yoast-schema-graph\">{\"@context\":\"https:\/\/schema.org\",\"@graph\":[{\"@type\":\"WebPage\",\"@id\":\"https:\/\/otofox.com\/index.php\/kahramankazan_oto_kurtarma-2\/\",\"url\":\"https:\/\/otofox.com\/index.php\/kahramankazan_oto_kurtarma-2\/\",\"name\":\"Kahramankazan Oto Kurtarma - En Yak\u0131n \u00c7ekici - 05469560306\",\"isPartOf\":{\"@id\":\"https:\/\/otofox.com\/#website\"},\"primaryImageOfPage\":{\"@id\":\"https:\/\/otofox.com\/index.php\/kahramankazan_oto_kurtarma-2\/#primaryimage\"},\"image\":{\"@id\":\"https:\/\/otofox.com\/index.php\/kahramankazan_oto_kurtarma-2\/#primaryimage\"},\"thumbnailUrl\":\"https:\/\/otofox.com\/wp-content\/uploads\/2025\/08\/helikopter-oto-kurtarma-oto-cekici-yolda-lastik-tamiri-13.jpg\",\"datePublished\":\"2025-09-21T19:47:35+00:00\",\"dateModified\":\"2025-09-21T19:47:36+00:00\",\"description\":\"Kahramankazan oto kurtarma en yak\u0131n \u00e7ekici yol yard\u0131m hizmeti kaskolu ara\u00e7 ta\u015f\u0131ma hizmeti sigorta \u00e7ekici hizmeti i\u00e7in hemen aray\u0131n.\",\"breadcrumb\":{\"@id\":\"https:\/\/otofox.com\/index.php\/kahramankazan_oto_kurtarma-2\/#breadcrumb\"},\"inLanguage\":\"tr\",\"potentialAction\":[{\"@type\":\"ReadAction\",\"target\":[\"https:\/\/otofox.com\/index.php\/kahramankazan_oto_kurtarma-2\/\"]}]},{\"@type\":\"ImageObject\",\"inLanguage\":\"tr\",\"@id\":\"https:\/\/otofox.com\/index.php\/kahramankazan_oto_kurtarma-2\/#primaryimage\",\"url\":\"https:\/\/otofox.com\/wp-content\/uploads\/2025\/08\/helikopter-oto-kurtarma-oto-cekici-yolda-lastik-tamiri-13.jpg\",\"contentUrl\":\"https:\/\/otofox.com\/wp-content\/uploads\/2025\/08\/helikopter-oto-kurtarma-oto-cekici-yolda-lastik-tamiri-13.jpg\",\"width\":200,\"height\":150,\"caption\":\"Gerede oto kurtarma Gerede yol yard\u0131m\u0131 7\/24 oto kurtarma Gerede Acil oto kurtarma Gerede \u00e7ekici hizmeti En yak\u0131n oto kurtar\u0131c\u0131 Gerede Uygun fiyatl\u0131 oto kurtarma Gerede ara\u00e7 \u00e7ekici\"},{\"@type\":\"BreadcrumbList\",\"@id\":\"https:\/\/otofox.com\/index.php\/kahramankazan_oto_kurtarma-2\/#breadcrumb\",\"itemListElement\":[{\"@type\":\"ListItem\",\"position\":1,\"name\":\"Anasayfa\",\"item\":\"https:\/\/otofox.com\/\"},{\"@type\":\"ListItem\",\"position\":2,\"name\":\"\ud83d\udea8 Kahramankazan Oto Kurtarma \u2013 Yolda Kald\u0131\u011f\u0131n\u0131zda \u0130lk Yard\u0131m\u0131n\u0131z\"}]},{\"@type\":\"WebSite\",\"@id\":\"https:\/\/otofox.com\/#website\",\"url\":\"https:\/\/otofox.com\/\",\"name\":\"Otofox Oto Kurtarma\",\"description\":\"En Yak\u0131n Oto Kurtarma\",\"publisher\":{\"@id\":\"https:\/\/otofox.com\/#organization\"},\"potentialAction\":[{\"@type\":\"SearchAction\",\"target\":{\"@type\":\"EntryPoint\",\"urlTemplate\":\"https:\/\/otofox.com\/?s={search_term_string}\"},\"query-input\":{\"@type\":\"PropertyValueSpecification\",\"valueRequired\":true,\"valueName\":\"search_term_string\"}}],\"inLanguage\":\"tr\"},{\"@type\":\"Organization\",\"@id\":\"https:\/\/otofox.com\/#organization\",\"name\":\"Otofox Oto Kurtarma\",\"url\":\"https:\/\/otofox.com\/\",\"logo\":{\"@type\":\"ImageObject\",\"inLanguage\":\"tr\",\"@id\":\"https:\/\/otofox.com\/#\/schema\/logo\/image\/\",\"url\":\"https:\/\/otofox.com\/wp-content\/uploads\/2024\/03\/cropped-otofoxlogo.png\",\"contentUrl\":\"https:\/\/otofox.com\/wp-content\/uploads\/2024\/03\/cropped-otofoxlogo.png\",\"width\":125,\"height\":20,\"caption\":\"Otofox Oto Kurtarma\"},\"image\":{\"@id\":\"https:\/\/otofox.com\/#\/schema\/logo\/image\/\"}}]}<\/script>\n<!-- \/ Yoast SEO plugin. -->","yoast_head_json":{"title":"Kahramankazan Oto Kurtarma - En Yak\u0131n \u00c7ekici - 05469560306","description":"Kahramankazan oto kurtarma en yak\u0131n \u00e7ekici yol yard\u0131m hizmeti kaskolu ara\u00e7 ta\u015f\u0131ma hizmeti sigorta \u00e7ekici hizmeti i\u00e7in hemen aray\u0131n.","robots":{"index":"index","follow":"follow","max-snippet":"max-snippet:-1","max-image-preview":"max-image-preview:large","max-video-preview":"max-video-preview:-1"},"canonical":"https:\/\/otofox.com\/index.php\/kahramankazan_oto_kurtarma-2\/","og_locale":"tr_TR","og_type":"article","og_title":"Kahramankazan Oto Kurtarma - En Yak\u0131n \u00c7ekici - 05469560306","og_description":"Kahramankazan oto kurtarma en yak\u0131n \u00e7ekici yol yard\u0131m hizmeti kaskolu ara\u00e7 ta\u015f\u0131ma hizmeti sigorta \u00e7ekici hizmeti i\u00e7in hemen aray\u0131n.","og_url":"https:\/\/otofox.com\/index.php\/kahramankazan_oto_kurtarma-2\/","og_site_name":"Otofox Oto Kurtarma","article_modified_time":"2025-09-21T19:47:36+00:00","og_image":[{"width":200,"height":150,"url":"https:\/\/otofox.com\/wp-content\/uploads\/2025\/08\/helikopter-oto-kurtarma-oto-cekici-yolda-lastik-tamiri-13.jpg","type":"image\/jpeg"}],"twitter_card":"summary_large_image","twitter_misc":{"Tahmini okuma s\u00fcresi":"4 dakika"},"schema":{"@context":"https:\/\/schema.org","@graph":[{"@type":"WebPage","@id":"https:\/\/otofox.com\/index.php\/kahramankazan_oto_kurtarma-2\/","url":"https:\/\/otofox.com\/index.php\/kahramankazan_oto_kurtarma-2\/","name":"Kahramankazan Oto Kurtarma - En Yak\u0131n \u00c7ekici - 05469560306","isPartOf":{"@id":"https:\/\/otofox.com\/#website"},"primaryImageOfPage":{"@id":"https:\/\/otofox.com\/index.php\/kahramankazan_oto_kurtarma-2\/#primaryimage"},"image":{"@id":"https:\/\/otofox.com\/index.php\/kahramankazan_oto_kurtarma-2\/#primaryimage"},"thumbnailUrl":"https:\/\/otofox.com\/wp-content\/uploads\/2025\/08\/helikopter-oto-kurtarma-oto-cekici-yolda-lastik-tamiri-13.jpg","datePublished":"2025-09-21T19:47:35+00:00","dateModified":"2025-09-21T19:47:36+00:00","description":"Kahramankazan oto kurtarma en yak\u0131n \u00e7ekici yol yard\u0131m hizmeti kaskolu ara\u00e7 ta\u015f\u0131ma hizmeti sigorta \u00e7ekici hizmeti i\u00e7in hemen aray\u0131n.","breadcrumb":{"@id":"https:\/\/otofox.com\/index.php\/kahramankazan_oto_kurtarma-2\/#breadcrumb"},"inLanguage":"tr","potentialAction":[{"@type":"ReadAction","target":["https:\/\/otofox.com\/index.php\/kahramankazan_oto_kurtarma-2\/"]}]},{"@type":"ImageObject","inLanguage":"tr","@id":"https:\/\/otofox.com\/index.php\/kahramankazan_oto_kurtarma-2\/#primaryimage","url":"https:\/\/otofox.com\/wp-content\/uploads\/2025\/08\/helikopter-oto-kurtarma-oto-cekici-yolda-lastik-tamiri-13.jpg","contentUrl":"https:\/\/otofox.com\/wp-content\/uploads\/2025\/08\/helikopter-oto-kurtarma-oto-cekici-yolda-lastik-tamiri-13.jpg","width":200,"height":150,"caption":"Gerede oto kurtarma Gerede yol yard\u0131m\u0131 7\/24 oto kurtarma Gerede Acil oto kurtarma Gerede \u00e7ekici hizmeti En yak\u0131n oto kurtar\u0131c\u0131 Gerede Uygun fiyatl\u0131 oto kurtarma Gerede ara\u00e7 \u00e7ekici"},{"@type":"BreadcrumbList","@id":"https:\/\/otofox.com\/index.php\/kahramankazan_oto_kurtarma-2\/#breadcrumb","itemListElement":[{"@type":"ListItem","position":1,"name":"Anasayfa","item":"https:\/\/otofox.com\/"},{"@type":"ListItem","position":2,"name":"\ud83d\udea8 Kahramankazan Oto Kurtarma \u2013 Yolda Kald\u0131\u011f\u0131n\u0131zda \u0130lk Yard\u0131m\u0131n\u0131z"}]},{"@type":"WebSite","@id":"https:\/\/otofox.com\/#website","url":"https:\/\/otofox.com\/","name":"Otofox Oto Kurtarma","description":"En Yak\u0131n Oto Kurtarma","publisher":{"@id":"https:\/\/otofox.com\/#organization"},"potentialAction":[{"@type":"SearchAction","target":{"@type":"EntryPoint","urlTemplate":"https:\/\/otofox.com\/?s={search_term_string}"},"query-input":{"@type":"PropertyValueSpecification","valueRequired":true,"valueName":"search_term_string"}}],"inLanguage":"tr"},{"@type":"Organization","@id":"https:\/\/otofox.com\/#organization","name":"Otofox Oto Kurtarma","url":"https:\/\/otofox.com\/","logo":{"@type":"ImageObject","inLanguage":"tr","@id":"https:\/\/otofox.com\/#\/schema\/logo\/image\/","url":"https:\/\/otofox.com\/wp-content\/uploads\/2024\/03\/cropped-otofoxlogo.png","contentUrl":"https:\/\/otofox.com\/wp-content\/uploads\/2024\/03\/cropped-otofoxlogo.png","width":125,"height":20,"caption":"Otofox Oto Kurtarma"},"image":{"@id":"https:\/\/otofox.com\/#\/schema\/logo\/image\/"}}]}},"_links":{"self":[{"href":"https:\/\/otofox.com\/index.php\/wp-json\/wp\/v2\/pages\/1034653","targetHints":{"allow":["GET"]}}],"collection":[{"href":"https:\/\/otofox.com\/index.php\/wp-json\/wp\/v2\/pages"}],"about":[{"href":"https:\/\/otofox.com\/index.php\/wp-json\/wp\/v2\/types\/page"}],"author":[{"embeddable":true,"href":"https:\/\/otofox.com\/index.php\/wp-json\/wp\/v2\/users\/5"}],"replies":[{"embeddable":true,"href":"https:\/\/otofox.com\/index.php\/wp-json\/wp\/v2\/comments?post=1034653"}],"version-history":[{"count":1,"href":"https:\/\/otofox.com\/index.php\/wp-json\/wp\/v2\/pages\/1034653\/revisions"}],"predecessor-version":[{"id":1034655,"href":"https:\/\/otofox.com\/index.php\/wp-json\/wp\/v2\/pages\/1034653\/revisions\/1034655"}],"wp:featuredmedia":[{"embeddable":true,"href":"https:\/\/otofox.com\/index.php\/wp-json\/wp\/v2\/media\/1034226"}],"wp:attachment":[{"href":"https:\/\/otofox.com\/index.php\/wp-json\/wp\/v2\/media?parent=1034653"}],"curies":[{"name":"wp","href":"https:\/\/api.w.org\/{rel}","templated":true}]}}