{"id":1034658,"date":"2025-09-21T22:35:54","date_gmt":"2025-09-21T22:35:54","guid":{"rendered":"https:\/\/otofox.com\/?page_id=1034658"},"modified":"2025-09-22T19:42:58","modified_gmt":"2025-09-22T19:42:58","slug":"elmadag_oto_kurtarma","status":"publish","type":"page","link":"https:\/\/otofox.com\/index.php\/elmadag_oto_kurtarma\/","title":{"rendered":"Elmada\u011f Oto Kurtarma ile Yolda Kalmak Sorun De\u011fil: En Yak\u0131n \u00c7ekici Hizmeti Her An Yan\u0131n\u0131zda"},"content":{"rendered":"\n<p>Hi\u00e7 kimse arac\u0131n\u0131n yolda ar\u0131za yapmas\u0131n\u0131 ya da beklenmedik bir kazaya kar\u0131\u015fmay\u0131 istemez. Ancak bu gibi durumlar, en beklenmedik anlarda kar\u015f\u0131m\u0131za \u00e7\u0131kabilir. \u0130\u015fte b\u00f6yle zamanlarda en \u00f6nemli ihtiya\u00e7, h\u0131zl\u0131, g\u00fcvenilir ve profesyonel bir <strong>oto kurtarma hizmetidir<\/strong>. Ankara\u2019n\u0131n Elmada\u011f il\u00e7esinde bu ihtiyaca y\u0131llard\u0131r yan\u0131t veren isim ise: <strong>Elmada\u011f Oto Kurtarma<\/strong>.<\/p>\n\n\n\n<p>Yolda kald\u0131\u011f\u0131n\u0131zda, saat ka\u00e7 olursa olsun, ister \u015fehir i\u00e7inde ister Elmada\u011f\u2019a ba\u011fl\u0131 k\u0131rsal bir noktada olun, size en yak\u0131n \u00e7ekici arac\u0131n\u0131 h\u0131zl\u0131ca y\u00f6nlendirerek bulundu\u011funuz yerden g\u00fcvenle al\u0131nman\u0131z\u0131 sa\u011flar.<\/p>\n\n\n\n<hr class=\"wp-block-separator has-alpha-channel-opacity\"\/>\n\n\n\n<h2 class=\"wp-block-heading\">Oto Kurtarma Nedir, Neden \u00d6nemlidir?<\/h2>\n\n\n\n<p>Oto kurtarma hizmeti, bir arac\u0131n hareket edemeyecek durumda oldu\u011fu durumlarda devreye girer. Bu bir mekanik ar\u0131za, trafik kazas\u0131, lastik patlamas\u0131, ak\u00fc bitmesi ya da yanl\u0131\u015f yak\u0131t dolumu gibi sebeplerle olabilir. B\u00f6yle bir durumda g\u00fcvenli ta\u015f\u0131ma, yol g\u00fcvenli\u011fi ve zaman\u0131nda m\u00fcdahale \u00e7ok \u00f6nemlidir. \u00d6zellikle trafi\u011fin yo\u011fun oldu\u011fu b\u00f6lgelerde yanl\u0131\u015f m\u00fcdahale hem s\u00fcr\u00fcc\u00fcler hem de di\u011fer ara\u00e7lar i\u00e7in tehlike yaratabilir.<\/p>\n\n\n\n<p>Elmada\u011f Oto Kurtarma, bu gibi durumlara kar\u015f\u0131 hem teknik bilgiye hem de gerekli donan\u0131ma sahip profesyonel ekibiyle m\u00fcdahale eder.<\/p>\n\n\n\n<hr class=\"wp-block-separator has-alpha-channel-opacity\"\/>\n\n\n\n<h2 class=\"wp-block-heading\">Elmada\u011f Oto Kurtarma&#8217;n\u0131n Hizmetleri Nelerdir?<\/h2>\n\n\n\n<h3 class=\"wp-block-heading\">\u2705 En Yak\u0131n \u00c7ekici Hizmeti<\/h3>\n\n\n\n<p>Konumunuza en yak\u0131n ekip y\u00f6nlendirilir. B\u00f6ylece uzun s\u00fcre beklemek zorunda kalmazs\u0131n\u0131z. GPS destekli sistemle, b\u00f6lgedeki m\u00fcsait \u00e7ekici arac\u0131n\u0131zla saniyeler i\u00e7inde e\u015fle\u015ftirilir.<\/p>\n\n\n\n<h3 class=\"wp-block-heading\">\u2705 7\/24 Acil M\u00fcdahale<\/h3>\n\n\n\n<p>Arac\u0131n\u0131z ne zaman ar\u0131za yapar bilinmez. Gece ge\u00e7 saatte ya da hafta sonu fark etmeksizin, Elmada\u011f Oto Kurtarma g\u00fcn\u00fcn her saati hizmetinizdedir.<\/p>\n\n\n\n<h3 class=\"wp-block-heading\">\u2705 Kazal\u0131 Ara\u00e7 Ta\u015f\u0131ma<\/h3>\n\n\n\n<p>Kaza sonras\u0131 ara\u00e7lar hassas bir \u015fekilde ta\u015f\u0131nmal\u0131d\u0131r. Gerekli g\u00fcvenlik \u00f6nlemleri al\u0131nmadan yap\u0131lan ta\u015f\u0131malarda hem can hem de mal kayb\u0131 ya\u015fanabilir. Elmada\u011f Oto Kurtarma, kazal\u0131 ara\u00e7lar\u0131n \u00f6zel ta\u015f\u0131ma kurallar\u0131na uygun \u015fekilde \u00e7ekilmesini sa\u011flar.<\/p>\n\n\n\n<h3 class=\"wp-block-heading\">\u2705 \u015eehir \u0130\u00e7i ve \u015eehirleraras\u0131 Ta\u015f\u0131ma<\/h3>\n\n\n\n<p>Sadece Elmada\u011f merkezde de\u011fil, \u00e7evre il\u00e7elere ve T\u00fcrkiye&#8217;nin d\u00f6rt bir yan\u0131na \u00e7ekici hizmeti verilir. Arac\u0131n\u0131z hangi \u015fehirde olursa olsun g\u00fcvenli bir \u015fekilde istenilen noktaya ta\u015f\u0131n\u0131r.<\/p>\n\n\n\n<h3 class=\"wp-block-heading\">\u2705 Yol Yard\u0131m Deste\u011fi<\/h3>\n\n\n\n<p>Her sorun \u00e7ekici gerektirmez. Bazen ak\u00fc takviyesi, lastik de\u011fi\u015fimi ya da k\u00fc\u00e7\u00fck teknik m\u00fcdahalelerle ara\u00e7 tekrar \u00e7al\u0131\u015fabilir. Bu gibi durumlarda da yerinde \u00e7\u00f6z\u00fcm sunularak zamandan ve maliyetten tasarruf edilir.<\/p>\n\n\n\n<hr class=\"wp-block-separator has-alpha-channel-opacity\"\/>\n\n\n\n<h2 class=\"wp-block-heading\">Hangi Durumlarda Oto Kurtarma \u00c7a\u011fr\u0131lmal\u0131?<\/h2>\n\n\n\n<p>Elmada\u011f b\u00f6lgesinde en s\u0131k kar\u015f\u0131la\u015f\u0131lan oto kurtarma sebepleri \u015funlard\u0131r:<\/p>\n\n\n\n<ul class=\"wp-block-list\">\n<li>Motor ar\u0131zas\u0131 sonucu ara\u00e7 hareket etmiyor<\/li>\n\n\n\n<li>Lastik patlad\u0131, stepne yok ya da de\u011fi\u015ftirilemiyor<\/li>\n\n\n\n<li>Ak\u00fc bitti, ara\u00e7 mar\u015f alm\u0131yor<\/li>\n\n\n\n<li>Trafik kazas\u0131 sonras\u0131 ara\u00e7 kullan\u0131lamaz hale geldi<\/li>\n\n\n\n<li>Ara\u00e7 \u00e7amura, kara ya da suya sapland\u0131<\/li>\n\n\n\n<li>Yanl\u0131\u015f yak\u0131t dolumu yap\u0131ld\u0131<\/li>\n<\/ul>\n\n\n\n<p>Bu t\u00fcr durumlarda ara\u00e7la daha fazla u\u011fra\u015fmak yerine profesyonel yard\u0131m almak, zaman ve g\u00fcvenlik a\u00e7\u0131s\u0131ndan en do\u011fru tercih olacakt\u0131r.<\/p>\n\n\n\n<hr class=\"wp-block-separator has-alpha-channel-opacity\"\/>\n\n\n\n<h2 class=\"wp-block-heading\">Neden Elmada\u011f Oto Kurtarma?<\/h2>\n\n\n\n<h3 class=\"wp-block-heading\">\ud83d\udd39 H\u0131zl\u0131 Eri\u015fim<\/h3>\n\n\n\n<p>Elmada\u011f ve \u00e7evresine h\u00e2kim ekibimizle, siz neredeyseniz en yak\u0131n ekip hemen oraya y\u00f6nlendirilir.<\/p>\n\n\n\n<h3 class=\"wp-block-heading\">\ud83d\udd39 Profesyonel Ekip<\/h3>\n\n\n\n<p>Her biri deneyimli, e\u011fitimli ve m\u00fc\u015fteri odakl\u0131 \u00e7al\u0131\u015fanlardan olu\u015fan kadromuzla arac\u0131n\u0131za g\u00fcvenli bir \u015fekilde m\u00fcdahale ederiz.<\/p>\n\n\n\n<h3 class=\"wp-block-heading\">\ud83d\udd39 G\u00fcvenli Ta\u015f\u0131ma<\/h3>\n\n\n\n<p>Arac\u0131n\u0131z firmam\u0131z taraf\u0131ndan g\u00fcvence alt\u0131na al\u0131narak \u00e7ekilir. Ara\u00e7 ta\u015f\u0131ma s\u0131ras\u0131nda olas\u0131 riskler minimuma indirilir.<\/p>\n\n\n\n<h3 class=\"wp-block-heading\">\ud83d\udd39 \u015eeffaf ve Uygun Fiyatlar<\/h3>\n\n\n\n<p>Fiyatland\u0131rma konusunda \u015feffaf\u0131z. Sizi zor durumda b\u0131rakacak s\u00fcrpriz maliyetler olmadan, hizmet \u00f6ncesi bilgilendirme yap\u0131l\u0131r.<\/p>\n\n\n\n<h3 class=\"wp-block-heading\">\ud83d\udd39 M\u00fc\u015fteri Memnuniyeti<\/h3>\n\n\n\n<p>Bug\u00fcne kadar hizmet verdi\u011fimiz y\u00fczlerce m\u00fc\u015fterimizin memnuniyeti bizim i\u00e7in en b\u00fcy\u00fck referanst\u0131r.<\/p>\n\n\n\n<hr class=\"wp-block-separator has-alpha-channel-opacity\"\/>\n\n\n\n<h2 class=\"wp-block-heading\">En Yak\u0131n \u00c7ekiciye Nas\u0131l Ula\u015f\u0131r\u0131m?<\/h2>\n\n\n\n<ol class=\"wp-block-list\">\n<li>Elmada\u011f Oto Kurtarma&#8217;y\u0131 aray\u0131n.<\/li>\n\n\n\n<li>Konum bilgilerinizi payla\u015f\u0131n veya WhatsApp \u00fczerinden konum g\u00f6nderin.<\/li>\n\n\n\n<li>Size en yak\u0131n \u00e7ekici y\u00f6nlendirilir.<\/li>\n\n\n\n<li>Ortalama 15-30 dakika i\u00e7inde ekip arac\u0131n\u0131z\u0131n yan\u0131na ula\u015f\u0131r.<\/li>\n<\/ol>\n\n\n\n<p>\u0130nternet ba\u011flant\u0131n\u0131z varsa web sitemiz veya sosyal medya hesaplar\u0131m\u0131z \u00fczerinden de h\u0131zl\u0131ca ileti\u015fime ge\u00e7ebilirsiniz.<\/p>\n\n\n\n<hr class=\"wp-block-separator has-alpha-channel-opacity\"\/>\n\n\n\n<h2 class=\"wp-block-heading\">Sonu\u00e7: Yolda Kalmak Sorun De\u011fil, Yan\u0131n\u0131zda Elmada\u011f Oto Kurtarma Var<\/h2>\n\n\n\n<p>Unutmay\u0131n, arac\u0131n\u0131z ne zaman ar\u0131za yapar bilemezsiniz ama kiminle ileti\u015fime ge\u00e7ece\u011finizi bilmek b\u00fcy\u00fck avantaj sa\u011flar. <strong>Elmada\u011f Oto Kurtarma<\/strong>, sadece bir \u00e7ekici hizmeti sunmaz; ayn\u0131 zamanda sizi yolda \u00e7aresiz b\u0131rakmayan bir \u00e7\u00f6z\u00fcm orta\u011f\u0131d\u0131r.<\/p>\n\n\n\n<p>Yolda kald\u0131\u011f\u0131n\u0131zda panik yapmay\u0131n, sadece telefonunuzu al\u0131n ve Elmada\u011f Oto Kurtarma\u2019y\u0131 aray\u0131n. En k\u0131sa s\u00fcrede yan\u0131n\u0131zday\u0131z!<\/p>\n\n\n\n<hr class=\"wp-block-separator has-alpha-channel-opacity\"\/>\n\n\n\n<h3 class=\"wp-block-heading\">\u0130leti\u015fim Bilgileri<\/h3>\n\n\n\n<p>\ud83d\udcde Telefon: <a href=\"tel:05469560306\">05469560306<\/a><br>\ud83d\udccd Lokasyon: Elmada\u011f \/ Ankara<br>\ud83c\udf10 Web Sitesi: <a href=\"http:\/\/www.otofox.com\">www.otofox.com<\/a><br><\/p>\n","protected":false},"excerpt":{"rendered":"<p>Hi\u00e7 kimse arac\u0131n\u0131n yolda ar\u0131za yapmas\u0131n\u0131 ya da beklenmedik bir kazaya kar\u0131\u015fmay\u0131 istemez. Ancak bu gibi durumlar, en beklenmedik anlarda kar\u015f\u0131m\u0131za \u00e7\u0131kabilir. \u0130\u015fte b\u00f6yle zamanlarda en \u00f6nemli ihtiya\u00e7, h\u0131zl\u0131, g\u00fcvenilir ve profesyonel bir oto kurtarma hizmetidir. Ankara\u2019n\u0131n Elmada\u011f il\u00e7esinde bu ihtiyaca y\u0131llard\u0131r yan\u0131t veren isim ise: Elmada\u011f Oto Kurtarma. Yolda kald\u0131\u011f\u0131n\u0131zda, saat ka\u00e7 olursa olsun, &hellip; <\/p>\n","protected":false},"author":5,"featured_media":1034183,"parent":0,"menu_order":0,"comment_status":"closed","ping_status":"closed","template":"","meta":{"footnotes":""},"class_list":["post-1034658","page","type-page","status-publish","has-post-thumbnail","hentry"],"yoast_head":"<!-- This site is optimized with the Yoast SEO plugin v26.2 - https:\/\/yoast.com\/wordpress\/plugins\/seo\/ -->\n<title>Elmada\u011f Oto Kurtarma - En Yak\u0131n \u00c7ekici - 05469560306<\/title>\n<meta name=\"description\" content=\"Elmada\u011f oto kurtarma en yak\u0131n \u00e7ekici yol yard\u0131m hizmet \u015fehirler aras\u0131 oto kurtarma \u00e7oklu \u00e7ekici hizmeti i\u00e7in hemen aray\u0131n.\" \/>\n<meta name=\"robots\" content=\"index, follow, max-snippet:-1, max-image-preview:large, max-video-preview:-1\" \/>\n<link rel=\"canonical\" href=\"https:\/\/otofox.com\/index.php\/elmadag_oto_kurtarma\/\" \/>\n<meta property=\"og:locale\" content=\"tr_TR\" \/>\n<meta property=\"og:type\" content=\"article\" \/>\n<meta property=\"og:title\" content=\"Elmada\u011f Oto Kurtarma - En Yak\u0131n \u00c7ekici - 05469560306\" \/>\n<meta property=\"og:description\" content=\"Elmada\u011f oto kurtarma en yak\u0131n \u00e7ekici yol yard\u0131m hizmet \u015fehirler aras\u0131 oto kurtarma \u00e7oklu \u00e7ekici hizmeti i\u00e7in hemen aray\u0131n.\" \/>\n<meta property=\"og:url\" content=\"https:\/\/otofox.com\/index.php\/elmadag_oto_kurtarma\/\" \/>\n<meta property=\"og:site_name\" content=\"Otofox Oto Kurtarma\" \/>\n<meta property=\"article:modified_time\" content=\"2025-09-22T19:42:58+00:00\" \/>\n<meta property=\"og:image\" content=\"https:\/\/otofox.com\/wp-content\/uploads\/2025\/04\/en-yakin-oto-kurtarma-en-yakin-cekici-25.jpeg\" \/>\n\t<meta property=\"og:image:width\" content=\"2048\" \/>\n\t<meta property=\"og:image:height\" content=\"1536\" \/>\n\t<meta property=\"og:image:type\" content=\"image\/jpeg\" \/>\n<meta name=\"twitter:card\" content=\"summary_large_image\" \/>\n<meta name=\"twitter:label1\" content=\"Tahmini okuma s\u00fcresi\" \/>\n\t<meta name=\"twitter:data1\" content=\"1 dakika\" \/>\n<script type=\"application\/ld+json\" class=\"yoast-schema-graph\">{\"@context\":\"https:\/\/schema.org\",\"@graph\":[{\"@type\":\"WebPage\",\"@id\":\"https:\/\/otofox.com\/index.php\/elmadag_oto_kurtarma\/\",\"url\":\"https:\/\/otofox.com\/index.php\/elmadag_oto_kurtarma\/\",\"name\":\"Elmada\u011f Oto Kurtarma - En Yak\u0131n \u00c7ekici - 05469560306\",\"isPartOf\":{\"@id\":\"https:\/\/otofox.com\/#website\"},\"primaryImageOfPage\":{\"@id\":\"https:\/\/otofox.com\/index.php\/elmadag_oto_kurtarma\/#primaryimage\"},\"image\":{\"@id\":\"https:\/\/otofox.com\/index.php\/elmadag_oto_kurtarma\/#primaryimage\"},\"thumbnailUrl\":\"https:\/\/otofox.com\/wp-content\/uploads\/2025\/04\/en-yakin-oto-kurtarma-en-yakin-cekici-25.jpeg\",\"datePublished\":\"2025-09-21T22:35:54+00:00\",\"dateModified\":\"2025-09-22T19:42:58+00:00\",\"description\":\"Elmada\u011f oto kurtarma en yak\u0131n \u00e7ekici yol yard\u0131m hizmet \u015fehirler aras\u0131 oto kurtarma \u00e7oklu \u00e7ekici hizmeti i\u00e7in hemen aray\u0131n.\",\"breadcrumb\":{\"@id\":\"https:\/\/otofox.com\/index.php\/elmadag_oto_kurtarma\/#breadcrumb\"},\"inLanguage\":\"tr\",\"potentialAction\":[{\"@type\":\"ReadAction\",\"target\":[\"https:\/\/otofox.com\/index.php\/elmadag_oto_kurtarma\/\"]}]},{\"@type\":\"ImageObject\",\"inLanguage\":\"tr\",\"@id\":\"https:\/\/otofox.com\/index.php\/elmadag_oto_kurtarma\/#primaryimage\",\"url\":\"https:\/\/otofox.com\/wp-content\/uploads\/2025\/04\/en-yakin-oto-kurtarma-en-yakin-cekici-25.jpeg\",\"contentUrl\":\"https:\/\/otofox.com\/wp-content\/uploads\/2025\/04\/en-yakin-oto-kurtarma-en-yakin-cekici-25.jpeg\",\"width\":2048,\"height\":1536},{\"@type\":\"BreadcrumbList\",\"@id\":\"https:\/\/otofox.com\/index.php\/elmadag_oto_kurtarma\/#breadcrumb\",\"itemListElement\":[{\"@type\":\"ListItem\",\"position\":1,\"name\":\"Anasayfa\",\"item\":\"https:\/\/otofox.com\/\"},{\"@type\":\"ListItem\",\"position\":2,\"name\":\"Elmada\u011f Oto Kurtarma ile Yolda Kalmak Sorun De\u011fil: En Yak\u0131n \u00c7ekici Hizmeti Her An Yan\u0131n\u0131zda\"}]},{\"@type\":\"WebSite\",\"@id\":\"https:\/\/otofox.com\/#website\",\"url\":\"https:\/\/otofox.com\/\",\"name\":\"Otofox Oto Kurtarma\",\"description\":\"En Yak\u0131n Oto Kurtarma\",\"publisher\":{\"@id\":\"https:\/\/otofox.com\/#organization\"},\"potentialAction\":[{\"@type\":\"SearchAction\",\"target\":{\"@type\":\"EntryPoint\",\"urlTemplate\":\"https:\/\/otofox.com\/?s={search_term_string}\"},\"query-input\":{\"@type\":\"PropertyValueSpecification\",\"valueRequired\":true,\"valueName\":\"search_term_string\"}}],\"inLanguage\":\"tr\"},{\"@type\":\"Organization\",\"@id\":\"https:\/\/otofox.com\/#organization\",\"name\":\"Otofox Oto Kurtarma\",\"url\":\"https:\/\/otofox.com\/\",\"logo\":{\"@type\":\"ImageObject\",\"inLanguage\":\"tr\",\"@id\":\"https:\/\/otofox.com\/#\/schema\/logo\/image\/\",\"url\":\"https:\/\/otofox.com\/wp-content\/uploads\/2024\/03\/cropped-otofoxlogo.png\",\"contentUrl\":\"https:\/\/otofox.com\/wp-content\/uploads\/2024\/03\/cropped-otofoxlogo.png\",\"width\":125,\"height\":20,\"caption\":\"Otofox Oto Kurtarma\"},\"image\":{\"@id\":\"https:\/\/otofox.com\/#\/schema\/logo\/image\/\"}}]}<\/script>\n<!-- \/ Yoast SEO plugin. -->","yoast_head_json":{"title":"Elmada\u011f Oto Kurtarma - En Yak\u0131n \u00c7ekici - 05469560306","description":"Elmada\u011f oto kurtarma en yak\u0131n \u00e7ekici yol yard\u0131m hizmet \u015fehirler aras\u0131 oto kurtarma \u00e7oklu \u00e7ekici hizmeti i\u00e7in hemen aray\u0131n.","robots":{"index":"index","follow":"follow","max-snippet":"max-snippet:-1","max-image-preview":"max-image-preview:large","max-video-preview":"max-video-preview:-1"},"canonical":"https:\/\/otofox.com\/index.php\/elmadag_oto_kurtarma\/","og_locale":"tr_TR","og_type":"article","og_title":"Elmada\u011f Oto Kurtarma - En Yak\u0131n \u00c7ekici - 05469560306","og_description":"Elmada\u011f oto kurtarma en yak\u0131n \u00e7ekici yol yard\u0131m hizmet \u015fehirler aras\u0131 oto kurtarma \u00e7oklu \u00e7ekici hizmeti i\u00e7in hemen aray\u0131n.","og_url":"https:\/\/otofox.com\/index.php\/elmadag_oto_kurtarma\/","og_site_name":"Otofox Oto Kurtarma","article_modified_time":"2025-09-22T19:42:58+00:00","og_image":[{"width":2048,"height":1536,"url":"https:\/\/otofox.com\/wp-content\/uploads\/2025\/04\/en-yakin-oto-kurtarma-en-yakin-cekici-25.jpeg","type":"image\/jpeg"}],"twitter_card":"summary_large_image","twitter_misc":{"Tahmini okuma s\u00fcresi":"1 dakika"},"schema":{"@context":"https:\/\/schema.org","@graph":[{"@type":"WebPage","@id":"https:\/\/otofox.com\/index.php\/elmadag_oto_kurtarma\/","url":"https:\/\/otofox.com\/index.php\/elmadag_oto_kurtarma\/","name":"Elmada\u011f Oto Kurtarma - En Yak\u0131n \u00c7ekici - 05469560306","isPartOf":{"@id":"https:\/\/otofox.com\/#website"},"primaryImageOfPage":{"@id":"https:\/\/otofox.com\/index.php\/elmadag_oto_kurtarma\/#primaryimage"},"image":{"@id":"https:\/\/otofox.com\/index.php\/elmadag_oto_kurtarma\/#primaryimage"},"thumbnailUrl":"https:\/\/otofox.com\/wp-content\/uploads\/2025\/04\/en-yakin-oto-kurtarma-en-yakin-cekici-25.jpeg","datePublished":"2025-09-21T22:35:54+00:00","dateModified":"2025-09-22T19:42:58+00:00","description":"Elmada\u011f oto kurtarma en yak\u0131n \u00e7ekici yol yard\u0131m hizmet \u015fehirler aras\u0131 oto kurtarma \u00e7oklu \u00e7ekici hizmeti i\u00e7in hemen aray\u0131n.","breadcrumb":{"@id":"https:\/\/otofox.com\/index.php\/elmadag_oto_kurtarma\/#breadcrumb"},"inLanguage":"tr","potentialAction":[{"@type":"ReadAction","target":["https:\/\/otofox.com\/index.php\/elmadag_oto_kurtarma\/"]}]},{"@type":"ImageObject","inLanguage":"tr","@id":"https:\/\/otofox.com\/index.php\/elmadag_oto_kurtarma\/#primaryimage","url":"https:\/\/otofox.com\/wp-content\/uploads\/2025\/04\/en-yakin-oto-kurtarma-en-yakin-cekici-25.jpeg","contentUrl":"https:\/\/otofox.com\/wp-content\/uploads\/2025\/04\/en-yakin-oto-kurtarma-en-yakin-cekici-25.jpeg","width":2048,"height":1536},{"@type":"BreadcrumbList","@id":"https:\/\/otofox.com\/index.php\/elmadag_oto_kurtarma\/#breadcrumb","itemListElement":[{"@type":"ListItem","position":1,"name":"Anasayfa","item":"https:\/\/otofox.com\/"},{"@type":"ListItem","position":2,"name":"Elmada\u011f Oto Kurtarma ile Yolda Kalmak Sorun De\u011fil: En Yak\u0131n \u00c7ekici Hizmeti Her An Yan\u0131n\u0131zda"}]},{"@type":"WebSite","@id":"https:\/\/otofox.com\/#website","url":"https:\/\/otofox.com\/","name":"Otofox Oto Kurtarma","description":"En Yak\u0131n Oto Kurtarma","publisher":{"@id":"https:\/\/otofox.com\/#organization"},"potentialAction":[{"@type":"SearchAction","target":{"@type":"EntryPoint","urlTemplate":"https:\/\/otofox.com\/?s={search_term_string}"},"query-input":{"@type":"PropertyValueSpecification","valueRequired":true,"valueName":"search_term_string"}}],"inLanguage":"tr"},{"@type":"Organization","@id":"https:\/\/otofox.com\/#organization","name":"Otofox Oto Kurtarma","url":"https:\/\/otofox.com\/","logo":{"@type":"ImageObject","inLanguage":"tr","@id":"https:\/\/otofox.com\/#\/schema\/logo\/image\/","url":"https:\/\/otofox.com\/wp-content\/uploads\/2024\/03\/cropped-otofoxlogo.png","contentUrl":"https:\/\/otofox.com\/wp-content\/uploads\/2024\/03\/cropped-otofoxlogo.png","width":125,"height":20,"caption":"Otofox Oto Kurtarma"},"image":{"@id":"https:\/\/otofox.com\/#\/schema\/logo\/image\/"}}]}},"_links":{"self":[{"href":"https:\/\/otofox.com\/index.php\/wp-json\/wp\/v2\/pages\/1034658","targetHints":{"allow":["GET"]}}],"collection":[{"href":"https:\/\/otofox.com\/index.php\/wp-json\/wp\/v2\/pages"}],"about":[{"href":"https:\/\/otofox.com\/index.php\/wp-json\/wp\/v2\/types\/page"}],"author":[{"embeddable":true,"href":"https:\/\/otofox.com\/index.php\/wp-json\/wp\/v2\/users\/5"}],"replies":[{"embeddable":true,"href":"https:\/\/otofox.com\/index.php\/wp-json\/wp\/v2\/comments?post=1034658"}],"version-history":[{"count":1,"href":"https:\/\/otofox.com\/index.php\/wp-json\/wp\/v2\/pages\/1034658\/revisions"}],"predecessor-version":[{"id":1034660,"href":"https:\/\/otofox.com\/index.php\/wp-json\/wp\/v2\/pages\/1034658\/revisions\/1034660"}],"wp:featuredmedia":[{"embeddable":true,"href":"https:\/\/otofox.com\/index.php\/wp-json\/wp\/v2\/media\/1034183"}],"wp:attachment":[{"href":"https:\/\/otofox.com\/index.php\/wp-json\/wp\/v2\/media?parent=1034658"}],"curies":[{"name":"wp","href":"https:\/\/api.w.org\/{rel}","templated":true}]}}