{"id":1034678,"date":"2025-09-22T21:38:55","date_gmt":"2025-09-22T21:38:55","guid":{"rendered":"https:\/\/otofox.com\/?page_id=1034678"},"modified":"2025-09-22T21:38:56","modified_gmt":"2025-09-22T21:38:56","slug":"e-5_karayolu_d-100_oto_kurtarma","status":"publish","type":"page","link":"https:\/\/otofox.com\/index.php\/e-5_karayolu_d-100_oto_kurtarma\/","title":{"rendered":"E-5 Karayolu D-100 Oto Kurtarma ve En Yak\u0131n \u00c7ekici Hizmetleri: Yolculu\u011funuzda G\u00fcvenli\u011finizi Sa\u011flayan Kritik Destek"},"content":{"rendered":"\n<p>T\u00fcrkiye\u2019nin en \u00f6nemli ula\u015f\u0131m arterlerinden biri olan <strong>E-5 Karayolu (D-100)<\/strong>, \u0130stanbul\u2019dan ba\u015flayarak Kocaeli, Sakarya, D\u00fczce, Karadeniz k\u0131y\u0131s\u0131na kadar bir\u00e7ok \u00f6nemli il ve il\u00e7eyi birbirine ba\u011flar. Gerek \u015fehir i\u00e7i yo\u011fun trafi\u011fi, gerek uzun mesafeleri nedeniyle g\u00fcnl\u00fck milyonlarca s\u00fcr\u00fcc\u00fcn\u00fcn kulland\u0131\u011f\u0131 bu yol, trafikte ya\u015fanabilecek her t\u00fcrl\u00fc aksili\u011fe kar\u015f\u0131 haz\u0131rl\u0131kl\u0131 olunmas\u0131n\u0131 gerektirir. \u00d6zellikle yolda kalma, kaza veya ara\u00e7 ar\u0131zalar\u0131 gibi durumlarda devreye giren <strong>oto kurtarma ve \u00e7ekici hizmetleri<\/strong>, yolcular\u0131n g\u00fcvenli\u011fini sa\u011flamak ve trafi\u011fin aksamamas\u0131n\u0131 temin etmek a\u00e7\u0131s\u0131ndan kritik \u00f6neme sahiptir.<\/p>\n\n\n\n<hr class=\"wp-block-separator has-alpha-channel-opacity\"\/>\n\n\n\n<h3 class=\"wp-block-heading\">E-5 Karayolu\u2019nun \u00d6zellikleri ve Seyahat G\u00fcvenli\u011fi<\/h3>\n\n\n\n<p>E-5 Karayolu, T\u00fcrkiye\u2019nin en kalabal\u0131k ve ekonomik a\u00e7\u0131dan en canl\u0131 b\u00f6lgelerini bir araya getiren bir ana arterdir. \u0130stanbul, Kocaeli, Sakarya gibi sanayi ve ticaret merkezlerinden ge\u00e7erken, yo\u011fun kamyon ve ticari ara\u00e7 trafi\u011fiyle kar\u015f\u0131la\u015fmak m\u00fcmk\u00fcnd\u00fcr. Ayn\u0131 zamanda, yolun baz\u0131 kesimleri \u015fehir i\u00e7i trafi\u011fi \u00f6zellikleri ta\u015f\u0131d\u0131\u011f\u0131 i\u00e7in trafik s\u0131k\u0131\u015f\u0131kl\u0131klar\u0131 ve kazalar s\u0131k ya\u015fan\u0131r.<\/p>\n\n\n\n<p>Bu nedenle, yol g\u00fcvenli\u011fini art\u0131rmak ve s\u00fcr\u00fcc\u00fclerin ma\u011fduriyetini \u00f6nlemek amac\u0131yla oto kurtarma hizmetlerinin h\u0131zl\u0131, etkili ve profesyonel olmas\u0131 gerekir. Yolda kalan ara\u00e7lar\u0131n ve kazaya kar\u0131\u015fan ara\u00e7lar\u0131n en k\u0131sa s\u00fcrede yoldan kald\u0131r\u0131lmas\u0131, trafik ak\u0131\u015f\u0131n\u0131 koruman\u0131n yan\u0131 s\u0131ra di\u011fer s\u00fcr\u00fcc\u00fclerin g\u00fcvenli\u011fi i\u00e7in de \u015fartt\u0131r.<\/p>\n\n\n\n<hr class=\"wp-block-separator has-alpha-channel-opacity\"\/>\n\n\n\n<h3 class=\"wp-block-heading\">Oto Kurtarma Hizmetlerinin \u00d6nemi ve Fonksiyonlar\u0131<\/h3>\n\n\n\n<p>Yolda kalma veya kaza durumlar\u0131nda, s\u00fcr\u00fcc\u00fcler i\u00e7in zaman kayb\u0131 ve g\u00fcvenlik riski olu\u015fur. \u0130\u015fte oto kurtarma hizmetleri tam da bu noktada devreye girer:<\/p>\n\n\n\n<ul class=\"wp-block-list\">\n<li><strong>H\u0131zl\u0131 M\u00fcdahale:<\/strong> E-5 gibi yo\u011fun g\u00fczergahlarda, beklemek hem s\u00fcr\u00fcc\u00fcn\u00fcn hem de di\u011fer yol kullan\u0131c\u0131lar\u0131n\u0131n riskini art\u0131r\u0131r. Kurtarma ekiplerinin h\u0131zl\u0131 m\u00fcdahalesi, trafi\u011fin ak\u0131\u015f\u0131n\u0131 sa\u011flar.<\/li>\n\n\n\n<li><strong>G\u00fcvenli Ta\u015f\u0131ma:<\/strong> Ara\u00e7lar\u0131n, \u00f6zellikle de hasar alm\u0131\u015f veya \u00e7al\u0131\u015fmayanlar\u0131n, g\u00fcvenli ve uygun ko\u015fullarda \u00e7ekilmesi \u00f6nemlidir. Yanl\u0131\u015f ta\u015f\u0131ma y\u00f6ntemleri arac\u0131n daha fazla zarar g\u00f6rmesine yol a\u00e7abilir.<\/li>\n\n\n\n<li><strong>Profesyonel Hizmet:<\/strong> Deneyimli ekipler, arac\u0131n t\u00fcr\u00fcne uygun \u00e7ekici ve ekipman kullanarak i\u015flerini sorunsuz ger\u00e7ekle\u015ftirir.<\/li>\n\n\n\n<li><strong>7\/24 Ula\u015f\u0131labilirlik:<\/strong> Trafik ve yol sorunlar\u0131 gece g\u00fcnd\u00fcz fark etmeksizin ya\u015fanabilir, bu y\u00fczden oto kurtarma hizmetlerinin her zaman ula\u015f\u0131labilir olmas\u0131 gerekir.<\/li>\n<\/ul>\n\n\n\n<hr class=\"wp-block-separator has-alpha-channel-opacity\"\/>\n\n\n\n<h3 class=\"wp-block-heading\">En Yak\u0131n \u00c7ekici Hizmetine Ula\u015fma Y\u00f6ntemleri<\/h3>\n\n\n\n<p>Teknolojinin geli\u015fmesiyle, yolda kal\u0131nd\u0131\u011f\u0131nda en h\u0131zl\u0131 \u015fekilde yard\u0131m almak olduk\u00e7a kolayla\u015fm\u0131\u015ft\u0131r. S\u00fcr\u00fcc\u00fcler art\u0131k konum tabanl\u0131 hizmetler sayesinde, telefon veya navigasyon cihazlar\u0131 ile en yak\u0131n \u00e7ekici firmas\u0131n\u0131 tespit edebilir. Baz\u0131 y\u00f6ntemler:<\/p>\n\n\n\n<ul class=\"wp-block-list\">\n<li><strong>Mobil Uygulamalar:<\/strong> Google Haritalar, Yandex Navigasyon gibi uygulamalarda yak\u0131nlardaki \u00e7ekici ve kurtarma firmalar\u0131 listelenir.<\/li>\n\n\n\n<li><strong>\u00c7a\u011fr\u0131 Merkezleri:<\/strong> Bir\u00e7ok oto kurtarma firmas\u0131, 7\/24 ula\u015f\u0131labilir \u00e7a\u011fr\u0131 merkezleri ile destek sa\u011flar.<\/li>\n\n\n\n<li><strong>\u0130nternet \u00dczerinden Arama:<\/strong> B\u00f6lgesel veya \u015fehir bazl\u0131 \u201cE-5 oto kurtarma\u201d, \u201cen yak\u0131n \u00e7ekici\u201d gibi aramalar, h\u0131zl\u0131 sonu\u00e7 verir.<\/li>\n<\/ul>\n\n\n\n<p>Bu y\u00f6ntemler sayesinde, s\u00fcr\u00fcc\u00fcler bekleme s\u00fcresini minimuma indirip yolculuklar\u0131n\u0131 g\u00fcvenle s\u00fcrd\u00fcrebilir.<\/p>\n\n\n\n<hr class=\"wp-block-separator has-alpha-channel-opacity\"\/>\n\n\n\n<h3 class=\"wp-block-heading\">Oto Kurtarma Hizmeti Se\u00e7erken Dikkat Edilmesi Gerekenler<\/h3>\n\n\n\n<p>Do\u011fru oto kurtarma firmas\u0131 se\u00e7imi, hem arac\u0131n\u0131z\u0131n g\u00fcvenli\u011fi hem de cebiniz i\u00e7in \u00e7ok \u00f6nemlidir. \u0130\u015fte dikkat edilmesi gereken temel noktalar:<\/p>\n\n\n\n<ol class=\"wp-block-list\">\n<li><strong>Hizmet S\u00fcresi ve Ula\u015f\u0131labilirlik:<\/strong> 7\/24 hizmet veren firmalar tercih edilmelidir.<\/li>\n\n\n\n<li><strong>Profesyonellik ve Ekipman:<\/strong> Arac\u0131n\u0131z\u0131n modeline ve b\u00fcy\u00fckl\u00fc\u011f\u00fcne uygun \u00e7ekici ve ekipmana sahip olmak \u00f6nemlidir.<\/li>\n\n\n\n<li><strong>Fiyat Politikas\u0131:<\/strong> Hizmet \u00f6ncesi fiyatland\u0131rman\u0131n net olmas\u0131, s\u00fcr\u00fcc\u00fclerin s\u00fcrpriz maliyetlerle kar\u015f\u0131la\u015fmas\u0131n\u0131 \u00f6nler.<\/li>\n\n\n\n<li><strong>Sigorta ve Garanti:<\/strong> Kurtarma hizmeti s\u0131ras\u0131nda olu\u015fabilecek zararlara kar\u015f\u0131 sigorta kapsam\u0131nda olmak g\u00fcvence sa\u011flar.<\/li>\n\n\n\n<li><strong>M\u00fc\u015fteri Yorumlar\u0131 ve Referanslar:<\/strong> Daha \u00f6nce hizmet alm\u0131\u015f ki\u015filerin yorumlar\u0131, do\u011fru firma se\u00e7imine yard\u0131mc\u0131 olur.<\/li>\n<\/ol>\n\n\n\n<hr class=\"wp-block-separator has-alpha-channel-opacity\"\/>\n\n\n\n<h3 class=\"wp-block-heading\">E-5 Karayolu\u2019nda G\u00fcvenli Seyahat \u0130\u00e7in \u00d6neriler<\/h3>\n\n\n\n<p>E-5 Karayolu \u00fczerinde s\u0131k seyahat eden s\u00fcr\u00fcc\u00fcler i\u00e7in baz\u0131 pratik \u00f6neriler yolculuklar\u0131n daha sorunsuz ge\u00e7mesini sa\u011flar:<\/p>\n\n\n\n<ul class=\"wp-block-list\">\n<li><strong>Ara\u00e7 Bak\u0131m\u0131:<\/strong> D\u00fczenli bak\u0131m ve kontrol, yolda kalma riskini azalt\u0131r. Lastik, fren, ak\u00fc gibi par\u00e7alar\u0131n \u00f6zellikle kontrol edilmesi gerekir.<\/li>\n\n\n\n<li><strong>Yol Yard\u0131m Numaralar\u0131:<\/strong> En yak\u0131n \u00e7ekici ve oto kurtarma firmalar\u0131n\u0131n telefon numaralar\u0131n\u0131 telefonunuza kaydedin.<\/li>\n\n\n\n<li><strong>G\u00fcvenlik \u00d6nlemleri:<\/strong> Ar\u0131za an\u0131nda arac\u0131n\u0131z\u0131 m\u00fcmk\u00fcn oldu\u011funca g\u00fcvenli bir alana \u00e7ekin ve uyar\u0131 \u0131\u015f\u0131klar\u0131, reflekt\u00f6r gibi ekipmanlar\u0131 kullan\u0131n.<\/li>\n\n\n\n<li><strong>Teknoloji Kullan\u0131m\u0131:<\/strong> Navigasyon ve yol yard\u0131m uygulamalar\u0131n\u0131 aktif tutarak konumunuzun h\u0131zl\u0131 tespit edilmesini sa\u011flay\u0131n.<\/li>\n<\/ul>\n\n\n\n<hr class=\"wp-block-separator has-alpha-channel-opacity\"\/>\n\n\n\n<h3 class=\"wp-block-heading\">Sonu\u00e7<\/h3>\n\n\n\n<p>E-5 Karayolu, T\u00fcrkiye\u2019nin hem ekonomik hem de sosyal ya\u015fam\u0131nda merkezi bir role sahiptir. Bu yo\u011fun g\u00fczergah \u00fczerinde ya\u015fanan ara\u00e7 ar\u0131zalar\u0131 ve kazalar, s\u00fcr\u00fcc\u00fcler i\u00e7in b\u00fcy\u00fck s\u0131k\u0131nt\u0131lar yaratabilir. Ancak, h\u0131zl\u0131 ve profesyonel <strong>oto kurtarma ve \u00e7ekici hizmetleri<\/strong> sayesinde, bu s\u0131k\u0131nt\u0131lar minimuma indirilebilir. Teknolojinin sa\u011flad\u0131\u011f\u0131 imkanlarla, en yak\u0131n \u00e7ekici hizmetlerine an\u0131nda ula\u015fmak m\u00fcmk\u00fcnd\u00fcr ve bu da yolculu\u011funuzun g\u00fcvenli, h\u0131zl\u0131 ve konforlu devam etmesini sa\u011flar.<\/p>\n\n\n\n<p>E-5 Karayolu \u00fczerinde seyahat eden her s\u00fcr\u00fcc\u00fcn\u00fcn, bu hizmetlerin \u00f6nemini bilmesi ve gerekti\u011finde h\u0131zl\u0131ca harekete ge\u00e7mesi, trafik g\u00fcvenli\u011fi a\u00e7\u0131s\u0131ndan kritik bir ad\u0131m olacakt\u0131r.<\/p>\n\n\n\n<h4 class=\"wp-block-heading\">\u0130stanbul<\/h4>\n\n\n\n<ul class=\"wp-block-list\">\n<li>Avc\u0131lar oto kurtarma<\/li>\n\n\n\n<li>Esenler oto kurtarma<\/li>\n\n\n\n<li>Ba\u011fc\u0131lar oto kurtarma<\/li>\n\n\n\n<li>Bah\u00e7elievler oto kurtarma<\/li>\n\n\n\n<li>Kad\u0131k\u00f6y oto kurtarma<\/li>\n\n\n\n<li>Kartal oto kurtarma<\/li>\n<\/ul>\n\n\n\n<h4 class=\"wp-block-heading\">Kocaeli<\/h4>\n\n\n\n<ul class=\"wp-block-list\">\n<li>Gebze oto kurtarma<\/li>\n\n\n\n<li>Dar\u0131ca oto kurtarma<\/li>\n\n\n\n<li>\u00c7ay\u0131rova oto kurtarma<\/li>\n<\/ul>\n\n\n\n<h4 class=\"wp-block-heading\">Sakarya<\/h4>\n\n\n\n<ul class=\"wp-block-list\">\n<li>Adapazar\u0131 oto kurtarma<\/li>\n<\/ul>\n\n\n\n<h4 class=\"wp-block-heading\">D\u00fczce<\/h4>\n\n\n\n<ul class=\"wp-block-list\">\n<li>D\u00fczce Merkez oto kurtarma<\/li>\n<\/ul>\n\n\n\n<h4 class=\"wp-block-heading\">Zonguldak<\/h4>\n\n\n\n<ul class=\"wp-block-list\">\n<li>Zonguldak Merkez oto kurtarma<\/li>\n<\/ul>\n\n\n\n<h4 class=\"wp-block-heading\">Bart\u0131n<\/h4>\n\n\n\n<ul class=\"wp-block-list\">\n<li>Bart\u0131n Merkez oto kurtarma<\/li>\n<\/ul>\n\n\n\n<h4 class=\"wp-block-heading\">Kastamonu<\/h4>\n\n\n\n<ul class=\"wp-block-list\">\n<li>Kastamonu Merkez oto kurtarma<\/li>\n<\/ul>\n\n\n\n<h4 class=\"wp-block-heading\">Sinop<\/h4>\n\n\n\n<ul class=\"wp-block-list\">\n<li>Sinop Merkez oto kurtarma<\/li>\n<\/ul>\n","protected":false},"excerpt":{"rendered":"<p>T\u00fcrkiye\u2019nin en \u00f6nemli ula\u015f\u0131m arterlerinden biri olan E-5 Karayolu (D-100), \u0130stanbul\u2019dan ba\u015flayarak Kocaeli, Sakarya, D\u00fczce, Karadeniz k\u0131y\u0131s\u0131na kadar bir\u00e7ok \u00f6nemli il ve il\u00e7eyi birbirine ba\u011flar. Gerek \u015fehir i\u00e7i yo\u011fun trafi\u011fi, gerek uzun mesafeleri nedeniyle g\u00fcnl\u00fck milyonlarca s\u00fcr\u00fcc\u00fcn\u00fcn kulland\u0131\u011f\u0131 bu yol, trafikte ya\u015fanabilecek her t\u00fcrl\u00fc aksili\u011fe kar\u015f\u0131 haz\u0131rl\u0131kl\u0131 olunmas\u0131n\u0131 gerektirir. \u00d6zellikle yolda kalma, kaza veya ara\u00e7 &hellip; <\/p>\n","protected":false},"author":5,"featured_media":1034183,"parent":0,"menu_order":0,"comment_status":"closed","ping_status":"closed","template":"","meta":{"footnotes":""},"class_list":["post-1034678","page","type-page","status-publish","has-post-thumbnail","hentry"],"yoast_head":"<!-- This site is optimized with the Yoast SEO plugin v26.2 - https:\/\/yoast.com\/wordpress\/plugins\/seo\/ -->\n<title>E-5 Karayolu D-100 Oto Kurtarma - En Yak\u0131n \u00c7ekici - 05469560306<\/title>\n<meta name=\"description\" content=\"E-5 Karayolu D-100 Oto Kurtarma en yak\u0131n \u00e7ekici \u015fehirler aras\u0131 oto kurtarma en yak\u0131n tamirci kaskolu ara\u00e7 transferi Hemen Ara\" \/>\n<meta name=\"robots\" content=\"index, follow, max-snippet:-1, max-image-preview:large, max-video-preview:-1\" \/>\n<link rel=\"canonical\" href=\"https:\/\/otofox.com\/index.php\/e-5_karayolu_d-100_oto_kurtarma\/\" \/>\n<meta property=\"og:locale\" content=\"tr_TR\" \/>\n<meta property=\"og:type\" content=\"article\" \/>\n<meta property=\"og:title\" content=\"E-5 Karayolu D-100 Oto Kurtarma - En Yak\u0131n \u00c7ekici - 05469560306\" \/>\n<meta property=\"og:description\" content=\"E-5 Karayolu D-100 Oto Kurtarma en yak\u0131n \u00e7ekici \u015fehirler aras\u0131 oto kurtarma en yak\u0131n tamirci kaskolu ara\u00e7 transferi Hemen Ara\" \/>\n<meta property=\"og:url\" content=\"https:\/\/otofox.com\/index.php\/e-5_karayolu_d-100_oto_kurtarma\/\" \/>\n<meta property=\"og:site_name\" content=\"Otofox Oto Kurtarma\" \/>\n<meta property=\"article:modified_time\" content=\"2025-09-22T21:38:56+00:00\" \/>\n<meta property=\"og:image\" content=\"https:\/\/otofox.com\/wp-content\/uploads\/2025\/04\/en-yakin-oto-kurtarma-en-yakin-cekici-25.jpeg\" \/>\n\t<meta property=\"og:image:width\" content=\"2048\" \/>\n\t<meta property=\"og:image:height\" content=\"1536\" \/>\n\t<meta property=\"og:image:type\" content=\"image\/jpeg\" \/>\n<meta name=\"twitter:card\" content=\"summary_large_image\" \/>\n<meta name=\"twitter:label1\" content=\"Tahmini okuma s\u00fcresi\" \/>\n\t<meta name=\"twitter:data1\" content=\"5 dakika\" \/>\n<script type=\"application\/ld+json\" class=\"yoast-schema-graph\">{\"@context\":\"https:\/\/schema.org\",\"@graph\":[{\"@type\":\"WebPage\",\"@id\":\"https:\/\/otofox.com\/index.php\/e-5_karayolu_d-100_oto_kurtarma\/\",\"url\":\"https:\/\/otofox.com\/index.php\/e-5_karayolu_d-100_oto_kurtarma\/\",\"name\":\"E-5 Karayolu D-100 Oto Kurtarma - En Yak\u0131n \u00c7ekici - 05469560306\",\"isPartOf\":{\"@id\":\"https:\/\/otofox.com\/#website\"},\"primaryImageOfPage\":{\"@id\":\"https:\/\/otofox.com\/index.php\/e-5_karayolu_d-100_oto_kurtarma\/#primaryimage\"},\"image\":{\"@id\":\"https:\/\/otofox.com\/index.php\/e-5_karayolu_d-100_oto_kurtarma\/#primaryimage\"},\"thumbnailUrl\":\"https:\/\/otofox.com\/wp-content\/uploads\/2025\/04\/en-yakin-oto-kurtarma-en-yakin-cekici-25.jpeg\",\"datePublished\":\"2025-09-22T21:38:55+00:00\",\"dateModified\":\"2025-09-22T21:38:56+00:00\",\"description\":\"E-5 Karayolu D-100 Oto Kurtarma en yak\u0131n \u00e7ekici \u015fehirler aras\u0131 oto kurtarma en yak\u0131n tamirci kaskolu ara\u00e7 transferi Hemen Ara\",\"breadcrumb\":{\"@id\":\"https:\/\/otofox.com\/index.php\/e-5_karayolu_d-100_oto_kurtarma\/#breadcrumb\"},\"inLanguage\":\"tr\",\"potentialAction\":[{\"@type\":\"ReadAction\",\"target\":[\"https:\/\/otofox.com\/index.php\/e-5_karayolu_d-100_oto_kurtarma\/\"]}]},{\"@type\":\"ImageObject\",\"inLanguage\":\"tr\",\"@id\":\"https:\/\/otofox.com\/index.php\/e-5_karayolu_d-100_oto_kurtarma\/#primaryimage\",\"url\":\"https:\/\/otofox.com\/wp-content\/uploads\/2025\/04\/en-yakin-oto-kurtarma-en-yakin-cekici-25.jpeg\",\"contentUrl\":\"https:\/\/otofox.com\/wp-content\/uploads\/2025\/04\/en-yakin-oto-kurtarma-en-yakin-cekici-25.jpeg\",\"width\":2048,\"height\":1536},{\"@type\":\"BreadcrumbList\",\"@id\":\"https:\/\/otofox.com\/index.php\/e-5_karayolu_d-100_oto_kurtarma\/#breadcrumb\",\"itemListElement\":[{\"@type\":\"ListItem\",\"position\":1,\"name\":\"Anasayfa\",\"item\":\"https:\/\/otofox.com\/\"},{\"@type\":\"ListItem\",\"position\":2,\"name\":\"E-5 Karayolu D-100 Oto Kurtarma ve En Yak\u0131n \u00c7ekici Hizmetleri: Yolculu\u011funuzda G\u00fcvenli\u011finizi Sa\u011flayan Kritik Destek\"}]},{\"@type\":\"WebSite\",\"@id\":\"https:\/\/otofox.com\/#website\",\"url\":\"https:\/\/otofox.com\/\",\"name\":\"Otofox Oto Kurtarma\",\"description\":\"En Yak\u0131n Oto Kurtarma\",\"publisher\":{\"@id\":\"https:\/\/otofox.com\/#organization\"},\"potentialAction\":[{\"@type\":\"SearchAction\",\"target\":{\"@type\":\"EntryPoint\",\"urlTemplate\":\"https:\/\/otofox.com\/?s={search_term_string}\"},\"query-input\":{\"@type\":\"PropertyValueSpecification\",\"valueRequired\":true,\"valueName\":\"search_term_string\"}}],\"inLanguage\":\"tr\"},{\"@type\":\"Organization\",\"@id\":\"https:\/\/otofox.com\/#organization\",\"name\":\"Otofox Oto Kurtarma\",\"url\":\"https:\/\/otofox.com\/\",\"logo\":{\"@type\":\"ImageObject\",\"inLanguage\":\"tr\",\"@id\":\"https:\/\/otofox.com\/#\/schema\/logo\/image\/\",\"url\":\"https:\/\/otofox.com\/wp-content\/uploads\/2024\/03\/cropped-otofoxlogo.png\",\"contentUrl\":\"https:\/\/otofox.com\/wp-content\/uploads\/2024\/03\/cropped-otofoxlogo.png\",\"width\":125,\"height\":20,\"caption\":\"Otofox Oto Kurtarma\"},\"image\":{\"@id\":\"https:\/\/otofox.com\/#\/schema\/logo\/image\/\"}}]}<\/script>\n<!-- \/ Yoast SEO plugin. -->","yoast_head_json":{"title":"E-5 Karayolu D-100 Oto Kurtarma - En Yak\u0131n \u00c7ekici - 05469560306","description":"E-5 Karayolu D-100 Oto Kurtarma en yak\u0131n \u00e7ekici \u015fehirler aras\u0131 oto kurtarma en yak\u0131n tamirci kaskolu ara\u00e7 transferi Hemen Ara","robots":{"index":"index","follow":"follow","max-snippet":"max-snippet:-1","max-image-preview":"max-image-preview:large","max-video-preview":"max-video-preview:-1"},"canonical":"https:\/\/otofox.com\/index.php\/e-5_karayolu_d-100_oto_kurtarma\/","og_locale":"tr_TR","og_type":"article","og_title":"E-5 Karayolu D-100 Oto Kurtarma - En Yak\u0131n \u00c7ekici - 05469560306","og_description":"E-5 Karayolu D-100 Oto Kurtarma en yak\u0131n \u00e7ekici \u015fehirler aras\u0131 oto kurtarma en yak\u0131n tamirci kaskolu ara\u00e7 transferi Hemen Ara","og_url":"https:\/\/otofox.com\/index.php\/e-5_karayolu_d-100_oto_kurtarma\/","og_site_name":"Otofox Oto Kurtarma","article_modified_time":"2025-09-22T21:38:56+00:00","og_image":[{"width":2048,"height":1536,"url":"https:\/\/otofox.com\/wp-content\/uploads\/2025\/04\/en-yakin-oto-kurtarma-en-yakin-cekici-25.jpeg","type":"image\/jpeg"}],"twitter_card":"summary_large_image","twitter_misc":{"Tahmini okuma s\u00fcresi":"5 dakika"},"schema":{"@context":"https:\/\/schema.org","@graph":[{"@type":"WebPage","@id":"https:\/\/otofox.com\/index.php\/e-5_karayolu_d-100_oto_kurtarma\/","url":"https:\/\/otofox.com\/index.php\/e-5_karayolu_d-100_oto_kurtarma\/","name":"E-5 Karayolu D-100 Oto Kurtarma - En Yak\u0131n \u00c7ekici - 05469560306","isPartOf":{"@id":"https:\/\/otofox.com\/#website"},"primaryImageOfPage":{"@id":"https:\/\/otofox.com\/index.php\/e-5_karayolu_d-100_oto_kurtarma\/#primaryimage"},"image":{"@id":"https:\/\/otofox.com\/index.php\/e-5_karayolu_d-100_oto_kurtarma\/#primaryimage"},"thumbnailUrl":"https:\/\/otofox.com\/wp-content\/uploads\/2025\/04\/en-yakin-oto-kurtarma-en-yakin-cekici-25.jpeg","datePublished":"2025-09-22T21:38:55+00:00","dateModified":"2025-09-22T21:38:56+00:00","description":"E-5 Karayolu D-100 Oto Kurtarma en yak\u0131n \u00e7ekici \u015fehirler aras\u0131 oto kurtarma en yak\u0131n tamirci kaskolu ara\u00e7 transferi Hemen Ara","breadcrumb":{"@id":"https:\/\/otofox.com\/index.php\/e-5_karayolu_d-100_oto_kurtarma\/#breadcrumb"},"inLanguage":"tr","potentialAction":[{"@type":"ReadAction","target":["https:\/\/otofox.com\/index.php\/e-5_karayolu_d-100_oto_kurtarma\/"]}]},{"@type":"ImageObject","inLanguage":"tr","@id":"https:\/\/otofox.com\/index.php\/e-5_karayolu_d-100_oto_kurtarma\/#primaryimage","url":"https:\/\/otofox.com\/wp-content\/uploads\/2025\/04\/en-yakin-oto-kurtarma-en-yakin-cekici-25.jpeg","contentUrl":"https:\/\/otofox.com\/wp-content\/uploads\/2025\/04\/en-yakin-oto-kurtarma-en-yakin-cekici-25.jpeg","width":2048,"height":1536},{"@type":"BreadcrumbList","@id":"https:\/\/otofox.com\/index.php\/e-5_karayolu_d-100_oto_kurtarma\/#breadcrumb","itemListElement":[{"@type":"ListItem","position":1,"name":"Anasayfa","item":"https:\/\/otofox.com\/"},{"@type":"ListItem","position":2,"name":"E-5 Karayolu D-100 Oto Kurtarma ve En Yak\u0131n \u00c7ekici Hizmetleri: Yolculu\u011funuzda G\u00fcvenli\u011finizi Sa\u011flayan Kritik Destek"}]},{"@type":"WebSite","@id":"https:\/\/otofox.com\/#website","url":"https:\/\/otofox.com\/","name":"Otofox Oto Kurtarma","description":"En Yak\u0131n Oto Kurtarma","publisher":{"@id":"https:\/\/otofox.com\/#organization"},"potentialAction":[{"@type":"SearchAction","target":{"@type":"EntryPoint","urlTemplate":"https:\/\/otofox.com\/?s={search_term_string}"},"query-input":{"@type":"PropertyValueSpecification","valueRequired":true,"valueName":"search_term_string"}}],"inLanguage":"tr"},{"@type":"Organization","@id":"https:\/\/otofox.com\/#organization","name":"Otofox Oto Kurtarma","url":"https:\/\/otofox.com\/","logo":{"@type":"ImageObject","inLanguage":"tr","@id":"https:\/\/otofox.com\/#\/schema\/logo\/image\/","url":"https:\/\/otofox.com\/wp-content\/uploads\/2024\/03\/cropped-otofoxlogo.png","contentUrl":"https:\/\/otofox.com\/wp-content\/uploads\/2024\/03\/cropped-otofoxlogo.png","width":125,"height":20,"caption":"Otofox Oto Kurtarma"},"image":{"@id":"https:\/\/otofox.com\/#\/schema\/logo\/image\/"}}]}},"_links":{"self":[{"href":"https:\/\/otofox.com\/index.php\/wp-json\/wp\/v2\/pages\/1034678","targetHints":{"allow":["GET"]}}],"collection":[{"href":"https:\/\/otofox.com\/index.php\/wp-json\/wp\/v2\/pages"}],"about":[{"href":"https:\/\/otofox.com\/index.php\/wp-json\/wp\/v2\/types\/page"}],"author":[{"embeddable":true,"href":"https:\/\/otofox.com\/index.php\/wp-json\/wp\/v2\/users\/5"}],"replies":[{"embeddable":true,"href":"https:\/\/otofox.com\/index.php\/wp-json\/wp\/v2\/comments?post=1034678"}],"version-history":[{"count":1,"href":"https:\/\/otofox.com\/index.php\/wp-json\/wp\/v2\/pages\/1034678\/revisions"}],"predecessor-version":[{"id":1034680,"href":"https:\/\/otofox.com\/index.php\/wp-json\/wp\/v2\/pages\/1034678\/revisions\/1034680"}],"wp:featuredmedia":[{"embeddable":true,"href":"https:\/\/otofox.com\/index.php\/wp-json\/wp\/v2\/media\/1034183"}],"wp:attachment":[{"href":"https:\/\/otofox.com\/index.php\/wp-json\/wp\/v2\/media?parent=1034678"}],"curies":[{"name":"wp","href":"https:\/\/api.w.org\/{rel}","templated":true}]}}