{"id":1034684,"date":"2025-09-22T22:01:00","date_gmt":"2025-09-22T22:01:00","guid":{"rendered":"https:\/\/otofox.com\/?page_id=1034684"},"modified":"2025-09-22T22:01:02","modified_gmt":"2025-09-22T22:01:02","slug":"d-400_karayolu_oto_kurtarma_hizmeti","status":"publish","type":"page","link":"https:\/\/otofox.com\/index.php\/d-400_karayolu_oto_kurtarma_hizmeti\/","title":{"rendered":"D-400 Karayolu ve Oto Kurtarma Hizmeti: G\u00fcvenli Seyahatin Teminat\u0131"},"content":{"rendered":"\n<p>T\u00fcrkiye&#8217;nin g\u00fcneyini boydan boya kat eden ve Akdeniz ile G\u00fcneydo\u011fu Anadolu B\u00f6lgesi\u2019ni birbirine ba\u011flayan <strong>D-400 Karayolu<\/strong>, \u00fclke i\u00e7indeki en i\u015flek ve \u00f6nemli kara yolu g\u00fczergahlar\u0131ndan biridir. Bu karayolu, hem turistik hem de ticari anlamda b\u00fcy\u00fck bir ta\u015f\u0131ma kapasitesine sahiptir. \u00d6zellikle Akdeniz&#8217;in k\u0131y\u0131 \u015feridi boyunca uzanan bu yol, Antalya&#8217;dan ba\u015flayarak Hakkari\u2019ye kadar devam eder ve bir\u00e7ok il ve il\u00e7eyi birbirine ba\u011flar. Bu yo\u011fun g\u00fczergah \u00fczerinde ya\u015fanabilecek her t\u00fcrl\u00fc aksakl\u0131k, ara\u00e7 ar\u0131zas\u0131 veya kaza durumu, s\u00fcr\u00fcc\u00fcler i\u00e7in b\u00fcy\u00fck bir problem yaratabilir. \u0130\u015fte bu noktada <strong>oto kurtarma hizmetleri<\/strong>, D-400 Karayolu \u00fczerindeki yolculuklar\u0131 daha g\u00fcvenli hale getiren, zaman kayb\u0131n\u0131 ve stres fakt\u00f6r\u00fcn\u00fc en aza indiren kritik bir hizmet sunar.<\/p>\n\n\n\n<h4 class=\"wp-block-heading\">D-400 Karayolu\u2019nun \u00d6nemli \u00d6zellikleri ve Ge\u00e7ti\u011fi B\u00f6lgeler<\/h4>\n\n\n\n<p><strong>D-400 Karayolu<\/strong>, T\u00fcrkiye&#8217;nin g\u00fcneyini kesen, Akdeniz\u2019i ve G\u00fcneydo\u011fu Anadolu B\u00f6lgesi\u2019ni birbirine ba\u011flayan \u00f6nemli bir kara yolu hatt\u0131d\u0131r. Bu yol, hem yerli hem de yabanc\u0131 turistlerin kulland\u0131\u011f\u0131, \u00f6zellikle tatil beldelerine ve sahil kasabalar\u0131na ula\u015fmak i\u00e7in tercih edilen bir g\u00fczergah olma \u00f6zelli\u011fi ta\u015f\u0131r. D-400, Antalya, Mersin, Adana, Hatay, Osmaniye, Kahramanmara\u015f, Gaziantep, \u015eanl\u0131urfa, Mardin, Batman, Siirt, \u015e\u0131rnak ve Hakkari illerini kapsayan geni\u015f bir alanda yer al\u0131r.<\/p>\n\n\n\n<p>Bu yol, sadece tatilcilerin de\u011fil, ayn\u0131 zamanda ticaretin, tar\u0131m \u00fcr\u00fcnlerinin ta\u015f\u0131nmas\u0131n\u0131n da \u00f6nemli bir par\u00e7as\u0131d\u0131r. D-400 boyunca ge\u00e7en g\u00fczergah, \u00e7ok say\u0131da il\u00e7e, kasaba ve yerle\u015fim yeri i\u00e7erdi\u011finden, s\u0131k kullan\u0131lan ve trafik yo\u011funlu\u011fu y\u00fcksek bir kara yoludur. Geni\u015f ve y\u00fcksek h\u0131z limitlerine sahip olan D-400, \u00f6zellikle yaz aylar\u0131nda ara\u00e7 yo\u011funlu\u011funun zirveye \u00e7\u0131kmas\u0131yla, trafikteki olas\u0131 aksakl\u0131klar\u0131 ve sorunlar\u0131 beraberinde getirir.<\/p>\n\n\n\n<h4 class=\"wp-block-heading\">Oto Kurtarma Hizmetlerinin Rol\u00fc<\/h4>\n\n\n\n<p>D-400 Karayolu \u00fczerinde seyahat eden ara\u00e7lar i\u00e7in oto kurtarma hizmetlerinin \u00f6nemi b\u00fcy\u00fck bir yer tutmaktad\u0131r. Karayolunun uzunlu\u011fu, ge\u00e7ilen iller ve il\u00e7elerin \u00e7e\u015fitlili\u011fi ve yolculuk esnas\u0131nda kar\u015f\u0131la\u015f\u0131lan farkl\u0131 co\u011frafi ko\u015fullar, herhangi bir ar\u0131za durumunda profesyonel yard\u0131m almay\u0131 zorunlu k\u0131lar. <strong>Oto kurtarma hizmetleri<\/strong>, sadece ara\u00e7 \u00e7ekme ve kurtarma i\u015flemi yapmakla kalmaz; ayn\u0131 zamanda yol g\u00fcvenli\u011fini de sa\u011flar. Zira, trafik kazas\u0131 sonras\u0131nda ara\u00e7lar\u0131n g\u00fcvenli bir \u015fekilde yoldan kald\u0131r\u0131lmas\u0131 ve \u00e7evredeki s\u00fcr\u00fcc\u00fclerin g\u00fcvenli bir \u015fekilde yol almas\u0131 i\u00e7in acil m\u00fcdahaleler gerekir.<\/p>\n\n\n\n<p><strong>En yak\u0131n \u00e7ekici hizmeti<\/strong>, \u00f6zellikle ar\u0131zalanan veya kaza yapan ara\u00e7lar\u0131n h\u0131zl\u0131ca yoldan kald\u0131r\u0131lmas\u0131 i\u00e7in gereklidir. Bu hizmet, zaman kayb\u0131n\u0131 \u00f6nler ve yolun daha g\u00fcvenli hale gelmesini sa\u011flar. Ayr\u0131ca, <strong>yol yard\u0131m<\/strong> ekipleri, ara\u00e7lar\u0131n yerinde m\u00fcdahale edilmesini sa\u011flayarak k\u00fc\u00e7\u00fck ar\u0131zalar\u0131n hemen onar\u0131lmas\u0131na olanak tan\u0131r. Bu t\u00fcr hizmetler, s\u00fcr\u00fcc\u00fcler i\u00e7in b\u00fcy\u00fck kolayl\u0131klar sa\u011flar.<\/p>\n\n\n\n<p>Ayr\u0131ca, ara\u00e7lar\u0131n ciddi ar\u0131zalar\u0131nda <strong>en yak\u0131n tamirci<\/strong>ye y\u00f6nlendirilmesi, yolculu\u011fun daha h\u0131zl\u0131 ve verimli bir \u015fekilde devam etmesini sa\u011flar. Oto kurtarma firmalar\u0131, hangi servisin daha yak\u0131n ve uygun oldu\u011funu tespit ederek s\u00fcr\u00fcc\u00fcy\u00fc do\u011fru noktaya y\u00f6nlendirebilir. Bu da ara\u00e7 sahiplerinin ma\u011fduriyetlerini en aza indirir.<\/p>\n\n\n\n<h4 class=\"wp-block-heading\">D-400 Karayolu \u00dczerinde Oto Kurtarma Hizmetlerinin Kapsam\u0131<\/h4>\n\n\n\n<p>D-400 Karayolu \u00fczerinde profesyonel oto kurtarma hizmetleri sunan bir\u00e7ok firma bulunmaktad\u0131r. Bu firmalar, geni\u015f operasyon a\u011f\u0131 sayesinde, yolculuk yapanlar\u0131n her t\u00fcrl\u00fc acil durumda h\u0131zl\u0131ca yard\u0131m alabilmelerini sa\u011flar. Bu hizmetler, hem yerel hem de b\u00f6lgesel d\u00fczeyde etkin bir \u015fekilde \u00e7al\u0131\u015fmaktad\u0131r.<\/p>\n\n\n\n<ol class=\"wp-block-list\">\n<li><strong>Acil M\u00fcdahale ve 7\/24 Hizmet:<\/strong> D-400 Karayolu \u00fczerinde, \u00f6zellikle yaz aylar\u0131nda trafik yo\u011funlu\u011funun artt\u0131\u011f\u0131 ve hava ko\u015fullar\u0131n\u0131n olumsuz etkilerinin hissedildi\u011fi durumlarda, oto kurtarma hizmetleri her zaman aktif olmal\u0131d\u0131r. <strong>En yak\u0131n \u00e7ekici hizmeti<\/strong> 7\/24 hizmet veren oto kurtarma firmalar\u0131 taraf\u0131ndan sa\u011flan\u0131r, gece g\u00fcnd\u00fcz fark etmeksizin her t\u00fcrl\u00fc arac\u0131n ar\u0131za durumunda hemen m\u00fcdahale eder.<\/li>\n\n\n\n<li><strong>Ara\u00e7 \u00c7ekme ve Kurtarma:<\/strong> Kazalar veya ciddi ar\u0131zalar sonucu ara\u00e7lar yolda kalabilir. Bu durumda, oto kurtarma ekipleri, ara\u00e7lar\u0131 g\u00fcvenli bir \u015fekilde yoldan \u00e7eker ve uygun bir onar\u0131m noktas\u0131na ta\u015f\u0131r. <strong>Yol yard\u0131m<\/strong> ekipleri, k\u00fc\u00e7\u00fck ar\u0131zalarda ara\u00e7lar\u0131 onarmak i\u00e7in yerinde m\u00fcdahale edebilir, b\u00f6ylece <strong>en yak\u0131n tamirciye<\/strong> gitmeden \u00f6nce s\u00fcr\u00fcc\u00fclerin yolculuklar\u0131na devam etmesine yard\u0131mc\u0131 olur.<\/li>\n\n\n\n<li><strong>Mobil Onar\u0131m Hizmetleri:<\/strong> K\u00fc\u00e7\u00fck ar\u0131zalar veya lastik patlamas\u0131 gibi durumlar, bazen yerinde \u00e7\u00f6z\u00fclerek zaman kayb\u0131 \u00f6nlenebilir. Mobil tamir hizmetleri, baz\u0131 durumlarda ar\u0131za yerinde giderilerek yolculu\u011fun devam etmesini sa\u011flar. B\u00f6ylece, b\u00fcy\u00fck bir onar\u0131m i\u00e7in ara\u00e7 \u00e7ekilmeden, s\u00fcr\u00fcc\u00fclerin h\u0131zla yolculuklar\u0131na devam etmeleri m\u00fcmk\u00fcn olabilir.<\/li>\n\n\n\n<li><strong>Sigorta ve Hasar Dan\u0131\u015fmanl\u0131\u011f\u0131:<\/strong> Kaza durumunda, sigorta i\u015flemleri ve hasar tespiti \u00f6nemli bir yer tutar. <strong>Yol yard\u0131m<\/strong> hizmetleri, kazan\u0131n ard\u0131ndan sigorta i\u015flemlerini ba\u015flatma konusunda s\u00fcr\u00fcc\u00fclere yard\u0131mc\u0131 olur ve i\u015flemlerin h\u0131zla tamamlanmas\u0131n\u0131 sa\u011flar. Bu hizmet, ara\u00e7 sahiplerinin ma\u011fduriyetlerini en aza indirir ve <strong>en yak\u0131n tamirci<\/strong>ye y\u00f6nlendirme ile ara\u00e7lar\u0131n\u0131n tamiri h\u0131zla yap\u0131labilir.<\/li>\n<\/ol>\n\n\n\n<h4 class=\"wp-block-heading\">D-400 Karayolu \u00dczerinde Oto Kurtarma Hizmetleri Sa\u011flayan B\u00f6lgeler<\/h4>\n\n\n\n<p>D-400 Karayolu\u2019nun ge\u00e7ti\u011fi iller ve il\u00e7eler, oto kurtarma hizmetlerinin sa\u011fland\u0131\u011f\u0131 geni\u015f bir alan\u0131 kapsar. Bu g\u00fczergah \u00fczerindeki her il ve il\u00e7ede <strong>oto kurtarma hizmeti<\/strong>, <strong>en yak\u0131n \u00e7ekici<\/strong> ve <strong>yol yard\u0131m<\/strong> hizmeti sunan firmalar bulunur. \u00d6zellikle b\u00fcy\u00fck \u015fehirlerde (Antalya, Mersin, Adana, Hatay) oto kurtarma hizmetlerine eri\u015fim daha kolayken, k\u0131y\u0131 kasabalar\u0131 ve da\u011fl\u0131k b\u00f6lgelerde de benzer hizmetler profesyonel ekiplerle sa\u011flanmaktad\u0131r.<\/p>\n\n\n\n<p>\u00d6rnek olarak:<\/p>\n\n\n\n<ul class=\"wp-block-list\">\n<li><strong>Antalya<\/strong> ilindeki <strong>Muratpa\u015fa<\/strong>, <strong>Konyaalt\u0131<\/strong>, <strong>Alanya<\/strong> ve <strong>Serik<\/strong> il\u00e7elerinde yo\u011fun olarak oto kurtarma hizmeti ve <strong>en yak\u0131n \u00e7ekici<\/strong> yard\u0131m\u0131 sunulmaktad\u0131r.<\/li>\n\n\n\n<li><strong>Mersin<\/strong> ilindeki <strong>Mezitli<\/strong>, <strong>Yeni\u015fehir<\/strong>, <strong>Toroslar<\/strong> il\u00e7elerinde oto kurtarma hizmetleri, \u00f6zellikle Akdeniz sahil yolunun yo\u011fun kullan\u0131ld\u0131\u011f\u0131 yaz d\u00f6nemlerinde b\u00fcy\u00fck \u00f6nem ta\u015f\u0131r. Ayr\u0131ca, <strong>en yak\u0131n tamirci<\/strong>ye y\u00f6nlendirme hizmeti de sa\u011flan\u0131r.<\/li>\n\n\n\n<li><strong>Gaziantep<\/strong> ve <strong>\u015eanl\u0131urfa<\/strong> gibi i\u00e7 b\u00f6lgelere ge\u00e7ti\u011finizde ise, da\u011fl\u0131k alanlar ve yo\u011fun trafikte meydana gelen ar\u0131zalar i\u00e7in oto kurtarma hizmetlerine ba\u015fvurulabilir ve <strong>yol yard\u0131m<\/strong> ekipleri arac\u0131l\u0131\u011f\u0131yla k\u00fc\u00e7\u00fck ar\u0131zalar giderilebilir.<\/li>\n<\/ul>\n\n\n\n<h4 class=\"wp-block-heading\">Oto Kurtarma Hizmetlerinde Dikkat Edilmesi Gerekenler<\/h4>\n\n\n\n<ul class=\"wp-block-list\">\n<li><strong>H\u0131zl\u0131 M\u00fcdahale:<\/strong> Oto kurtarma hizmetlerinin en b\u00fcy\u00fck avantaj\u0131, acil durumlara h\u0131zl\u0131 bir \u015fekilde m\u00fcdahale edebilmesidir. \u00d6zellikle kaza ve ar\u0131za sonras\u0131 zaman kayb\u0131, hem s\u00fcr\u00fcc\u00fc hem de di\u011fer yolcular i\u00e7in tehlikeli olabilir. <strong>En yak\u0131n \u00e7ekici<\/strong> ile h\u0131zl\u0131ca yard\u0131m almak, bu tehlikeyi \u00f6nler.<\/li>\n\n\n\n<li><strong>Profesyonel Ekipman:<\/strong> Arac\u0131n t\u00fcr\u00fcne ve durumuna g\u00f6re uygun ekipmanla m\u00fcdahale edilmesi, kurtarma s\u00fcrecinin verimli ve g\u00fcvenli olmas\u0131n\u0131 sa\u011flar. <strong>Yol yard\u0131m<\/strong> ekiplerinin kulland\u0131\u011f\u0131 modern ekipmanlar, ar\u0131za veya kaza sonras\u0131nda daha etkili \u00e7\u00f6z\u00fcmler sunar.<\/li>\n\n\n\n<li><strong>Yol G\u00fcvenli\u011fi:<\/strong> Oto kurtarma ekipleri, ara\u00e7lar\u0131 g\u00fcvenli bir \u015fekilde yoldan \u00e7ekerken ayn\u0131 zamanda \u00e7evredeki s\u00fcr\u00fcc\u00fclerin de g\u00fcvenli\u011fini g\u00f6zetir. Bu, kazalar\u0131n daha da b\u00fcy\u00fcmesini engeller ve <strong>en yak\u0131n tamirciye<\/strong> ula\u015f\u0131m\u0131 kolayla\u015ft\u0131r\u0131r.<\/li>\n<\/ul>\n\n\n\n<h4 class=\"wp-block-heading\">Sonu\u00e7: D-400 Karayolu&#8217;nda G\u00fcvenli Seyahat \u0130\u00e7in Oto Kurtarma Hizmetlerinin \u00d6nemi<\/h4>\n\n\n\n<p><strong>D-400 Karayolu<\/strong>, T\u00fcrkiye&#8217;nin g\u00fcneyindeki en \u00f6nemli kara yollar\u0131ndan biridir ve yolculuk s\u0131ras\u0131nda ya\u015fanabilecek herhangi bir aksilik, hem s\u00fcr\u00fcc\u00fcler hem de di\u011fer yolcular i\u00e7in b\u00fcy\u00fck sorunlar olu\u015fturabilir. <strong>Oto kurtarma hizmetleri<\/strong>, bu t\u00fcr sorunlar\u0131 h\u0131zl\u0131ca \u00e7\u00f6zerek, yolculuklar\u0131n g\u00fcvenli ve kesintisiz devam etmesini sa\u011flar. <strong>Profesyonel oto kurtarma hizmetleri<\/strong>, ara\u00e7 sahiplerinin g\u00fcvenli\u011fini sa\u011flarken, ayn\u0131 zamanda trafi\u011fin d\u00fczenli ak\u0131\u015f\u0131n\u0131 ve yol g\u00fcvenli\u011fini de temin eder. <strong>En yak\u0131n \u00e7ekici<\/strong> hizmetleri ve <strong>yol yard\u0131m<\/strong> ekiplerinin etkin m\u00fcdahaleleri, ara\u00e7lar\u0131n zaman kayb\u0131 ya\u015famadan yoldan kald\u0131r\u0131lmas\u0131n\u0131 ve en yak\u0131n tamirciye y\u00f6nlendirilmesini sa\u011flar.<\/p>\n\n\n\n<p>Yolculuk \u00f6ncesinde oto kurtarma firmalar\u0131 hakk\u0131nda bilgi edinmek ve her an ula\u015f\u0131labilir olmalar\u0131n\u0131 sa\u011flamak, s\u00fcr\u00fcc\u00fcler i\u00e7in b\u00fcy\u00fck bir avantajd\u0131r. Bu hizmetlerin yayg\u0131n olarak sunulmas\u0131, T\u00fcrkiye\u2019deki otoyol a\u011f\u0131ndaki g\u00fcvenli\u011fi art\u0131ran, trafikteki tehlikeleri azaltan \u00f6nemli bir fakt\u00f6rd\u00fcr.<\/p>\n\n\n\n<h3 class=\"wp-block-heading\">D-400 Karayolu Ge\u00e7ti\u011fi \u0130ller ve \u0130l\u00e7eler (Oto Kurtarma Hizmeti)<\/h3>\n\n\n\n<h4 class=\"wp-block-heading\">1. <strong>Antalya oto kurtarma<\/strong><\/h4>\n\n\n\n<ul class=\"wp-block-list\">\n<li>Muratpa\u015fa oto kurtarma<\/li>\n\n\n\n<li>Konyaalt\u0131 oto kurtarma<\/li>\n\n\n\n<li>Alanya oto kurtarma<\/li>\n\n\n\n<li>Manavgat oto kurtarma<\/li>\n\n\n\n<li>Serik oto kurtarma<\/li>\n<\/ul>\n\n\n\n<h4 class=\"wp-block-heading\">2. <strong>Mersin oto kurtarma<\/strong><\/h4>\n\n\n\n<ul class=\"wp-block-list\">\n<li>Mezitli oto kurtarma<\/li>\n\n\n\n<li>Yeni\u015fehir oto kurtarma<\/li>\n\n\n\n<li>Toroslar oto kurtarma<\/li>\n\n\n\n<li>Tarsus oto kurtarma<\/li>\n\n\n\n<li>Silifke oto kurtarma<\/li>\n<\/ul>\n\n\n\n<h4 class=\"wp-block-heading\">3. <strong>Adana oto kurtarma<\/strong><\/h4>\n\n\n\n<ul class=\"wp-block-list\">\n<li>Seyhan oto kurtarma<\/li>\n\n\n\n<li>Y\u00fcre\u011fir oto kurtarma<\/li>\n\n\n\n<li>\u00c7ukurova oto kurtarma<\/li>\n\n\n\n<li>Karata\u015f oto kurtarma<\/li>\n<\/ul>\n\n\n\n<h4 class=\"wp-block-heading\">4. <strong>Hatay oto kurtarma<\/strong><\/h4>\n\n\n\n<ul class=\"wp-block-list\">\n<li>Antakya oto kurtarma<\/li>\n\n\n\n<li>\u0130skenderun oto kurtarma<\/li>\n\n\n\n<li>D\u00f6rtyol oto kurtarma<\/li>\n<\/ul>\n\n\n\n<h4 class=\"wp-block-heading\">5. <strong>Osmaniye oto kurtarma<\/strong><\/h4>\n\n\n\n<ul class=\"wp-block-list\">\n<li>Merkez oto kurtarma<\/li>\n<\/ul>\n\n\n\n<h4 class=\"wp-block-heading\">6. <strong>Kahramanmara\u015f oto kurtarma<\/strong><\/h4>\n\n\n\n<ul class=\"wp-block-list\">\n<li>Oniki\u015fubat oto kurtarma<\/li>\n\n\n\n<li>Dulkadiro\u011flu oto kurtarma<\/li>\n<\/ul>\n\n\n\n<h4 class=\"wp-block-heading\">7. <strong>Gaziantep oto kurtarma<\/strong><\/h4>\n\n\n\n<ul class=\"wp-block-list\">\n<li>\u015eehitkamil oto kurtarma<\/li>\n\n\n\n<li>\u015eahinbey oto kurtarma<\/li>\n<\/ul>\n\n\n\n<h4 class=\"wp-block-heading\">8. <strong>\u015eanl\u0131urfa oto kurtarma<\/strong><\/h4>\n\n\n\n<ul class=\"wp-block-list\">\n<li>Haliliye oto kurtarma<\/li>\n\n\n\n<li>Eyy\u00fcbiye oto kurtarma<\/li>\n\n\n\n<li>Karak\u00f6pr\u00fc oto kurtarma<\/li>\n<\/ul>\n\n\n\n<h4 class=\"wp-block-heading\">9. <strong>Mardin oto kurtarma<\/strong><\/h4>\n\n\n\n<ul class=\"wp-block-list\">\n<li>Artuklu oto kurtarma<\/li>\n<\/ul>\n\n\n\n<h4 class=\"wp-block-heading\">10. <strong>Batman oto kurtarma<\/strong><\/h4>\n\n\n\n<ul class=\"wp-block-list\">\n<li>Merkez oto kurtarma<\/li>\n<\/ul>\n\n\n\n<h4 class=\"wp-block-heading\">11. <strong>Siirt oto kurtarma<\/strong><\/h4>\n\n\n\n<ul class=\"wp-block-list\">\n<li>Merkez oto kurtarma<\/li>\n<\/ul>\n\n\n\n<h4 class=\"wp-block-heading\">12. <strong>\u015e\u0131rnak oto kurtarma<\/strong><\/h4>\n\n\n\n<ul class=\"wp-block-list\">\n<li>Cizre oto kurtarma<\/li>\n<\/ul>\n\n\n\n<h4 class=\"wp-block-heading\">13. <strong>Hakkari oto kurtarma<\/strong><\/h4>\n\n\n\n<ul class=\"wp-block-list\">\n<li>Merkez oto kurtarma<\/li>\n<\/ul>\n","protected":false},"excerpt":{"rendered":"<p>T\u00fcrkiye&#8217;nin g\u00fcneyini boydan boya kat eden ve Akdeniz ile G\u00fcneydo\u011fu Anadolu B\u00f6lgesi\u2019ni birbirine ba\u011flayan D-400 Karayolu, \u00fclke i\u00e7indeki en i\u015flek ve \u00f6nemli kara yolu g\u00fczergahlar\u0131ndan biridir. Bu karayolu, hem turistik hem de ticari anlamda b\u00fcy\u00fck bir ta\u015f\u0131ma kapasitesine sahiptir. \u00d6zellikle Akdeniz&#8217;in k\u0131y\u0131 \u015feridi boyunca uzanan bu yol, Antalya&#8217;dan ba\u015flayarak Hakkari\u2019ye kadar devam eder ve bir\u00e7ok &hellip; <\/p>\n","protected":false},"author":5,"featured_media":1034172,"parent":0,"menu_order":0,"comment_status":"closed","ping_status":"closed","template":"","meta":{"footnotes":""},"class_list":["post-1034684","page","type-page","status-publish","has-post-thumbnail","hentry"],"yoast_head":"<!-- This site is optimized with the Yoast SEO plugin v26.2 - https:\/\/yoast.com\/wordpress\/plugins\/seo\/ -->\n<title>D-400 Karayolu ve Oto Kurtarma - En Yak\u0131n \u00c7ekici - 05469560306<\/title>\n<meta name=\"description\" content=\"D-400 Karayolu ve Oto Kurtarma Hizmeti en yak\u0131n \u00e7ekici yol yard\u0131m hizmeti \u015fehirler aras\u0131 \u00e7oklu ve tekli \u00e7ekici hizmeti hemen aray\u0131n.\" \/>\n<meta name=\"robots\" content=\"index, follow, max-snippet:-1, max-image-preview:large, max-video-preview:-1\" \/>\n<link rel=\"canonical\" href=\"https:\/\/otofox.com\/index.php\/d-400_karayolu_oto_kurtarma_hizmeti\/\" \/>\n<meta property=\"og:locale\" content=\"tr_TR\" \/>\n<meta property=\"og:type\" content=\"article\" \/>\n<meta property=\"og:title\" content=\"D-400 Karayolu ve Oto Kurtarma - En Yak\u0131n \u00c7ekici - 05469560306\" \/>\n<meta property=\"og:description\" content=\"D-400 Karayolu ve Oto Kurtarma Hizmeti en yak\u0131n \u00e7ekici yol yard\u0131m hizmeti \u015fehirler aras\u0131 \u00e7oklu ve tekli \u00e7ekici hizmeti hemen aray\u0131n.\" \/>\n<meta property=\"og:url\" content=\"https:\/\/otofox.com\/index.php\/d-400_karayolu_oto_kurtarma_hizmeti\/\" \/>\n<meta property=\"og:site_name\" content=\"Otofox Oto Kurtarma\" \/>\n<meta property=\"article:modified_time\" content=\"2025-09-22T22:01:02+00:00\" \/>\n<meta property=\"og:image\" content=\"https:\/\/otofox.com\/wp-content\/uploads\/2025\/04\/en-yakin-oto-kurtarma-en-yakin-cekici-13.jpeg\" \/>\n\t<meta property=\"og:image:width\" content=\"2048\" \/>\n\t<meta property=\"og:image:height\" content=\"1536\" \/>\n\t<meta property=\"og:image:type\" content=\"image\/jpeg\" \/>\n<meta name=\"twitter:card\" content=\"summary_large_image\" \/>\n<meta name=\"twitter:label1\" content=\"Tahmini okuma s\u00fcresi\" \/>\n\t<meta name=\"twitter:data1\" content=\"8 dakika\" \/>\n<script type=\"application\/ld+json\" class=\"yoast-schema-graph\">{\"@context\":\"https:\/\/schema.org\",\"@graph\":[{\"@type\":\"WebPage\",\"@id\":\"https:\/\/otofox.com\/index.php\/d-400_karayolu_oto_kurtarma_hizmeti\/\",\"url\":\"https:\/\/otofox.com\/index.php\/d-400_karayolu_oto_kurtarma_hizmeti\/\",\"name\":\"D-400 Karayolu ve Oto Kurtarma - En Yak\u0131n \u00c7ekici - 05469560306\",\"isPartOf\":{\"@id\":\"https:\/\/otofox.com\/#website\"},\"primaryImageOfPage\":{\"@id\":\"https:\/\/otofox.com\/index.php\/d-400_karayolu_oto_kurtarma_hizmeti\/#primaryimage\"},\"image\":{\"@id\":\"https:\/\/otofox.com\/index.php\/d-400_karayolu_oto_kurtarma_hizmeti\/#primaryimage\"},\"thumbnailUrl\":\"https:\/\/otofox.com\/wp-content\/uploads\/2025\/04\/en-yakin-oto-kurtarma-en-yakin-cekici-13.jpeg\",\"datePublished\":\"2025-09-22T22:01:00+00:00\",\"dateModified\":\"2025-09-22T22:01:02+00:00\",\"description\":\"D-400 Karayolu ve Oto Kurtarma Hizmeti en yak\u0131n \u00e7ekici yol yard\u0131m hizmeti \u015fehirler aras\u0131 \u00e7oklu ve tekli \u00e7ekici hizmeti hemen aray\u0131n.\",\"breadcrumb\":{\"@id\":\"https:\/\/otofox.com\/index.php\/d-400_karayolu_oto_kurtarma_hizmeti\/#breadcrumb\"},\"inLanguage\":\"tr\",\"potentialAction\":[{\"@type\":\"ReadAction\",\"target\":[\"https:\/\/otofox.com\/index.php\/d-400_karayolu_oto_kurtarma_hizmeti\/\"]}]},{\"@type\":\"ImageObject\",\"inLanguage\":\"tr\",\"@id\":\"https:\/\/otofox.com\/index.php\/d-400_karayolu_oto_kurtarma_hizmeti\/#primaryimage\",\"url\":\"https:\/\/otofox.com\/wp-content\/uploads\/2025\/04\/en-yakin-oto-kurtarma-en-yakin-cekici-13.jpeg\",\"contentUrl\":\"https:\/\/otofox.com\/wp-content\/uploads\/2025\/04\/en-yakin-oto-kurtarma-en-yakin-cekici-13.jpeg\",\"width\":2048,\"height\":1536},{\"@type\":\"BreadcrumbList\",\"@id\":\"https:\/\/otofox.com\/index.php\/d-400_karayolu_oto_kurtarma_hizmeti\/#breadcrumb\",\"itemListElement\":[{\"@type\":\"ListItem\",\"position\":1,\"name\":\"Anasayfa\",\"item\":\"https:\/\/otofox.com\/\"},{\"@type\":\"ListItem\",\"position\":2,\"name\":\"D-400 Karayolu ve Oto Kurtarma Hizmeti: G\u00fcvenli Seyahatin Teminat\u0131\"}]},{\"@type\":\"WebSite\",\"@id\":\"https:\/\/otofox.com\/#website\",\"url\":\"https:\/\/otofox.com\/\",\"name\":\"Otofox Oto Kurtarma\",\"description\":\"En Yak\u0131n Oto Kurtarma\",\"publisher\":{\"@id\":\"https:\/\/otofox.com\/#organization\"},\"potentialAction\":[{\"@type\":\"SearchAction\",\"target\":{\"@type\":\"EntryPoint\",\"urlTemplate\":\"https:\/\/otofox.com\/?s={search_term_string}\"},\"query-input\":{\"@type\":\"PropertyValueSpecification\",\"valueRequired\":true,\"valueName\":\"search_term_string\"}}],\"inLanguage\":\"tr\"},{\"@type\":\"Organization\",\"@id\":\"https:\/\/otofox.com\/#organization\",\"name\":\"Otofox Oto Kurtarma\",\"url\":\"https:\/\/otofox.com\/\",\"logo\":{\"@type\":\"ImageObject\",\"inLanguage\":\"tr\",\"@id\":\"https:\/\/otofox.com\/#\/schema\/logo\/image\/\",\"url\":\"https:\/\/otofox.com\/wp-content\/uploads\/2024\/03\/cropped-otofoxlogo.png\",\"contentUrl\":\"https:\/\/otofox.com\/wp-content\/uploads\/2024\/03\/cropped-otofoxlogo.png\",\"width\":125,\"height\":20,\"caption\":\"Otofox Oto Kurtarma\"},\"image\":{\"@id\":\"https:\/\/otofox.com\/#\/schema\/logo\/image\/\"}}]}<\/script>\n<!-- \/ Yoast SEO plugin. -->","yoast_head_json":{"title":"D-400 Karayolu ve Oto Kurtarma - En Yak\u0131n \u00c7ekici - 05469560306","description":"D-400 Karayolu ve Oto Kurtarma Hizmeti en yak\u0131n \u00e7ekici yol yard\u0131m hizmeti \u015fehirler aras\u0131 \u00e7oklu ve tekli \u00e7ekici hizmeti hemen aray\u0131n.","robots":{"index":"index","follow":"follow","max-snippet":"max-snippet:-1","max-image-preview":"max-image-preview:large","max-video-preview":"max-video-preview:-1"},"canonical":"https:\/\/otofox.com\/index.php\/d-400_karayolu_oto_kurtarma_hizmeti\/","og_locale":"tr_TR","og_type":"article","og_title":"D-400 Karayolu ve Oto Kurtarma - En Yak\u0131n \u00c7ekici - 05469560306","og_description":"D-400 Karayolu ve Oto Kurtarma Hizmeti en yak\u0131n \u00e7ekici yol yard\u0131m hizmeti \u015fehirler aras\u0131 \u00e7oklu ve tekli \u00e7ekici hizmeti hemen aray\u0131n.","og_url":"https:\/\/otofox.com\/index.php\/d-400_karayolu_oto_kurtarma_hizmeti\/","og_site_name":"Otofox Oto Kurtarma","article_modified_time":"2025-09-22T22:01:02+00:00","og_image":[{"width":2048,"height":1536,"url":"https:\/\/otofox.com\/wp-content\/uploads\/2025\/04\/en-yakin-oto-kurtarma-en-yakin-cekici-13.jpeg","type":"image\/jpeg"}],"twitter_card":"summary_large_image","twitter_misc":{"Tahmini okuma s\u00fcresi":"8 dakika"},"schema":{"@context":"https:\/\/schema.org","@graph":[{"@type":"WebPage","@id":"https:\/\/otofox.com\/index.php\/d-400_karayolu_oto_kurtarma_hizmeti\/","url":"https:\/\/otofox.com\/index.php\/d-400_karayolu_oto_kurtarma_hizmeti\/","name":"D-400 Karayolu ve Oto Kurtarma - En Yak\u0131n \u00c7ekici - 05469560306","isPartOf":{"@id":"https:\/\/otofox.com\/#website"},"primaryImageOfPage":{"@id":"https:\/\/otofox.com\/index.php\/d-400_karayolu_oto_kurtarma_hizmeti\/#primaryimage"},"image":{"@id":"https:\/\/otofox.com\/index.php\/d-400_karayolu_oto_kurtarma_hizmeti\/#primaryimage"},"thumbnailUrl":"https:\/\/otofox.com\/wp-content\/uploads\/2025\/04\/en-yakin-oto-kurtarma-en-yakin-cekici-13.jpeg","datePublished":"2025-09-22T22:01:00+00:00","dateModified":"2025-09-22T22:01:02+00:00","description":"D-400 Karayolu ve Oto Kurtarma Hizmeti en yak\u0131n \u00e7ekici yol yard\u0131m hizmeti \u015fehirler aras\u0131 \u00e7oklu ve tekli \u00e7ekici hizmeti hemen aray\u0131n.","breadcrumb":{"@id":"https:\/\/otofox.com\/index.php\/d-400_karayolu_oto_kurtarma_hizmeti\/#breadcrumb"},"inLanguage":"tr","potentialAction":[{"@type":"ReadAction","target":["https:\/\/otofox.com\/index.php\/d-400_karayolu_oto_kurtarma_hizmeti\/"]}]},{"@type":"ImageObject","inLanguage":"tr","@id":"https:\/\/otofox.com\/index.php\/d-400_karayolu_oto_kurtarma_hizmeti\/#primaryimage","url":"https:\/\/otofox.com\/wp-content\/uploads\/2025\/04\/en-yakin-oto-kurtarma-en-yakin-cekici-13.jpeg","contentUrl":"https:\/\/otofox.com\/wp-content\/uploads\/2025\/04\/en-yakin-oto-kurtarma-en-yakin-cekici-13.jpeg","width":2048,"height":1536},{"@type":"BreadcrumbList","@id":"https:\/\/otofox.com\/index.php\/d-400_karayolu_oto_kurtarma_hizmeti\/#breadcrumb","itemListElement":[{"@type":"ListItem","position":1,"name":"Anasayfa","item":"https:\/\/otofox.com\/"},{"@type":"ListItem","position":2,"name":"D-400 Karayolu ve Oto Kurtarma Hizmeti: G\u00fcvenli Seyahatin Teminat\u0131"}]},{"@type":"WebSite","@id":"https:\/\/otofox.com\/#website","url":"https:\/\/otofox.com\/","name":"Otofox Oto Kurtarma","description":"En Yak\u0131n Oto Kurtarma","publisher":{"@id":"https:\/\/otofox.com\/#organization"},"potentialAction":[{"@type":"SearchAction","target":{"@type":"EntryPoint","urlTemplate":"https:\/\/otofox.com\/?s={search_term_string}"},"query-input":{"@type":"PropertyValueSpecification","valueRequired":true,"valueName":"search_term_string"}}],"inLanguage":"tr"},{"@type":"Organization","@id":"https:\/\/otofox.com\/#organization","name":"Otofox Oto Kurtarma","url":"https:\/\/otofox.com\/","logo":{"@type":"ImageObject","inLanguage":"tr","@id":"https:\/\/otofox.com\/#\/schema\/logo\/image\/","url":"https:\/\/otofox.com\/wp-content\/uploads\/2024\/03\/cropped-otofoxlogo.png","contentUrl":"https:\/\/otofox.com\/wp-content\/uploads\/2024\/03\/cropped-otofoxlogo.png","width":125,"height":20,"caption":"Otofox Oto Kurtarma"},"image":{"@id":"https:\/\/otofox.com\/#\/schema\/logo\/image\/"}}]}},"_links":{"self":[{"href":"https:\/\/otofox.com\/index.php\/wp-json\/wp\/v2\/pages\/1034684","targetHints":{"allow":["GET"]}}],"collection":[{"href":"https:\/\/otofox.com\/index.php\/wp-json\/wp\/v2\/pages"}],"about":[{"href":"https:\/\/otofox.com\/index.php\/wp-json\/wp\/v2\/types\/page"}],"author":[{"embeddable":true,"href":"https:\/\/otofox.com\/index.php\/wp-json\/wp\/v2\/users\/5"}],"replies":[{"embeddable":true,"href":"https:\/\/otofox.com\/index.php\/wp-json\/wp\/v2\/comments?post=1034684"}],"version-history":[{"count":1,"href":"https:\/\/otofox.com\/index.php\/wp-json\/wp\/v2\/pages\/1034684\/revisions"}],"predecessor-version":[{"id":1034686,"href":"https:\/\/otofox.com\/index.php\/wp-json\/wp\/v2\/pages\/1034684\/revisions\/1034686"}],"wp:featuredmedia":[{"embeddable":true,"href":"https:\/\/otofox.com\/index.php\/wp-json\/wp\/v2\/media\/1034172"}],"wp:attachment":[{"href":"https:\/\/otofox.com\/index.php\/wp-json\/wp\/v2\/media?parent=1034684"}],"curies":[{"name":"wp","href":"https:\/\/api.w.org\/{rel}","templated":true}]}}