{"id":1034693,"date":"2025-09-22T22:16:38","date_gmt":"2025-09-22T22:16:38","guid":{"rendered":"https:\/\/otofox.com\/?page_id=1034693"},"modified":"2025-09-22T22:16:39","modified_gmt":"2025-09-22T22:16:39","slug":"d-300_karayolu_oto_kurtarma","status":"publish","type":"page","link":"https:\/\/otofox.com\/index.php\/d-300_karayolu_oto_kurtarma\/","title":{"rendered":"D-300 Karayolu\u2019nda Oto Kurtarma, \u00c7ekici, Yol Yard\u0131m ve Tamirci Hizmetleri"},"content":{"rendered":"\n<p>D-300 Karayolu, T\u00fcrkiye\u2019nin en yo\u011fun ve uzun kara yollar\u0131ndan biri olarak \u0130stanbul\u2019dan ba\u015flay\u0131p, \u0130\u00e7 Anadolu\u2019ya kadar uzan\u0131r. Bu yol, sadece g\u00fcnl\u00fck yolculuklar i\u00e7in de\u011fil, ayn\u0131 zamanda ticaret ve ta\u015f\u0131mac\u0131l\u0131k i\u00e7in de b\u00fcy\u00fck bir \u00f6neme sahiptir. Ancak uzun bir yolculukta, ara\u00e7larda \u00e7e\u015fitli ar\u0131zalar, kazalar veya di\u011fer olumsuz durumlar meydana gelebilir. B\u00f6yle durumlarla kar\u015f\u0131la\u015f\u0131ld\u0131\u011f\u0131nda ise <strong>D-300 Karayolu oto kurtarma<\/strong>, <strong>en yak\u0131n \u00e7ekici<\/strong>, <strong>yol yard\u0131m<\/strong> ve <strong>en yak\u0131n tamirci<\/strong> hizmetlerine h\u0131zl\u0131 bir \u015fekilde ula\u015fmak olduk\u00e7a \u00f6nemlidir.<\/p>\n\n\n\n<h4 class=\"wp-block-heading\">D-300 Karayolu Oto Kurtarma Hizmetleri<\/h4>\n\n\n\n<p>D-300 Karayolu \u00fczerinde seyahat ederken ara\u00e7 ar\u0131zalar\u0131 veya kazalar her zaman ya\u015fanabilir. <strong>Oto kurtarma<\/strong>, ar\u0131zal\u0131 ya da kaza yapm\u0131\u015f ara\u00e7lar\u0131n, trafik ak\u0131\u015f\u0131n\u0131 engellemeyecek \u015fekilde g\u00fcvenli bir \u015fekilde yoldan kald\u0131r\u0131lmas\u0131n\u0131 sa\u011flar. Bu hizmet, \u00f6zellikle yo\u011fun trafik saatlerinde, ara\u00e7 sahiplerinin ve di\u011fer yol kullan\u0131c\u0131lar\u0131n\u0131n g\u00fcvenli\u011fini sa\u011flamada b\u00fcy\u00fck bir rol oynar.<\/p>\n\n\n\n<p>D-300 g\u00fczergah\u0131ndaki <strong>oto kurtarma<\/strong> hizmetleri, \u0130stanbul\u2019dan ba\u015flayarak Tekirda\u011f, Edirne, K\u0131rklareli, Bursa, Eski\u015fehir ve Ankara illerine kadar uzan\u0131r. Her \u015fehirde, oto kurtarma hizmetlerini sa\u011flayan firmalar ve profesyonel ekipler bulunur. Bu ekipler, <strong>arac\u0131n\u0131z\u0131 bulundu\u011funuz yerden alarak<\/strong>, en yak\u0131n servise veya g\u00fcvenli b\u00f6lgelere ta\u015f\u0131yabilir.<\/p>\n\n\n\n<h4 class=\"wp-block-heading\">En Yak\u0131n \u00c7ekici ve Yol Yard\u0131m Hizmetleri<\/h4>\n\n\n\n<p>Arac\u0131n\u0131z yolda kald\u0131\u011f\u0131nda, <strong>en yak\u0131n \u00e7ekici<\/strong> ve <strong>yol yard\u0131m<\/strong> hizmetlerine eri\u015fim sa\u011flamak, sorunun h\u0131zl\u0131 bir \u015fekilde \u00e7\u00f6z\u00fcme kavu\u015fmas\u0131na yard\u0131mc\u0131 olur. \u00c7ekici hizmetleri, ara\u00e7lar\u0131 yoldan kald\u0131rmakla kalmaz, ayn\u0131 zamanda daha b\u00fcy\u00fck bir sorun haline gelmeden en yak\u0131n servise veya tamirciye ta\u015f\u0131r.<\/p>\n\n\n\n<p><strong>D-300 Karayolu\u2019nda en yak\u0131n \u00e7ekici<\/strong> hizmetine ba\u015fvurmak olduk\u00e7a kolayd\u0131r. Bu hizmetler genellikle 7\/24 aktif olup, ara\u00e7 sahiplerine h\u0131zl\u0131 \u00e7\u00f6z\u00fcm sunar. <strong>Yol yard\u0131m<\/strong> hizmetleri ise, arac\u0131n\u0131z\u0131n yolda kalmas\u0131 durumunda, lastik de\u011fi\u015fimi, ak\u00fc takviyesi veya yak\u0131t deste\u011fi gibi anl\u0131k \u00e7\u00f6z\u00fcmler sunar. Yolculuk boyunca <strong>yol yard\u0131m<\/strong> numaralar\u0131n\u0131 \u00f6\u011frenmek, herhangi bir aksakl\u0131k durumunda b\u00fcy\u00fck kolayl\u0131k sa\u011flar.<\/p>\n\n\n\n<h4 class=\"wp-block-heading\">En Yak\u0131n Tamirciye Ula\u015fmak<\/h4>\n\n\n\n<p>Bazen arac\u0131n\u0131z\u0131n k\u00fc\u00e7\u00fck bir ar\u0131zas\u0131 yolculu\u011funuzu aksatabilir ve <strong>en yak\u0131n tamirci<\/strong>ye gitmeniz gerekebilir. D-300 Karayolu boyunca yer alan <strong>tamirci ve servis istasyonlar\u0131<\/strong>, arac\u0131n\u0131zda meydana gelen k\u00fc\u00e7\u00fck aksakl\u0131klar\u0131 h\u0131zla \u00e7\u00f6zebilir. \u00d6zellikle uzun yolculuklarda, arac\u0131n\u0131z\u0131n herhangi bir b\u00f6lgesinde meydana gelen teknik sorunlar kar\u015f\u0131s\u0131nda, <strong>en yak\u0131n tamirciye<\/strong> y\u00f6nlendirilmek sorunun \u00e7\u00f6z\u00fclmesini h\u0131zland\u0131racakt\u0131r.<\/p>\n\n\n\n<p>D-300 Karayolu \u00fczerindeki bir\u00e7ok <strong>tamirci<\/strong> ve <strong>servis istasyonu<\/strong>, ara\u00e7lar\u0131n genel bak\u0131mlar\u0131n\u0131 yapmakta, acil durumlarda da onar\u0131m sa\u011flamakta uzmanla\u015fm\u0131\u015ft\u0131r. Bu servisler, arac\u0131n\u0131z\u0131n yolda kalmadan tekrar g\u00fcvenle devam etmesini sa\u011flar.<\/p>\n\n\n\n<h4 class=\"wp-block-heading\">Seyahat \u00d6ncesinde Dikkat Edilmesi Gerekenler<\/h4>\n\n\n\n<ol class=\"wp-block-list\">\n<li><strong>Yolculuk Planlamas\u0131<\/strong>: D-300 Karayolu \u00fczerinde olas\u0131 bir ar\u0131za durumunda faydalanabilece\u011finiz <strong>\u00e7ekici<\/strong> ve <strong>yol yard\u0131m<\/strong> hizmetlerinin telefon numaralar\u0131n\u0131 \u00f6nceden \u00f6\u011frenmek, olas\u0131 bir durumda size b\u00fcy\u00fck kolayl\u0131k sa\u011flar.<\/li>\n\n\n\n<li><strong>Ara\u00e7 Bak\u0131m\u0131<\/strong>: Yola \u00e7\u0131kmadan \u00f6nce arac\u0131n\u0131z\u0131n bak\u0131mlar\u0131n\u0131 yapt\u0131r\u0131n. Lastik, ak\u00fc, ya\u011f seviyeleri ve motor durumu gibi temel kontrolleri sa\u011flayarak yolda kalma olas\u0131l\u0131\u011f\u0131n\u0131z\u0131 azaltabilirsiniz.<\/li>\n\n\n\n<li><strong>Yol Yard\u0131m\u0131 ve \u00c7ekici Hizmetleri<\/strong>: E\u011fer arac\u0131n\u0131zda herhangi bir problem olu\u015fursa, <strong>en yak\u0131n \u00e7ekici<\/strong> hizmetine ba\u015fvurun. Arac\u0131n\u0131z\u0131n yoldan kald\u0131r\u0131lmas\u0131 ve en yak\u0131n servise ta\u015f\u0131nmas\u0131, sorunlar\u0131n b\u00fcy\u00fcmeden \u00e7\u00f6z\u00fclmesine yard\u0131mc\u0131 olur.<\/li>\n<\/ol>\n\n\n\n<h4 class=\"wp-block-heading\">D-300 Karayolu\u2019nda Oto Kurtarma ve \u00c7ekici Hizmetlerinin \u00d6nemi<\/h4>\n\n\n\n<p>D-300 Karayolu, geni\u015f g\u00fczergah\u0131 ve yo\u011fun trafi\u011fiyle dikkat \u00e7eker. Yolda kar\u015f\u0131la\u015f\u0131lacak herhangi bir ar\u0131za, kaza veya di\u011fer olumsuz durumlar, h\u0131zl\u0131 m\u00fcdahale gerektirir. <strong>Oto kurtarma<\/strong>, <strong>en yak\u0131n \u00e7ekici<\/strong>, <strong>yol yard\u0131m<\/strong> ve <strong>tamirci<\/strong> hizmetleri, bu t\u00fcr durumlar\u0131n \u00fcstesinden gelmek i\u00e7in gereklidir. Yolculuk boyunca bu hizmetlere olan eri\u015fiminiz, sizi olas\u0131 aksakl\u0131klar kar\u015f\u0131s\u0131nda daha g\u00fcvende hissettirecektir.<\/p>\n\n\n\n<h4 class=\"wp-block-heading\">Sonu\u00e7<\/h4>\n\n\n\n<p>D-300 Karayolu \u00fczerindeki <strong>oto kurtarma<\/strong>, <strong>\u00e7ekici<\/strong>, <strong>yol yard\u0131m<\/strong> ve <strong>tamirci<\/strong> hizmetleri, uzun yolculuklar s\u0131ras\u0131nda ara\u00e7 sahiplerine b\u00fcy\u00fck kolayl\u0131klar sa\u011flar. Seyahate \u00e7\u0131kmadan \u00f6nce, g\u00fczergah boyunca bu hizmetlere nas\u0131l ula\u015fabilece\u011finizi \u00f6\u011frenmek, olas\u0131 bir durumda en h\u0131zl\u0131 \u00e7\u00f6z\u00fcm\u00fc bulman\u0131za yard\u0131mc\u0131 olacakt\u0131r. Yolculu\u011funuzu g\u00fcvenle tamamlamak i\u00e7in bu hizmetlerin sa\u011fland\u0131\u011f\u0131 yerleri bilmek, sizi olas\u0131 sorunlardan koruyacakt\u0131r.<\/p>\n\n\n\n<h3 class=\"wp-block-heading\">1. <strong>\u0130stanbul \u0130li:<\/strong><\/h3>\n\n\n\n<ul class=\"wp-block-list\">\n<li><strong>Ba\u011fc\u0131lar Oto Kurtarma<\/strong><\/li>\n\n\n\n<li><strong>Ba\u015fak\u015fehir Oto Kurtarma<\/strong><\/li>\n\n\n\n<li><strong>Arnavutk\u00f6y Oto Kurtarma<\/strong><\/li>\n\n\n\n<li><strong>Esenyurt Oto Kurtarma<\/strong><\/li>\n\n\n\n<li><strong>B\u00fcy\u00fck\u00e7ekmece Oto Kurtarma<\/strong><\/li>\n<\/ul>\n\n\n\n<h3 class=\"wp-block-heading\">2. <strong>Tekirda\u011f \u0130li:<\/strong><\/h3>\n\n\n\n<ul class=\"wp-block-list\">\n<li><strong>\u00c7orlu Oto Kurtarma<\/strong><\/li>\n\n\n\n<li><strong>Malkara Oto Kurtarma<\/strong><\/li>\n\n\n\n<li><strong>Tekirda\u011f Merkez Oto Kurtarma<\/strong><\/li>\n<\/ul>\n\n\n\n<h3 class=\"wp-block-heading\">3. <strong>Edirne \u0130li:<\/strong><\/h3>\n\n\n\n<ul class=\"wp-block-list\">\n<li><strong>Edirne Merkez Oto Kurtarma<\/strong><\/li>\n<\/ul>\n\n\n\n<h3 class=\"wp-block-heading\">4. <strong>K\u0131rklareli \u0130li:<\/strong><\/h3>\n\n\n\n<ul class=\"wp-block-list\">\n<li><strong>K\u0131rklareli Merkez Oto Kurtarma<\/strong><\/li>\n<\/ul>\n\n\n\n<h3 class=\"wp-block-heading\">5. <strong>Bursa \u0130li:<\/strong><\/h3>\n\n\n\n<ul class=\"wp-block-list\">\n<li><strong>Bursa Merkez Oto Kurtarma<\/strong><\/li>\n\n\n\n<li><strong>\u0130neg\u00f6l Oto Kurtarma<\/strong><\/li>\n\n\n\n<li><strong>Y\u0131ld\u0131r\u0131m Oto Kurtarma<\/strong><\/li>\n<\/ul>\n\n\n\n<h3 class=\"wp-block-heading\">6. <strong>Eski\u015fehir \u0130li:<\/strong><\/h3>\n\n\n\n<ul class=\"wp-block-list\">\n<li><strong>Eski\u015fehir Merkez Oto Kurtarma<\/strong><\/li>\n<\/ul>\n\n\n\n<h3 class=\"wp-block-heading\">7. <strong>Ankara \u0130li:<\/strong><\/h3>\n\n\n\n<ul class=\"wp-block-list\">\n<li><strong>Sincan Oto Kurtarma<\/strong><\/li>\n\n\n\n<li><strong>Pursaklar Oto Kurtarma<\/strong><\/li>\n\n\n\n<li><strong>\u00c7ankaya Oto Kurtarma<\/strong><\/li>\n<\/ul>\n","protected":false},"excerpt":{"rendered":"<p>D-300 Karayolu, T\u00fcrkiye\u2019nin en yo\u011fun ve uzun kara yollar\u0131ndan biri olarak \u0130stanbul\u2019dan ba\u015flay\u0131p, \u0130\u00e7 Anadolu\u2019ya kadar uzan\u0131r. Bu yol, sadece g\u00fcnl\u00fck yolculuklar i\u00e7in de\u011fil, ayn\u0131 zamanda ticaret ve ta\u015f\u0131mac\u0131l\u0131k i\u00e7in de b\u00fcy\u00fck bir \u00f6neme sahiptir. Ancak uzun bir yolculukta, ara\u00e7larda \u00e7e\u015fitli ar\u0131zalar, kazalar veya di\u011fer olumsuz durumlar meydana gelebilir. B\u00f6yle durumlarla kar\u015f\u0131la\u015f\u0131ld\u0131\u011f\u0131nda ise D-300 Karayolu &hellip; <\/p>\n","protected":false},"author":5,"featured_media":0,"parent":0,"menu_order":0,"comment_status":"closed","ping_status":"closed","template":"","meta":{"footnotes":""},"class_list":["post-1034693","page","type-page","status-publish","hentry"],"yoast_head":"<!-- This site is optimized with the Yoast SEO plugin v26.2 - https:\/\/yoast.com\/wordpress\/plugins\/seo\/ -->\n<title>D-300 Karayolu\u2019nda Oto Kurtarma - En Yak\u0131n \u00c7ekici - 05469560306<\/title>\n<meta name=\"description\" content=\"D-300 Karayolu\u2019nda Oto Kurtarma oto kurtarma en yak\u0131n \u00e7ekici \u015fehirler aras\u0131 \u00e7ekici \u00e7oklu oto kurtarma en uygun \u00e7ekici hizmeti Hemen Aray\u0131n.\" \/>\n<meta name=\"robots\" content=\"index, follow, max-snippet:-1, max-image-preview:large, max-video-preview:-1\" \/>\n<link rel=\"canonical\" href=\"https:\/\/otofox.com\/index.php\/d-300_karayolu_oto_kurtarma\/\" \/>\n<meta property=\"og:locale\" content=\"tr_TR\" \/>\n<meta property=\"og:type\" content=\"article\" \/>\n<meta property=\"og:title\" content=\"D-300 Karayolu\u2019nda Oto Kurtarma - En Yak\u0131n \u00c7ekici - 05469560306\" \/>\n<meta property=\"og:description\" content=\"D-300 Karayolu\u2019nda Oto Kurtarma oto kurtarma en yak\u0131n \u00e7ekici \u015fehirler aras\u0131 \u00e7ekici \u00e7oklu oto kurtarma en uygun \u00e7ekici hizmeti Hemen Aray\u0131n.\" \/>\n<meta property=\"og:url\" content=\"https:\/\/otofox.com\/index.php\/d-300_karayolu_oto_kurtarma\/\" \/>\n<meta property=\"og:site_name\" content=\"Otofox Oto Kurtarma\" \/>\n<meta property=\"article:modified_time\" content=\"2025-09-22T22:16:39+00:00\" \/>\n<meta property=\"og:image\" content=\"https:\/\/otofox.com\/wp-content\/uploads\/2025\/09\/foxLOGO-scaled.png\" \/>\n\t<meta property=\"og:image:width\" content=\"2560\" \/>\n\t<meta property=\"og:image:height\" content=\"2560\" \/>\n\t<meta property=\"og:image:type\" content=\"image\/png\" \/>\n<meta name=\"twitter:card\" content=\"summary_large_image\" \/>\n<meta name=\"twitter:label1\" content=\"Tahmini okuma s\u00fcresi\" \/>\n\t<meta name=\"twitter:data1\" content=\"4 dakika\" \/>\n<script type=\"application\/ld+json\" class=\"yoast-schema-graph\">{\"@context\":\"https:\/\/schema.org\",\"@graph\":[{\"@type\":\"WebPage\",\"@id\":\"https:\/\/otofox.com\/index.php\/d-300_karayolu_oto_kurtarma\/\",\"url\":\"https:\/\/otofox.com\/index.php\/d-300_karayolu_oto_kurtarma\/\",\"name\":\"D-300 Karayolu\u2019nda Oto Kurtarma - En Yak\u0131n \u00c7ekici - 05469560306\",\"isPartOf\":{\"@id\":\"https:\/\/otofox.com\/#website\"},\"datePublished\":\"2025-09-22T22:16:38+00:00\",\"dateModified\":\"2025-09-22T22:16:39+00:00\",\"description\":\"D-300 Karayolu\u2019nda Oto Kurtarma oto kurtarma en yak\u0131n \u00e7ekici \u015fehirler aras\u0131 \u00e7ekici \u00e7oklu oto kurtarma en uygun \u00e7ekici hizmeti Hemen Aray\u0131n.\",\"breadcrumb\":{\"@id\":\"https:\/\/otofox.com\/index.php\/d-300_karayolu_oto_kurtarma\/#breadcrumb\"},\"inLanguage\":\"tr\",\"potentialAction\":[{\"@type\":\"ReadAction\",\"target\":[\"https:\/\/otofox.com\/index.php\/d-300_karayolu_oto_kurtarma\/\"]}]},{\"@type\":\"BreadcrumbList\",\"@id\":\"https:\/\/otofox.com\/index.php\/d-300_karayolu_oto_kurtarma\/#breadcrumb\",\"itemListElement\":[{\"@type\":\"ListItem\",\"position\":1,\"name\":\"Anasayfa\",\"item\":\"https:\/\/otofox.com\/\"},{\"@type\":\"ListItem\",\"position\":2,\"name\":\"D-300 Karayolu\u2019nda Oto Kurtarma, \u00c7ekici, Yol Yard\u0131m ve Tamirci Hizmetleri\"}]},{\"@type\":\"WebSite\",\"@id\":\"https:\/\/otofox.com\/#website\",\"url\":\"https:\/\/otofox.com\/\",\"name\":\"Otofox Oto Kurtarma\",\"description\":\"En Yak\u0131n Oto Kurtarma\",\"publisher\":{\"@id\":\"https:\/\/otofox.com\/#organization\"},\"potentialAction\":[{\"@type\":\"SearchAction\",\"target\":{\"@type\":\"EntryPoint\",\"urlTemplate\":\"https:\/\/otofox.com\/?s={search_term_string}\"},\"query-input\":{\"@type\":\"PropertyValueSpecification\",\"valueRequired\":true,\"valueName\":\"search_term_string\"}}],\"inLanguage\":\"tr\"},{\"@type\":\"Organization\",\"@id\":\"https:\/\/otofox.com\/#organization\",\"name\":\"Otofox Oto Kurtarma\",\"url\":\"https:\/\/otofox.com\/\",\"logo\":{\"@type\":\"ImageObject\",\"inLanguage\":\"tr\",\"@id\":\"https:\/\/otofox.com\/#\/schema\/logo\/image\/\",\"url\":\"https:\/\/otofox.com\/wp-content\/uploads\/2024\/03\/cropped-otofoxlogo.png\",\"contentUrl\":\"https:\/\/otofox.com\/wp-content\/uploads\/2024\/03\/cropped-otofoxlogo.png\",\"width\":125,\"height\":20,\"caption\":\"Otofox Oto Kurtarma\"},\"image\":{\"@id\":\"https:\/\/otofox.com\/#\/schema\/logo\/image\/\"}}]}<\/script>\n<!-- \/ Yoast SEO plugin. -->","yoast_head_json":{"title":"D-300 Karayolu\u2019nda Oto Kurtarma - En Yak\u0131n \u00c7ekici - 05469560306","description":"D-300 Karayolu\u2019nda Oto Kurtarma oto kurtarma en yak\u0131n \u00e7ekici \u015fehirler aras\u0131 \u00e7ekici \u00e7oklu oto kurtarma en uygun \u00e7ekici hizmeti Hemen Aray\u0131n.","robots":{"index":"index","follow":"follow","max-snippet":"max-snippet:-1","max-image-preview":"max-image-preview:large","max-video-preview":"max-video-preview:-1"},"canonical":"https:\/\/otofox.com\/index.php\/d-300_karayolu_oto_kurtarma\/","og_locale":"tr_TR","og_type":"article","og_title":"D-300 Karayolu\u2019nda Oto Kurtarma - En Yak\u0131n \u00c7ekici - 05469560306","og_description":"D-300 Karayolu\u2019nda Oto Kurtarma oto kurtarma en yak\u0131n \u00e7ekici \u015fehirler aras\u0131 \u00e7ekici \u00e7oklu oto kurtarma en uygun \u00e7ekici hizmeti Hemen Aray\u0131n.","og_url":"https:\/\/otofox.com\/index.php\/d-300_karayolu_oto_kurtarma\/","og_site_name":"Otofox Oto Kurtarma","article_modified_time":"2025-09-22T22:16:39+00:00","og_image":[{"width":2560,"height":2560,"url":"https:\/\/otofox.com\/wp-content\/uploads\/2025\/09\/foxLOGO-scaled.png","type":"image\/png"}],"twitter_card":"summary_large_image","twitter_misc":{"Tahmini okuma s\u00fcresi":"4 dakika"},"schema":{"@context":"https:\/\/schema.org","@graph":[{"@type":"WebPage","@id":"https:\/\/otofox.com\/index.php\/d-300_karayolu_oto_kurtarma\/","url":"https:\/\/otofox.com\/index.php\/d-300_karayolu_oto_kurtarma\/","name":"D-300 Karayolu\u2019nda Oto Kurtarma - En Yak\u0131n \u00c7ekici - 05469560306","isPartOf":{"@id":"https:\/\/otofox.com\/#website"},"datePublished":"2025-09-22T22:16:38+00:00","dateModified":"2025-09-22T22:16:39+00:00","description":"D-300 Karayolu\u2019nda Oto Kurtarma oto kurtarma en yak\u0131n \u00e7ekici \u015fehirler aras\u0131 \u00e7ekici \u00e7oklu oto kurtarma en uygun \u00e7ekici hizmeti Hemen Aray\u0131n.","breadcrumb":{"@id":"https:\/\/otofox.com\/index.php\/d-300_karayolu_oto_kurtarma\/#breadcrumb"},"inLanguage":"tr","potentialAction":[{"@type":"ReadAction","target":["https:\/\/otofox.com\/index.php\/d-300_karayolu_oto_kurtarma\/"]}]},{"@type":"BreadcrumbList","@id":"https:\/\/otofox.com\/index.php\/d-300_karayolu_oto_kurtarma\/#breadcrumb","itemListElement":[{"@type":"ListItem","position":1,"name":"Anasayfa","item":"https:\/\/otofox.com\/"},{"@type":"ListItem","position":2,"name":"D-300 Karayolu\u2019nda Oto Kurtarma, \u00c7ekici, Yol Yard\u0131m ve Tamirci Hizmetleri"}]},{"@type":"WebSite","@id":"https:\/\/otofox.com\/#website","url":"https:\/\/otofox.com\/","name":"Otofox Oto Kurtarma","description":"En Yak\u0131n Oto Kurtarma","publisher":{"@id":"https:\/\/otofox.com\/#organization"},"potentialAction":[{"@type":"SearchAction","target":{"@type":"EntryPoint","urlTemplate":"https:\/\/otofox.com\/?s={search_term_string}"},"query-input":{"@type":"PropertyValueSpecification","valueRequired":true,"valueName":"search_term_string"}}],"inLanguage":"tr"},{"@type":"Organization","@id":"https:\/\/otofox.com\/#organization","name":"Otofox Oto Kurtarma","url":"https:\/\/otofox.com\/","logo":{"@type":"ImageObject","inLanguage":"tr","@id":"https:\/\/otofox.com\/#\/schema\/logo\/image\/","url":"https:\/\/otofox.com\/wp-content\/uploads\/2024\/03\/cropped-otofoxlogo.png","contentUrl":"https:\/\/otofox.com\/wp-content\/uploads\/2024\/03\/cropped-otofoxlogo.png","width":125,"height":20,"caption":"Otofox Oto Kurtarma"},"image":{"@id":"https:\/\/otofox.com\/#\/schema\/logo\/image\/"}}]}},"_links":{"self":[{"href":"https:\/\/otofox.com\/index.php\/wp-json\/wp\/v2\/pages\/1034693","targetHints":{"allow":["GET"]}}],"collection":[{"href":"https:\/\/otofox.com\/index.php\/wp-json\/wp\/v2\/pages"}],"about":[{"href":"https:\/\/otofox.com\/index.php\/wp-json\/wp\/v2\/types\/page"}],"author":[{"embeddable":true,"href":"https:\/\/otofox.com\/index.php\/wp-json\/wp\/v2\/users\/5"}],"replies":[{"embeddable":true,"href":"https:\/\/otofox.com\/index.php\/wp-json\/wp\/v2\/comments?post=1034693"}],"version-history":[{"count":1,"href":"https:\/\/otofox.com\/index.php\/wp-json\/wp\/v2\/pages\/1034693\/revisions"}],"predecessor-version":[{"id":1034695,"href":"https:\/\/otofox.com\/index.php\/wp-json\/wp\/v2\/pages\/1034693\/revisions\/1034695"}],"wp:attachment":[{"href":"https:\/\/otofox.com\/index.php\/wp-json\/wp\/v2\/media?parent=1034693"}],"curies":[{"name":"wp","href":"https:\/\/api.w.org\/{rel}","templated":true}]}}