{"id":1034697,"date":"2025-09-22T22:21:13","date_gmt":"2025-09-22T22:21:13","guid":{"rendered":"https:\/\/otofox.com\/?page_id=1034697"},"modified":"2025-09-22T22:21:14","modified_gmt":"2025-09-22T22:21:14","slug":"d-750_karayolu_oto_kurtarma","status":"publish","type":"page","link":"https:\/\/otofox.com\/index.php\/d-750_karayolu_oto_kurtarma\/","title":{"rendered":"D-750 Karayolu&#8217;nda Oto Kurtarma, \u00c7ekici, Tamirci ve Lastik\u00e7i Hizmetleri"},"content":{"rendered":"\n<p>D-750 Karayolu, T\u00fcrkiye&#8217;nin geni\u015f kara yolu a\u011f\u0131 \u00fczerinde \u00f6nemli bir yer tutar ve Konya, Aksaray, Nev\u015fehir, K\u0131r\u015fehir, Kayseri gibi illeri birbirine ba\u011flar. Bu yolculuk hatt\u0131, \u00f6zellikle uzun mesafelerde seyahat edenler i\u00e7in s\u0131kl\u0131kla kullan\u0131l\u0131r. Ancak, uzun yolculuklar s\u0131ras\u0131nda beklenmedik ar\u0131zalar ve aksakl\u0131klar ya\u015fanabilir. Ara\u00e7 ar\u0131zalar\u0131, kaza durumlar\u0131 veya lastik patlamalar\u0131 gibi olaylarla kar\u015f\u0131la\u015f\u0131ld\u0131\u011f\u0131nda ise <strong>oto kurtarma<\/strong>, <strong>\u00e7ekici<\/strong>, <strong>tamirci<\/strong> ve <strong>lastik\u00e7i<\/strong> hizmetlerine ihtiya\u00e7 duyulur. Bu hizmetler, yolculuklar\u0131n kesintiye u\u011framadan devam etmesini sa\u011flar.<\/p>\n\n\n\n<h3 class=\"wp-block-heading\">D-750 Karayolu\u2019nda Oto Kurtarma Hizmetleri<\/h3>\n\n\n\n<p><strong>Oto kurtarma<\/strong> hizmetleri, ara\u00e7lar\u0131n ar\u0131zalanmas\u0131 ya da kaza yapmas\u0131 durumunda, ara\u00e7lar\u0131n g\u00fcvenli bir \u015fekilde kald\u0131r\u0131lmas\u0131 ve en yak\u0131n tamirciye ta\u015f\u0131nmas\u0131 i\u00e7in sa\u011flanan hizmetlerdir. D-750 Karayolu \u00fczerinde <strong>oto kurtarma<\/strong> hizmetleri, 7\/24 acil m\u00fcdahale ile ara\u00e7 sahiplerine yard\u0131mc\u0131 olmak i\u00e7in haz\u0131rd\u0131r. Bu hizmetler sayesinde, karayolu \u00fczerinde meydana gelebilecek her t\u00fcrl\u00fc olumsuzluk h\u0131zla \u00e7\u00f6z\u00fcl\u00fcr ve s\u00fcr\u00fcc\u00fcler yeniden g\u00fcvenli bir \u015fekilde yol alabilir.<\/p>\n\n\n\n<p>\u00d6zellikle D-750 Karayolu&#8217;nun ge\u00e7ti\u011fi illerde, <strong>oto kurtarma<\/strong> firmalar\u0131 s\u0131k\u00e7a kar\u015f\u0131la\u015f\u0131lan bir hizmettir. Bu firmalar, ara\u00e7lar\u0131n\u0131z\u0131 olas\u0131 tehlikelerden koruyarak, en yak\u0131n servise veya otoparka y\u00f6nlendirebilirler.<\/p>\n\n\n\n<h3 class=\"wp-block-heading\">D-750 Karayolu\u2019nda En Yak\u0131n \u00c7ekici Hizmetleri<\/h3>\n\n\n\n<p>Yolculuk esnas\u0131nda arac\u0131n\u0131z\u0131n ar\u0131zalanmas\u0131 ya da kaza yapmas\u0131 durumunda, <strong>\u00e7ekici<\/strong> hizmetlerine ihtiya\u00e7 duyabilirsiniz. <strong>\u00c7ekici<\/strong> hizmetleri, arac\u0131n\u0131z\u0131n en yak\u0131n tamirciye veya servise ta\u015f\u0131nmas\u0131n\u0131 sa\u011flar. D-750 Karayolu boyunca, her t\u00fcrl\u00fc acil durumda size yard\u0131mc\u0131 olabilecek bir\u00e7ok <strong>\u00e7ekici<\/strong> hizmeti bulunmaktad\u0131r. Yolda kalm\u0131\u015f bir ara\u00e7 i\u00e7in <strong>en yak\u0131n \u00e7ekici<\/strong>yi aramak, uzun s\u00fcreli bir bekleyi\u015fi engeller ve sorunun h\u0131zl\u0131ca \u00e7\u00f6z\u00fclmesini sa\u011flar.<\/p>\n\n\n\n<p>\u00c7ekici hizmetleri, sadece arac\u0131n\u0131z\u0131 ta\u015f\u0131makla kalmaz, ayn\u0131 zamanda hasar g\u00f6rmeden g\u00fcvenli bir \u015fekilde yolculu\u011funuzu s\u00fcrd\u00fcrebilmenizi sa\u011flar. Bu sebeple <strong>\u00e7ekici<\/strong> hizmetinin etkinli\u011fi, D-750 Karayolu&#8217;ndaki yolculuklar i\u00e7in olduk\u00e7a \u00f6nemlidir.<\/p>\n\n\n\n<h3 class=\"wp-block-heading\">D-750 Karayolu\u2019nda En Yak\u0131n Tamirci Hizmetleri<\/h3>\n\n\n\n<p>Ara\u00e7 ar\u0131zalar\u0131n\u0131n \u00e7o\u011fu, <strong>tamirci<\/strong> hizmeti gerektirir. <strong>D-750 Karayolu<\/strong> boyunca, ara\u00e7lar\u0131n\u0131z\u0131n motor, elektrik, \u015fanz\u0131man gibi pek \u00e7ok k\u0131sm\u0131nda meydana gelen ar\u0131zalar\u0131 giderebilece\u011finiz <strong>tamirci<\/strong> servisi bulunur. Bu servisler, arac\u0131n\u0131z\u0131 onar\u0131rken sizi yolda kalmaktan kurtar\u0131r.<\/p>\n\n\n\n<p><strong>En yak\u0131n tamirci<\/strong>yi bulmak, \u00f6zellikle yolda ilerlerken zaman kaybetmemeniz a\u00e7\u0131s\u0131ndan \u00e7ok \u00f6nemlidir. Bu hizmet sayesinde, ar\u0131za tespit edilip, k\u0131sa s\u00fcrede gerekli tamirat i\u015flemleri yap\u0131labilir. D-750 Karayolu \u00fczerinde yer alan <strong>tamirciler<\/strong>, her t\u00fcrl\u00fc motor ar\u0131zas\u0131n\u0131 onarabilir, ara\u00e7lar\u0131n bak\u0131m\u0131n\u0131 yapabilir ve ara\u00e7lar\u0131n tekrar yola \u00e7\u0131kmas\u0131n\u0131 sa\u011flar.<\/p>\n\n\n\n<h3 class=\"wp-block-heading\">D-750 Karayolu\u2019nda En Yak\u0131n Lastik\u00e7i Hizmetleri<\/h3>\n\n\n\n<p><strong>Lastik\u00e7i<\/strong> hizmetleri, \u00f6zellikle lastik patlamas\u0131 durumunda olduk\u00e7a hayati bir rol oynar. D-750 Karayolu \u00fczerinde seyahat ederken, lasti\u011finizin patlamas\u0131 gibi bir durumla kar\u015f\u0131la\u015fabilirsiniz. Bu durumda, <strong>en yak\u0131n lastik\u00e7i<\/strong>yi bulmak h\u0131zl\u0131ca sorunun \u00e7\u00f6z\u00fclmesine olanak tan\u0131r.<\/p>\n\n\n\n<p><strong>Lastik\u00e7i<\/strong>ler, patlayan lastikleri de\u011fi\u015ftirebilir, hava bas\u0131nc\u0131 d\u00fczenlemesi yapabilir veya a\u015f\u0131nm\u0131\u015f lastikleri yenisiyle de\u011fi\u015ftirebilir. Yolculu\u011funuzu g\u00fcvenle devam ettirebilmek i\u00e7in bu hizmetlere h\u0131zl\u0131 bir \u015fekilde ula\u015fmak olduk\u00e7a \u00f6nemlidir. D-750 Karayolu \u00fczerinde bir\u00e7ok <strong>lastik\u00e7i<\/strong> noktas\u0131 bulunur ve ara\u00e7 sahipleri bu servislerden kolayca yararlanabilirler.<\/p>\n\n\n\n<h3 class=\"wp-block-heading\">D-750 Karayolu&#8217;nda Oto Kurtarma, \u00c7ekici, Tamirci ve Lastik\u00e7i Hizmetlerinin Rol\u00fc<\/h3>\n\n\n\n<p>D-750 Karayolu, s\u00fcrekli kullan\u0131lan bir g\u00fczerg\u00e2h oldu\u011fundan, burada sunulan <strong>oto kurtarma<\/strong>, <strong>\u00e7ekici<\/strong>, <strong>tamirci<\/strong> ve <strong>lastik\u00e7i<\/strong> hizmetlerinin \u00f6nemi b\u00fcy\u00fckt\u00fcr. Bu hizmetler, yolculuk s\u0131ras\u0131nda kar\u015f\u0131la\u015f\u0131lan sorunlar\u0131n h\u0131zl\u0131 ve etkili bir \u015fekilde \u00e7\u00f6z\u00fclmesini sa\u011flar. Her ne kadar D-750 Karayolu\u2019nun \u00e7e\u015fitli illerinde bu hizmetlere ula\u015fmak kolay olsa da, s\u00fcr\u00fcc\u00fclerin \u00f6nceden bu hizmetlerin sa\u011fland\u0131\u011f\u0131 yerler hakk\u0131nda bilgi sahibi olmalar\u0131, olas\u0131 bir aksakl\u0131k durumunda onlar\u0131 zor duruma sokmaktan kurtar\u0131r.<\/p>\n\n\n\n<p>Bu hizmetler sayesinde, ara\u00e7 sahipleri, yolculuk esnas\u0131nda kar\u015f\u0131la\u015ft\u0131klar\u0131 her t\u00fcrl\u00fc olumsuzlukla ba\u015fa \u00e7\u0131kabilir ve g\u00fcvenli bir \u015fekilde yola devam edebilirler.<\/p>\n\n\n\n<h3 class=\"wp-block-heading\">D-750 Karayolu&#8217;nun ge\u00e7ti\u011fi iller ve il\u00e7eler:<\/h3>\n\n\n\n<ol class=\"wp-block-list\">\n<li><strong>Konya ili Oto Kurtarma<\/strong>\n<ul class=\"wp-block-list\">\n<li>Konya Merkez Oto Kurtarma<\/li>\n\n\n\n<li>Sel\u00e7uklu Oto Kurtarma<\/li>\n\n\n\n<li>Meram Oto Kurtarma<\/li>\n\n\n\n<li>Karatay Oto Kurtarma<\/li>\n<\/ul>\n<\/li>\n\n\n\n<li><strong>Aksaray ili Oto Kurtarma<\/strong>\n<ul class=\"wp-block-list\">\n<li>Aksaray Merkez Oto Kurtarma<\/li>\n\n\n\n<li>K\u0131z\u0131lkaya Oto Kurtarma<\/li>\n\n\n\n<li>Sultanhan\u0131 Oto Kurtarma<\/li>\n<\/ul>\n<\/li>\n\n\n\n<li><strong>Nev\u015fehir ili Oto Kurtarma<\/strong>\n<ul class=\"wp-block-list\">\n<li>Nev\u015fehir Merkez Oto Kurtarma<\/li>\n\n\n\n<li>Avanos Oto Kurtarma<\/li>\n\n\n\n<li>Hac\u0131bekta\u015f Oto Kurtarma<\/li>\n<\/ul>\n<\/li>\n\n\n\n<li><strong>K\u0131r\u015fehir ili Oto Kurtarma<\/strong>\n<ul class=\"wp-block-list\">\n<li>K\u0131r\u015fehir Merkez Oto Kurtarma<\/li>\n\n\n\n<li>Mucur Oto Kurtarma<\/li>\n\n\n\n<li>\u00c7i\u00e7ekda\u011f\u0131 Oto Kurtarma<\/li>\n<\/ul>\n<\/li>\n\n\n\n<li><strong>Kayseri ili Oto Kurtarma<\/strong>\n<ul class=\"wp-block-list\">\n<li>Kayseri Merkez Oto Kurtarma<\/li>\n\n\n\n<li>Melikgazi Oto Kurtarma<\/li>\n\n\n\n<li>Kocasinan Oto Kurtarma<\/li>\n\n\n\n<li>Talas Oto Kurtarma<\/li>\n<\/ul>\n<\/li>\n\n\n\n<li><strong>Sivas ili Oto Kurtarma<\/strong>\n<ul class=\"wp-block-list\">\n<li>Sivas Merkez Oto Kurtarma<\/li>\n\n\n\n<li>Zara Oto Kurtarma<\/li>\n\n\n\n<li>Y\u0131ld\u0131zeli Oto Kurtarma<\/li>\n<\/ul>\n<\/li>\n\n\n\n<li><strong>Tokat ili Oto Kurtarma<\/strong>\n<ul class=\"wp-block-list\">\n<li>Tokat Merkez Oto Kurtarma<\/li>\n\n\n\n<li>Erbaa Oto Kurtarma<\/li>\n\n\n\n<li>Niksar Oto Kurtarma<\/li>\n<\/ul>\n<\/li>\n\n\n\n<li><strong>Ordu ili Oto Kurtarma<\/strong>\n<ul class=\"wp-block-list\">\n<li>Ordu Merkez Oto Kurtarma<\/li>\n\n\n\n<li>Fatsa Oto Kurtarma<\/li>\n\n\n\n<li>\u00dcnye Oto Kurtarma<\/li>\n<\/ul>\n<\/li>\n<\/ol>\n","protected":false},"excerpt":{"rendered":"<p>D-750 Karayolu, T\u00fcrkiye&#8217;nin geni\u015f kara yolu a\u011f\u0131 \u00fczerinde \u00f6nemli bir yer tutar ve Konya, Aksaray, Nev\u015fehir, K\u0131r\u015fehir, Kayseri gibi illeri birbirine ba\u011flar. Bu yolculuk hatt\u0131, \u00f6zellikle uzun mesafelerde seyahat edenler i\u00e7in s\u0131kl\u0131kla kullan\u0131l\u0131r. Ancak, uzun yolculuklar s\u0131ras\u0131nda beklenmedik ar\u0131zalar ve aksakl\u0131klar ya\u015fanabilir. Ara\u00e7 ar\u0131zalar\u0131, kaza durumlar\u0131 veya lastik patlamalar\u0131 gibi olaylarla kar\u015f\u0131la\u015f\u0131ld\u0131\u011f\u0131nda ise oto kurtarma, &hellip; <\/p>\n","protected":false},"author":5,"featured_media":1034163,"parent":0,"menu_order":0,"comment_status":"closed","ping_status":"closed","template":"","meta":{"footnotes":""},"class_list":["post-1034697","page","type-page","status-publish","has-post-thumbnail","hentry"],"yoast_head":"<!-- This site is optimized with the Yoast SEO plugin v26.2 - https:\/\/yoast.com\/wordpress\/plugins\/seo\/ -->\n<title>D-750 Karayolu&#039;nda Oto Kurtarma - En Yak\u0131n \u00c7ekici - 05469560306<\/title>\n<meta name=\"description\" content=\"D-750 Karayolu&#039;nda Oto Kurtarma en yak\u0131n oto kurtarma en yak\u0131n \u00e7ekici yol yard\u0131m hizmeti en yak\u0131n tamirci \u015fehirler aras\u0131 \u00e7oklu \u00e7ekici.\" \/>\n<meta name=\"robots\" content=\"index, follow, max-snippet:-1, max-image-preview:large, max-video-preview:-1\" \/>\n<link rel=\"canonical\" href=\"https:\/\/otofox.com\/index.php\/d-750_karayolu_oto_kurtarma\/\" \/>\n<meta property=\"og:locale\" content=\"tr_TR\" \/>\n<meta property=\"og:type\" content=\"article\" \/>\n<meta property=\"og:title\" content=\"D-750 Karayolu&#039;nda Oto Kurtarma - En Yak\u0131n \u00c7ekici - 05469560306\" \/>\n<meta property=\"og:description\" content=\"D-750 Karayolu&#039;nda Oto Kurtarma en yak\u0131n oto kurtarma en yak\u0131n \u00e7ekici yol yard\u0131m hizmeti en yak\u0131n tamirci \u015fehirler aras\u0131 \u00e7oklu \u00e7ekici.\" \/>\n<meta property=\"og:url\" content=\"https:\/\/otofox.com\/index.php\/d-750_karayolu_oto_kurtarma\/\" \/>\n<meta property=\"og:site_name\" content=\"Otofox Oto Kurtarma\" \/>\n<meta property=\"article:modified_time\" content=\"2025-09-22T22:21:14+00:00\" \/>\n<meta property=\"og:image\" content=\"https:\/\/otofox.com\/wp-content\/uploads\/2025\/04\/en-yakin-oto-kurtarma-en-yakin-cekici-2.jpeg\" \/>\n\t<meta property=\"og:image:width\" content=\"2048\" \/>\n\t<meta property=\"og:image:height\" content=\"1536\" \/>\n\t<meta property=\"og:image:type\" content=\"image\/jpeg\" \/>\n<meta name=\"twitter:card\" content=\"summary_large_image\" \/>\n<meta name=\"twitter:label1\" content=\"Tahmini okuma s\u00fcresi\" \/>\n\t<meta name=\"twitter:data1\" content=\"4 dakika\" \/>\n<script type=\"application\/ld+json\" class=\"yoast-schema-graph\">{\"@context\":\"https:\/\/schema.org\",\"@graph\":[{\"@type\":\"WebPage\",\"@id\":\"https:\/\/otofox.com\/index.php\/d-750_karayolu_oto_kurtarma\/\",\"url\":\"https:\/\/otofox.com\/index.php\/d-750_karayolu_oto_kurtarma\/\",\"name\":\"D-750 Karayolu'nda Oto Kurtarma - En Yak\u0131n \u00c7ekici - 05469560306\",\"isPartOf\":{\"@id\":\"https:\/\/otofox.com\/#website\"},\"primaryImageOfPage\":{\"@id\":\"https:\/\/otofox.com\/index.php\/d-750_karayolu_oto_kurtarma\/#primaryimage\"},\"image\":{\"@id\":\"https:\/\/otofox.com\/index.php\/d-750_karayolu_oto_kurtarma\/#primaryimage\"},\"thumbnailUrl\":\"https:\/\/otofox.com\/wp-content\/uploads\/2025\/04\/en-yakin-oto-kurtarma-en-yakin-cekici-2.jpeg\",\"datePublished\":\"2025-09-22T22:21:13+00:00\",\"dateModified\":\"2025-09-22T22:21:14+00:00\",\"description\":\"D-750 Karayolu'nda Oto Kurtarma en yak\u0131n oto kurtarma en yak\u0131n \u00e7ekici yol yard\u0131m hizmeti en yak\u0131n tamirci \u015fehirler aras\u0131 \u00e7oklu \u00e7ekici.\",\"breadcrumb\":{\"@id\":\"https:\/\/otofox.com\/index.php\/d-750_karayolu_oto_kurtarma\/#breadcrumb\"},\"inLanguage\":\"tr\",\"potentialAction\":[{\"@type\":\"ReadAction\",\"target\":[\"https:\/\/otofox.com\/index.php\/d-750_karayolu_oto_kurtarma\/\"]}]},{\"@type\":\"ImageObject\",\"inLanguage\":\"tr\",\"@id\":\"https:\/\/otofox.com\/index.php\/d-750_karayolu_oto_kurtarma\/#primaryimage\",\"url\":\"https:\/\/otofox.com\/wp-content\/uploads\/2025\/04\/en-yakin-oto-kurtarma-en-yakin-cekici-2.jpeg\",\"contentUrl\":\"https:\/\/otofox.com\/wp-content\/uploads\/2025\/04\/en-yakin-oto-kurtarma-en-yakin-cekici-2.jpeg\",\"width\":2048,\"height\":1536},{\"@type\":\"BreadcrumbList\",\"@id\":\"https:\/\/otofox.com\/index.php\/d-750_karayolu_oto_kurtarma\/#breadcrumb\",\"itemListElement\":[{\"@type\":\"ListItem\",\"position\":1,\"name\":\"Anasayfa\",\"item\":\"https:\/\/otofox.com\/\"},{\"@type\":\"ListItem\",\"position\":2,\"name\":\"D-750 Karayolu&#8217;nda Oto Kurtarma, \u00c7ekici, Tamirci ve Lastik\u00e7i Hizmetleri\"}]},{\"@type\":\"WebSite\",\"@id\":\"https:\/\/otofox.com\/#website\",\"url\":\"https:\/\/otofox.com\/\",\"name\":\"Otofox Oto Kurtarma\",\"description\":\"En Yak\u0131n Oto Kurtarma\",\"publisher\":{\"@id\":\"https:\/\/otofox.com\/#organization\"},\"potentialAction\":[{\"@type\":\"SearchAction\",\"target\":{\"@type\":\"EntryPoint\",\"urlTemplate\":\"https:\/\/otofox.com\/?s={search_term_string}\"},\"query-input\":{\"@type\":\"PropertyValueSpecification\",\"valueRequired\":true,\"valueName\":\"search_term_string\"}}],\"inLanguage\":\"tr\"},{\"@type\":\"Organization\",\"@id\":\"https:\/\/otofox.com\/#organization\",\"name\":\"Otofox Oto Kurtarma\",\"url\":\"https:\/\/otofox.com\/\",\"logo\":{\"@type\":\"ImageObject\",\"inLanguage\":\"tr\",\"@id\":\"https:\/\/otofox.com\/#\/schema\/logo\/image\/\",\"url\":\"https:\/\/otofox.com\/wp-content\/uploads\/2024\/03\/cropped-otofoxlogo.png\",\"contentUrl\":\"https:\/\/otofox.com\/wp-content\/uploads\/2024\/03\/cropped-otofoxlogo.png\",\"width\":125,\"height\":20,\"caption\":\"Otofox Oto Kurtarma\"},\"image\":{\"@id\":\"https:\/\/otofox.com\/#\/schema\/logo\/image\/\"}}]}<\/script>\n<!-- \/ Yoast SEO plugin. -->","yoast_head_json":{"title":"D-750 Karayolu'nda Oto Kurtarma - En Yak\u0131n \u00c7ekici - 05469560306","description":"D-750 Karayolu'nda Oto Kurtarma en yak\u0131n oto kurtarma en yak\u0131n \u00e7ekici yol yard\u0131m hizmeti en yak\u0131n tamirci \u015fehirler aras\u0131 \u00e7oklu \u00e7ekici.","robots":{"index":"index","follow":"follow","max-snippet":"max-snippet:-1","max-image-preview":"max-image-preview:large","max-video-preview":"max-video-preview:-1"},"canonical":"https:\/\/otofox.com\/index.php\/d-750_karayolu_oto_kurtarma\/","og_locale":"tr_TR","og_type":"article","og_title":"D-750 Karayolu'nda Oto Kurtarma - En Yak\u0131n \u00c7ekici - 05469560306","og_description":"D-750 Karayolu'nda Oto Kurtarma en yak\u0131n oto kurtarma en yak\u0131n \u00e7ekici yol yard\u0131m hizmeti en yak\u0131n tamirci \u015fehirler aras\u0131 \u00e7oklu \u00e7ekici.","og_url":"https:\/\/otofox.com\/index.php\/d-750_karayolu_oto_kurtarma\/","og_site_name":"Otofox Oto Kurtarma","article_modified_time":"2025-09-22T22:21:14+00:00","og_image":[{"width":2048,"height":1536,"url":"https:\/\/otofox.com\/wp-content\/uploads\/2025\/04\/en-yakin-oto-kurtarma-en-yakin-cekici-2.jpeg","type":"image\/jpeg"}],"twitter_card":"summary_large_image","twitter_misc":{"Tahmini okuma s\u00fcresi":"4 dakika"},"schema":{"@context":"https:\/\/schema.org","@graph":[{"@type":"WebPage","@id":"https:\/\/otofox.com\/index.php\/d-750_karayolu_oto_kurtarma\/","url":"https:\/\/otofox.com\/index.php\/d-750_karayolu_oto_kurtarma\/","name":"D-750 Karayolu'nda Oto Kurtarma - En Yak\u0131n \u00c7ekici - 05469560306","isPartOf":{"@id":"https:\/\/otofox.com\/#website"},"primaryImageOfPage":{"@id":"https:\/\/otofox.com\/index.php\/d-750_karayolu_oto_kurtarma\/#primaryimage"},"image":{"@id":"https:\/\/otofox.com\/index.php\/d-750_karayolu_oto_kurtarma\/#primaryimage"},"thumbnailUrl":"https:\/\/otofox.com\/wp-content\/uploads\/2025\/04\/en-yakin-oto-kurtarma-en-yakin-cekici-2.jpeg","datePublished":"2025-09-22T22:21:13+00:00","dateModified":"2025-09-22T22:21:14+00:00","description":"D-750 Karayolu'nda Oto Kurtarma en yak\u0131n oto kurtarma en yak\u0131n \u00e7ekici yol yard\u0131m hizmeti en yak\u0131n tamirci \u015fehirler aras\u0131 \u00e7oklu \u00e7ekici.","breadcrumb":{"@id":"https:\/\/otofox.com\/index.php\/d-750_karayolu_oto_kurtarma\/#breadcrumb"},"inLanguage":"tr","potentialAction":[{"@type":"ReadAction","target":["https:\/\/otofox.com\/index.php\/d-750_karayolu_oto_kurtarma\/"]}]},{"@type":"ImageObject","inLanguage":"tr","@id":"https:\/\/otofox.com\/index.php\/d-750_karayolu_oto_kurtarma\/#primaryimage","url":"https:\/\/otofox.com\/wp-content\/uploads\/2025\/04\/en-yakin-oto-kurtarma-en-yakin-cekici-2.jpeg","contentUrl":"https:\/\/otofox.com\/wp-content\/uploads\/2025\/04\/en-yakin-oto-kurtarma-en-yakin-cekici-2.jpeg","width":2048,"height":1536},{"@type":"BreadcrumbList","@id":"https:\/\/otofox.com\/index.php\/d-750_karayolu_oto_kurtarma\/#breadcrumb","itemListElement":[{"@type":"ListItem","position":1,"name":"Anasayfa","item":"https:\/\/otofox.com\/"},{"@type":"ListItem","position":2,"name":"D-750 Karayolu&#8217;nda Oto Kurtarma, \u00c7ekici, Tamirci ve Lastik\u00e7i Hizmetleri"}]},{"@type":"WebSite","@id":"https:\/\/otofox.com\/#website","url":"https:\/\/otofox.com\/","name":"Otofox Oto Kurtarma","description":"En Yak\u0131n Oto Kurtarma","publisher":{"@id":"https:\/\/otofox.com\/#organization"},"potentialAction":[{"@type":"SearchAction","target":{"@type":"EntryPoint","urlTemplate":"https:\/\/otofox.com\/?s={search_term_string}"},"query-input":{"@type":"PropertyValueSpecification","valueRequired":true,"valueName":"search_term_string"}}],"inLanguage":"tr"},{"@type":"Organization","@id":"https:\/\/otofox.com\/#organization","name":"Otofox Oto Kurtarma","url":"https:\/\/otofox.com\/","logo":{"@type":"ImageObject","inLanguage":"tr","@id":"https:\/\/otofox.com\/#\/schema\/logo\/image\/","url":"https:\/\/otofox.com\/wp-content\/uploads\/2024\/03\/cropped-otofoxlogo.png","contentUrl":"https:\/\/otofox.com\/wp-content\/uploads\/2024\/03\/cropped-otofoxlogo.png","width":125,"height":20,"caption":"Otofox Oto Kurtarma"},"image":{"@id":"https:\/\/otofox.com\/#\/schema\/logo\/image\/"}}]}},"_links":{"self":[{"href":"https:\/\/otofox.com\/index.php\/wp-json\/wp\/v2\/pages\/1034697","targetHints":{"allow":["GET"]}}],"collection":[{"href":"https:\/\/otofox.com\/index.php\/wp-json\/wp\/v2\/pages"}],"about":[{"href":"https:\/\/otofox.com\/index.php\/wp-json\/wp\/v2\/types\/page"}],"author":[{"embeddable":true,"href":"https:\/\/otofox.com\/index.php\/wp-json\/wp\/v2\/users\/5"}],"replies":[{"embeddable":true,"href":"https:\/\/otofox.com\/index.php\/wp-json\/wp\/v2\/comments?post=1034697"}],"version-history":[{"count":1,"href":"https:\/\/otofox.com\/index.php\/wp-json\/wp\/v2\/pages\/1034697\/revisions"}],"predecessor-version":[{"id":1034699,"href":"https:\/\/otofox.com\/index.php\/wp-json\/wp\/v2\/pages\/1034697\/revisions\/1034699"}],"wp:featuredmedia":[{"embeddable":true,"href":"https:\/\/otofox.com\/index.php\/wp-json\/wp\/v2\/media\/1034163"}],"wp:attachment":[{"href":"https:\/\/otofox.com\/index.php\/wp-json\/wp\/v2\/media?parent=1034697"}],"curies":[{"name":"wp","href":"https:\/\/api.w.org\/{rel}","templated":true}]}}