{"id":1034712,"date":"2025-09-23T18:40:28","date_gmt":"2025-09-23T18:40:28","guid":{"rendered":"https:\/\/otofox.com\/?page_id=1034712"},"modified":"2025-09-23T18:40:29","modified_gmt":"2025-09-23T18:40:29","slug":"bolu_merkez_oto_kurtarma","status":"publish","type":"page","link":"https:\/\/otofox.com\/index.php\/bolu_merkez_oto_kurtarma\/","title":{"rendered":"Bolu Merkez Oto Kurtarma, Bolu Tamirci ve En Yak\u0131n Lastik\u00e7i Hizmetleri"},"content":{"rendered":"\n<p>Bolu, hem \u0130stanbul ile Ankara aras\u0131nda \u00f6nemli bir ge\u00e7i\u015f g\u00fczerg\u00e2h\u0131nda yer almas\u0131 hem de y\u0131l\u0131n b\u00fcy\u00fck b\u00f6l\u00fcm\u00fcnde zorlu hava ko\u015fullar\u0131na sahip olmas\u0131 nedeniyle, ara\u00e7 sahiplerinin s\u0131k\u00e7a teknik destek ve yol yard\u0131m\u0131 ihtiyac\u0131 duydu\u011fu iller aras\u0131nda yer al\u0131r. \u00d6zellikle <strong>Bolu Merkez<\/strong> b\u00f6lgesinde g\u00fcvenilir ve h\u0131zl\u0131 \u00e7\u00f6z\u00fcmler sunan <strong>oto kurtarma, tamirci ve lastik\u00e7i hizmetleri<\/strong>, s\u00fcr\u00fcc\u00fcler i\u00e7in adeta bir cankurtaran gibidir.<\/p>\n\n\n\n<hr class=\"wp-block-separator has-alpha-channel-opacity\"\/>\n\n\n\n<h3 class=\"wp-block-heading\"><strong>Bolu Merkez Oto Kurtarma Hizmeti<\/strong><\/h3>\n\n\n\n<p>Arac\u0131n\u0131z yolda kald\u0131\u011f\u0131nda, en \u00f6nemli ihtiya\u00e7 h\u0131zl\u0131 m\u00fcdahale ve g\u00fcvenli ta\u015f\u0131mad\u0131r. <strong>Bolu Merkez oto kurtarma<\/strong> hizmetleri, arac\u0131n\u0131z\u0131 bulundu\u011fu noktadan alarak, en uygun tamirciye ya da servise ula\u015ft\u0131r\u0131r. Bu hizmetler:<\/p>\n\n\n\n<ul class=\"wp-block-list\">\n<li>7\/24 kesintisiz sunulur,<\/li>\n\n\n\n<li>Kaza, ar\u0131za ya da kaygan zemin nedeniyle yolda kalan ara\u00e7lara h\u0131zl\u0131 \u00e7\u00f6z\u00fcm sa\u011flar,<\/li>\n\n\n\n<li>Hafif ticari ara\u00e7lardan binek otomobillere kadar geni\u015f bir yelpazede destek verir.<\/li>\n<\/ul>\n\n\n\n<p>K\u0131\u015f aylar\u0131nda Bolu Da\u011f\u0131, D-100 Karayolu ve TEM Otoyolu gibi yo\u011fun g\u00fczerg\u00e2hlarda meydana gelen ara\u00e7 ar\u0131zalar\u0131 i\u00e7in <strong>Bolu Merkez kurtar\u0131c\u0131lar\u0131<\/strong>, s\u00fcr\u00fcc\u00fclere h\u0131zl\u0131 ula\u015f\u0131m sa\u011flar.<\/p>\n\n\n\n<hr class=\"wp-block-separator has-alpha-channel-opacity\"\/>\n\n\n\n<h3 class=\"wp-block-heading\"><strong>Bolu Tamirci Hizmetleri<\/strong><\/h3>\n\n\n\n<p>Ara\u00e7 ar\u0131zalar\u0131 her zaman b\u00fcy\u00fck problemler do\u011furmaz; ancak do\u011fru tamirciye ula\u015fmak, sorunun b\u00fcy\u00fcmesini engeller. <strong>Bolu tamirci<\/strong> hizmetleri, hem k\u00fc\u00e7\u00fck bak\u0131m-onar\u0131m i\u015fleri hem de b\u00fcy\u00fck motor ve mekanik problemler i\u00e7in profesyonel \u00e7\u00f6z\u00fcmler sunar.<\/p>\n\n\n\n<p><strong>Bolu\u2019daki tamircilerin sundu\u011fu baz\u0131 hizmetler:<\/strong><\/p>\n\n\n\n<ul class=\"wp-block-list\">\n<li>Motor ve \u015fanz\u0131man ar\u0131zalar\u0131n\u0131n onar\u0131m\u0131<\/li>\n\n\n\n<li>Elektrik ve elektronik sistem kontrol\u00fc<\/li>\n\n\n\n<li>Ak\u00fc de\u011fi\u015fimi ve bak\u0131m\u0131<\/li>\n\n\n\n<li>Fren, debriyaj ve s\u00fcspansiyon onar\u0131mlar\u0131<\/li>\n\n\n\n<li>Periyodik bak\u0131m hizmetleri<\/li>\n<\/ul>\n\n\n\n<p>Bolu merkezdeki bir\u00e7ok tamirci, ayn\u0131 zamanda <strong>mobil servis<\/strong> deste\u011fiyle arac\u0131n\u0131z\u0131n bulundu\u011fu noktaya gelerek yerinde m\u00fcdahale edebilmektedir.<\/p>\n\n\n\n<hr class=\"wp-block-separator has-alpha-channel-opacity\"\/>\n\n\n\n<h3 class=\"wp-block-heading\"><strong>En Yak\u0131n Lastik\u00e7i Hizmeti<\/strong><\/h3>\n\n\n\n<p>Yolda en s\u0131k kar\u015f\u0131la\u015f\u0131lan sorunlardan biri de <strong>lastik patlamas\u0131 veya havas\u0131n\u0131n inmesidir<\/strong>. Bolu gibi sert k\u0131\u015f ko\u015fullar\u0131na sahip bir ilde, mevsim ge\u00e7i\u015flerinde lastik kontrol\u00fc hayati \u00f6nem ta\u015f\u0131r.<\/p>\n\n\n\n<p><strong>Bolu Merkez en yak\u0131n lastik\u00e7i hizmetleri<\/strong> ile:<\/p>\n\n\n\n<ul class=\"wp-block-list\">\n<li>Lastik tamiri,<\/li>\n\n\n\n<li>Lastik de\u011fi\u015fimi,<\/li>\n\n\n\n<li>Lastik havas\u0131 kontrol\u00fc,<\/li>\n\n\n\n<li>K\u0131\u015fl\u0131k ve yazl\u0131k lastik de\u011fi\u015fimi,<\/li>\n\n\n\n<li>Jant d\u00fczeltme ve balans ayar\u0131 hizmetlerini kolayca alabilirsiniz.<\/li>\n<\/ul>\n\n\n\n<p>Navigasyon uygulamalar\u0131 ya da acil yol yard\u0131m hatlar\u0131 arac\u0131l\u0131\u011f\u0131yla, en yak\u0131n lastik\u00e7iye k\u0131sa s\u00fcrede ula\u015fmak m\u00fcmk\u00fcnd\u00fcr. \u00d6zellikle gece saatlerinde veya \u015fehir d\u0131\u015f\u0131 b\u00f6lgelerde lastik sorunu ya\u015fayan s\u00fcr\u00fcc\u00fcler i\u00e7in <strong>mobil lastik\u00e7i hizmeti<\/strong> b\u00fcy\u00fck bir avantaj sa\u011flar.<\/p>\n\n\n\n<hr class=\"wp-block-separator has-alpha-channel-opacity\"\/>\n\n\n\n<h3 class=\"wp-block-heading\"><strong>Sonu\u00e7: Bolu\u2019da Yol Yard\u0131m\u0131 Art\u0131k Daha Kolay<\/strong><\/h3>\n\n\n\n<p>Bolu Merkez\u2019de yolda kalmak, art\u0131k sorun olmaktan \u00e7\u0131k\u0131yor. <strong>Oto kurtarma, g\u00fcvenilir tamirci ve lastik\u00e7i hizmetleri<\/strong>, ara\u00e7 sahiplerine hem zaman kazand\u0131r\u0131yor hem de g\u00fcvenli s\u00fcr\u00fc\u015f imk\u00e2n\u0131 sunuyor.<\/p>\n\n\n\n<p>Unutmay\u0131n:<\/p>\n\n\n\n<blockquote class=\"wp-block-quote is-layout-flow wp-block-quote-is-layout-flow\">\n<p>&#8220;Yolda kalmak sizin elinizde de\u011fil, ama profesyonel destek almak sizin tercihiniz!&#8221;<\/p>\n<\/blockquote>\n\n\n\n<p>E\u011fer siz de Bolu\u2019da ara\u00e7 ar\u0131zas\u0131, lastik patlamas\u0131 veya \u00e7ekici ihtiyac\u0131 ya\u015farsan\u0131z, uzman ekiplerle \u00e7al\u0131\u015farak hem kendinizi hem arac\u0131n\u0131z\u0131 g\u00fcvence alt\u0131na alabilirsiniz.<\/p>\n","protected":false},"excerpt":{"rendered":"<p>Bolu, hem \u0130stanbul ile Ankara aras\u0131nda \u00f6nemli bir ge\u00e7i\u015f g\u00fczerg\u00e2h\u0131nda yer almas\u0131 hem de y\u0131l\u0131n b\u00fcy\u00fck b\u00f6l\u00fcm\u00fcnde zorlu hava ko\u015fullar\u0131na sahip olmas\u0131 nedeniyle, ara\u00e7 sahiplerinin s\u0131k\u00e7a teknik destek ve yol yard\u0131m\u0131 ihtiyac\u0131 duydu\u011fu iller aras\u0131nda yer al\u0131r. \u00d6zellikle Bolu Merkez b\u00f6lgesinde g\u00fcvenilir ve h\u0131zl\u0131 \u00e7\u00f6z\u00fcmler sunan oto kurtarma, tamirci ve lastik\u00e7i hizmetleri, s\u00fcr\u00fcc\u00fcler i\u00e7in adeta &hellip; <\/p>\n","protected":false},"author":5,"featured_media":1034178,"parent":0,"menu_order":0,"comment_status":"closed","ping_status":"closed","template":"","meta":{"footnotes":""},"class_list":["post-1034712","page","type-page","status-publish","has-post-thumbnail","hentry"],"yoast_head":"<!-- This site is optimized with the Yoast SEO plugin v26.2 - https:\/\/yoast.com\/wordpress\/plugins\/seo\/ -->\n<title>Bolu Merkez Oto Kurtarma - En Yak\u0131n \u00c7ekici - 05469560306<\/title>\n<meta name=\"description\" content=\"Bolu merkez oto kurtarma en yak\u0131n \u00e7ekici yol yard\u0131m hizmeti \u015fehirler aras\u0131 \u00e7ekici yol yar\u0131dm hizmeti kaskolu ara\u00e7 transfer hizmeti\" \/>\n<meta name=\"robots\" content=\"index, follow, max-snippet:-1, max-image-preview:large, max-video-preview:-1\" \/>\n<link rel=\"canonical\" href=\"https:\/\/otofox.com\/index.php\/bolu_merkez_oto_kurtarma\/\" \/>\n<meta property=\"og:locale\" content=\"tr_TR\" \/>\n<meta property=\"og:type\" content=\"article\" \/>\n<meta property=\"og:title\" content=\"Bolu Merkez Oto Kurtarma - En Yak\u0131n \u00c7ekici - 05469560306\" \/>\n<meta property=\"og:description\" content=\"Bolu merkez oto kurtarma en yak\u0131n \u00e7ekici yol yard\u0131m hizmeti \u015fehirler aras\u0131 \u00e7ekici yol yar\u0131dm hizmeti kaskolu ara\u00e7 transfer hizmeti\" \/>\n<meta property=\"og:url\" content=\"https:\/\/otofox.com\/index.php\/bolu_merkez_oto_kurtarma\/\" \/>\n<meta property=\"og:site_name\" content=\"Otofox Oto Kurtarma\" \/>\n<meta property=\"article:modified_time\" content=\"2025-09-23T18:40:29+00:00\" \/>\n<meta property=\"og:image\" content=\"https:\/\/otofox.com\/wp-content\/uploads\/2025\/04\/en-yakin-oto-kurtarma-en-yakin-cekici-20.jpeg\" \/>\n\t<meta property=\"og:image:width\" content=\"2048\" \/>\n\t<meta property=\"og:image:height\" content=\"1536\" \/>\n\t<meta property=\"og:image:type\" content=\"image\/jpeg\" \/>\n<meta name=\"twitter:card\" content=\"summary_large_image\" \/>\n<meta name=\"twitter:label1\" content=\"Tahmini okuma s\u00fcresi\" \/>\n\t<meta name=\"twitter:data1\" content=\"3 dakika\" \/>\n<script type=\"application\/ld+json\" class=\"yoast-schema-graph\">{\"@context\":\"https:\/\/schema.org\",\"@graph\":[{\"@type\":\"WebPage\",\"@id\":\"https:\/\/otofox.com\/index.php\/bolu_merkez_oto_kurtarma\/\",\"url\":\"https:\/\/otofox.com\/index.php\/bolu_merkez_oto_kurtarma\/\",\"name\":\"Bolu Merkez Oto Kurtarma - En Yak\u0131n \u00c7ekici - 05469560306\",\"isPartOf\":{\"@id\":\"https:\/\/otofox.com\/#website\"},\"primaryImageOfPage\":{\"@id\":\"https:\/\/otofox.com\/index.php\/bolu_merkez_oto_kurtarma\/#primaryimage\"},\"image\":{\"@id\":\"https:\/\/otofox.com\/index.php\/bolu_merkez_oto_kurtarma\/#primaryimage\"},\"thumbnailUrl\":\"https:\/\/otofox.com\/wp-content\/uploads\/2025\/04\/en-yakin-oto-kurtarma-en-yakin-cekici-20.jpeg\",\"datePublished\":\"2025-09-23T18:40:28+00:00\",\"dateModified\":\"2025-09-23T18:40:29+00:00\",\"description\":\"Bolu merkez oto kurtarma en yak\u0131n \u00e7ekici yol yard\u0131m hizmeti \u015fehirler aras\u0131 \u00e7ekici yol yar\u0131dm hizmeti kaskolu ara\u00e7 transfer hizmeti\",\"breadcrumb\":{\"@id\":\"https:\/\/otofox.com\/index.php\/bolu_merkez_oto_kurtarma\/#breadcrumb\"},\"inLanguage\":\"tr\",\"potentialAction\":[{\"@type\":\"ReadAction\",\"target\":[\"https:\/\/otofox.com\/index.php\/bolu_merkez_oto_kurtarma\/\"]}]},{\"@type\":\"ImageObject\",\"inLanguage\":\"tr\",\"@id\":\"https:\/\/otofox.com\/index.php\/bolu_merkez_oto_kurtarma\/#primaryimage\",\"url\":\"https:\/\/otofox.com\/wp-content\/uploads\/2025\/04\/en-yakin-oto-kurtarma-en-yakin-cekici-20.jpeg\",\"contentUrl\":\"https:\/\/otofox.com\/wp-content\/uploads\/2025\/04\/en-yakin-oto-kurtarma-en-yakin-cekici-20.jpeg\",\"width\":2048,\"height\":1536},{\"@type\":\"BreadcrumbList\",\"@id\":\"https:\/\/otofox.com\/index.php\/bolu_merkez_oto_kurtarma\/#breadcrumb\",\"itemListElement\":[{\"@type\":\"ListItem\",\"position\":1,\"name\":\"Anasayfa\",\"item\":\"https:\/\/otofox.com\/\"},{\"@type\":\"ListItem\",\"position\":2,\"name\":\"Bolu Merkez Oto Kurtarma, Bolu Tamirci ve En Yak\u0131n Lastik\u00e7i Hizmetleri\"}]},{\"@type\":\"WebSite\",\"@id\":\"https:\/\/otofox.com\/#website\",\"url\":\"https:\/\/otofox.com\/\",\"name\":\"Otofox Oto Kurtarma\",\"description\":\"En Yak\u0131n Oto Kurtarma\",\"publisher\":{\"@id\":\"https:\/\/otofox.com\/#organization\"},\"potentialAction\":[{\"@type\":\"SearchAction\",\"target\":{\"@type\":\"EntryPoint\",\"urlTemplate\":\"https:\/\/otofox.com\/?s={search_term_string}\"},\"query-input\":{\"@type\":\"PropertyValueSpecification\",\"valueRequired\":true,\"valueName\":\"search_term_string\"}}],\"inLanguage\":\"tr\"},{\"@type\":\"Organization\",\"@id\":\"https:\/\/otofox.com\/#organization\",\"name\":\"Otofox Oto Kurtarma\",\"url\":\"https:\/\/otofox.com\/\",\"logo\":{\"@type\":\"ImageObject\",\"inLanguage\":\"tr\",\"@id\":\"https:\/\/otofox.com\/#\/schema\/logo\/image\/\",\"url\":\"https:\/\/otofox.com\/wp-content\/uploads\/2024\/03\/cropped-otofoxlogo.png\",\"contentUrl\":\"https:\/\/otofox.com\/wp-content\/uploads\/2024\/03\/cropped-otofoxlogo.png\",\"width\":125,\"height\":20,\"caption\":\"Otofox Oto Kurtarma\"},\"image\":{\"@id\":\"https:\/\/otofox.com\/#\/schema\/logo\/image\/\"}}]}<\/script>\n<!-- \/ Yoast SEO plugin. -->","yoast_head_json":{"title":"Bolu Merkez Oto Kurtarma - En Yak\u0131n \u00c7ekici - 05469560306","description":"Bolu merkez oto kurtarma en yak\u0131n \u00e7ekici yol yard\u0131m hizmeti \u015fehirler aras\u0131 \u00e7ekici yol yar\u0131dm hizmeti kaskolu ara\u00e7 transfer hizmeti","robots":{"index":"index","follow":"follow","max-snippet":"max-snippet:-1","max-image-preview":"max-image-preview:large","max-video-preview":"max-video-preview:-1"},"canonical":"https:\/\/otofox.com\/index.php\/bolu_merkez_oto_kurtarma\/","og_locale":"tr_TR","og_type":"article","og_title":"Bolu Merkez Oto Kurtarma - En Yak\u0131n \u00c7ekici - 05469560306","og_description":"Bolu merkez oto kurtarma en yak\u0131n \u00e7ekici yol yard\u0131m hizmeti \u015fehirler aras\u0131 \u00e7ekici yol yar\u0131dm hizmeti kaskolu ara\u00e7 transfer hizmeti","og_url":"https:\/\/otofox.com\/index.php\/bolu_merkez_oto_kurtarma\/","og_site_name":"Otofox Oto Kurtarma","article_modified_time":"2025-09-23T18:40:29+00:00","og_image":[{"width":2048,"height":1536,"url":"https:\/\/otofox.com\/wp-content\/uploads\/2025\/04\/en-yakin-oto-kurtarma-en-yakin-cekici-20.jpeg","type":"image\/jpeg"}],"twitter_card":"summary_large_image","twitter_misc":{"Tahmini okuma s\u00fcresi":"3 dakika"},"schema":{"@context":"https:\/\/schema.org","@graph":[{"@type":"WebPage","@id":"https:\/\/otofox.com\/index.php\/bolu_merkez_oto_kurtarma\/","url":"https:\/\/otofox.com\/index.php\/bolu_merkez_oto_kurtarma\/","name":"Bolu Merkez Oto Kurtarma - En Yak\u0131n \u00c7ekici - 05469560306","isPartOf":{"@id":"https:\/\/otofox.com\/#website"},"primaryImageOfPage":{"@id":"https:\/\/otofox.com\/index.php\/bolu_merkez_oto_kurtarma\/#primaryimage"},"image":{"@id":"https:\/\/otofox.com\/index.php\/bolu_merkez_oto_kurtarma\/#primaryimage"},"thumbnailUrl":"https:\/\/otofox.com\/wp-content\/uploads\/2025\/04\/en-yakin-oto-kurtarma-en-yakin-cekici-20.jpeg","datePublished":"2025-09-23T18:40:28+00:00","dateModified":"2025-09-23T18:40:29+00:00","description":"Bolu merkez oto kurtarma en yak\u0131n \u00e7ekici yol yard\u0131m hizmeti \u015fehirler aras\u0131 \u00e7ekici yol yar\u0131dm hizmeti kaskolu ara\u00e7 transfer hizmeti","breadcrumb":{"@id":"https:\/\/otofox.com\/index.php\/bolu_merkez_oto_kurtarma\/#breadcrumb"},"inLanguage":"tr","potentialAction":[{"@type":"ReadAction","target":["https:\/\/otofox.com\/index.php\/bolu_merkez_oto_kurtarma\/"]}]},{"@type":"ImageObject","inLanguage":"tr","@id":"https:\/\/otofox.com\/index.php\/bolu_merkez_oto_kurtarma\/#primaryimage","url":"https:\/\/otofox.com\/wp-content\/uploads\/2025\/04\/en-yakin-oto-kurtarma-en-yakin-cekici-20.jpeg","contentUrl":"https:\/\/otofox.com\/wp-content\/uploads\/2025\/04\/en-yakin-oto-kurtarma-en-yakin-cekici-20.jpeg","width":2048,"height":1536},{"@type":"BreadcrumbList","@id":"https:\/\/otofox.com\/index.php\/bolu_merkez_oto_kurtarma\/#breadcrumb","itemListElement":[{"@type":"ListItem","position":1,"name":"Anasayfa","item":"https:\/\/otofox.com\/"},{"@type":"ListItem","position":2,"name":"Bolu Merkez Oto Kurtarma, Bolu Tamirci ve En Yak\u0131n Lastik\u00e7i Hizmetleri"}]},{"@type":"WebSite","@id":"https:\/\/otofox.com\/#website","url":"https:\/\/otofox.com\/","name":"Otofox Oto Kurtarma","description":"En Yak\u0131n Oto Kurtarma","publisher":{"@id":"https:\/\/otofox.com\/#organization"},"potentialAction":[{"@type":"SearchAction","target":{"@type":"EntryPoint","urlTemplate":"https:\/\/otofox.com\/?s={search_term_string}"},"query-input":{"@type":"PropertyValueSpecification","valueRequired":true,"valueName":"search_term_string"}}],"inLanguage":"tr"},{"@type":"Organization","@id":"https:\/\/otofox.com\/#organization","name":"Otofox Oto Kurtarma","url":"https:\/\/otofox.com\/","logo":{"@type":"ImageObject","inLanguage":"tr","@id":"https:\/\/otofox.com\/#\/schema\/logo\/image\/","url":"https:\/\/otofox.com\/wp-content\/uploads\/2024\/03\/cropped-otofoxlogo.png","contentUrl":"https:\/\/otofox.com\/wp-content\/uploads\/2024\/03\/cropped-otofoxlogo.png","width":125,"height":20,"caption":"Otofox Oto Kurtarma"},"image":{"@id":"https:\/\/otofox.com\/#\/schema\/logo\/image\/"}}]}},"_links":{"self":[{"href":"https:\/\/otofox.com\/index.php\/wp-json\/wp\/v2\/pages\/1034712","targetHints":{"allow":["GET"]}}],"collection":[{"href":"https:\/\/otofox.com\/index.php\/wp-json\/wp\/v2\/pages"}],"about":[{"href":"https:\/\/otofox.com\/index.php\/wp-json\/wp\/v2\/types\/page"}],"author":[{"embeddable":true,"href":"https:\/\/otofox.com\/index.php\/wp-json\/wp\/v2\/users\/5"}],"replies":[{"embeddable":true,"href":"https:\/\/otofox.com\/index.php\/wp-json\/wp\/v2\/comments?post=1034712"}],"version-history":[{"count":1,"href":"https:\/\/otofox.com\/index.php\/wp-json\/wp\/v2\/pages\/1034712\/revisions"}],"predecessor-version":[{"id":1034714,"href":"https:\/\/otofox.com\/index.php\/wp-json\/wp\/v2\/pages\/1034712\/revisions\/1034714"}],"wp:featuredmedia":[{"embeddable":true,"href":"https:\/\/otofox.com\/index.php\/wp-json\/wp\/v2\/media\/1034178"}],"wp:attachment":[{"href":"https:\/\/otofox.com\/index.php\/wp-json\/wp\/v2\/media?parent=1034712"}],"curies":[{"name":"wp","href":"https:\/\/api.w.org\/{rel}","templated":true}]}}