{"id":1034818,"date":"2025-10-02T23:53:27","date_gmt":"2025-10-02T23:53:27","guid":{"rendered":"https:\/\/otofox.com\/?page_id=1034818"},"modified":"2025-10-02T23:53:28","modified_gmt":"2025-10-02T23:53:28","slug":"nigde_otobani_cekici_oto_kurtarma","status":"publish","type":"page","link":"https:\/\/otofox.com\/index.php\/nigde_otobani_cekici_oto_kurtarma\/","title":{"rendered":"Ni\u011fde Otoban\u0131 Oto Kurtarma: En Yak\u0131n \u00c7ekici Hizmeti ile Yolda Kalmaya Son"},"content":{"rendered":"\n<h2 class=\"wp-block-heading\"><strong>Giri\u015f<\/strong><\/h2>\n\n\n\n<p>Seyahat halindeyken \u00f6zellikle otoban gibi y\u00fcksek h\u0131zl\u0131 yollarda ara\u00e7 ar\u0131zas\u0131 ya\u015famak veya kazaya kar\u0131\u015fmak s\u00fcr\u00fcc\u00fcler i\u00e7in b\u00fcy\u00fck bir stres kayna\u011f\u0131d\u0131r. Bu gibi durumlarda s\u00fcr\u00fcc\u00fclerin ilk olarak ihtiya\u00e7 duydu\u011fu \u015fey, <strong>en yak\u0131n \u00e7ekici<\/strong> hizmetine g\u00fcvenle ula\u015fabilmektir.<\/p>\n\n\n\n<p><strong>Ni\u011fde Otoban\u0131<\/strong>, T\u00fcrkiye&#8217;nin \u00f6nemli otoyol ba\u011flant\u0131 noktalar\u0131ndan biri olup, \u00f6zellikle \u0130\u00e7 Anadolu ile Akdeniz b\u00f6lgeleri aras\u0131nda ge\u00e7i\u015f yapan s\u00fcr\u00fcc\u00fcler i\u00e7in yo\u011fun kullan\u0131lan bir g\u00fczergaht\u0131r. Bu b\u00f6lgede meydana gelen ar\u0131za, kaza veya teknik sorunlarda <strong>Otofox Oto Kurtarma<\/strong>, 7\/24 hizmet veren, g\u00fcvenilir ve h\u0131zl\u0131 bir \u00e7\u00f6z\u00fcm orta\u011f\u0131 olarak \u00f6ne \u00e7\u0131kmaktad\u0131r.<\/p>\n\n\n\n<hr class=\"wp-block-separator has-alpha-channel-opacity\"\/>\n\n\n\n<h2 class=\"wp-block-heading\"><strong>Ni\u011fde Otoban\u0131\u2019nda En Yak\u0131n \u00c7ekici Hizmetinin \u00d6nemi<\/strong><\/h2>\n\n\n\n<p>Otobanda ya\u015fanan herhangi bir ar\u0131za ya da kaza durumunda, zamanla yar\u0131\u015f\u0131l\u0131r. \u00c7\u00fcnk\u00fc:<\/p>\n\n\n\n<ul class=\"wp-block-list\">\n<li>Yolun yap\u0131s\u0131 nedeniyle durmak tehlikelidir,<\/li>\n\n\n\n<li>Trafik ak\u0131\u015f\u0131 h\u0131zl\u0131d\u0131r,<\/li>\n\n\n\n<li>Yard\u0131m ekiplerinin olay yerine zaman\u0131nda ula\u015fmas\u0131 hayati \u00f6nem ta\u015f\u0131r.<\/li>\n<\/ul>\n\n\n\n<p>Bu y\u00fczden <strong>en yak\u0131n \u00e7ekici<\/strong> ekibinin konuma h\u0131zla ula\u015fabilmesi, hem s\u00fcr\u00fcc\u00fc g\u00fcvenli\u011fi hem de trafik g\u00fcvenli\u011fi a\u00e7\u0131s\u0131ndan kritik bir rol oynar. Otofox bu ihtiyac\u0131 kar\u015f\u0131layarak Ni\u011fde otoban\u0131 \u00fczerindeki s\u00fcr\u00fcc\u00fclere en h\u0131zl\u0131 ve g\u00fcvenli kurtarma deste\u011fini sunar.<\/p>\n\n\n\n<hr class=\"wp-block-separator has-alpha-channel-opacity\"\/>\n\n\n\n<h2 class=\"wp-block-heading\"><strong>Otofox Oto Kurtarma Hizmetleri<\/strong><\/h2>\n\n\n\n<p>Ni\u011fde otoban\u0131nda yolda kalan s\u00fcr\u00fcc\u00fclere \u00f6zel olarak geli\u015ftirilen hizmetler \u015funlard\u0131r:<\/p>\n\n\n\n<figure class=\"wp-block-table\"><table class=\"has-fixed-layout\"><thead><tr><th>Hizmet T\u00fcr\u00fc<\/th><th>A\u00e7\u0131klama<\/th><\/tr><\/thead><tbody><tr><td><strong>Oto Kurtarma<\/strong><\/td><td>Ar\u0131za veya kaza durumlar\u0131nda arac\u0131n olay yerinden g\u00fcvenli \u015fekilde al\u0131nmas\u0131.<\/td><\/tr><tr><td><strong>En Yak\u0131n \u00c7ekici G\u00f6nderimi<\/strong><\/td><td>Otofox, konumunuza en yak\u0131n ekiplerini y\u00f6nlendirerek dakikalar i\u00e7inde yard\u0131m ula\u015ft\u0131r\u0131r.<\/td><\/tr><tr><td><strong>Yol Yard\u0131m Hizmeti<\/strong><\/td><td>Lastik de\u011fi\u015fimi, ak\u00fc takviyesi, yak\u0131t deste\u011fi gibi k\u00fc\u00e7\u00fck ama \u00f6nemli sorunlara yerinde m\u00fcdahale.<\/td><\/tr><tr><td><strong>\u015eehir D\u0131\u015f\u0131 Ta\u015f\u0131ma<\/strong><\/td><td>Arac\u0131n\u0131z \u00e7al\u0131\u015fmasa bile farkl\u0131 bir \u015fehirdeki servise ta\u015f\u0131ma imk\u00e2n\u0131.<\/td><\/tr><tr><td><strong>Sigortal\u0131 Ta\u015f\u0131ma<\/strong><\/td><td>Arac\u0131n\u0131z ta\u015f\u0131n\u0131rken herhangi bir zarara kar\u015f\u0131 sigorta g\u00fcvencesi alt\u0131nda olur.<\/td><\/tr><\/tbody><\/table><\/figure>\n\n\n\n<hr class=\"wp-block-separator has-alpha-channel-opacity\"\/>\n\n\n\n<h2 class=\"wp-block-heading\"><strong>Neden Otofox?<\/strong><\/h2>\n\n\n\n<ul class=\"wp-block-list\">\n<li><strong>Dakikalar \u0130\u00e7inde M\u00fcdahale:<\/strong> Konumunuza g\u00f6re en yak\u0131n \u00e7ekici birimini y\u00f6nlendirir.<\/li>\n\n\n\n<li><strong>7\/24 Hizmet:<\/strong> G\u00fcn\u00fcn her saati oto kurtarma ve \u00e7ekici hizmeti sunulur.<\/li>\n\n\n\n<li><strong>G\u00fcvenli ve Sigortal\u0131 Ta\u015f\u0131ma:<\/strong> Ara\u00e7lar \u00f6zel donan\u0131ml\u0131 \u00e7ekicilerle hasars\u0131z \u015fekilde ta\u015f\u0131n\u0131r.<\/li>\n\n\n\n<li><strong>Otoyol Deneyimi:<\/strong> Ni\u011fde otoban\u0131 gibi y\u00fcksek h\u0131zl\u0131 yollar i\u00e7in \u00f6zel e\u011fitimli ekipler.<\/li>\n\n\n\n<li><strong>Uygun Fiyatland\u0131rma:<\/strong> \u015eeffaf, s\u00fcrprizsiz fiyat politikas\u0131.<\/li>\n<\/ul>\n\n\n\n<hr class=\"wp-block-separator has-alpha-channel-opacity\"\/>\n\n\n\n<h2 class=\"wp-block-heading\"><strong>Ni\u011fde Otoban\u0131nda En Yak\u0131n \u00c7ekici Nas\u0131l \u00c7a\u011fr\u0131l\u0131r?<\/strong><\/h2>\n\n\n\n<ol class=\"wp-block-list\">\n<li><strong>G\u00fcvenli\u011finizi sa\u011flay\u0131n.<\/strong><br>Arac\u0131n\u0131z\u0131 emniyet \u015feridine al\u0131n, d\u00f6rtl\u00fclerinizi yak\u0131n, reflekt\u00f6r kullan\u0131n.<\/li>\n\n\n\n<li><strong>Otofox ile ileti\u015fime ge\u00e7in.<\/strong><br>\ud83c\udf10 Web: <a href=\"http:\/\/www.otofox.com\">www.otofox.com<\/a><\/li>\n\n\n\n<li><strong>Konumunuzu net olarak belirtin.<\/strong><br>\u00d6rnek: &#8220;Ni\u011fde Otoban\u0131, Ankara y\u00f6n\u00fc, 143. kilometre.&#8221;<\/li>\n\n\n\n<li><strong>Ara\u00e7 durumunu a\u00e7\u0131klay\u0131n.<\/strong><br>Kaza m\u0131 ya\u015fand\u0131, ara\u00e7 \u00e7al\u0131\u015fm\u0131yor mu, yol yard\u0131m m\u0131 gerekiyor?<\/li>\n\n\n\n<li><strong>Otofox en yak\u0131n \u00e7ekici ekibini y\u00f6nlendirsin.<\/strong><br>Ortalama 20-30 dakika i\u00e7inde ekip ula\u015f\u0131r ve arac\u0131n\u0131z\u0131 bulundu\u011funuz yerden al\u0131r.<\/li>\n<\/ol>\n\n\n\n<hr class=\"wp-block-separator has-alpha-channel-opacity\"\/>\n\n\n\n<h2 class=\"wp-block-heading\"><strong>Yolda Kald\u0131\u011f\u0131n\u0131zda Neler Yapmal\u0131s\u0131n\u0131z?<\/strong><\/h2>\n\n\n\n<p>\u2714\ufe0f Emniyet \u015feridinde durun<br>\u2714\ufe0f D\u00f6rtl\u00fcleri yak\u0131n, reflekt\u00f6r yerle\u015ftirin<br>\u2714\ufe0f Ara\u00e7 i\u00e7inde kal\u0131n veya g\u00fcvenli bir noktaya ge\u00e7in<br>\u2714\ufe0f Hemen <strong>Otofox&#8217;u aray\u0131n<\/strong> ve destek isteyin<br>\u2714\ufe0f En yak\u0131n \u00e7ekici k\u0131sa s\u00fcrede olay yerine ula\u015facakt\u0131r<\/p>\n\n\n\n<hr class=\"wp-block-separator has-alpha-channel-opacity\"\/>\n\n\n\n<h2 class=\"wp-block-heading\"><strong>S\u0131k\u00e7a Sorulan Sorular<\/strong><\/h2>\n\n\n\n<h3 class=\"wp-block-heading\">\u2753 En yak\u0131n \u00e7ekici ne kadar s\u00fcrede gelir?<\/h3>\n\n\n\n<p><strong>Cevap:<\/strong> Otofox, Ni\u011fde otoban\u0131 \u00fczerinde konu\u015flu ekipleri sayesinde ortalama <strong>20-30 dakika<\/strong> i\u00e7inde bulundu\u011funuz konuma ula\u015f\u0131r.<\/p>\n\n\n\n<h3 class=\"wp-block-heading\">\u2753 \u00c7ekici \u00fccreti ne kadar?<\/h3>\n\n\n\n<p><strong>Cevap:<\/strong> \u00dccret; mesafe, ar\u0131za t\u00fcr\u00fc ve ta\u015f\u0131ma noktas\u0131na g\u00f6re belirlenir. Fiyat \u00f6nceden net olarak bildirilir.<\/p>\n\n\n\n<h3 class=\"wp-block-heading\">\u2753 Hangi ara\u00e7lar \u00e7ekiliyor?<\/h3>\n\n\n\n<p><strong>Cevap:<\/strong> Binek ara\u00e7lar, hafif ticari ara\u00e7lar, minib\u00fcs ve motosiklet dahil t\u00fcm ara\u00e7 t\u00fcrleri.<\/p>\n\n\n\n<hr class=\"wp-block-separator has-alpha-channel-opacity\"\/>\n\n\n\n<h2 class=\"wp-block-heading\"><strong>Sonu\u00e7<\/strong><\/h2>\n\n\n\n<p><strong>Ni\u011fde Otoban\u0131 Oto Kurtarma<\/strong> hizmeti, s\u00fcr\u00fcc\u00fclerin zorlu anlar\u0131nda h\u0131zl\u0131, g\u00fcvenli ve profesyonel bir destek sunar. \u00d6zellikle \u201c<strong>en yak\u0131n \u00e7ekici<\/strong>\u201d ihtiyac\u0131n\u0131n ya\u015fand\u0131\u011f\u0131 durumlarda, Otofox\u2019un tecr\u00fcbeli ekipleri dakikalar i\u00e7inde olay yerine ula\u015farak g\u00fcvenli bir \u00e7\u00f6z\u00fcm sa\u011flar.<\/p>\n\n\n\n<p>Unutmay\u0131n:<br><strong>Yolda kalmak sorun de\u011fil, haz\u0131rl\u0131ks\u0131z olmak sorundur.<\/strong><br>Ni\u011fde otoban\u0131nda her ihtimale kar\u015f\u0131 yan\u0131n\u0131zda olan Otofox, g\u00fcvenli\u011finiz i\u00e7in 7\/24 hizmetinizdedir. <\/p>\n\n\n\n<p><\/p>\n","protected":false},"excerpt":{"rendered":"<p>Giri\u015f Seyahat halindeyken \u00f6zellikle otoban gibi y\u00fcksek h\u0131zl\u0131 yollarda ara\u00e7 ar\u0131zas\u0131 ya\u015famak veya kazaya kar\u0131\u015fmak s\u00fcr\u00fcc\u00fcler i\u00e7in b\u00fcy\u00fck bir stres kayna\u011f\u0131d\u0131r. Bu gibi durumlarda s\u00fcr\u00fcc\u00fclerin ilk olarak ihtiya\u00e7 duydu\u011fu \u015fey, en yak\u0131n \u00e7ekici hizmetine g\u00fcvenle ula\u015fabilmektir. Ni\u011fde Otoban\u0131, T\u00fcrkiye&#8217;nin \u00f6nemli otoyol ba\u011flant\u0131 noktalar\u0131ndan biri olup, \u00f6zellikle \u0130\u00e7 Anadolu ile Akdeniz b\u00f6lgeleri aras\u0131nda ge\u00e7i\u015f yapan s\u00fcr\u00fcc\u00fcler &hellip; <\/p>\n","protected":false},"author":5,"featured_media":1034488,"parent":0,"menu_order":0,"comment_status":"closed","ping_status":"closed","template":"","meta":{"footnotes":""},"class_list":["post-1034818","page","type-page","status-publish","has-post-thumbnail","hentry"],"yoast_head":"<!-- This site is optimized with the Yoast SEO plugin v26.2 - https:\/\/yoast.com\/wordpress\/plugins\/seo\/ -->\n<title>Ni\u011fde Otoban\u0131 Oto Kurtarma - En Yak\u0131n \u00c7ekici - 05469560306<\/title>\n<meta name=\"description\" content=\"Ni\u011fde otoban\u0131 \u00e7ekici oto kurtarma en yak\u0131n \u00e7ekici \u015fehirler aras\u0131 \u00e7ekici \u00e7oklu \u00e7ekici hizmeti Otoban \u00c7ekici Hemen Ara\" \/>\n<meta name=\"robots\" content=\"index, follow, max-snippet:-1, max-image-preview:large, max-video-preview:-1\" \/>\n<link rel=\"canonical\" href=\"https:\/\/otofox.com\/index.php\/nigde_otobani_cekici_oto_kurtarma\/\" \/>\n<meta property=\"og:locale\" content=\"tr_TR\" \/>\n<meta property=\"og:type\" content=\"article\" \/>\n<meta property=\"og:title\" content=\"Ni\u011fde Otoban\u0131 Oto Kurtarma - En Yak\u0131n \u00c7ekici - 05469560306\" \/>\n<meta property=\"og:description\" content=\"Ni\u011fde otoban\u0131 \u00e7ekici oto kurtarma en yak\u0131n \u00e7ekici \u015fehirler aras\u0131 \u00e7ekici \u00e7oklu \u00e7ekici hizmeti Otoban \u00c7ekici Hemen Ara\" \/>\n<meta property=\"og:url\" content=\"https:\/\/otofox.com\/index.php\/nigde_otobani_cekici_oto_kurtarma\/\" \/>\n<meta property=\"og:site_name\" content=\"Otofox Oto Kurtarma\" \/>\n<meta property=\"article:modified_time\" content=\"2025-10-02T23:53:28+00:00\" \/>\n<meta property=\"og:image\" content=\"https:\/\/otofox.com\/wp-content\/uploads\/2025\/09\/ankara_bodrum_mugla_oto_kurtarma.jpg\" \/>\n\t<meta property=\"og:image:width\" content=\"2048\" \/>\n\t<meta property=\"og:image:height\" content=\"1536\" \/>\n\t<meta property=\"og:image:type\" content=\"image\/jpeg\" \/>\n<meta name=\"twitter:card\" content=\"summary_large_image\" \/>\n<meta name=\"twitter:label1\" content=\"Tahmini okuma s\u00fcresi\" \/>\n\t<meta name=\"twitter:data1\" content=\"4 dakika\" \/>\n<script type=\"application\/ld+json\" class=\"yoast-schema-graph\">{\"@context\":\"https:\/\/schema.org\",\"@graph\":[{\"@type\":\"WebPage\",\"@id\":\"https:\/\/otofox.com\/index.php\/nigde_otobani_cekici_oto_kurtarma\/\",\"url\":\"https:\/\/otofox.com\/index.php\/nigde_otobani_cekici_oto_kurtarma\/\",\"name\":\"Ni\u011fde Otoban\u0131 Oto Kurtarma - En Yak\u0131n \u00c7ekici - 05469560306\",\"isPartOf\":{\"@id\":\"https:\/\/otofox.com\/#website\"},\"primaryImageOfPage\":{\"@id\":\"https:\/\/otofox.com\/index.php\/nigde_otobani_cekici_oto_kurtarma\/#primaryimage\"},\"image\":{\"@id\":\"https:\/\/otofox.com\/index.php\/nigde_otobani_cekici_oto_kurtarma\/#primaryimage\"},\"thumbnailUrl\":\"https:\/\/otofox.com\/wp-content\/uploads\/2025\/09\/ankara_bodrum_mugla_oto_kurtarma.jpg\",\"datePublished\":\"2025-10-02T23:53:27+00:00\",\"dateModified\":\"2025-10-02T23:53:28+00:00\",\"description\":\"Ni\u011fde otoban\u0131 \u00e7ekici oto kurtarma en yak\u0131n \u00e7ekici \u015fehirler aras\u0131 \u00e7ekici \u00e7oklu \u00e7ekici hizmeti Otoban \u00c7ekici Hemen Ara\",\"breadcrumb\":{\"@id\":\"https:\/\/otofox.com\/index.php\/nigde_otobani_cekici_oto_kurtarma\/#breadcrumb\"},\"inLanguage\":\"tr\",\"potentialAction\":[{\"@type\":\"ReadAction\",\"target\":[\"https:\/\/otofox.com\/index.php\/nigde_otobani_cekici_oto_kurtarma\/\"]}]},{\"@type\":\"ImageObject\",\"inLanguage\":\"tr\",\"@id\":\"https:\/\/otofox.com\/index.php\/nigde_otobani_cekici_oto_kurtarma\/#primaryimage\",\"url\":\"https:\/\/otofox.com\/wp-content\/uploads\/2025\/09\/ankara_bodrum_mugla_oto_kurtarma.jpg\",\"contentUrl\":\"https:\/\/otofox.com\/wp-content\/uploads\/2025\/09\/ankara_bodrum_mugla_oto_kurtarma.jpg\",\"width\":2048,\"height\":1536},{\"@type\":\"BreadcrumbList\",\"@id\":\"https:\/\/otofox.com\/index.php\/nigde_otobani_cekici_oto_kurtarma\/#breadcrumb\",\"itemListElement\":[{\"@type\":\"ListItem\",\"position\":1,\"name\":\"Anasayfa\",\"item\":\"https:\/\/otofox.com\/\"},{\"@type\":\"ListItem\",\"position\":2,\"name\":\"Ni\u011fde Otoban\u0131 Oto Kurtarma: En Yak\u0131n \u00c7ekici Hizmeti ile Yolda Kalmaya Son\"}]},{\"@type\":\"WebSite\",\"@id\":\"https:\/\/otofox.com\/#website\",\"url\":\"https:\/\/otofox.com\/\",\"name\":\"Otofox Oto Kurtarma\",\"description\":\"En Yak\u0131n Oto Kurtarma\",\"publisher\":{\"@id\":\"https:\/\/otofox.com\/#organization\"},\"potentialAction\":[{\"@type\":\"SearchAction\",\"target\":{\"@type\":\"EntryPoint\",\"urlTemplate\":\"https:\/\/otofox.com\/?s={search_term_string}\"},\"query-input\":{\"@type\":\"PropertyValueSpecification\",\"valueRequired\":true,\"valueName\":\"search_term_string\"}}],\"inLanguage\":\"tr\"},{\"@type\":\"Organization\",\"@id\":\"https:\/\/otofox.com\/#organization\",\"name\":\"Otofox Oto Kurtarma\",\"url\":\"https:\/\/otofox.com\/\",\"logo\":{\"@type\":\"ImageObject\",\"inLanguage\":\"tr\",\"@id\":\"https:\/\/otofox.com\/#\/schema\/logo\/image\/\",\"url\":\"https:\/\/otofox.com\/wp-content\/uploads\/2024\/03\/cropped-otofoxlogo.png\",\"contentUrl\":\"https:\/\/otofox.com\/wp-content\/uploads\/2024\/03\/cropped-otofoxlogo.png\",\"width\":125,\"height\":20,\"caption\":\"Otofox Oto Kurtarma\"},\"image\":{\"@id\":\"https:\/\/otofox.com\/#\/schema\/logo\/image\/\"}}]}<\/script>\n<!-- \/ Yoast SEO plugin. -->","yoast_head_json":{"title":"Ni\u011fde Otoban\u0131 Oto Kurtarma - En Yak\u0131n \u00c7ekici - 05469560306","description":"Ni\u011fde otoban\u0131 \u00e7ekici oto kurtarma en yak\u0131n \u00e7ekici \u015fehirler aras\u0131 \u00e7ekici \u00e7oklu \u00e7ekici hizmeti Otoban \u00c7ekici Hemen Ara","robots":{"index":"index","follow":"follow","max-snippet":"max-snippet:-1","max-image-preview":"max-image-preview:large","max-video-preview":"max-video-preview:-1"},"canonical":"https:\/\/otofox.com\/index.php\/nigde_otobani_cekici_oto_kurtarma\/","og_locale":"tr_TR","og_type":"article","og_title":"Ni\u011fde Otoban\u0131 Oto Kurtarma - En Yak\u0131n \u00c7ekici - 05469560306","og_description":"Ni\u011fde otoban\u0131 \u00e7ekici oto kurtarma en yak\u0131n \u00e7ekici \u015fehirler aras\u0131 \u00e7ekici \u00e7oklu \u00e7ekici hizmeti Otoban \u00c7ekici Hemen Ara","og_url":"https:\/\/otofox.com\/index.php\/nigde_otobani_cekici_oto_kurtarma\/","og_site_name":"Otofox Oto Kurtarma","article_modified_time":"2025-10-02T23:53:28+00:00","og_image":[{"width":2048,"height":1536,"url":"https:\/\/otofox.com\/wp-content\/uploads\/2025\/09\/ankara_bodrum_mugla_oto_kurtarma.jpg","type":"image\/jpeg"}],"twitter_card":"summary_large_image","twitter_misc":{"Tahmini okuma s\u00fcresi":"4 dakika"},"schema":{"@context":"https:\/\/schema.org","@graph":[{"@type":"WebPage","@id":"https:\/\/otofox.com\/index.php\/nigde_otobani_cekici_oto_kurtarma\/","url":"https:\/\/otofox.com\/index.php\/nigde_otobani_cekici_oto_kurtarma\/","name":"Ni\u011fde Otoban\u0131 Oto Kurtarma - En Yak\u0131n \u00c7ekici - 05469560306","isPartOf":{"@id":"https:\/\/otofox.com\/#website"},"primaryImageOfPage":{"@id":"https:\/\/otofox.com\/index.php\/nigde_otobani_cekici_oto_kurtarma\/#primaryimage"},"image":{"@id":"https:\/\/otofox.com\/index.php\/nigde_otobani_cekici_oto_kurtarma\/#primaryimage"},"thumbnailUrl":"https:\/\/otofox.com\/wp-content\/uploads\/2025\/09\/ankara_bodrum_mugla_oto_kurtarma.jpg","datePublished":"2025-10-02T23:53:27+00:00","dateModified":"2025-10-02T23:53:28+00:00","description":"Ni\u011fde otoban\u0131 \u00e7ekici oto kurtarma en yak\u0131n \u00e7ekici \u015fehirler aras\u0131 \u00e7ekici \u00e7oklu \u00e7ekici hizmeti Otoban \u00c7ekici Hemen Ara","breadcrumb":{"@id":"https:\/\/otofox.com\/index.php\/nigde_otobani_cekici_oto_kurtarma\/#breadcrumb"},"inLanguage":"tr","potentialAction":[{"@type":"ReadAction","target":["https:\/\/otofox.com\/index.php\/nigde_otobani_cekici_oto_kurtarma\/"]}]},{"@type":"ImageObject","inLanguage":"tr","@id":"https:\/\/otofox.com\/index.php\/nigde_otobani_cekici_oto_kurtarma\/#primaryimage","url":"https:\/\/otofox.com\/wp-content\/uploads\/2025\/09\/ankara_bodrum_mugla_oto_kurtarma.jpg","contentUrl":"https:\/\/otofox.com\/wp-content\/uploads\/2025\/09\/ankara_bodrum_mugla_oto_kurtarma.jpg","width":2048,"height":1536},{"@type":"BreadcrumbList","@id":"https:\/\/otofox.com\/index.php\/nigde_otobani_cekici_oto_kurtarma\/#breadcrumb","itemListElement":[{"@type":"ListItem","position":1,"name":"Anasayfa","item":"https:\/\/otofox.com\/"},{"@type":"ListItem","position":2,"name":"Ni\u011fde Otoban\u0131 Oto Kurtarma: En Yak\u0131n \u00c7ekici Hizmeti ile Yolda Kalmaya Son"}]},{"@type":"WebSite","@id":"https:\/\/otofox.com\/#website","url":"https:\/\/otofox.com\/","name":"Otofox Oto Kurtarma","description":"En Yak\u0131n Oto Kurtarma","publisher":{"@id":"https:\/\/otofox.com\/#organization"},"potentialAction":[{"@type":"SearchAction","target":{"@type":"EntryPoint","urlTemplate":"https:\/\/otofox.com\/?s={search_term_string}"},"query-input":{"@type":"PropertyValueSpecification","valueRequired":true,"valueName":"search_term_string"}}],"inLanguage":"tr"},{"@type":"Organization","@id":"https:\/\/otofox.com\/#organization","name":"Otofox Oto Kurtarma","url":"https:\/\/otofox.com\/","logo":{"@type":"ImageObject","inLanguage":"tr","@id":"https:\/\/otofox.com\/#\/schema\/logo\/image\/","url":"https:\/\/otofox.com\/wp-content\/uploads\/2024\/03\/cropped-otofoxlogo.png","contentUrl":"https:\/\/otofox.com\/wp-content\/uploads\/2024\/03\/cropped-otofoxlogo.png","width":125,"height":20,"caption":"Otofox Oto Kurtarma"},"image":{"@id":"https:\/\/otofox.com\/#\/schema\/logo\/image\/"}}]}},"_links":{"self":[{"href":"https:\/\/otofox.com\/index.php\/wp-json\/wp\/v2\/pages\/1034818","targetHints":{"allow":["GET"]}}],"collection":[{"href":"https:\/\/otofox.com\/index.php\/wp-json\/wp\/v2\/pages"}],"about":[{"href":"https:\/\/otofox.com\/index.php\/wp-json\/wp\/v2\/types\/page"}],"author":[{"embeddable":true,"href":"https:\/\/otofox.com\/index.php\/wp-json\/wp\/v2\/users\/5"}],"replies":[{"embeddable":true,"href":"https:\/\/otofox.com\/index.php\/wp-json\/wp\/v2\/comments?post=1034818"}],"version-history":[{"count":1,"href":"https:\/\/otofox.com\/index.php\/wp-json\/wp\/v2\/pages\/1034818\/revisions"}],"predecessor-version":[{"id":1034820,"href":"https:\/\/otofox.com\/index.php\/wp-json\/wp\/v2\/pages\/1034818\/revisions\/1034820"}],"wp:featuredmedia":[{"embeddable":true,"href":"https:\/\/otofox.com\/index.php\/wp-json\/wp\/v2\/media\/1034488"}],"wp:attachment":[{"href":"https:\/\/otofox.com\/index.php\/wp-json\/wp\/v2\/media?parent=1034818"}],"curies":[{"name":"wp","href":"https:\/\/api.w.org\/{rel}","templated":true}]}}