{"id":19,"date":"2023-05-26T12:02:35","date_gmt":"2023-05-26T12:02:35","guid":{"rendered":"http:\/\/localhost\/listify\/?page_id=19"},"modified":"2025-07-21T17:27:39","modified_gmt":"2025-07-21T17:27:39","slug":"oto-kurtarma-en-yakin-cekici-coklu-cekici","status":"publish","type":"page","link":"https:\/\/otofox.com\/","title":{"rendered":"Ana Sayfa"},"content":{"rendered":"\n\n\n<p><\/p>\n","protected":false},"excerpt":{"rendered":"","protected":false},"author":1,"featured_media":0,"parent":0,"menu_order":0,"comment_status":"closed","ping_status":"closed","template":"","meta":{"footnotes":""},"class_list":["post-19","page","type-page","status-publish","hentry"],"yoast_head":"<!-- This site is optimized with the Yoast SEO plugin v26.2 - https:\/\/yoast.com\/wordpress\/plugins\/seo\/ -->\n<title>Ana Sayfa - Otofox Oto Kurtarma<\/title>\n<meta name=\"description\" content=\"\u015eehirler aras\u0131 oto kurtarma yol yard\u0131m hizmeti almak i\u00e7in 05469560306 telefondan ileti\u015fime ge\u00e7ebirlisiniz. \u015eehirler aras\u0131 ara\u00e7 transferi.\" \/>\n<meta name=\"robots\" content=\"index, follow, max-snippet:-1, max-image-preview:large, max-video-preview:-1\" \/>\n<link rel=\"canonical\" href=\"https:\/\/otofox.com\/\" \/>\n<meta property=\"og:locale\" content=\"tr_TR\" \/>\n<meta property=\"og:type\" content=\"article\" \/>\n<meta property=\"og:title\" content=\"Ana Sayfa - Otofox Oto Kurtarma\" \/>\n<meta property=\"og:description\" content=\"\u015eehirler aras\u0131 oto kurtarma yol yard\u0131m hizmeti almak i\u00e7in 05469560306 telefondan ileti\u015fime ge\u00e7ebirlisiniz. \u015eehirler aras\u0131 ara\u00e7 transferi.\" \/>\n<meta property=\"og:url\" content=\"https:\/\/otofox.com\/\" \/>\n<meta property=\"og:site_name\" content=\"Otofox Oto Kurtarma\" \/>\n<meta property=\"article:modified_time\" content=\"2025-07-21T17:27:39+00:00\" \/>\n<meta property=\"og:image\" content=\"https:\/\/otofox.com\/wp-content\/uploads\/2025\/09\/foxLOGO-scaled.png\" \/>\n\t<meta property=\"og:image:width\" content=\"2560\" \/>\n\t<meta property=\"og:image:height\" content=\"2560\" \/>\n\t<meta property=\"og:image:type\" content=\"image\/png\" \/>\n<meta name=\"twitter:card\" content=\"summary_large_image\" \/>\n<script type=\"application\/ld+json\" class=\"yoast-schema-graph\">{\"@context\":\"https:\/\/schema.org\",\"@graph\":[{\"@type\":\"WebPage\",\"@id\":\"https:\/\/otofox.com\/\",\"url\":\"https:\/\/otofox.com\/\",\"name\":\"Ana Sayfa - Otofox Oto Kurtarma\",\"isPartOf\":{\"@id\":\"https:\/\/otofox.com\/#website\"},\"datePublished\":\"2023-05-26T12:02:35+00:00\",\"dateModified\":\"2025-07-21T17:27:39+00:00\",\"description\":\"\u015eehirler aras\u0131 oto kurtarma yol yard\u0131m hizmeti almak i\u00e7in 05469560306 telefondan ileti\u015fime ge\u00e7ebirlisiniz. \u015eehirler aras\u0131 ara\u00e7 transferi.\",\"breadcrumb\":{\"@id\":\"https:\/\/otofox.com\/#breadcrumb\"},\"inLanguage\":\"tr\",\"potentialAction\":[{\"@type\":\"ReadAction\",\"target\":[\"https:\/\/otofox.com\/\"]}]},{\"@type\":\"BreadcrumbList\",\"@id\":\"https:\/\/otofox.com\/#breadcrumb\",\"itemListElement\":[{\"@type\":\"ListItem\",\"position\":1,\"name\":\"Anasayfa\",\"item\":\"https:\/\/otofox.com\/\"},{\"@type\":\"ListItem\",\"position\":2,\"name\":\"Ana Sayfa\"}]},{\"@type\":\"WebSite\",\"@id\":\"https:\/\/otofox.com\/#website\",\"url\":\"https:\/\/otofox.com\/\",\"name\":\"Otofox Oto Kurtarma\",\"description\":\"En Yak\u0131n Oto Kurtarma\",\"publisher\":{\"@id\":\"https:\/\/otofox.com\/#organization\"},\"potentialAction\":[{\"@type\":\"SearchAction\",\"target\":{\"@type\":\"EntryPoint\",\"urlTemplate\":\"https:\/\/otofox.com\/?s={search_term_string}\"},\"query-input\":{\"@type\":\"PropertyValueSpecification\",\"valueRequired\":true,\"valueName\":\"search_term_string\"}}],\"inLanguage\":\"tr\"},{\"@type\":\"Organization\",\"@id\":\"https:\/\/otofox.com\/#organization\",\"name\":\"Otofox Oto Kurtarma\",\"url\":\"https:\/\/otofox.com\/\",\"logo\":{\"@type\":\"ImageObject\",\"inLanguage\":\"tr\",\"@id\":\"https:\/\/otofox.com\/#\/schema\/logo\/image\/\",\"url\":\"https:\/\/otofox.com\/wp-content\/uploads\/2024\/03\/cropped-otofoxlogo.png\",\"contentUrl\":\"https:\/\/otofox.com\/wp-content\/uploads\/2024\/03\/cropped-otofoxlogo.png\",\"width\":125,\"height\":20,\"caption\":\"Otofox Oto Kurtarma\"},\"image\":{\"@id\":\"https:\/\/otofox.com\/#\/schema\/logo\/image\/\"}}]}<\/script>\n<!-- \/ Yoast SEO plugin. -->","yoast_head_json":{"title":"Ana Sayfa - Otofox Oto Kurtarma","description":"\u015eehirler aras\u0131 oto kurtarma yol yard\u0131m hizmeti almak i\u00e7in 05469560306 telefondan ileti\u015fime ge\u00e7ebirlisiniz. \u015eehirler aras\u0131 ara\u00e7 transferi.","robots":{"index":"index","follow":"follow","max-snippet":"max-snippet:-1","max-image-preview":"max-image-preview:large","max-video-preview":"max-video-preview:-1"},"canonical":"https:\/\/otofox.com\/","og_locale":"tr_TR","og_type":"article","og_title":"Ana Sayfa - Otofox Oto Kurtarma","og_description":"\u015eehirler aras\u0131 oto kurtarma yol yard\u0131m hizmeti almak i\u00e7in 05469560306 telefondan ileti\u015fime ge\u00e7ebirlisiniz. \u015eehirler aras\u0131 ara\u00e7 transferi.","og_url":"https:\/\/otofox.com\/","og_site_name":"Otofox Oto Kurtarma","article_modified_time":"2025-07-21T17:27:39+00:00","og_image":[{"width":2560,"height":2560,"url":"https:\/\/otofox.com\/wp-content\/uploads\/2025\/09\/foxLOGO-scaled.png","type":"image\/png"}],"twitter_card":"summary_large_image","schema":{"@context":"https:\/\/schema.org","@graph":[{"@type":"WebPage","@id":"https:\/\/otofox.com\/","url":"https:\/\/otofox.com\/","name":"Ana Sayfa - Otofox Oto Kurtarma","isPartOf":{"@id":"https:\/\/otofox.com\/#website"},"datePublished":"2023-05-26T12:02:35+00:00","dateModified":"2025-07-21T17:27:39+00:00","description":"\u015eehirler aras\u0131 oto kurtarma yol yard\u0131m hizmeti almak i\u00e7in 05469560306 telefondan ileti\u015fime ge\u00e7ebirlisiniz. \u015eehirler aras\u0131 ara\u00e7 transferi.","breadcrumb":{"@id":"https:\/\/otofox.com\/#breadcrumb"},"inLanguage":"tr","potentialAction":[{"@type":"ReadAction","target":["https:\/\/otofox.com\/"]}]},{"@type":"BreadcrumbList","@id":"https:\/\/otofox.com\/#breadcrumb","itemListElement":[{"@type":"ListItem","position":1,"name":"Anasayfa","item":"https:\/\/otofox.com\/"},{"@type":"ListItem","position":2,"name":"Ana Sayfa"}]},{"@type":"WebSite","@id":"https:\/\/otofox.com\/#website","url":"https:\/\/otofox.com\/","name":"Otofox Oto Kurtarma","description":"En Yak\u0131n Oto Kurtarma","publisher":{"@id":"https:\/\/otofox.com\/#organization"},"potentialAction":[{"@type":"SearchAction","target":{"@type":"EntryPoint","urlTemplate":"https:\/\/otofox.com\/?s={search_term_string}"},"query-input":{"@type":"PropertyValueSpecification","valueRequired":true,"valueName":"search_term_string"}}],"inLanguage":"tr"},{"@type":"Organization","@id":"https:\/\/otofox.com\/#organization","name":"Otofox Oto Kurtarma","url":"https:\/\/otofox.com\/","logo":{"@type":"ImageObject","inLanguage":"tr","@id":"https:\/\/otofox.com\/#\/schema\/logo\/image\/","url":"https:\/\/otofox.com\/wp-content\/uploads\/2024\/03\/cropped-otofoxlogo.png","contentUrl":"https:\/\/otofox.com\/wp-content\/uploads\/2024\/03\/cropped-otofoxlogo.png","width":125,"height":20,"caption":"Otofox Oto Kurtarma"},"image":{"@id":"https:\/\/otofox.com\/#\/schema\/logo\/image\/"}}]}},"_links":{"self":[{"href":"https:\/\/otofox.com\/index.php\/wp-json\/wp\/v2\/pages\/19","targetHints":{"allow":["GET"]}}],"collection":[{"href":"https:\/\/otofox.com\/index.php\/wp-json\/wp\/v2\/pages"}],"about":[{"href":"https:\/\/otofox.com\/index.php\/wp-json\/wp\/v2\/types\/page"}],"author":[{"embeddable":true,"href":"https:\/\/otofox.com\/index.php\/wp-json\/wp\/v2\/users\/1"}],"replies":[{"embeddable":true,"href":"https:\/\/otofox.com\/index.php\/wp-json\/wp\/v2\/comments?post=19"}],"version-history":[{"count":3,"href":"https:\/\/otofox.com\/index.php\/wp-json\/wp\/v2\/pages\/19\/revisions"}],"predecessor-version":[{"id":1033842,"href":"https:\/\/otofox.com\/index.php\/wp-json\/wp\/v2\/pages\/19\/revisions\/1033842"}],"wp:attachment":[{"href":"https:\/\/otofox.com\/index.php\/wp-json\/wp\/v2\/media?parent=19"}],"curies":[{"name":"wp","href":"https:\/\/api.w.org\/{rel}","templated":true}]}}