{"id":3,"date":"2024-03-05T12:05:28","date_gmt":"2024-03-05T12:05:28","guid":{"rendered":"https:\/\/otofox.com\/?page_id=3"},"modified":"2024-08-15T15:26:25","modified_gmt":"2024-08-15T15:26:25","slug":"gizlilik-politikasi","status":"publish","type":"page","link":"https:\/\/otofox.com\/index.php\/gizlilik-politikasi\/","title":{"rendered":"Gizlilik Politikas\u0131"},"content":{"rendered":"\n<h2 class=\"wp-block-heading\"><strong>OTOFOX OTO KURTARMA<\/strong><\/h2>\n\n\n\n<p><strong>WEB S\u0130TES\u0130 G\u0130ZL\u0130L\u0130K ve G\u00dcVENL\u0130K POL\u0130T\u0130KASI<\/strong><\/p>\n\n\n\n<p>Bu \u201cWeb Sitesi Gizlilik Beyan\u0131\u201d, web sitemizi ziyaret etti\u011finiz s\u0131rada elde etti\u011fimiz ki\u015fisel verileri ve di\u011fer bilgilerinizi, 6698 say\u0131l\u0131 Ki\u015fisel Verilerin Korunmas\u0131 Kanununun (\u201cKanun\u201d) 10. maddesi ile Ayd\u0131nlatma Y\u00fck\u00fcml\u00fcl\u00fc\u011f\u00fcn\u00fcn Yerine Getirilmesinde Uyulacak Usul ve Esaslar Hakk\u0131nda Tebli\u011f kapsam\u0131nda a\u015fa\u011f\u0131da bilgileri bulunan veri sorumlusu s\u0131fat\u0131yla haz\u0131rlanm\u0131\u015ft\u0131r. Web sitemizi ziyaret bilgilerinizi, ki\u015fisel verilerin korunmas\u0131 politika ile ayd\u0131nlatma metinlerinde &nbsp;a\u00e7\u0131kland\u0131\u011f\u0131 \u00fczere i\u015flemekte ve gizli tutmaktay\u0131z.<\/p>\n\n\n\n<p><strong>Adresi:&nbsp;<\/strong>\u0130vedik OSB YENIMAHALLE \/ ANKARA<\/p>\n\n\n\n<p><strong>Telefon:&nbsp;<\/strong>+90 5469560306&nbsp;&nbsp;&nbsp;&nbsp;&nbsp;&nbsp;&nbsp;&nbsp;&nbsp;&nbsp;&nbsp;&nbsp;&nbsp;&nbsp;&nbsp;&nbsp;<strong>E-mail:&nbsp;<\/strong><a href=\"mailto:bilgi@otofox.com.tr\">bilgi@otofox.com.tr<\/a><\/p>\n\n\n\n<ol start=\"1\" class=\"wp-block-list\">\n<li><strong>OTOMAT\u0130K TOPLANAN B\u0130LG\u0130LER<\/strong><\/li>\n<\/ol>\n\n\n\n<p>5651 say\u0131l\u0131 \u0130nternet Ortam\u0131nda Yap\u0131lan Yay\u0131nlar\u0131n D\u00fczenlenmesi Hakk\u0131nda Kanun (5651 s. Kanun) ve ilgili y\u00f6netmelikler kapsam\u0131ndaki y\u00fck\u00fcml\u00fcl\u00fcklerimiz gere\u011fi i\u015fledi\u011fimiz: \u0130nternet Protokol adresi (IP), ziyaret trafi\u011fi verilerini otomatik yolla i\u015flemekteyiz.<\/p>\n\n\n\n<p>Web sitemizde \u00e7erezler bulunmaktad\u0131r. \u00c7erezler, web sitesi kullan\u0131c\u0131s\u0131n\u0131n bilgisayar\u0131na bilgi y\u00fckleyerek, web sitesine bu bilgisayardan yap\u0131lacak ziyaretlerin tan\u0131nmas\u0131n\u0131 sa\u011flar, sitenin kullan\u0131m\u0131n\u0131 ve uygunlu\u011funu artt\u0131r\u0131r. Bu konuda bilgilendirme a\u00e7\u0131l\u0131\u015f sayfam\u0131z\u0131n alt\u0131nda \u00e7erez uyar\u0131s\u0131 alan\u0131nda bulunan&nbsp;<strong>\u00c7erez Ayd\u0131nlatma Metni\u2019mizi&nbsp;<\/strong>t\u0131klayarak ula\u015fabilirsiniz<\/p>\n\n\n\n<ol start=\"2\" class=\"wp-block-list\">\n<li><strong>ED\u0130N\u0130LEN B\u0130LG\u0130LER<\/strong><\/li>\n<\/ol>\n\n\n\n<p>Web sitemizde bulunan \u201c<strong>\u0130leti\u015fim\u201d<\/strong>, \u00fczerinden iletilen \u201c<strong>Ad, Soyad\u0131, E-Posta,&nbsp;<\/strong>bilgilerini web sitesi \u00fczerinden elde etmekte, ziyaret\u00e7ilere y\u00f6nelik faaliyetlerimizde i\u015flemekteyiz. Bu ki\u015fisel verilerinizin i\u015flenmesine ili\u015fkin bilgilendirme ilgili alan alt\u0131nda \u201c<strong>Ayd\u0131nlatma Metni ve A\u00e7\u0131k R\u0131za Onay\u0131<\/strong>\u201d alan\u0131nda yapmaktay\u0131z.<\/p>\n\n\n\n<p>Web sitemizde bulunan \u201c<strong>\u0130leti\u015fim\u201d&nbsp;<\/strong>ile sadece kendinize ait verileri web site i\u015flemleri i\u00e7in payla\u015fman\u0131z\u0131<\/p>\n\n\n\n<p>bekliyoruz.<\/p>\n\n\n\n<ol start=\"3\" class=\"wp-block-list\">\n<li><strong>\u00c7OCUKLARIN MAHREM\u0130YET\u0130N\u0130N KORUNMASI<\/strong><\/li>\n<\/ol>\n\n\n\n<p>\u00d6zellikle web sitemizde \u00e7ocuklar\u0131n mahremiyetinin korunmas\u0131na \u00f6nem verilmektedir. 18 ya\u015f\u0131ndan k\u00fc\u00e7\u00fcklere ait bilgiler, asla bilerek toplanmamakta ve saklanmamaktad\u0131r. Ancak \u00e7ocuklarla ilgili bilgilerin, y\u00fcr\u00fctt\u00fc\u011f\u00fcm\u00fcz etkinliklerin ifas\u0131 amac\u0131yla toplanmas\u0131 ve saklanmas\u0131 gerekli olabilmektedir.<\/p>\n\n\n\n<ol start=\"4\" class=\"wp-block-list\">\n<li><strong>B\u0130LG\u0130LER\u0130N NASIL KULLANILACA\u011eI<\/strong><\/li>\n<\/ol>\n\n\n\n<p>Bu web sitesi \u00fczerinden ve di\u011fer \u015fekillerde toplad\u0131\u011f\u0131m\u0131z, ki\u015fisel verileri a\u015fa\u011f\u0131daki ama\u00e7larla i\u015fleme tabi<\/p>\n\n\n\n<p>tutup kullanabiliriz:<\/p>\n\n\n\n<ul class=\"wp-block-list\">\n<li>Bilgi G\u00fcvenli\u011fi S\u00fcre\u00e7lerinin Y\u00fcr\u00fct\u00fclmesi<\/li>\n\n\n\n<li>E\u011fitim Faaliyetlerinin Y\u00fcr\u00fct\u00fclmesi<\/li>\n\n\n\n<li>Eri\u015fim Yetkilerinin Y\u00fcr\u00fct\u00fclmesi<\/li>\n\n\n\n<li>Faaliyetlerin Mevzuata Uygun Y\u00fcr\u00fct\u00fclmesi<\/li>\n\n\n\n<li>Hukuk \u0130\u015flerinin Takibi ve Y\u00fcr\u00fct\u00fclmesi<\/li>\n\n\n\n<li>Ziyaret\u00e7i \u0130li\u015fkileri Y\u00f6netimi S\u00fcre\u00e7lerinin Y\u00fcr\u00fct\u00fclmesi<\/li>\n\n\n\n<li>Ziyaret\u00e7i Memnuniyetine Y\u00f6nelik Aktivitelerin Y\u00fcr\u00fct\u00fclmesi<\/li>\n\n\n\n<li>Organizasyon ve Etkinlik Y\u00f6netimi<\/li>\n\n\n\n<li>Saklama ve Ar\u015fiv Faaliyetlerinin Y\u00fcr\u00fct\u00fclmesi<\/li>\n\n\n\n<li>Sosyal Sorumluluk ve Sivil Toplum Aktivitelerinin Y\u00fcr\u00fct\u00fclmesi<\/li>\n<\/ul>\n\n\n\n<ul class=\"wp-block-list\">\n<li>Talep \/ \u015eikayetlerin Takibi<\/li>\n\n\n\n<li>Yetkili Ki\u015fi, Kurum ve Kurulu\u015flara Bilgi Verilmesi<\/li>\n<\/ul>\n\n\n\n<ol start=\"5\" class=\"wp-block-list\">\n<li><strong>\u0130\u015eLENME AMA\u00c7LARI VE HUKUK\u0130 SEBEPLER\u0130<\/strong><\/li>\n<\/ol>\n\n\n\n<figure class=\"wp-block-table\"><table class=\"has-fixed-layout\"><tbody><tr><td><strong>\u0130\u015flenen Ki\u015fisel Verileriniz<\/strong><\/td><td><strong>\u0130\u015flenme Ama\u00e7lar\u0131<\/strong><\/td><td><strong>Hukuki Sebepleri<\/strong><\/td><\/tr><tr><td>&nbsp; Ad, Soyad\u0131, E-Posta, Adres<\/td><td>&nbsp; \u0130leti\u015fim amac\u0131 ile<\/td><td>&nbsp; Kanun 5\/2 a ve 2 c<\/td><\/tr><tr><td>&nbsp; Ba\u011flant\u0131 Zaman\u0131, Ba\u011flant\u0131 Biti\u015f Zaman\u0131, IP Adresi, Kullan\u0131lan IP Protokol\u00fc ve Aktar\u0131lan Veri Miktar\u0131<\/td><td>5651 s. Kanun\u2019da md. 4 \u201cYer Sa\u011flay\u0131c\u0131n\u0131n Sorumlulu\u011fu\u201d h\u00fckm\u00fc uyar\u0131nca a\u00e7\u0131k\u00e7a veri sorumlusunun hukuki y\u00fck\u00fcml\u00fcl\u00fc\u011f\u00fcn\u00fc yerine getirmesi amac\u0131 ile<\/td><td>&nbsp; &nbsp; Kanun md.5\/2 \u00e7<\/td><\/tr><tr><td>&nbsp; Ziyaret Edilen Sayfalar\u0131n\u0131z\u0131n Bilgisi<\/td><td>\u015eartlar\u0131 sa\u011flayan me\u015fru menfaatlerimiz sebebiyle<\/td><td>&nbsp; Kanun md. 5\/2 f<\/td><\/tr><\/tbody><\/table><\/figure>\n\n\n\n<ol start=\"6\" class=\"wp-block-list\">\n<li><strong>K\u0130MLERE VE HANG\u0130 AMA\u00c7LA AKTARILACA\u011eI<\/strong><\/li>\n<\/ol>\n\n\n\n<p>Web sitemiz, ki\u015fisel veri ve di\u011fer bilgilerinizi, bu verileri kullan\u0131larak elde etti\u011fi verileri ba\u015fta ileti\u015fim taleplerini kar\u015f\u0131layabilmek, yasal y\u00fck\u00fcml\u00fcl\u00fcklerimizi ifa edebilmek, s\u00f6zle\u015fme gerekelrini yerine getirmek, kullan\u0131c\u0131 deneyimini geli\u015ftirmek, kullan\u0131c\u0131lar\u0131n g\u00fcvenli\u011fini sa\u011flamak, elektronik ortam\u0131nda i\u015fleme dayanak olacak t\u00fcm kay\u0131t ve belgeleri d\u00fczenlemek, mevzuat ve ilgili otoritelerce \u00f6ng\u00f6r\u00fclen bilgi saklama, raporlama, bilgilendirme y\u00fck\u00fcml\u00fcl\u00fcklerine uymak, talep edilen \u00fcr\u00fcn ve hizmetleri sunabilmek, web site y\u00f6netim politikalar\u0131m\u0131z\u0131 uygulayabilmek, kullan\u0131c\u0131 kimliklerini do\u011frulamak, sistem performans\u0131n\u0131 geli\u015ftirmek olmak \u00fczere yukar\u0131da i\u015fleme ama\u00e7lar\u0131 k\u0131sm\u0131nda belirtilen ama\u00e7lar\u0131n\u0131 ger\u00e7ekle\u015ftirebilmek i\u00e7in i\u015f birli\u011fi yap\u0131lan dernek, \u015fikayet y\u00f6netimi ve g\u00fcvenli\u011fin sa\u011flanmas\u0131na ili\u015fkin yaz\u0131l\u0131m \u015firketleri ve yasal zorunluluklar kapsam\u0131nda yetkili kurum, kurulu\u015f, merci, idari ve yarg\u0131 organlar\u0131 ile payla\u015fabilecektir.<\/p>\n\n\n\n<p>Ki\u015fisel verileri yukar\u0131da belirtilen kategoriler ve ama\u00e7lar dahilinde bu ama\u00e7larla s\u0131n\u0131rl\u0131 ve orant\u0131l\u0131 olmak \u00fczere yurt i\u00e7inde \u00fc\u00e7\u00fcnc\u00fc ki\u015filere aktarabilece\u011fi gibi yasal \u015fartlar\u0131n sa\u011flanmas\u0131 halinde yurt d\u0131\u015f\u0131na da aktarabilecektir.<\/p>\n\n\n\n<ol start=\"7\" class=\"wp-block-list\">\n<li><strong>D\u0130\u011eER KONULAR<\/strong><\/li>\n<\/ol>\n\n\n\n<p>Web sitemiz ki\u015fisel olmayan bilgileri kullanarak, kullan\u0131c\u0131 istatistikleri ve web sitesi kullan\u0131m\u0131 ile ilgili bilgi takibi raporlar\u0131 olu\u015fturabilir ve bu raporlar\u0131 ba\u015fkalar\u0131yla payla\u015fabilir. Rapordaki hi\u00e7bir bilgi, kimlik ve di\u011fer ki\u015fisel verilere ba\u011fl\u0131 olmamaktad\u0131r.<\/p>\n\n\n\n<p>Veri ihlallerine kar\u015f\u0131, bilgisayar a\u011f\u0131, uygulamalar\u0131 ve veri taban\u0131n\u0131n g\u00fcvenli olmas\u0131 ve yetkisiz giri\u015flere ve kullan\u0131ma kapal\u0131 olmas\u0131 i\u00e7in \u00f6nlemler al\u0131yoruz. Ki\u015fisel verileriniz ile ilgili g\u00fcvenlik kayg\u0131n\u0131z var ise, bu bilgileri internet yoluyla g\u00f6ndermeyiniz.<\/p>\n\n\n\n<p>Web sitemiz di\u011fer web sitelerine veya internet kaynaklar\u0131na ba\u011flant\u0131 verebilir. Bu ba\u011flant\u0131lardan birine girdi\u011finizde ba\u015fka bir web sitesine veya internet kayna\u011f\u0131na ge\u00e7i\u015f yapm\u0131\u015f olursunuz. Bu kaynak, iste\u011finiz do\u011frultuda veya \u201ccookies\u201d veya di\u011fer ara\u00e7larla sizden bilgi alabilir. Web sitemizin bu web siteler veya internet kaynaklar\u0131 veya bunlar\u0131n bilginizi toplamas\u0131, kullanmas\u0131 veya if\u015fa etmesi ile ilgili bir sorumluluk, y\u00fck\u00fcml\u00fcl\u00fck veya kontrol\u00fc yoktur. Di\u011fer web sitesi ve internet kaynaklar\u0131n\u0131n gizlilik politikalar\u0131n\u0131 g\u00f6zden ge\u00e7irmeniz ve bilgilerinizi nas\u0131l toplay\u0131p kulland\u0131\u011f\u0131 konusunu anlaman\u0131z gerekir.<\/p>\n\n\n\n<p>Web sitemize, herhangi bir sipari\u015finizle ilgili olarak g\u00f6nderece\u011finiz e-postalarda, asla kredi kart\u0131 numaran\u0131z\u0131 veya \u015fifrelerinizi yazmay\u0131n\u0131z. E-postalarda yer alan bilgiler \u00fc\u00e7\u00fcnc\u00fc \u015fah\u0131slar taraf\u0131ndan g\u00f6r\u00fclebilir. Firmam\u0131z e-postalar\u0131n\u0131zdan aktar\u0131lan bilgilerin g\u00fcvenli\u011fini hi\u00e7bir ko\u015fulda garanti edemez.<\/p>\n\n\n\n<ol start=\"8\" class=\"wp-block-list\">\n<li><strong>\u0130LG\u0130L\u0130 K\u0130\u015e\u0130 HAKLARI<\/strong><\/li>\n<\/ol>\n\n\n\n<p>Kanunun \u201c\u0130lgili ki\u015finin haklar\u0131\u201dn\u0131 d\u00fczenleyen 11. maddesi kapsam\u0131ndaki taleplerinizi, ayr\u0131nt\u0131s\u0131n\u0131 web sitemizde bulunan&nbsp;<strong>Ba\u015fvuru Formu<\/strong>\u2019nda a\u00e7\u0131kland\u0131\u011f\u0131 \u00fczere web sitemize ileterek yap\u0131labilir.<\/p>\n\n\n\n<ol start=\"9\" class=\"wp-block-list\">\n<li><strong>Y\u00dcR\u00dcRL\u00dcK<\/strong><\/li>\n<\/ol>\n\n\n\n<p>Web sitemizde, zaman i\u00e7inde bu Gizlilik Beyan\u0131nda de\u011fi\u015fiklik veya ekleme yapabilir. Yap\u0131lacak de\u011fi\u015fiklik, web sitesinde yay\u0131nland\u0131\u011f\u0131 tarihten itibaren ge\u00e7erli olur.<\/p>\n\n\n\n<p><strong>Adresimiz:<\/strong><\/p>\n\n\n\n<p><strong>Oto Fox Oto Kurtarma<\/strong><\/p>\n\n\n\n<p>\u0130vedik OSB<\/p>\n\n\n\n<p>YENIMAHALLE \/ ANKARA<\/p>\n","protected":false},"excerpt":{"rendered":"<p>OTOFOX OTO KURTARMA WEB S\u0130TES\u0130 G\u0130ZL\u0130L\u0130K ve G\u00dcVENL\u0130K POL\u0130T\u0130KASI Bu \u201cWeb Sitesi Gizlilik Beyan\u0131\u201d, web sitemizi ziyaret etti\u011finiz s\u0131rada elde etti\u011fimiz ki\u015fisel verileri ve di\u011fer bilgilerinizi, 6698 say\u0131l\u0131 Ki\u015fisel Verilerin Korunmas\u0131 Kanununun (\u201cKanun\u201d) 10. maddesi ile Ayd\u0131nlatma Y\u00fck\u00fcml\u00fcl\u00fc\u011f\u00fcn\u00fcn Yerine Getirilmesinde Uyulacak Usul ve Esaslar Hakk\u0131nda Tebli\u011f kapsam\u0131nda a\u015fa\u011f\u0131da bilgileri bulunan veri sorumlusu s\u0131fat\u0131yla haz\u0131rlanm\u0131\u015ft\u0131r. Web &hellip; <\/p>\n","protected":false},"author":1,"featured_media":0,"parent":0,"menu_order":0,"comment_status":"closed","ping_status":"open","template":"","meta":{"footnotes":""},"class_list":["post-3","page","type-page","status-publish","hentry"],"yoast_head":"<!-- This site is optimized with the Yoast SEO plugin v26.2 - https:\/\/yoast.com\/wordpress\/plugins\/seo\/ -->\n<title>Gizlilik Politikas\u0131 - Otofox Oto Kurtarma<\/title>\n<meta name=\"robots\" content=\"index, follow, max-snippet:-1, max-image-preview:large, max-video-preview:-1\" \/>\n<link rel=\"canonical\" href=\"https:\/\/otofox.com\/index.php\/gizlilik-politikasi\/\" \/>\n<meta property=\"og:locale\" content=\"tr_TR\" \/>\n<meta property=\"og:type\" content=\"article\" \/>\n<meta property=\"og:title\" content=\"Gizlilik Politikas\u0131 - Otofox Oto Kurtarma\" \/>\n<meta property=\"og:description\" content=\"OTOFOX OTO KURTARMA WEB S\u0130TES\u0130 G\u0130ZL\u0130L\u0130K ve G\u00dcVENL\u0130K POL\u0130T\u0130KASI Bu \u201cWeb Sitesi Gizlilik Beyan\u0131\u201d, web sitemizi ziyaret etti\u011finiz s\u0131rada elde etti\u011fimiz ki\u015fisel verileri ve di\u011fer bilgilerinizi, 6698 say\u0131l\u0131 Ki\u015fisel Verilerin Korunmas\u0131 Kanununun (\u201cKanun\u201d) 10. maddesi ile Ayd\u0131nlatma Y\u00fck\u00fcml\u00fcl\u00fc\u011f\u00fcn\u00fcn Yerine Getirilmesinde Uyulacak Usul ve Esaslar Hakk\u0131nda Tebli\u011f kapsam\u0131nda a\u015fa\u011f\u0131da bilgileri bulunan veri sorumlusu s\u0131fat\u0131yla haz\u0131rlanm\u0131\u015ft\u0131r. Web &hellip;\" \/>\n<meta property=\"og:url\" content=\"https:\/\/otofox.com\/index.php\/gizlilik-politikasi\/\" \/>\n<meta property=\"og:site_name\" content=\"Otofox Oto Kurtarma\" \/>\n<meta property=\"article:modified_time\" content=\"2024-08-15T15:26:25+00:00\" \/>\n<meta property=\"og:image\" content=\"https:\/\/otofox.com\/wp-content\/uploads\/2025\/09\/foxLOGO-scaled.png\" \/>\n\t<meta property=\"og:image:width\" content=\"2560\" \/>\n\t<meta property=\"og:image:height\" content=\"2560\" \/>\n\t<meta property=\"og:image:type\" content=\"image\/png\" \/>\n<meta name=\"twitter:card\" content=\"summary_large_image\" \/>\n<meta name=\"twitter:label1\" content=\"Tahmini okuma s\u00fcresi\" \/>\n\t<meta name=\"twitter:data1\" content=\"6 dakika\" \/>\n<script type=\"application\/ld+json\" class=\"yoast-schema-graph\">{\"@context\":\"https:\/\/schema.org\",\"@graph\":[{\"@type\":\"WebPage\",\"@id\":\"https:\/\/otofox.com\/index.php\/gizlilik-politikasi\/\",\"url\":\"https:\/\/otofox.com\/index.php\/gizlilik-politikasi\/\",\"name\":\"Gizlilik Politikas\u0131 - Otofox Oto Kurtarma\",\"isPartOf\":{\"@id\":\"https:\/\/otofox.com\/#website\"},\"datePublished\":\"2024-03-05T12:05:28+00:00\",\"dateModified\":\"2024-08-15T15:26:25+00:00\",\"breadcrumb\":{\"@id\":\"https:\/\/otofox.com\/index.php\/gizlilik-politikasi\/#breadcrumb\"},\"inLanguage\":\"tr\",\"potentialAction\":[{\"@type\":\"ReadAction\",\"target\":[\"https:\/\/otofox.com\/index.php\/gizlilik-politikasi\/\"]}]},{\"@type\":\"BreadcrumbList\",\"@id\":\"https:\/\/otofox.com\/index.php\/gizlilik-politikasi\/#breadcrumb\",\"itemListElement\":[{\"@type\":\"ListItem\",\"position\":1,\"name\":\"Anasayfa\",\"item\":\"https:\/\/otofox.com\/\"},{\"@type\":\"ListItem\",\"position\":2,\"name\":\"Gizlilik Politikas\u0131\"}]},{\"@type\":\"WebSite\",\"@id\":\"https:\/\/otofox.com\/#website\",\"url\":\"https:\/\/otofox.com\/\",\"name\":\"Otofox Oto Kurtarma\",\"description\":\"En Yak\u0131n Oto Kurtarma\",\"publisher\":{\"@id\":\"https:\/\/otofox.com\/#organization\"},\"potentialAction\":[{\"@type\":\"SearchAction\",\"target\":{\"@type\":\"EntryPoint\",\"urlTemplate\":\"https:\/\/otofox.com\/?s={search_term_string}\"},\"query-input\":{\"@type\":\"PropertyValueSpecification\",\"valueRequired\":true,\"valueName\":\"search_term_string\"}}],\"inLanguage\":\"tr\"},{\"@type\":\"Organization\",\"@id\":\"https:\/\/otofox.com\/#organization\",\"name\":\"Otofox Oto Kurtarma\",\"url\":\"https:\/\/otofox.com\/\",\"logo\":{\"@type\":\"ImageObject\",\"inLanguage\":\"tr\",\"@id\":\"https:\/\/otofox.com\/#\/schema\/logo\/image\/\",\"url\":\"https:\/\/otofox.com\/wp-content\/uploads\/2024\/03\/cropped-otofoxlogo.png\",\"contentUrl\":\"https:\/\/otofox.com\/wp-content\/uploads\/2024\/03\/cropped-otofoxlogo.png\",\"width\":125,\"height\":20,\"caption\":\"Otofox Oto Kurtarma\"},\"image\":{\"@id\":\"https:\/\/otofox.com\/#\/schema\/logo\/image\/\"}}]}<\/script>\n<!-- \/ Yoast SEO plugin. -->","yoast_head_json":{"title":"Gizlilik Politikas\u0131 - Otofox Oto Kurtarma","robots":{"index":"index","follow":"follow","max-snippet":"max-snippet:-1","max-image-preview":"max-image-preview:large","max-video-preview":"max-video-preview:-1"},"canonical":"https:\/\/otofox.com\/index.php\/gizlilik-politikasi\/","og_locale":"tr_TR","og_type":"article","og_title":"Gizlilik Politikas\u0131 - Otofox Oto Kurtarma","og_description":"OTOFOX OTO KURTARMA WEB S\u0130TES\u0130 G\u0130ZL\u0130L\u0130K ve G\u00dcVENL\u0130K POL\u0130T\u0130KASI Bu \u201cWeb Sitesi Gizlilik Beyan\u0131\u201d, web sitemizi ziyaret etti\u011finiz s\u0131rada elde etti\u011fimiz ki\u015fisel verileri ve di\u011fer bilgilerinizi, 6698 say\u0131l\u0131 Ki\u015fisel Verilerin Korunmas\u0131 Kanununun (\u201cKanun\u201d) 10. maddesi ile Ayd\u0131nlatma Y\u00fck\u00fcml\u00fcl\u00fc\u011f\u00fcn\u00fcn Yerine Getirilmesinde Uyulacak Usul ve Esaslar Hakk\u0131nda Tebli\u011f kapsam\u0131nda a\u015fa\u011f\u0131da bilgileri bulunan veri sorumlusu s\u0131fat\u0131yla haz\u0131rlanm\u0131\u015ft\u0131r. Web &hellip;","og_url":"https:\/\/otofox.com\/index.php\/gizlilik-politikasi\/","og_site_name":"Otofox Oto Kurtarma","article_modified_time":"2024-08-15T15:26:25+00:00","og_image":[{"width":2560,"height":2560,"url":"https:\/\/otofox.com\/wp-content\/uploads\/2025\/09\/foxLOGO-scaled.png","type":"image\/png"}],"twitter_card":"summary_large_image","twitter_misc":{"Tahmini okuma s\u00fcresi":"6 dakika"},"schema":{"@context":"https:\/\/schema.org","@graph":[{"@type":"WebPage","@id":"https:\/\/otofox.com\/index.php\/gizlilik-politikasi\/","url":"https:\/\/otofox.com\/index.php\/gizlilik-politikasi\/","name":"Gizlilik Politikas\u0131 - Otofox Oto Kurtarma","isPartOf":{"@id":"https:\/\/otofox.com\/#website"},"datePublished":"2024-03-05T12:05:28+00:00","dateModified":"2024-08-15T15:26:25+00:00","breadcrumb":{"@id":"https:\/\/otofox.com\/index.php\/gizlilik-politikasi\/#breadcrumb"},"inLanguage":"tr","potentialAction":[{"@type":"ReadAction","target":["https:\/\/otofox.com\/index.php\/gizlilik-politikasi\/"]}]},{"@type":"BreadcrumbList","@id":"https:\/\/otofox.com\/index.php\/gizlilik-politikasi\/#breadcrumb","itemListElement":[{"@type":"ListItem","position":1,"name":"Anasayfa","item":"https:\/\/otofox.com\/"},{"@type":"ListItem","position":2,"name":"Gizlilik Politikas\u0131"}]},{"@type":"WebSite","@id":"https:\/\/otofox.com\/#website","url":"https:\/\/otofox.com\/","name":"Otofox Oto Kurtarma","description":"En Yak\u0131n Oto Kurtarma","publisher":{"@id":"https:\/\/otofox.com\/#organization"},"potentialAction":[{"@type":"SearchAction","target":{"@type":"EntryPoint","urlTemplate":"https:\/\/otofox.com\/?s={search_term_string}"},"query-input":{"@type":"PropertyValueSpecification","valueRequired":true,"valueName":"search_term_string"}}],"inLanguage":"tr"},{"@type":"Organization","@id":"https:\/\/otofox.com\/#organization","name":"Otofox Oto Kurtarma","url":"https:\/\/otofox.com\/","logo":{"@type":"ImageObject","inLanguage":"tr","@id":"https:\/\/otofox.com\/#\/schema\/logo\/image\/","url":"https:\/\/otofox.com\/wp-content\/uploads\/2024\/03\/cropped-otofoxlogo.png","contentUrl":"https:\/\/otofox.com\/wp-content\/uploads\/2024\/03\/cropped-otofoxlogo.png","width":125,"height":20,"caption":"Otofox Oto Kurtarma"},"image":{"@id":"https:\/\/otofox.com\/#\/schema\/logo\/image\/"}}]}},"_links":{"self":[{"href":"https:\/\/otofox.com\/index.php\/wp-json\/wp\/v2\/pages\/3","targetHints":{"allow":["GET"]}}],"collection":[{"href":"https:\/\/otofox.com\/index.php\/wp-json\/wp\/v2\/pages"}],"about":[{"href":"https:\/\/otofox.com\/index.php\/wp-json\/wp\/v2\/types\/page"}],"author":[{"embeddable":true,"href":"https:\/\/otofox.com\/index.php\/wp-json\/wp\/v2\/users\/1"}],"replies":[{"embeddable":true,"href":"https:\/\/otofox.com\/index.php\/wp-json\/wp\/v2\/comments?post=3"}],"version-history":[{"count":4,"href":"https:\/\/otofox.com\/index.php\/wp-json\/wp\/v2\/pages\/3\/revisions"}],"predecessor-version":[{"id":1033831,"href":"https:\/\/otofox.com\/index.php\/wp-json\/wp\/v2\/pages\/3\/revisions\/1033831"}],"wp:attachment":[{"href":"https:\/\/otofox.com\/index.php\/wp-json\/wp\/v2\/media?parent=3"}],"curies":[{"name":"wp","href":"https:\/\/api.w.org\/{rel}","templated":true}]}}